{"id":19552,"date":"2024-02-19T12:59:20","date_gmt":"2024-02-19T11:59:20","guid":{"rendered":"https:\/\/interreg-sudoe.eu\/registro-para-idea-de-proyecto\/"},"modified":"2024-03-06T12:32:56","modified_gmt":"2024-03-06T11:32:56","slug":"registro-para-idea-de-proyecto","status":"publish","type":"page","link":"https:\/\/interreg-sudoe.eu\/en\/registro-para-idea-de-proyecto\/","title":{"rendered":"Registro para idea de proyecto"},"content":{"rendered":"\t\t<div data-elementor-type=\"wp-page\" data-elementor-id=\"19552\" class=\"elementor elementor-19552 elementor-16760\" data-elementor-post-type=\"page\">\n\t\t\t\t<div class=\"elementor-element elementor-element-921ae7c e-flex e-con-boxed e-con e-parent\" data-id=\"921ae7c\" data-element_type=\"container\" data-e-type=\"container\" data-settings=\"{&quot;jet_parallax_layout_list&quot;:[]}\">\n\t\t\t\t\t<div class=\"e-con-inner\">\n\t\t\t\t<div class=\"elementor-element elementor-element-ba7ff90 elementor-widget elementor-widget-heading\" data-id=\"ba7ff90\" data-element_type=\"widget\" data-e-type=\"widget\" data-widget_type=\"heading.default\">\n\t\t\t\t\t<h1 class=\"elementor-heading-title elementor-size-default\">Registro para idea de proyecto<\/h1>\t\t\t\t<\/div>\n\t\t\t\t\t<\/div>\n\t\t\t\t<\/div>\n\t\t<div class=\"elementor-element elementor-element-85c3ebc e-flex e-con-boxed e-con e-parent\" data-id=\"85c3ebc\" data-element_type=\"container\" data-e-type=\"container\" data-settings=\"{&quot;shape_divider_bottom&quot;:&quot;tilt&quot;,&quot;jet_parallax_layout_list&quot;:[]}\">\n\t\t\t\t\t<div class=\"e-con-inner\">\n\t\t\t\t<div class=\"elementor-shape elementor-shape-bottom\" aria-hidden=\"true\" data-negative=\"false\">\n\t\t\t<svg xmlns=\"http:\/\/www.w3.org\/2000\/svg\" viewBox=\"0 0 1000 100\" preserveAspectRatio=\"none\">\n\t<path class=\"elementor-shape-fill\" d=\"M0,6V0h1000v100L0,6z\"\/>\n<\/svg>\t\t<\/div>\n\t\t<div class=\"elementor-element elementor-element-df526b2 e-con-full e-flex e-con e-child\" data-id=\"df526b2\" data-element_type=\"container\" data-e-type=\"container\" data-settings=\"{&quot;jet_parallax_layout_list&quot;:[]}\">\n\t\t\t\t<div class=\"elementor-element elementor-element-bc7e15c elementor-widget elementor-widget-heading\" data-id=\"bc7e15c\" data-element_type=\"widget\" data-e-type=\"widget\" data-widget_type=\"heading.default\">\n\t\t\t\t\t<h2 class=\"elementor-heading-title elementor-size-default\">\u00a1Publique su idea de proyecto para que se convierta en una candidatura!<\/h2>\t\t\t\t<\/div>\n\t\t\t\t<\/div>\n\t\t<div class=\"elementor-element elementor-element-1df4cef e-con-full e-flex e-con e-child\" data-id=\"1df4cef\" data-element_type=\"container\" data-e-type=\"container\" data-settings=\"{&quot;jet_parallax_layout_list&quot;:[]}\">\n\t\t\t\t<div class=\"elementor-element elementor-element-0267574 elementor-view-default elementor-widget elementor-widget-icon\" data-id=\"0267574\" data-element_type=\"widget\" data-e-type=\"widget\" data-widget_type=\"icon.default\">\n\t\t\t\t\t\t\t<div class=\"elementor-icon-wrapper\">\n\t\t\t<div class=\"elementor-icon\">\n\t\t\t<svg aria-hidden=\"true\" class=\"e-font-icon-svg e-fas-lightbulb\" viewBox=\"0 0 352 512\" xmlns=\"http:\/\/www.w3.org\/2000\/svg\"><path d=\"M96.06 454.35c.01 6.29 1.87 12.45 5.36 17.69l17.09 25.69a31.99 31.99 0 0 0 26.64 14.28h61.71a31.99 31.99 0 0 0 26.64-14.28l17.09-25.69a31.989 31.989 0 0 0 5.36-17.69l.04-38.35H96.01l.05 38.35zM0 176c0 44.37 16.45 84.85 43.56 115.78 16.52 18.85 42.36 58.23 52.21 91.45.04.26.07.52.11.78h160.24c.04-.26.07-.51.11-.78 9.85-33.22 35.69-72.6 52.21-91.45C335.55 260.85 352 220.37 352 176 352 78.61 272.91-.3 175.45 0 73.44.31 0 82.97 0 176zm176-80c-44.11 0-80 35.89-80 80 0 8.84-7.16 16-16 16s-16-7.16-16-16c0-61.76 50.24-112 112-112 8.84 0 16 7.16 16 16s-7.16 16-16 16z\"><\/path><\/svg>\t\t\t<\/div>\n\t\t<\/div>\n\t\t\t\t\t\t<\/div>\n\t\t\t\t<\/div>\n\t\t\t\t\t<\/div>\n\t\t\t\t<\/div>\n\t\t<div class=\"elementor-element elementor-element-fa1ff3c e-flex e-con-boxed e-con e-parent\" data-id=\"fa1ff3c\" data-element_type=\"container\" data-e-type=\"container\" data-settings=\"{&quot;jet_parallax_layout_list&quot;:[]}\">\n\t\t\t\t\t<div class=\"e-con-inner\">\n\t\t<div class=\"elementor-element elementor-element-ea597d6 e-con-full e-flex e-con e-child\" data-id=\"ea597d6\" data-element_type=\"container\" data-e-type=\"container\" data-settings=\"{&quot;jet_parallax_layout_list&quot;:[]}\">\n\t\t\t\t<div class=\"elementor-element elementor-element-a9b8a77 elementor-widget elementor-widget-heading\" data-id=\"a9b8a77\" data-element_type=\"widget\" data-e-type=\"widget\" data-widget_type=\"heading.default\">\n\t\t\t\t\t<h2 class=\"elementor-heading-title elementor-size-default\">\u00bfTiene una idea de proyecto pero le faltan socios?<\/h2>\t\t\t\t<\/div>\n\t\t\t\t<div class=\"elementor-element elementor-element-db739d3 elementor-widget elementor-widget-text-editor\" data-id=\"db739d3\" data-element_type=\"widget\" data-e-type=\"widget\" data-widget_type=\"text-editor.default\">\n\t\t\t\t\t\t\t\t\t<p>Presente brevemente su idea de proyecto en el siguiente formulario e indique el perfil de los socios requeridos.<\/p><p>La contrase\u00f1a debe estar compuesta por, al menos, xx caracteres entre x n\u00fameros, x caracteres especiales, x letras may\u00fasculas, x letras min\u00fascuas<\/p>\t\t\t\t\t\t\t\t<\/div>\n\t\t\t\t<\/div>\n\t\t\t\t\t<\/div>\n\t\t\t\t<\/div>\n\t\t<div class=\"elementor-element elementor-element-3ef2485 e-flex e-con-boxed e-con e-parent\" data-id=\"3ef2485\" data-element_type=\"container\" data-e-type=\"container\" data-settings=\"{&quot;jet_parallax_layout_list&quot;:[]}\">\n\t\t\t\t\t<div class=\"e-con-inner\">\n\t\t\t\t<div class=\"elementor-element elementor-element-12216ac elementor-widget elementor-widget-shortcode\" data-id=\"12216ac\" data-element_type=\"widget\" data-e-type=\"widget\" data-widget_type=\"shortcode.default\">\n\t\t\t\t\t\t\t<div class=\"elementor-shortcode\"><div class=\"jet-fb-form-block\" data-is-block=\"jet-forms\/form-block\"><style id=\"jet-form-builder-20672-inline-css\"><\/style><form  class=\"jet-form-builder layout-column submit-type-reload\" action=\"https:\/\/interreg-sudoe.eu\/en\/wp-json\/wp\/v2\/pages\/19552\/?qLJQ6n=yHvOcfgq1h&amp;method=reload\" method=\"POST\" data-form-id=\"20672\" data-layout=\"column\" enctype=\"multipart\/form-data\" novalidate=\"null\" ssr_validation_method=\"rest\">\r\n<input type=\"hidden\" name=\"_jfb_current_render_states[]\" value=\"DEFAULT.STATE\" data-jfb-sync \/><input type=\"hidden\" class=\"jet-form-builder__field hidden-field\" name=\"_jet_engine_booking_form_id\" data-field-name=\"_jet_engine_booking_form_id\" value=\"20672\">\n<input type=\"hidden\" class=\"jet-form-builder__field hidden-field\" name=\"_jet_engine_refer\" data-field-name=\"_jet_engine_refer\" value=\"https:\/\/interreg-sudoe.eu\/en\/wp-json\/wp\/v2\/pages\/19552\/\">\n<input type=\"hidden\" class=\"jet-form-builder__field hidden-field\" name=\"__queried_post_id\" data-field-name=\"__queried_post_id\" value=\"19552\">\n\n<h2 class=\"wp-block-heading\">Step 1\/2<\/h2>\n\n\n<div  class=\"jet-form-builder-row field-type-text-field\" >\n<div class=\"jet-form-builder__label\">\r\n<div class=\"jet-form-builder__label-text\">Project idea <span class=\"jet-form-builder__required\">*<\/span><\/div><\/div><div class=\"jet-form-builder__field-wrap\">\n\t\t\t\t<input required=\"required\" name=\"idea_de_proyecto\" id=\"idea_de_proyecto\" type=\"text\" data-field-name=\"idea_de_proyecto\" class=\"jet-form-builder__field text-field\" data-jfb-sync=\"null\" autocomplete=\"off_gATpH3QN\">\n\t\t\t\t\t<\/div>\n<\/div>\n\n\n<div class=\"wp-block-columns is-layout-flex wp-container-core-columns-is-layout-28f84493 wp-block-columns-is-layout-flex\">\n<div class=\"wp-block-column is-layout-flow wp-block-column-is-layout-flow\" style=\"flex-basis:50%\">\n<div class=\"wp-block-group is-layout-constrained wp-block-group-is-layout-constrained\"><div  class=\"jet-form-builder-row field-type-text-field\" >\n<div class=\"jet-form-builder__label\">\r\n<div class=\"jet-form-builder__label-text\">Username <span class=\"jet-form-builder__required\">*<\/span><\/div><\/div><div class=\"jet-form-builder__field-wrap\">\n\t\t\t\t<input required=\"required\" name=\"nombre_usuario\" id=\"nombre_usuario\" type=\"text\" data-field-name=\"nombre_usuario\" class=\"jet-form-builder__field text-field\" data-jfb-sync=\"null\" autocomplete=\"off_kVSvxiME\">\n\t\t\t\t\t<\/div>\n<\/div><\/div>\n<\/div>\n\n\n\n<div class=\"wp-block-column is-layout-flow wp-block-column-is-layout-flow\" style=\"flex-basis:50%\"><div  class=\"jet-form-builder-row field-type-text-field\" >\n<div class=\"jet-form-builder__label\">\r\n<div class=\"jet-form-builder__label-text\">E-mail address <span class=\"jet-form-builder__required\">*<\/span><\/div><\/div><div class=\"jet-form-builder__field-wrap\">\n\t\t\t\t<input required=\"required\" name=\"correo_electronico\" id=\"correo_electronico\" type=\"email\" data-field-name=\"correo_electronico\" class=\"jet-form-builder__field text-field\" data-jfb-sync=\"null\" autocomplete=\"off_xLqO7K6C\">\n\t\t\t\t\t<\/div>\n<\/div><\/div>\n<\/div>\n\n\n\n<div class=\"wp-block-columns is-layout-flex wp-container-core-columns-is-layout-28f84493 wp-block-columns-is-layout-flex\">\n<div class=\"wp-block-column is-layout-flow wp-block-column-is-layout-flow\" style=\"flex-basis:50%\">\n<div class=\"wp-block-group is-layout-constrained wp-block-group-is-layout-constrained\"><div  class=\"jet-form-builder-row field-type-text-field\" >\n<div class=\"jet-form-builder__label\">\r\n<div class=\"jet-form-builder__label-text\">Password <span class=\"jet-form-builder__required\">*<\/span><\/div><\/div><div class=\"jet-form-builder__field-wrap\">\n\t\t\t\t<input required=\"required\" name=\"contrasena\" id=\"contrasena\" type=\"password\" data-field-name=\"contrasena\" class=\"jet-form-builder__field text-field\" minlength=\"8\" data-jfb-sync=\"null\" autocomplete=\"off_5IYX8nej\">\n\t\t\t\t\t<\/div>\n<\/div><\/div>\n<\/div>\n\n\n\n<div class=\"wp-block-column is-layout-flow wp-block-column-is-layout-flow\" style=\"flex-basis:50%\"><div  class=\"jet-form-builder-row field-type-text-field\" >\n<div class=\"jet-form-builder__label\">\r\n<div class=\"jet-form-builder__label-text\">Confirm password <span class=\"jet-form-builder__required\">*<\/span><\/div><\/div><div class=\"jet-form-builder__field-wrap\">\n\t\t\t\t<input required=\"required\" name=\"confirma_contrasena\" id=\"confirma_contrasena\" type=\"password\" data-field-name=\"confirma_contrasena\" class=\"jet-form-builder__field text-field\" minlength=\"8\" data-jfb-sync=\"null\" autocomplete=\"off_YLWSR8ku\">\n\t\t\t\t\t<\/div>\n<\/div><\/div>\n<\/div>\n\n\n<div class=\"jet-form-builder-row captcha-token-container\" data-validation-type=\"inherit\">\n\t<input type=\"hidden\" class=\"captcha-token\" name=\"_captcha_token\" value=\"\" data-jfb-sync required=\"required\">\n<\/div><div  class=\"jet-form-builder-row field-type-submit-field\" >\n\t<div data-type=\"submit\" class=\"jet-form-builder__action-button-wrapper jet-form-builder__submit-wrap\">\n\t<button class=\"jet-form-builder__action-button jet-form-builder__submit submit-type-reload\" type=\"submit\">Send<\/button>\n\t<\/div>\n\t\n<\/div>\t<div class=\"jet-form-builder-messages-wrap\" data-form-id=\"20672\"><\/div>\n<\/form>\n<\/div><\/div>\n\t\t\t\t\t\t<\/div>\n\t\t\t\t\t<\/div>\n\t\t\t\t<\/div>\n\t\t\t\t<\/div>\n\t\t","protected":false},"excerpt":{"rendered":"<p>Registro para idea de proyecto \u00a1Publique su idea de proyecto para que se convierta en una candidatura! \u00bfTiene una idea de proyecto pero le faltan socios? Presente brevemente su idea de proyecto en el siguiente formulario e indique el perfil de los socios requeridos. La contrase\u00f1a debe estar compuesta por, al menos, xx caracteres entre [&hellip;]<\/p>\n","protected":false},"author":1,"featured_media":0,"parent":0,"menu_order":0,"comment_status":"closed","ping_status":"closed","template":"elementor_header_footer","meta":{"_acf_changed":false,"content-type":"","_monsterinsights_skip_tracking":false,"_monsterinsights_sitenote_active":false,"_monsterinsights_sitenote_note":"","_monsterinsights_sitenote_category":0,"footnotes":""},"class_list":["post-19552","page","type-page","status-publish","hentry"],"acf":[],"yoast_head":"<!-- This site is optimized with the Yoast SEO plugin v27.2 - https:\/\/yoast.com\/product\/yoast-seo-wordpress\/ -->\n<title>Registro para idea de proyecto - Interreg Sudoe<\/title>\n<meta name=\"robots\" content=\"index, follow, max-snippet:-1, max-image-preview:large, max-video-preview:-1\" \/>\n<link rel=\"canonical\" href=\"https:\/\/interreg-sudoe.eu\/en\/registro-para-idea-de-proyecto\/\" \/>\n<meta property=\"og:locale\" content=\"en_US\" \/>\n<meta property=\"og:type\" content=\"article\" \/>\n<meta property=\"og:title\" content=\"Registro para idea de proyecto - Interreg Sudoe\" \/>\n<meta property=\"og:description\" content=\"Registro para idea de proyecto \u00a1Publique su idea de proyecto para que se convierta en una candidatura! \u00bfTiene una idea de proyecto pero le faltan socios? Presente brevemente su idea de proyecto en el siguiente formulario e indique el perfil de los socios requeridos. La contrase\u00f1a debe estar compuesta por, al menos, xx caracteres entre [&hellip;]\" \/>\n<meta property=\"og:url\" content=\"https:\/\/interreg-sudoe.eu\/en\/registro-para-idea-de-proyecto\/\" \/>\n<meta property=\"og:site_name\" content=\"Interreg Sudoe\" \/>\n<meta property=\"article:publisher\" content=\"https:\/\/www.facebook.com\/interregsudoe\" \/>\n<meta property=\"article:modified_time\" content=\"2024-03-06T11:32:56+00:00\" \/>\n<meta property=\"og:image\" content=\"https:\/\/interreg-sudoe.eu\/wp-content\/uploads\/2024\/03\/download.png\" \/>\n\t<meta property=\"og:image:width\" content=\"344\" \/>\n\t<meta property=\"og:image:height\" content=\"147\" \/>\n\t<meta property=\"og:image:type\" content=\"image\/png\" \/>\n<meta name=\"twitter:card\" content=\"summary_large_image\" \/>\n<meta name=\"twitter:site\" content=\"@Sudoe5\" \/>\n<meta name=\"twitter:label1\" content=\"Est. reading time\" \/>\n\t<meta name=\"twitter:data1\" content=\"1 minute\" \/>\n<script type=\"application\/ld+json\" class=\"yoast-schema-graph\">{\"@context\":\"https:\/\/schema.org\",\"@graph\":[{\"@type\":\"WebPage\",\"@id\":\"https:\/\/interreg-sudoe.eu\/en\/registro-para-idea-de-proyecto\/\",\"url\":\"https:\/\/interreg-sudoe.eu\/en\/registro-para-idea-de-proyecto\/\",\"name\":\"Registro para idea de proyecto - Interreg Sudoe\",\"isPartOf\":{\"@id\":\"https:\/\/interreg-sudoe.eu\/en\/#website\"},\"datePublished\":\"2024-02-19T11:59:20+00:00\",\"dateModified\":\"2024-03-06T11:32:56+00:00\",\"breadcrumb\":{\"@id\":\"https:\/\/interreg-sudoe.eu\/en\/registro-para-idea-de-proyecto\/#breadcrumb\"},\"inLanguage\":\"en-US\",\"potentialAction\":[{\"@type\":\"ReadAction\",\"target\":[\"https:\/\/interreg-sudoe.eu\/en\/registro-para-idea-de-proyecto\/\"]}]},{\"@type\":\"BreadcrumbList\",\"@id\":\"https:\/\/interreg-sudoe.eu\/en\/registro-para-idea-de-proyecto\/#breadcrumb\",\"itemListElement\":[{\"@type\":\"ListItem\",\"position\":1,\"name\":\"Home\",\"item\":\"https:\/\/interreg-sudoe.eu\/en\/\"},{\"@type\":\"ListItem\",\"position\":2,\"name\":\"Registro para idea de proyecto\"}]},{\"@type\":\"WebSite\",\"@id\":\"https:\/\/interreg-sudoe.eu\/en\/#website\",\"url\":\"https:\/\/interreg-sudoe.eu\/en\/\",\"name\":\"Interreg Sudoe\",\"description\":\"Interreg Sudoe\",\"publisher\":{\"@id\":\"https:\/\/interreg-sudoe.eu\/en\/#organization\"},\"alternateName\":\"Interreg Sudoe\",\"potentialAction\":[{\"@type\":\"SearchAction\",\"target\":{\"@type\":\"EntryPoint\",\"urlTemplate\":\"https:\/\/interreg-sudoe.eu\/en\/?s={search_term_string}\"},\"query-input\":{\"@type\":\"PropertyValueSpecification\",\"valueRequired\":true,\"valueName\":\"search_term_string\"}}],\"inLanguage\":\"en-US\"},{\"@type\":\"Organization\",\"@id\":\"https:\/\/interreg-sudoe.eu\/en\/#organization\",\"name\":\"Interreg Sudoe\",\"alternateName\":\"Interreg Sudoe\",\"url\":\"https:\/\/interreg-sudoe.eu\/en\/\",\"logo\":{\"@type\":\"ImageObject\",\"inLanguage\":\"en-US\",\"@id\":\"https:\/\/interreg-sudoe.eu\/en\/#\/schema\/logo\/image\/\",\"url\":\"https:\/\/interreg-sudoe.eu\/wp-content\/uploads\/2024\/03\/logo-interreg.png\",\"contentUrl\":\"https:\/\/interreg-sudoe.eu\/wp-content\/uploads\/2024\/03\/logo-interreg.png\",\"width\":1200,\"height\":675,\"caption\":\"Interreg Sudoe\"},\"image\":{\"@id\":\"https:\/\/interreg-sudoe.eu\/en\/#\/schema\/logo\/image\/\"},\"sameAs\":[\"https:\/\/www.facebook.com\/interregsudoe\",\"https:\/\/x.com\/Sudoe5\",\"https:\/\/www.youtube.com\/channel\/UCeGx2edoB32beRc9dbKA2vw\",\"https:\/\/www.linkedin.com\/company\/interreg-sudoe-programme\/\",\"https:\/\/www.flickr.com\/photos\/148704685@N06\/\"]}]}<\/script>\n<!-- \/ Yoast SEO plugin. -->","yoast_head_json":{"title":"Registro para idea de proyecto - Interreg Sudoe","robots":{"index":"index","follow":"follow","max-snippet":"max-snippet:-1","max-image-preview":"max-image-preview:large","max-video-preview":"max-video-preview:-1"},"canonical":"https:\/\/interreg-sudoe.eu\/en\/registro-para-idea-de-proyecto\/","og_locale":"en_US","og_type":"article","og_title":"Registro para idea de proyecto - Interreg Sudoe","og_description":"Registro para idea de proyecto \u00a1Publique su idea de proyecto para que se convierta en una candidatura! \u00bfTiene una idea de proyecto pero le faltan socios? Presente brevemente su idea de proyecto en el siguiente formulario e indique el perfil de los socios requeridos. La contrase\u00f1a debe estar compuesta por, al menos, xx caracteres entre [&hellip;]","og_url":"https:\/\/interreg-sudoe.eu\/en\/registro-para-idea-de-proyecto\/","og_site_name":"Interreg Sudoe","article_publisher":"https:\/\/www.facebook.com\/interregsudoe","article_modified_time":"2024-03-06T11:32:56+00:00","og_image":[{"width":344,"height":147,"url":"https:\/\/interreg-sudoe.eu\/wp-content\/uploads\/2024\/03\/download.png","type":"image\/png"}],"twitter_card":"summary_large_image","twitter_site":"@Sudoe5","twitter_misc":{"Est. reading time":"1 minute"},"schema":{"@context":"https:\/\/schema.org","@graph":[{"@type":"WebPage","@id":"https:\/\/interreg-sudoe.eu\/en\/registro-para-idea-de-proyecto\/","url":"https:\/\/interreg-sudoe.eu\/en\/registro-para-idea-de-proyecto\/","name":"Registro para idea de proyecto - Interreg Sudoe","isPartOf":{"@id":"https:\/\/interreg-sudoe.eu\/en\/#website"},"datePublished":"2024-02-19T11:59:20+00:00","dateModified":"2024-03-06T11:32:56+00:00","breadcrumb":{"@id":"https:\/\/interreg-sudoe.eu\/en\/registro-para-idea-de-proyecto\/#breadcrumb"},"inLanguage":"en-US","potentialAction":[{"@type":"ReadAction","target":["https:\/\/interreg-sudoe.eu\/en\/registro-para-idea-de-proyecto\/"]}]},{"@type":"BreadcrumbList","@id":"https:\/\/interreg-sudoe.eu\/en\/registro-para-idea-de-proyecto\/#breadcrumb","itemListElement":[{"@type":"ListItem","position":1,"name":"Home","item":"https:\/\/interreg-sudoe.eu\/en\/"},{"@type":"ListItem","position":2,"name":"Registro para idea de proyecto"}]},{"@type":"WebSite","@id":"https:\/\/interreg-sudoe.eu\/en\/#website","url":"https:\/\/interreg-sudoe.eu\/en\/","name":"Interreg Sudoe","description":"Interreg Sudoe","publisher":{"@id":"https:\/\/interreg-sudoe.eu\/en\/#organization"},"alternateName":"Interreg Sudoe","potentialAction":[{"@type":"SearchAction","target":{"@type":"EntryPoint","urlTemplate":"https:\/\/interreg-sudoe.eu\/en\/?s={search_term_string}"},"query-input":{"@type":"PropertyValueSpecification","valueRequired":true,"valueName":"search_term_string"}}],"inLanguage":"en-US"},{"@type":"Organization","@id":"https:\/\/interreg-sudoe.eu\/en\/#organization","name":"Interreg Sudoe","alternateName":"Interreg Sudoe","url":"https:\/\/interreg-sudoe.eu\/en\/","logo":{"@type":"ImageObject","inLanguage":"en-US","@id":"https:\/\/interreg-sudoe.eu\/en\/#\/schema\/logo\/image\/","url":"https:\/\/interreg-sudoe.eu\/wp-content\/uploads\/2024\/03\/logo-interreg.png","contentUrl":"https:\/\/interreg-sudoe.eu\/wp-content\/uploads\/2024\/03\/logo-interreg.png","width":1200,"height":675,"caption":"Interreg Sudoe"},"image":{"@id":"https:\/\/interreg-sudoe.eu\/en\/#\/schema\/logo\/image\/"},"sameAs":["https:\/\/www.facebook.com\/interregsudoe","https:\/\/x.com\/Sudoe5","https:\/\/www.youtube.com\/channel\/UCeGx2edoB32beRc9dbKA2vw","https:\/\/www.linkedin.com\/company\/interreg-sudoe-programme\/","https:\/\/www.flickr.com\/photos\/148704685@N06\/"]}]}},"_links":{"self":[{"href":"https:\/\/interreg-sudoe.eu\/en\/wp-json\/wp\/v2\/pages\/19552","targetHints":{"allow":["GET"]}}],"collection":[{"href":"https:\/\/interreg-sudoe.eu\/en\/wp-json\/wp\/v2\/pages"}],"about":[{"href":"https:\/\/interreg-sudoe.eu\/en\/wp-json\/wp\/v2\/types\/page"}],"author":[{"embeddable":true,"href":"https:\/\/interreg-sudoe.eu\/en\/wp-json\/wp\/v2\/users\/1"}],"replies":[{"embeddable":true,"href":"https:\/\/interreg-sudoe.eu\/en\/wp-json\/wp\/v2\/comments?post=19552"}],"version-history":[{"count":0,"href":"https:\/\/interreg-sudoe.eu\/en\/wp-json\/wp\/v2\/pages\/19552\/revisions"}],"wp:attachment":[{"href":"https:\/\/interreg-sudoe.eu\/en\/wp-json\/wp\/v2\/media?parent=19552"}],"curies":[{"name":"wp","href":"https:\/\/api.w.org\/{rel}","templated":true}]}}