{"id":18456,"date":"2023-12-20T12:47:08","date_gmt":"2023-12-20T11:47:08","guid":{"rendered":"https:\/\/interreg-sudoe.eu\/acerca-de-interreg-sudoe\/que-es-interreg-sudoe\/"},"modified":"2024-04-02T09:44:45","modified_gmt":"2024-04-02T07:44:45","slug":"que-es-interreg-sudoe","status":"publish","type":"page","link":"https:\/\/interreg-sudoe.eu\/fr\/acerca-de-interreg-sudoe\/que-es-interreg-sudoe\/","title":{"rendered":"Qu&rsquo;est-ce qu&rsquo;Interreg Sudoe ?"},"content":{"rendered":"\t\t<div data-elementor-type=\"wp-page\" data-elementor-id=\"18456\" class=\"elementor elementor-18456 elementor-7392\" data-elementor-post-type=\"page\">\n\t\t\t\t<div class=\"elementor-element elementor-element-7f5a44e e-flex e-con-boxed e-con e-parent\" data-id=\"7f5a44e\" data-element_type=\"container\" data-e-type=\"container\" data-settings=\"{&quot;jet_parallax_layout_list&quot;:[]}\">\n\t\t\t\t\t<div class=\"e-con-inner\">\n\t\t<div class=\"elementor-element elementor-element-a2560bb e-flex e-con-boxed e-con e-child\" data-id=\"a2560bb\" data-element_type=\"container\" data-e-type=\"container\" data-settings=\"{&quot;jet_parallax_layout_list&quot;:[]}\">\n\t\t\t\t\t<div class=\"e-con-inner\">\n\t\t<div class=\"elementor-element elementor-element-1cc0857 e-con-full e-flex e-con e-child\" data-id=\"1cc0857\" data-element_type=\"container\" data-e-type=\"container\" data-settings=\"{&quot;jet_parallax_layout_list&quot;:[]}\">\n\t\t\t\t<div class=\"elementor-element elementor-element-dd65ccc elementor-widget elementor-widget-heading\" data-id=\"dd65ccc\" data-element_type=\"widget\" data-e-type=\"widget\" data-widget_type=\"heading.default\">\n\t\t\t\t\t<h2 class=\"elementor-heading-title elementor-size-default\">Qu'est-ce qu'Interreg Sudoe ?<\/h2>\t\t\t\t<\/div>\n\t\t\t\t<\/div>\n\t\t\t\t\t<\/div>\n\t\t\t\t<\/div>\n\t\t\t\t\t<\/div>\n\t\t\t\t<\/div>\n\t\t<div class=\"elementor-element elementor-element-a9d9794 e-flex e-con-boxed e-con e-parent\" data-id=\"a9d9794\" data-element_type=\"container\" data-e-type=\"container\" data-settings=\"{&quot;jet_parallax_layout_list&quot;:[]}\">\n\t\t\t\t\t<div class=\"e-con-inner\">\n\t\t<div class=\"elementor-element elementor-element-e261135 e-con-full e-flex e-con e-child\" data-id=\"e261135\" data-element_type=\"container\" data-e-type=\"container\" data-settings=\"{&quot;jet_parallax_layout_list&quot;:[]}\">\n\t\t\t\t<div class=\"elementor-element elementor-element-083146f elementor-widget elementor-widget-text-editor\" data-id=\"083146f\" data-element_type=\"widget\" data-e-type=\"widget\" data-widget_type=\"text-editor.default\">\n\t\t\t\t\t\t\t\t\t<p>Interreg Sudoe est un programme de financement de l\u2019<strong>Union europ\u00e9enne<\/strong> pour soutenir le d\u00e9veloppement r\u00e9gional et la coh\u00e9sion dans les r\u00e9gions du Sud-ouest de l&rsquo;Europe.<\/p>\n<p><span style=\"font-size: 16px; color: var( --e-global-color-text ); font-family: var( --e-global-typography-text-font-family ), Vollkorn; font-weight: var( --e-global-typography-text-font-weight ); text-align: var(--text-align);\">Pour relever les d\u00e9fis communs qui se pr\u00e9sentent aux r\u00e9gions du Sudoe, tels que <strong>l\u2019adaptation au changement climatique, la coh\u00e9sion sociale et l\u2019\u00e9quilibre territorial,<\/strong> nous soutenons des projets de coop\u00e9ration entre entit\u00e9s des Etats membres qui composent cet espace.<\/span><\/p>\n\t\t\t\t\t\t\t\t<\/div>\n\t\t\t\t<\/div>\n\t\t<div class=\"elementor-element elementor-element-db32bd2 e-con-full e-flex e-con e-child\" data-id=\"db32bd2\" data-element_type=\"container\" data-e-type=\"container\" data-settings=\"{&quot;jet_parallax_layout_list&quot;:[]}\">\n\t\t\t\t<div class=\"elementor-element elementor-element-f9c8cdb elementor-widget elementor-widget-text-editor\" data-id=\"f9c8cdb\" data-element_type=\"widget\" data-e-type=\"widget\" data-widget_type=\"text-editor.default\">\n\t\t\t\t\t\t\t\t\t<p><strong>Le programme Interreg Sudoe soutient la coop\u00e9ration entre les r\u00e9gions du sud-ouest de l&rsquo;Europe.<\/strong><\/p>\n\t\t\t\t\t\t\t\t<\/div>\n\t\t\t\t<\/div>\n\t\t\t\t\t<\/div>\n\t\t\t\t<\/div>\n\t\t<div class=\"elementor-element elementor-element-286bf6e e-flex e-con-boxed e-con e-parent\" data-id=\"286bf6e\" data-element_type=\"container\" data-e-type=\"container\" data-settings=\"{&quot;jet_parallax_layout_list&quot;:[]}\">\n\t\t\t\t\t<div class=\"e-con-inner\">\n\t\t\t\t\t<\/div>\n\t\t\t\t<\/div>\n\t\t<div class=\"elementor-element elementor-element-86bf696 e-flex e-con-boxed e-con e-parent\" data-id=\"86bf696\" data-element_type=\"container\" data-e-type=\"container\" data-settings=\"{&quot;shape_divider_bottom&quot;:&quot;tilt&quot;,&quot;jet_parallax_layout_list&quot;:[]}\">\n\t\t\t\t\t<div class=\"e-con-inner\">\n\t\t\t\t<div class=\"elementor-shape elementor-shape-bottom\" aria-hidden=\"true\" data-negative=\"false\">\n\t\t\t<svg xmlns=\"http:\/\/www.w3.org\/2000\/svg\" viewBox=\"0 0 1000 100\" preserveAspectRatio=\"none\">\n\t<path class=\"elementor-shape-fill\" d=\"M0,6V0h1000v100L0,6z\"\/>\n<\/svg>\t\t<\/div>\n\t\t<div class=\"elementor-element elementor-element-ed2710f e-con-full e-flex e-con e-child\" data-id=\"ed2710f\" data-element_type=\"container\" data-e-type=\"container\" data-settings=\"{&quot;jet_parallax_layout_list&quot;:[]}\">\n\t\t\t\t<div class=\"elementor-element elementor-element-eecda4b elementor-widget elementor-widget-heading\" data-id=\"eecda4b\" data-element_type=\"widget\" data-e-type=\"widget\" data-widget_type=\"heading.default\">\n\t\t\t\t\t<h2 class=\"elementor-heading-title elementor-size-default\">Le programme Sudoe, proche des personnes et des territoires.<\/h2>\t\t\t\t<\/div>\n\t\t\t\t<div class=\"elementor-element elementor-element-fe51f6c elementor-widget elementor-widget-text-editor\" data-id=\"fe51f6c\" data-element_type=\"widget\" data-e-type=\"widget\" data-widget_type=\"text-editor.default\">\n\t\t\t\t\t\t\t\t\t<p>Nous soutenons les entit\u00e9s publiques et priv\u00e9es qui agissent ensemble pour construire des solutions pour relever les d\u00e9fis transnationaux de ce vaste territoire afin d\u2019am\u00e9liorer la qualit\u00e9 de vie des citoyens.<\/p>\n<p>Nous aidons ces projets de coop\u00e9ration en les cofinan\u00e7ant \u00e0 hauteur de 75 % via le Fonds europ\u00e9en de d\u00e9veloppement r\u00e9gional (FEDER).<\/p>\n<p>Pour la p\u00e9riode de programmation 2021-2027, le programme Sudoe dispose d\u2019un budget FEDER de 125 millions d\u2019euros.<\/p>\n\t\t\t\t\t\t\t\t<\/div>\n\t\t\t\t<\/div>\n\t\t<div class=\"elementor-element elementor-element-c34e895 e-con-full e-flex e-con e-child\" data-id=\"c34e895\" data-element_type=\"container\" data-e-type=\"container\" data-settings=\"{&quot;jet_parallax_layout_list&quot;:[]}\">\n\t\t\t\t<div class=\"elementor-element elementor-element-9f838a7 elementor-widget elementor-widget-image\" data-id=\"9f838a7\" data-element_type=\"widget\" data-e-type=\"widget\" data-widget_type=\"image.default\">\n\t\t\t\t\t\t\t\t\t\t\t\t\t\t\t\t<a href=\"https:\/\/interreg-sudoe.eu\/wp-content\/uploads\/2024\/02\/mapa-in-scaled.webp\" data-elementor-open-lightbox=\"yes\" data-elementor-lightbox-title=\"mapa-in\" data-e-action-hash=\"#elementor-action%3Aaction%3Dlightbox%26settings%3DeyJpZCI6MTc2NjMsInVybCI6Imh0dHBzOlwvXC9pbnRlcnJlZy1zdWRvZS5ldVwvd3AtY29udGVudFwvdXBsb2Fkc1wvMjAyNFwvMDJcL21hcGEtaW4tc2NhbGVkLndlYnAifQ%3D%3D\">\n\t\t\t\t\t\t\t<img decoding=\"async\" src=\"https:\/\/interreg-sudoe.eu\/wp-content\/uploads\/elementor\/thumbs\/mapa-in-scaled-qqk42wwadpw2gvuvr8yvk9e0f40e8pk6m78urrwb40.webp\" title=\"mapa-in\" alt=\"mapa-in\" loading=\"lazy\" \/>\t\t\t\t\t\t\t\t<\/a>\n\t\t\t\t\t\t\t\t\t\t\t\t\t\t\t<\/div>\n\t\t\t\t<\/div>\n\t\t\t\t\t<\/div>\n\t\t\t\t<\/div>\n\t\t<div class=\"elementor-element elementor-element-2df78d6 e-flex e-con-boxed e-con e-parent\" data-id=\"2df78d6\" data-element_type=\"container\" data-e-type=\"container\" data-settings=\"{&quot;jet_parallax_layout_list&quot;:[]}\">\n\t\t\t\t\t<div class=\"e-con-inner\">\n\t\t<div class=\"elementor-element elementor-element-4e3f03f e-con-full e-flex e-con e-child\" data-id=\"4e3f03f\" data-element_type=\"container\" data-e-type=\"container\" data-settings=\"{&quot;jet_parallax_layout_list&quot;:[]}\">\n\t\t\t\t<div class=\"elementor-element elementor-element-e6f611c elementor-widget elementor-widget-heading\" data-id=\"e6f611c\" data-element_type=\"widget\" data-e-type=\"widget\" data-widget_type=\"heading.default\">\n\t\t\t\t\t<h2 class=\"elementor-heading-title elementor-size-default\">Une histoire de plus de 20 ans <\/h2>\t\t\t\t<\/div>\n\t\t\t\t<div class=\"elementor-element elementor-element-54a2853 elementor-widget elementor-widget-text-editor\" data-id=\"54a2853\" data-element_type=\"widget\" data-e-type=\"widget\" data-widget_type=\"text-editor.default\">\n\t\t\t\t\t\t\t\t\t<p>Depuis plus de 20 ans, nous avons contribu\u00e9 \u00e0 instaurer une culture de coop\u00e9ration entre les acteurs des diff\u00e9rentes r\u00e9gions qui composent cet espace.<\/p>\n<p><span style=\"font-size: 16px; color: var( --e-global-color-text ); font-family: var( --e-global-typography-text-font-family ), Vollkorn; font-weight: var( --e-global-typography-text-font-weight ); text-align: var(--text-align);\">Le premier programme Interreg Sudoe a \u00e9t\u00e9 lanc\u00e9 en 2000. Ce programme Interreg III-B Sudoe de la p\u00e9riode de programmation 2000-2006 a \u00e9t\u00e9 suivi du programme Interreg IV-B Sudoe (p\u00e9riode 2007-2013), puis du programme Interreg V-B Sudoe (p\u00e9riode 2014-2020).<\/span><\/p>\n<p><span style=\"font-size: 16px; color: var( --e-global-color-text ); font-family: var( --e-global-typography-text-font-family ), Vollkorn; font-weight: var( --e-global-typography-text-font-weight ); text-align: var(--text-align);\"><strong>Le pr\u00e9sent programme Interreg VI-B Sudoe a \u00e9t\u00e9 approuv\u00e9 le 13 d\u00e9cembre 2022.<\/strong><\/span><\/p>\n<p><span style=\"font-size: 16px; color: var( --e-global-color-text ); font-family: var( --e-global-typography-text-font-family ), Vollkorn; font-weight: var( --e-global-typography-text-font-weight ); text-align: var(--text-align);\">En ces 20 ann\u00e9es d\u2019existence, le programme a cofinanc\u00e9 291 projets et a soutenu plus de 2 000 entit\u00e9s b\u00e9n\u00e9ficiaires gr\u00e2ce \u00e0 une dotation FEDER totale de 273 millions d\u2019euros.<\/span><\/p>\n<p><span style=\"font-size: 16px; color: var( --e-global-color-text ); font-family: var( --e-global-typography-text-font-family ), Vollkorn; font-weight: var( --e-global-typography-text-font-weight ); text-align: var(--text-align);\">Le contenu du programme est disponible dans le document <a href=\"https:\/\/interreg-sudoe.eu\/fr\/documentos-y-recursos\/\">Programme de Coop\u00e9ration,<\/a> disponible en espagnol, fran\u00e7ais et portugais.<\/span><\/p>\n\t\t\t\t\t\t\t\t<\/div>\n\t\t\t\t<\/div>\n\t\t\t\t\t<\/div>\n\t\t\t\t<\/div>\n\t\t\t\t<\/div>\n\t\t","protected":false},"excerpt":{"rendered":"<p>Qu&rsquo;est-ce qu&rsquo;Interreg Sudoe ? Interreg Sudoe est un programme de financement de l\u2019Union europ\u00e9enne pour soutenir le d\u00e9veloppement r\u00e9gional et la coh\u00e9sion dans les r\u00e9gions du Sud-ouest de l&rsquo;Europe. Pour relever les d\u00e9fis communs qui se pr\u00e9sentent aux r\u00e9gions du Sudoe, tels que l\u2019adaptation au changement climatique, la coh\u00e9sion sociale et l\u2019\u00e9quilibre territorial, nous soutenons [&hellip;]<\/p>\n","protected":false},"author":1,"featured_media":0,"parent":18561,"menu_order":0,"comment_status":"closed","ping_status":"closed","template":"elementor_header_footer","meta":{"_acf_changed":false,"content-type":"","_monsterinsights_skip_tracking":false,"_monsterinsights_sitenote_active":false,"_monsterinsights_sitenote_note":"","_monsterinsights_sitenote_category":0,"footnotes":""},"class_list":["post-18456","page","type-page","status-publish","hentry"],"acf":[],"yoast_head":"<!-- This site is optimized with the Yoast SEO plugin v27.2 - https:\/\/yoast.com\/product\/yoast-seo-wordpress\/ -->\n<title>Qu&#039;est-ce qu&#039;Interreg Sudoe ? - Interreg Sudoe<\/title>\n<meta name=\"robots\" content=\"index, follow, max-snippet:-1, max-image-preview:large, max-video-preview:-1\" \/>\n<link rel=\"canonical\" href=\"https:\/\/interreg-sudoe.eu\/fr\/acerca-de-interreg-sudoe\/que-es-interreg-sudoe\/\" \/>\n<meta property=\"og:locale\" content=\"fr_FR\" \/>\n<meta property=\"og:type\" content=\"article\" \/>\n<meta property=\"og:title\" content=\"Qu&#039;est-ce qu&#039;Interreg Sudoe ? - Interreg Sudoe\" \/>\n<meta property=\"og:description\" content=\"Qu&rsquo;est-ce qu&rsquo;Interreg Sudoe ? Interreg Sudoe est un programme de financement de l\u2019Union europ\u00e9enne pour soutenir le d\u00e9veloppement r\u00e9gional et la coh\u00e9sion dans les r\u00e9gions du Sud-ouest de l&rsquo;Europe. Pour relever les d\u00e9fis communs qui se pr\u00e9sentent aux r\u00e9gions du Sudoe, tels que l\u2019adaptation au changement climatique, la coh\u00e9sion sociale et l\u2019\u00e9quilibre territorial, nous soutenons [&hellip;]\" \/>\n<meta property=\"og:url\" content=\"https:\/\/interreg-sudoe.eu\/fr\/acerca-de-interreg-sudoe\/que-es-interreg-sudoe\/\" \/>\n<meta property=\"og:site_name\" content=\"Interreg Sudoe\" \/>\n<meta property=\"article:publisher\" content=\"https:\/\/www.facebook.com\/interregsudoe\" \/>\n<meta property=\"article:modified_time\" content=\"2024-04-02T07:44:45+00:00\" \/>\n<meta property=\"og:image\" content=\"https:\/\/interreg-sudoe.eu\/wp-content\/uploads\/elementor\/thumbs\/mapa-in-scaled-qkiwesiwhihta63zgtc36urowhpk0rty6d5lhismkg.webp\" \/>\n<meta name=\"twitter:card\" content=\"summary_large_image\" \/>\n<meta name=\"twitter:site\" content=\"@Sudoe5\" \/>\n<meta name=\"twitter:label1\" content=\"Dur\u00e9e de lecture estim\u00e9e\" \/>\n\t<meta name=\"twitter:data1\" content=\"2 minutes\" \/>\n<script type=\"application\/ld+json\" class=\"yoast-schema-graph\">{\"@context\":\"https:\/\/schema.org\",\"@graph\":[{\"@type\":\"WebPage\",\"@id\":\"https:\/\/interreg-sudoe.eu\/fr\/acerca-de-interreg-sudoe\/que-es-interreg-sudoe\/\",\"url\":\"https:\/\/interreg-sudoe.eu\/fr\/acerca-de-interreg-sudoe\/que-es-interreg-sudoe\/\",\"name\":\"Qu'est-ce qu'Interreg Sudoe ? - Interreg Sudoe\",\"isPartOf\":{\"@id\":\"https:\/\/interreg-sudoe.eu\/fr\/#website\"},\"primaryImageOfPage\":{\"@id\":\"https:\/\/interreg-sudoe.eu\/fr\/acerca-de-interreg-sudoe\/que-es-interreg-sudoe\/#primaryimage\"},\"image\":{\"@id\":\"https:\/\/interreg-sudoe.eu\/fr\/acerca-de-interreg-sudoe\/que-es-interreg-sudoe\/#primaryimage\"},\"thumbnailUrl\":\"https:\/\/interreg-sudoe.eu\/wp-content\/uploads\/elementor\/thumbs\/mapa-in-scaled-qkiwesiwhihta63zgtc36urowhpk0rty6d5lhismkg.webp\",\"datePublished\":\"2023-12-20T11:47:08+00:00\",\"dateModified\":\"2024-04-02T07:44:45+00:00\",\"breadcrumb\":{\"@id\":\"https:\/\/interreg-sudoe.eu\/fr\/acerca-de-interreg-sudoe\/que-es-interreg-sudoe\/#breadcrumb\"},\"inLanguage\":\"fr-FR\",\"potentialAction\":[{\"@type\":\"ReadAction\",\"target\":[\"https:\/\/interreg-sudoe.eu\/fr\/acerca-de-interreg-sudoe\/que-es-interreg-sudoe\/\"]}]},{\"@type\":\"ImageObject\",\"inLanguage\":\"fr-FR\",\"@id\":\"https:\/\/interreg-sudoe.eu\/fr\/acerca-de-interreg-sudoe\/que-es-interreg-sudoe\/#primaryimage\",\"url\":\"https:\/\/interreg-sudoe.eu\/wp-content\/uploads\/elementor\/thumbs\/mapa-in-scaled-qkiwesiwhihta63zgtc36urowhpk0rty6d5lhismkg.webp\",\"contentUrl\":\"https:\/\/interreg-sudoe.eu\/wp-content\/uploads\/elementor\/thumbs\/mapa-in-scaled-qkiwesiwhihta63zgtc36urowhpk0rty6d5lhismkg.webp\"},{\"@type\":\"BreadcrumbList\",\"@id\":\"https:\/\/interreg-sudoe.eu\/fr\/acerca-de-interreg-sudoe\/que-es-interreg-sudoe\/#breadcrumb\",\"itemListElement\":[{\"@type\":\"ListItem\",\"position\":1,\"name\":\"Home\",\"item\":\"https:\/\/interreg-sudoe.eu\/fr\/\"},{\"@type\":\"ListItem\",\"position\":2,\"name\":\"Qu&#8217;est-ce qu&#8217;Interreg ?\",\"item\":\"https:\/\/interreg-sudoe.eu\/fr\/acerca-de-interreg-sudoe\/\"},{\"@type\":\"ListItem\",\"position\":3,\"name\":\"Qu&rsquo;est-ce qu&rsquo;Interreg Sudoe ?\"}]},{\"@type\":\"WebSite\",\"@id\":\"https:\/\/interreg-sudoe.eu\/fr\/#website\",\"url\":\"https:\/\/interreg-sudoe.eu\/fr\/\",\"name\":\"Interreg Sudoe\",\"description\":\"Interreg Sudoe\",\"publisher\":{\"@id\":\"https:\/\/interreg-sudoe.eu\/fr\/#organization\"},\"alternateName\":\"Interreg Sudoe\",\"potentialAction\":[{\"@type\":\"SearchAction\",\"target\":{\"@type\":\"EntryPoint\",\"urlTemplate\":\"https:\/\/interreg-sudoe.eu\/fr\/?s={search_term_string}\"},\"query-input\":{\"@type\":\"PropertyValueSpecification\",\"valueRequired\":true,\"valueName\":\"search_term_string\"}}],\"inLanguage\":\"fr-FR\"},{\"@type\":\"Organization\",\"@id\":\"https:\/\/interreg-sudoe.eu\/fr\/#organization\",\"name\":\"Interreg Sudoe\",\"alternateName\":\"Interreg Sudoe\",\"url\":\"https:\/\/interreg-sudoe.eu\/fr\/\",\"logo\":{\"@type\":\"ImageObject\",\"inLanguage\":\"fr-FR\",\"@id\":\"https:\/\/interreg-sudoe.eu\/fr\/#\/schema\/logo\/image\/\",\"url\":\"https:\/\/interreg-sudoe.eu\/wp-content\/uploads\/2024\/03\/logo-interreg.png\",\"contentUrl\":\"https:\/\/interreg-sudoe.eu\/wp-content\/uploads\/2024\/03\/logo-interreg.png\",\"width\":1200,\"height\":675,\"caption\":\"Interreg Sudoe\"},\"image\":{\"@id\":\"https:\/\/interreg-sudoe.eu\/fr\/#\/schema\/logo\/image\/\"},\"sameAs\":[\"https:\/\/www.facebook.com\/interregsudoe\",\"https:\/\/x.com\/Sudoe5\",\"https:\/\/www.youtube.com\/channel\/UCeGx2edoB32beRc9dbKA2vw\",\"https:\/\/www.linkedin.com\/company\/interreg-sudoe-programme\/\",\"https:\/\/www.flickr.com\/photos\/148704685@N06\/\"]}]}<\/script>\n<!-- \/ Yoast SEO plugin. -->","yoast_head_json":{"title":"Qu'est-ce qu'Interreg Sudoe ? - Interreg Sudoe","robots":{"index":"index","follow":"follow","max-snippet":"max-snippet:-1","max-image-preview":"max-image-preview:large","max-video-preview":"max-video-preview:-1"},"canonical":"https:\/\/interreg-sudoe.eu\/fr\/acerca-de-interreg-sudoe\/que-es-interreg-sudoe\/","og_locale":"fr_FR","og_type":"article","og_title":"Qu'est-ce qu'Interreg Sudoe ? - Interreg Sudoe","og_description":"Qu&rsquo;est-ce qu&rsquo;Interreg Sudoe ? Interreg Sudoe est un programme de financement de l\u2019Union europ\u00e9enne pour soutenir le d\u00e9veloppement r\u00e9gional et la coh\u00e9sion dans les r\u00e9gions du Sud-ouest de l&rsquo;Europe. Pour relever les d\u00e9fis communs qui se pr\u00e9sentent aux r\u00e9gions du Sudoe, tels que l\u2019adaptation au changement climatique, la coh\u00e9sion sociale et l\u2019\u00e9quilibre territorial, nous soutenons [&hellip;]","og_url":"https:\/\/interreg-sudoe.eu\/fr\/acerca-de-interreg-sudoe\/que-es-interreg-sudoe\/","og_site_name":"Interreg Sudoe","article_publisher":"https:\/\/www.facebook.com\/interregsudoe","article_modified_time":"2024-04-02T07:44:45+00:00","og_image":[{"url":"https:\/\/interreg-sudoe.eu\/wp-content\/uploads\/elementor\/thumbs\/mapa-in-scaled-qkiwesiwhihta63zgtc36urowhpk0rty6d5lhismkg.webp","type":"","width":"","height":""}],"twitter_card":"summary_large_image","twitter_site":"@Sudoe5","twitter_misc":{"Dur\u00e9e de lecture estim\u00e9e":"2 minutes"},"schema":{"@context":"https:\/\/schema.org","@graph":[{"@type":"WebPage","@id":"https:\/\/interreg-sudoe.eu\/fr\/acerca-de-interreg-sudoe\/que-es-interreg-sudoe\/","url":"https:\/\/interreg-sudoe.eu\/fr\/acerca-de-interreg-sudoe\/que-es-interreg-sudoe\/","name":"Qu'est-ce qu'Interreg Sudoe ? - Interreg Sudoe","isPartOf":{"@id":"https:\/\/interreg-sudoe.eu\/fr\/#website"},"primaryImageOfPage":{"@id":"https:\/\/interreg-sudoe.eu\/fr\/acerca-de-interreg-sudoe\/que-es-interreg-sudoe\/#primaryimage"},"image":{"@id":"https:\/\/interreg-sudoe.eu\/fr\/acerca-de-interreg-sudoe\/que-es-interreg-sudoe\/#primaryimage"},"thumbnailUrl":"https:\/\/interreg-sudoe.eu\/wp-content\/uploads\/elementor\/thumbs\/mapa-in-scaled-qkiwesiwhihta63zgtc36urowhpk0rty6d5lhismkg.webp","datePublished":"2023-12-20T11:47:08+00:00","dateModified":"2024-04-02T07:44:45+00:00","breadcrumb":{"@id":"https:\/\/interreg-sudoe.eu\/fr\/acerca-de-interreg-sudoe\/que-es-interreg-sudoe\/#breadcrumb"},"inLanguage":"fr-FR","potentialAction":[{"@type":"ReadAction","target":["https:\/\/interreg-sudoe.eu\/fr\/acerca-de-interreg-sudoe\/que-es-interreg-sudoe\/"]}]},{"@type":"ImageObject","inLanguage":"fr-FR","@id":"https:\/\/interreg-sudoe.eu\/fr\/acerca-de-interreg-sudoe\/que-es-interreg-sudoe\/#primaryimage","url":"https:\/\/interreg-sudoe.eu\/wp-content\/uploads\/elementor\/thumbs\/mapa-in-scaled-qkiwesiwhihta63zgtc36urowhpk0rty6d5lhismkg.webp","contentUrl":"https:\/\/interreg-sudoe.eu\/wp-content\/uploads\/elementor\/thumbs\/mapa-in-scaled-qkiwesiwhihta63zgtc36urowhpk0rty6d5lhismkg.webp"},{"@type":"BreadcrumbList","@id":"https:\/\/interreg-sudoe.eu\/fr\/acerca-de-interreg-sudoe\/que-es-interreg-sudoe\/#breadcrumb","itemListElement":[{"@type":"ListItem","position":1,"name":"Home","item":"https:\/\/interreg-sudoe.eu\/fr\/"},{"@type":"ListItem","position":2,"name":"Qu&#8217;est-ce qu&#8217;Interreg ?","item":"https:\/\/interreg-sudoe.eu\/fr\/acerca-de-interreg-sudoe\/"},{"@type":"ListItem","position":3,"name":"Qu&rsquo;est-ce qu&rsquo;Interreg Sudoe ?"}]},{"@type":"WebSite","@id":"https:\/\/interreg-sudoe.eu\/fr\/#website","url":"https:\/\/interreg-sudoe.eu\/fr\/","name":"Interreg Sudoe","description":"Interreg Sudoe","publisher":{"@id":"https:\/\/interreg-sudoe.eu\/fr\/#organization"},"alternateName":"Interreg Sudoe","potentialAction":[{"@type":"SearchAction","target":{"@type":"EntryPoint","urlTemplate":"https:\/\/interreg-sudoe.eu\/fr\/?s={search_term_string}"},"query-input":{"@type":"PropertyValueSpecification","valueRequired":true,"valueName":"search_term_string"}}],"inLanguage":"fr-FR"},{"@type":"Organization","@id":"https:\/\/interreg-sudoe.eu\/fr\/#organization","name":"Interreg Sudoe","alternateName":"Interreg Sudoe","url":"https:\/\/interreg-sudoe.eu\/fr\/","logo":{"@type":"ImageObject","inLanguage":"fr-FR","@id":"https:\/\/interreg-sudoe.eu\/fr\/#\/schema\/logo\/image\/","url":"https:\/\/interreg-sudoe.eu\/wp-content\/uploads\/2024\/03\/logo-interreg.png","contentUrl":"https:\/\/interreg-sudoe.eu\/wp-content\/uploads\/2024\/03\/logo-interreg.png","width":1200,"height":675,"caption":"Interreg Sudoe"},"image":{"@id":"https:\/\/interreg-sudoe.eu\/fr\/#\/schema\/logo\/image\/"},"sameAs":["https:\/\/www.facebook.com\/interregsudoe","https:\/\/x.com\/Sudoe5","https:\/\/www.youtube.com\/channel\/UCeGx2edoB32beRc9dbKA2vw","https:\/\/www.linkedin.com\/company\/interreg-sudoe-programme\/","https:\/\/www.flickr.com\/photos\/148704685@N06\/"]}]}},"_links":{"self":[{"href":"https:\/\/interreg-sudoe.eu\/fr\/wp-json\/wp\/v2\/pages\/18456","targetHints":{"allow":["GET"]}}],"collection":[{"href":"https:\/\/interreg-sudoe.eu\/fr\/wp-json\/wp\/v2\/pages"}],"about":[{"href":"https:\/\/interreg-sudoe.eu\/fr\/wp-json\/wp\/v2\/types\/page"}],"author":[{"embeddable":true,"href":"https:\/\/interreg-sudoe.eu\/fr\/wp-json\/wp\/v2\/users\/1"}],"replies":[{"embeddable":true,"href":"https:\/\/interreg-sudoe.eu\/fr\/wp-json\/wp\/v2\/comments?post=18456"}],"version-history":[{"count":0,"href":"https:\/\/interreg-sudoe.eu\/fr\/wp-json\/wp\/v2\/pages\/18456\/revisions"}],"up":[{"embeddable":true,"href":"https:\/\/interreg-sudoe.eu\/fr\/wp-json\/wp\/v2\/pages\/18561"}],"wp:attachment":[{"href":"https:\/\/interreg-sudoe.eu\/fr\/wp-json\/wp\/v2\/media?parent=18456"}],"curies":[{"name":"wp","href":"https:\/\/api.w.org\/{rel}","templated":true}]}}