{"id":18467,"date":"2023-12-20T13:14:24","date_gmt":"2023-12-20T12:14:24","guid":{"rendered":"https:\/\/interreg-sudoe.eu\/acerca-de-interreg-sudoe\/quien-es-quien-en-el-programa\/"},"modified":"2024-02-29T08:43:03","modified_gmt":"2024-02-29T07:43:03","slug":"quien-es-quien-en-el-programa","status":"publish","type":"page","link":"https:\/\/interreg-sudoe.eu\/fr\/acerca-de-interreg-sudoe\/quien-es-quien-en-el-programa\/","title":{"rendered":"Qui\u00e9n es qui\u00e9n en el programa"},"content":{"rendered":"\t\t<div data-elementor-type=\"wp-page\" data-elementor-id=\"18467\" class=\"elementor elementor-18467 elementor-7433\" data-elementor-post-type=\"page\">\n\t\t\t\t<div class=\"elementor-element elementor-element-b306655 e-flex e-con-boxed e-con e-parent\" data-id=\"b306655\" data-element_type=\"container\" data-e-type=\"container\" data-settings=\"{&quot;jet_parallax_layout_list&quot;:[]}\">\n\t\t\t\t\t<div class=\"e-con-inner\">\n\t\t<div class=\"elementor-element elementor-element-e5f6932 e-con-full e-flex e-con e-child\" data-id=\"e5f6932\" data-element_type=\"container\" data-e-type=\"container\" data-settings=\"{&quot;jet_parallax_layout_list&quot;:[]}\">\n\t\t\t\t<div class=\"elementor-element elementor-element-4c7e583 elementor-widget elementor-widget-heading\" data-id=\"4c7e583\" data-element_type=\"widget\" data-e-type=\"widget\" data-widget_type=\"heading.default\">\n\t\t\t\t\t<h2 class=\"elementor-heading-title elementor-size-default\">\n\n\u00bfQui\u00e9nes son las autoridades del programa?<\/h2>\t\t\t\t<\/div>\n\t\t\t\t<\/div>\n\t\t\t\t\t<\/div>\n\t\t\t\t<\/div>\n\t\t<div class=\"elementor-element elementor-element-6a139a9 e-flex e-con-boxed e-con e-parent\" data-id=\"6a139a9\" data-element_type=\"container\" data-e-type=\"container\" data-settings=\"{&quot;jet_parallax_layout_list&quot;:[]}\">\n\t\t\t\t\t<div class=\"e-con-inner\">\n\t\t<div class=\"elementor-element elementor-element-47ccdd8 e-con-full e-flex e-con e-child\" data-id=\"47ccdd8\" data-element_type=\"container\" data-e-type=\"container\" data-settings=\"{&quot;jet_parallax_layout_list&quot;:[]}\">\n\t\t\t\t<div class=\"elementor-element elementor-element-e232500 elementor-widget elementor-widget-text-editor\" data-id=\"e232500\" data-element_type=\"widget\" data-e-type=\"widget\" data-widget_type=\"text-editor.default\">\n\t\t\t\t\t\t\t\t\t<p>El programa Interreg Sudoe est\u00e1 gestionado por una serie de autoridades cuyos roles y funciones est\u00e1n definidos por los reglamentos.<\/p>\t\t\t\t\t\t\t\t<\/div>\n\t\t\t\t<\/div>\n\t\t\t\t\t<\/div>\n\t\t\t\t<\/div>\n\t\t<div class=\"elementor-element elementor-element-8bf26b4 e-flex e-con-boxed e-con e-parent\" data-id=\"8bf26b4\" data-element_type=\"container\" data-e-type=\"container\" data-settings=\"{&quot;background_background&quot;:&quot;classic&quot;,&quot;shape_divider_bottom&quot;:&quot;tilt&quot;,&quot;jet_parallax_layout_list&quot;:[]}\">\n\t\t\t\t\t<div class=\"e-con-inner\">\n\t\t\t\t<div class=\"elementor-shape elementor-shape-bottom\" aria-hidden=\"true\" data-negative=\"false\">\n\t\t\t<svg xmlns=\"http:\/\/www.w3.org\/2000\/svg\" viewBox=\"0 0 1000 100\" preserveAspectRatio=\"none\">\n\t<path class=\"elementor-shape-fill\" d=\"M0,6V0h1000v100L0,6z\"\/>\n<\/svg>\t\t<\/div>\n\t\t\t\t<div class=\"elementor-element elementor-element-1b06b7b elementor-widget elementor-widget-heading\" data-id=\"1b06b7b\" data-element_type=\"widget\" data-e-type=\"widget\" data-widget_type=\"heading.default\">\n\t\t\t\t\t<h2 class=\"elementor-heading-title elementor-size-default\">\u00a1Te invitamos a conocer qui\u00e9n es qui\u00e9n en el Sudoe!<\/h2>\t\t\t\t<\/div>\n\t\t\t\t\t<\/div>\n\t\t\t\t<\/div>\n\t\t<div class=\"elementor-element elementor-element-7d008db e-flex e-con-boxed e-con e-parent\" data-id=\"7d008db\" data-element_type=\"container\" data-e-type=\"container\" data-settings=\"{&quot;jet_parallax_layout_list&quot;:[],&quot;background_background&quot;:&quot;classic&quot;}\">\n\t\t\t\t\t<div class=\"e-con-inner\">\n\t\t\t\t<div class=\"elementor-element elementor-element-db27dad elementor-widget elementor-widget-heading\" data-id=\"db27dad\" data-element_type=\"widget\" data-e-type=\"widget\" data-widget_type=\"heading.default\">\n\t\t\t\t\t<h2 class=\"elementor-heading-title elementor-size-default\">Comit\u00e9 de Seguimiento<\/h2>\t\t\t\t<\/div>\n\t\t\t\t<div class=\"elementor-element elementor-element-c4fcc4b elementor-widget elementor-widget-text-editor\" data-id=\"c4fcc4b\" data-element_type=\"widget\" data-e-type=\"widget\" data-widget_type=\"text-editor.default\">\n\t\t\t\t\t\t\t\t\t<p>Est\u00e1 compuesto por los representantes de los 4 estados miembros. Gestiona el programa, verifica su correcta ejecuci\u00f3n y aprueba los proyectos a financiar.<\/p><p style=\"text-align: justify;\">Consulte su reglamente interno, la lista de sus miembros y los res\u00famenes de sus decisiones.<\/p>\t\t\t\t\t\t\t\t<\/div>\n\t\t\t\t<div class=\"elementor-element elementor-element-1f34f91 elementor-widget elementor-widget-heading\" data-id=\"1f34f91\" data-element_type=\"widget\" data-e-type=\"widget\" data-widget_type=\"heading.default\">\n\t\t\t\t\t<h2 class=\"elementor-heading-title elementor-size-default\">Autoridad de Gesti\u00f3n<\/h2>\t\t\t\t<\/div>\n\t\t\t\t<div class=\"elementor-element elementor-element-4e01d85 elementor-widget elementor-widget-text-editor\" data-id=\"4e01d85\" data-element_type=\"widget\" data-e-type=\"widget\" data-widget_type=\"text-editor.default\">\n\t\t\t\t\t\t\t\t\t<p style=\"text-align: justify;\"><span style=\"font-family: 'Open Sans', sans-serif; font-size: 11pt; color: var( --e-global-color-text ); font-weight: var( --e-global-typography-text-font-weight ); text-align: var(--text-align);\">La Autoridad de Gesti\u00f3n es la responsable por la ejecuci\u00f3n y gesti\u00f3n del programa. La Consejer\u00eda de Econom\u00eda Hacienda del Gobierno de Cantabria es la autoridad de gesti\u00f3n del programa.<\/span><\/p>\t\t\t\t\t\t\t\t<\/div>\n\t\t\t\t\t<\/div>\n\t\t\t\t<\/div>\n\t\t<div class=\"elementor-element elementor-element-d757142 e-flex e-con-boxed e-con e-parent\" data-id=\"d757142\" data-element_type=\"container\" data-e-type=\"container\" data-settings=\"{&quot;jet_parallax_layout_list&quot;:[]}\">\n\t\t\t\t\t<div class=\"e-con-inner\">\n\t\t\t\t<div class=\"elementor-element elementor-element-191ddc5 elementor-widget elementor-widget-heading\" data-id=\"191ddc5\" data-element_type=\"widget\" data-e-type=\"widget\" data-widget_type=\"heading.default\">\n\t\t\t\t\t<h2 class=\"elementor-heading-title elementor-size-default\">Secretar\u00eda Conjunta<\/h2>\t\t\t\t<\/div>\n\t\t\t\t<div class=\"elementor-element elementor-element-047da02 elementor-widget elementor-widget-text-editor\" data-id=\"047da02\" data-element_type=\"widget\" data-e-type=\"widget\" data-widget_type=\"text-editor.default\">\n\t\t\t\t\t\t\t\t\t<p>Asiste a la Autoridad de Gesti\u00f3n y al Comit\u00e9 de Seguimiento en la ejecuci\u00f3n del programa y de los proyectos. Es la ventanilla \u00fanica del programa para todas las partes interesadas. Tiene sede en Santander (Espa\u00f1a).<\/p>\t\t\t\t\t\t\t\t<\/div>\n\t\t\t\t<div class=\"elementor-element elementor-element-da5bfac elementor-widget elementor-widget-heading\" data-id=\"da5bfac\" data-element_type=\"widget\" data-e-type=\"widget\" data-widget_type=\"heading.default\">\n\t\t\t\t\t<h2 class=\"elementor-heading-title elementor-size-default\">Autoridades Nacionales<\/h2>\t\t\t\t<\/div>\n\t\t\t\t<div class=\"elementor-element elementor-element-4bcec67 elementor-widget elementor-widget-text-editor\" data-id=\"4bcec67\" data-element_type=\"widget\" data-e-type=\"widget\" data-widget_type=\"text-editor.default\">\n\t\t\t\t\t\t\t\t\t<p>Son el punto de contacto para potenciales beneficiarios y beneficiarios a nivel nacional en cada Estado miembro. Participan en la divulgaci\u00f3n del programa y de los resultados de los proyectos a nivel nacional, bien como en el apoyo a los beneficiarios durante la ejecuci\u00f3n administrativa y financiera de los proyectos. Visite las <a href=\"https:\/\/interreg-sudoe.eu\/las-autoridades-nacionales-del-sudoe\/\">p\u00e1ginas de cada autoridad nacional<\/a> para acceder a sus datos de contacto y saber m\u00e1s sobre sus actividades.<\/p>\t\t\t\t\t\t\t\t<\/div>\n\t\t\t\t<div class=\"elementor-element elementor-element-a521989 elementor-widget elementor-widget-heading\" data-id=\"a521989\" data-element_type=\"widget\" data-e-type=\"widget\" data-widget_type=\"heading.default\">\n\t\t\t\t\t<h2 class=\"elementor-heading-title elementor-size-default\">Autoridad de Auditor\u00eda<\/h2>\t\t\t\t<\/div>\n\t\t\t\t<div class=\"elementor-element elementor-element-960b698 elementor-widget elementor-widget-text-editor\" data-id=\"960b698\" data-element_type=\"widget\" data-e-type=\"widget\" data-widget_type=\"text-editor.default\">\n\t\t\t\t\t\t\t\t\t<p>Independientemente de otras autoridades del programa, realiza auditor\u00edas al sistema de Gesti\u00f3n y control del programa, bien como auditorias de proyectos.<\/p>\n<p>Proporciona a la Comisi\u00f3n Europea una garant\u00eda independiente sobre el funcionamiento eficaz del programa.<\/p><p><span style=\"font-size: 16px; color: var( --e-global-color-text ); font-family: var( --e-global-typography-text-font-family ), Vollkorn; font-weight: var( --e-global-typography-text-font-weight ); text-align: var(--text-align);\">La Intervenci\u00f3n General de la Administraci\u00f3n del Estado espa\u00f1ol (IGAE), con sede en Madrid, es la autoridad de auditor\u00eda del programa Sudoe. Para desempe\u00f1ar sus funciones, recurre a un grupo de auditores independientes compuesto por un representado de cada estado miembro.&nbsp;<\/span><\/p>\t\t\t\t\t\t\t\t<\/div>\n\t\t\t\t<div class=\"elementor-element elementor-element-b6db6a4 elementor-widget elementor-widget-heading\" data-id=\"b6db6a4\" data-element_type=\"widget\" data-e-type=\"widget\" data-widget_type=\"heading.default\">\n\t\t\t\t\t<h2 class=\"elementor-heading-title elementor-size-default\">Autoridad Contable<\/h2>\t\t\t\t<\/div>\n\t\t\t\t<div class=\"elementor-element elementor-element-ccd37e8 elementor-widget elementor-widget-text-editor\" data-id=\"ccd37e8\" data-element_type=\"widget\" data-e-type=\"widget\" data-widget_type=\"text-editor.default\">\n\t\t\t\t\t\t\t\t\t<p>Certifica las declaraciones de gasto y presenta las solicitudes de pago a la Comisi\u00f3n Europea. Recibe los pagos del FEDER de la Comisi\u00f3n y garantiza el reembolso a los socios de los proyectos. Es igualmente responsable de la elaboraci\u00f3n de las cuentas anuales. La Subdirecci\u00f3n General de Certificaci\u00f3n y Pagos de la Direcci\u00f3n General de Fondos Europeos del Ministerio de Hacienda es la Autoridad Contable del programa.<\/p>\t\t\t\t\t\t\t\t<\/div>\n\t\t\t\t\t<\/div>\n\t\t\t\t<\/div>\n\t\t<div class=\"elementor-element elementor-element-7b3df90 e-flex e-con-boxed e-con e-parent\" data-id=\"7b3df90\" data-element_type=\"container\" data-e-type=\"container\" data-settings=\"{&quot;jet_parallax_layout_list&quot;:[]}\">\n\t\t\t\t\t<div class=\"e-con-inner\">\n\t\t\t\t\t<\/div>\n\t\t\t\t<\/div>\n\t\t<div class=\"elementor-element elementor-element-0b20d53 e-flex e-con-boxed e-con e-parent\" data-id=\"0b20d53\" data-element_type=\"container\" data-e-type=\"container\" data-settings=\"{&quot;jet_parallax_layout_list&quot;:[]}\">\n\t\t\t\t\t<div class=\"e-con-inner\">\n\t\t\t\t\t<\/div>\n\t\t\t\t<\/div>\n\t\t<div class=\"elementor-element elementor-element-f45f558 e-flex e-con-boxed e-con e-parent\" data-id=\"f45f558\" data-element_type=\"container\" data-e-type=\"container\" data-settings=\"{&quot;jet_parallax_layout_list&quot;:[]}\">\n\t\t\t\t\t<div class=\"e-con-inner\">\n\t\t\t\t\t<\/div>\n\t\t\t\t<\/div>\n\t\t<div class=\"elementor-element elementor-element-e747370 e-flex e-con-boxed e-con e-parent\" data-id=\"e747370\" data-element_type=\"container\" data-e-type=\"container\" data-settings=\"{&quot;jet_parallax_layout_list&quot;:[]}\">\n\t\t\t\t\t<div class=\"e-con-inner\">\n\t\t\t\t\t<\/div>\n\t\t\t\t<\/div>\n\t\t<div class=\"elementor-element elementor-element-0e376ef e-flex e-con-boxed e-con e-parent\" data-id=\"0e376ef\" data-element_type=\"container\" data-e-type=\"container\" data-settings=\"{&quot;jet_parallax_layout_list&quot;:[]}\">\n\t\t\t\t\t<div class=\"e-con-inner\">\n\t\t\t\t\t<\/div>\n\t\t\t\t<\/div>\n\t\t<div class=\"elementor-element elementor-element-1f6f687 e-flex e-con-boxed e-con e-parent\" data-id=\"1f6f687\" data-element_type=\"container\" data-e-type=\"container\" data-settings=\"{&quot;jet_parallax_layout_list&quot;:[]}\">\n\t\t\t\t\t<div class=\"e-con-inner\">\n\t\t\t\t\t<\/div>\n\t\t\t\t<\/div>\n\t\t<div class=\"elementor-element elementor-element-62c17cd e-flex e-con-boxed elementor-invisible e-con e-parent\" data-id=\"62c17cd\" data-element_type=\"container\" data-e-type=\"container\" data-settings=\"{&quot;animation&quot;:&quot;fadeInUp&quot;,&quot;jet_parallax_layout_list&quot;:[]}\">\n\t\t\t\t\t<div class=\"e-con-inner\">\n\t\t\t\t<div class=\"elementor-element elementor-element-6614766 elementor-widget elementor-widget-html\" data-id=\"6614766\" data-element_type=\"widget\" data-e-type=\"widget\" data-widget_type=\"html.default\">\n\t\t\t\t\t<script charset=\"utf-8\" type=\"text\/javascript\" src=\"\/\/js.hsforms.net\/forms\/embed\/v2.js\"><\/script>\r\n<script>\r\n  hbspt.forms.create({\r\n    region: \"na1\",\r\n    portalId: \"4251448\",\r\n    formId: \"00b7f44b-755c-4e07-b1e6-73fd8bd38235\"\r\n  });\r\n<\/script>\t\t\t\t<\/div>\n\t\t\t\t\t<\/div>\n\t\t\t\t<\/div>\n\t\t<div class=\"elementor-element elementor-element-395b11a e-flex e-con-boxed e-con e-parent\" data-id=\"395b11a\" data-element_type=\"container\" data-e-type=\"container\" data-settings=\"{&quot;jet_parallax_layout_list&quot;:[]}\">\n\t\t\t\t\t<div class=\"e-con-inner\">\n\t\t\t\t\t<\/div>\n\t\t\t\t<\/div>\n\t\t\t\t<\/div>\n\t\t","protected":false},"excerpt":{"rendered":"<p>\u00bfQui\u00e9nes son las autoridades del programa? El programa Interreg Sudoe est\u00e1 gestionado por una serie de autoridades cuyos roles y funciones est\u00e1n definidos por los reglamentos. \u00a1Te invitamos a conocer qui\u00e9n es qui\u00e9n en el Sudoe! Comit\u00e9 de Seguimiento Est\u00e1 compuesto por los representantes de los 4 estados miembros. Gestiona el programa, verifica su correcta [&hellip;]<\/p>\n","protected":false},"author":1,"featured_media":0,"parent":18561,"menu_order":0,"comment_status":"closed","ping_status":"closed","template":"elementor_header_footer","meta":{"_acf_changed":false,"content-type":"","_monsterinsights_skip_tracking":false,"_monsterinsights_sitenote_active":false,"_monsterinsights_sitenote_note":"","_monsterinsights_sitenote_category":0,"footnotes":""},"class_list":["post-18467","page","type-page","status-publish","hentry"],"acf":[],"yoast_head":"<!-- This site is optimized with the Yoast SEO plugin v27.2 - https:\/\/yoast.com\/product\/yoast-seo-wordpress\/ -->\n<title>Qui\u00e9n es qui\u00e9n en el programa - Interreg Sudoe<\/title>\n<meta name=\"robots\" content=\"index, follow, max-snippet:-1, max-image-preview:large, max-video-preview:-1\" \/>\n<link rel=\"canonical\" href=\"https:\/\/interreg-sudoe.eu\/fr\/acerca-de-interreg-sudoe\/quien-es-quien-en-el-programa\/\" \/>\n<meta property=\"og:locale\" content=\"fr_FR\" \/>\n<meta property=\"og:type\" content=\"article\" \/>\n<meta property=\"og:title\" content=\"Qui\u00e9n es qui\u00e9n en el programa - Interreg Sudoe\" \/>\n<meta property=\"og:description\" content=\"\u00bfQui\u00e9nes son las autoridades del programa? El programa Interreg Sudoe est\u00e1 gestionado por una serie de autoridades cuyos roles y funciones est\u00e1n definidos por los reglamentos. \u00a1Te invitamos a conocer qui\u00e9n es qui\u00e9n en el Sudoe! Comit\u00e9 de Seguimiento Est\u00e1 compuesto por los representantes de los 4 estados miembros. Gestiona el programa, verifica su correcta [&hellip;]\" \/>\n<meta property=\"og:url\" content=\"https:\/\/interreg-sudoe.eu\/fr\/acerca-de-interreg-sudoe\/quien-es-quien-en-el-programa\/\" \/>\n<meta property=\"og:site_name\" content=\"Interreg Sudoe\" \/>\n<meta property=\"article:publisher\" content=\"https:\/\/www.facebook.com\/interregsudoe\" \/>\n<meta property=\"article:modified_time\" content=\"2024-02-29T07:43:03+00:00\" \/>\n<meta property=\"og:image\" content=\"https:\/\/interreg-sudoe.eu\/wp-content\/uploads\/2024\/03\/download.png\" \/>\n\t<meta property=\"og:image:width\" content=\"344\" \/>\n\t<meta property=\"og:image:height\" content=\"147\" \/>\n\t<meta property=\"og:image:type\" content=\"image\/png\" \/>\n<meta name=\"twitter:card\" content=\"summary_large_image\" \/>\n<meta name=\"twitter:site\" content=\"@Sudoe5\" \/>\n<meta name=\"twitter:label1\" content=\"Dur\u00e9e de lecture estim\u00e9e\" \/>\n\t<meta name=\"twitter:data1\" content=\"2 minutes\" \/>\n<script type=\"application\/ld+json\" class=\"yoast-schema-graph\">{\"@context\":\"https:\/\/schema.org\",\"@graph\":[{\"@type\":\"WebPage\",\"@id\":\"https:\/\/interreg-sudoe.eu\/fr\/acerca-de-interreg-sudoe\/quien-es-quien-en-el-programa\/\",\"url\":\"https:\/\/interreg-sudoe.eu\/fr\/acerca-de-interreg-sudoe\/quien-es-quien-en-el-programa\/\",\"name\":\"Qui\u00e9n es qui\u00e9n en el programa - Interreg Sudoe\",\"isPartOf\":{\"@id\":\"https:\/\/interreg-sudoe.eu\/fr\/#website\"},\"datePublished\":\"2023-12-20T12:14:24+00:00\",\"dateModified\":\"2024-02-29T07:43:03+00:00\",\"breadcrumb\":{\"@id\":\"https:\/\/interreg-sudoe.eu\/fr\/acerca-de-interreg-sudoe\/quien-es-quien-en-el-programa\/#breadcrumb\"},\"inLanguage\":\"fr-FR\",\"potentialAction\":[{\"@type\":\"ReadAction\",\"target\":[\"https:\/\/interreg-sudoe.eu\/fr\/acerca-de-interreg-sudoe\/quien-es-quien-en-el-programa\/\"]}]},{\"@type\":\"BreadcrumbList\",\"@id\":\"https:\/\/interreg-sudoe.eu\/fr\/acerca-de-interreg-sudoe\/quien-es-quien-en-el-programa\/#breadcrumb\",\"itemListElement\":[{\"@type\":\"ListItem\",\"position\":1,\"name\":\"Home\",\"item\":\"https:\/\/interreg-sudoe.eu\/fr\/\"},{\"@type\":\"ListItem\",\"position\":2,\"name\":\"Qu&#8217;est-ce qu&#8217;Interreg ?\",\"item\":\"https:\/\/interreg-sudoe.eu\/fr\/acerca-de-interreg-sudoe\/\"},{\"@type\":\"ListItem\",\"position\":3,\"name\":\"Qui\u00e9n es qui\u00e9n en el programa\"}]},{\"@type\":\"WebSite\",\"@id\":\"https:\/\/interreg-sudoe.eu\/fr\/#website\",\"url\":\"https:\/\/interreg-sudoe.eu\/fr\/\",\"name\":\"Interreg Sudoe\",\"description\":\"Interreg Sudoe\",\"publisher\":{\"@id\":\"https:\/\/interreg-sudoe.eu\/fr\/#organization\"},\"alternateName\":\"Interreg Sudoe\",\"potentialAction\":[{\"@type\":\"SearchAction\",\"target\":{\"@type\":\"EntryPoint\",\"urlTemplate\":\"https:\/\/interreg-sudoe.eu\/fr\/?s={search_term_string}\"},\"query-input\":{\"@type\":\"PropertyValueSpecification\",\"valueRequired\":true,\"valueName\":\"search_term_string\"}}],\"inLanguage\":\"fr-FR\"},{\"@type\":\"Organization\",\"@id\":\"https:\/\/interreg-sudoe.eu\/fr\/#organization\",\"name\":\"Interreg Sudoe\",\"alternateName\":\"Interreg Sudoe\",\"url\":\"https:\/\/interreg-sudoe.eu\/fr\/\",\"logo\":{\"@type\":\"ImageObject\",\"inLanguage\":\"fr-FR\",\"@id\":\"https:\/\/interreg-sudoe.eu\/fr\/#\/schema\/logo\/image\/\",\"url\":\"https:\/\/interreg-sudoe.eu\/wp-content\/uploads\/2024\/03\/logo-interreg.png\",\"contentUrl\":\"https:\/\/interreg-sudoe.eu\/wp-content\/uploads\/2024\/03\/logo-interreg.png\",\"width\":1200,\"height\":675,\"caption\":\"Interreg Sudoe\"},\"image\":{\"@id\":\"https:\/\/interreg-sudoe.eu\/fr\/#\/schema\/logo\/image\/\"},\"sameAs\":[\"https:\/\/www.facebook.com\/interregsudoe\",\"https:\/\/x.com\/Sudoe5\",\"https:\/\/www.youtube.com\/channel\/UCeGx2edoB32beRc9dbKA2vw\",\"https:\/\/www.linkedin.com\/company\/interreg-sudoe-programme\/\",\"https:\/\/www.flickr.com\/photos\/148704685@N06\/\"]}]}<\/script>\n<!-- \/ Yoast SEO plugin. -->","yoast_head_json":{"title":"Qui\u00e9n es qui\u00e9n en el programa - Interreg Sudoe","robots":{"index":"index","follow":"follow","max-snippet":"max-snippet:-1","max-image-preview":"max-image-preview:large","max-video-preview":"max-video-preview:-1"},"canonical":"https:\/\/interreg-sudoe.eu\/fr\/acerca-de-interreg-sudoe\/quien-es-quien-en-el-programa\/","og_locale":"fr_FR","og_type":"article","og_title":"Qui\u00e9n es qui\u00e9n en el programa - Interreg Sudoe","og_description":"\u00bfQui\u00e9nes son las autoridades del programa? El programa Interreg Sudoe est\u00e1 gestionado por una serie de autoridades cuyos roles y funciones est\u00e1n definidos por los reglamentos. \u00a1Te invitamos a conocer qui\u00e9n es qui\u00e9n en el Sudoe! Comit\u00e9 de Seguimiento Est\u00e1 compuesto por los representantes de los 4 estados miembros. Gestiona el programa, verifica su correcta [&hellip;]","og_url":"https:\/\/interreg-sudoe.eu\/fr\/acerca-de-interreg-sudoe\/quien-es-quien-en-el-programa\/","og_site_name":"Interreg Sudoe","article_publisher":"https:\/\/www.facebook.com\/interregsudoe","article_modified_time":"2024-02-29T07:43:03+00:00","og_image":[{"width":344,"height":147,"url":"https:\/\/interreg-sudoe.eu\/wp-content\/uploads\/2024\/03\/download.png","type":"image\/png"}],"twitter_card":"summary_large_image","twitter_site":"@Sudoe5","twitter_misc":{"Dur\u00e9e de lecture estim\u00e9e":"2 minutes"},"schema":{"@context":"https:\/\/schema.org","@graph":[{"@type":"WebPage","@id":"https:\/\/interreg-sudoe.eu\/fr\/acerca-de-interreg-sudoe\/quien-es-quien-en-el-programa\/","url":"https:\/\/interreg-sudoe.eu\/fr\/acerca-de-interreg-sudoe\/quien-es-quien-en-el-programa\/","name":"Qui\u00e9n es qui\u00e9n en el programa - Interreg Sudoe","isPartOf":{"@id":"https:\/\/interreg-sudoe.eu\/fr\/#website"},"datePublished":"2023-12-20T12:14:24+00:00","dateModified":"2024-02-29T07:43:03+00:00","breadcrumb":{"@id":"https:\/\/interreg-sudoe.eu\/fr\/acerca-de-interreg-sudoe\/quien-es-quien-en-el-programa\/#breadcrumb"},"inLanguage":"fr-FR","potentialAction":[{"@type":"ReadAction","target":["https:\/\/interreg-sudoe.eu\/fr\/acerca-de-interreg-sudoe\/quien-es-quien-en-el-programa\/"]}]},{"@type":"BreadcrumbList","@id":"https:\/\/interreg-sudoe.eu\/fr\/acerca-de-interreg-sudoe\/quien-es-quien-en-el-programa\/#breadcrumb","itemListElement":[{"@type":"ListItem","position":1,"name":"Home","item":"https:\/\/interreg-sudoe.eu\/fr\/"},{"@type":"ListItem","position":2,"name":"Qu&#8217;est-ce qu&#8217;Interreg ?","item":"https:\/\/interreg-sudoe.eu\/fr\/acerca-de-interreg-sudoe\/"},{"@type":"ListItem","position":3,"name":"Qui\u00e9n es qui\u00e9n en el programa"}]},{"@type":"WebSite","@id":"https:\/\/interreg-sudoe.eu\/fr\/#website","url":"https:\/\/interreg-sudoe.eu\/fr\/","name":"Interreg Sudoe","description":"Interreg Sudoe","publisher":{"@id":"https:\/\/interreg-sudoe.eu\/fr\/#organization"},"alternateName":"Interreg Sudoe","potentialAction":[{"@type":"SearchAction","target":{"@type":"EntryPoint","urlTemplate":"https:\/\/interreg-sudoe.eu\/fr\/?s={search_term_string}"},"query-input":{"@type":"PropertyValueSpecification","valueRequired":true,"valueName":"search_term_string"}}],"inLanguage":"fr-FR"},{"@type":"Organization","@id":"https:\/\/interreg-sudoe.eu\/fr\/#organization","name":"Interreg Sudoe","alternateName":"Interreg Sudoe","url":"https:\/\/interreg-sudoe.eu\/fr\/","logo":{"@type":"ImageObject","inLanguage":"fr-FR","@id":"https:\/\/interreg-sudoe.eu\/fr\/#\/schema\/logo\/image\/","url":"https:\/\/interreg-sudoe.eu\/wp-content\/uploads\/2024\/03\/logo-interreg.png","contentUrl":"https:\/\/interreg-sudoe.eu\/wp-content\/uploads\/2024\/03\/logo-interreg.png","width":1200,"height":675,"caption":"Interreg Sudoe"},"image":{"@id":"https:\/\/interreg-sudoe.eu\/fr\/#\/schema\/logo\/image\/"},"sameAs":["https:\/\/www.facebook.com\/interregsudoe","https:\/\/x.com\/Sudoe5","https:\/\/www.youtube.com\/channel\/UCeGx2edoB32beRc9dbKA2vw","https:\/\/www.linkedin.com\/company\/interreg-sudoe-programme\/","https:\/\/www.flickr.com\/photos\/148704685@N06\/"]}]}},"_links":{"self":[{"href":"https:\/\/interreg-sudoe.eu\/fr\/wp-json\/wp\/v2\/pages\/18467","targetHints":{"allow":["GET"]}}],"collection":[{"href":"https:\/\/interreg-sudoe.eu\/fr\/wp-json\/wp\/v2\/pages"}],"about":[{"href":"https:\/\/interreg-sudoe.eu\/fr\/wp-json\/wp\/v2\/types\/page"}],"author":[{"embeddable":true,"href":"https:\/\/interreg-sudoe.eu\/fr\/wp-json\/wp\/v2\/users\/1"}],"replies":[{"embeddable":true,"href":"https:\/\/interreg-sudoe.eu\/fr\/wp-json\/wp\/v2\/comments?post=18467"}],"version-history":[{"count":0,"href":"https:\/\/interreg-sudoe.eu\/fr\/wp-json\/wp\/v2\/pages\/18467\/revisions"}],"up":[{"embeddable":true,"href":"https:\/\/interreg-sudoe.eu\/fr\/wp-json\/wp\/v2\/pages\/18561"}],"wp:attachment":[{"href":"https:\/\/interreg-sudoe.eu\/fr\/wp-json\/wp\/v2\/media?parent=18467"}],"curies":[{"name":"wp","href":"https:\/\/api.w.org\/{rel}","templated":true}]}}