{"id":18615,"date":"2023-12-21T10:46:16","date_gmt":"2023-12-21T09:46:16","guid":{"rendered":"https:\/\/interreg-sudoe.eu\/convocatorias-cerradas\/"},"modified":"2025-10-01T10:21:43","modified_gmt":"2025-10-01T08:21:43","slug":"convocatorias-cerradas","status":"publish","type":"page","link":"https:\/\/interreg-sudoe.eu\/fr\/convocatorias-cerradas\/","title":{"rendered":"R\u00e9sultats 1er appel"},"content":{"rendered":"\t\t<div data-elementor-type=\"wp-page\" data-elementor-id=\"18615\" class=\"elementor elementor-18615 elementor-7561\" data-elementor-post-type=\"page\">\n\t\t\t\t<div class=\"elementor-element elementor-element-86ff1ed e-con-full e-flex e-con e-parent\" data-id=\"86ff1ed\" data-element_type=\"container\" data-e-type=\"container\" data-settings=\"{&quot;jet_parallax_layout_list&quot;:[]}\">\n\t\t\t\t<div class=\"elementor-element elementor-element-3a6ff31 elementor-widget elementor-widget-image\" data-id=\"3a6ff31\" data-element_type=\"widget\" data-e-type=\"widget\" data-widget_type=\"image.default\">\n\t\t\t\t\t\t\t\t\t\t\t\t<figure class=\"wp-caption\">\n\t\t\t\t\t\t\t\t\t\t<img fetchpriority=\"high\" decoding=\"async\" width=\"1980\" height=\"686\" src=\"https:\/\/interreg-sudoe.eu\/wp-content\/uploads\/2025\/09\/FOTO_1a_CONVOCATORIA-e1757668227428.jpg\" class=\"attachment-full size-full wp-image-51637\" alt=\"\" srcset=\"https:\/\/interreg-sudoe.eu\/wp-content\/uploads\/2025\/09\/FOTO_1a_CONVOCATORIA-e1757668227428.jpg 1980w, https:\/\/interreg-sudoe.eu\/wp-content\/uploads\/2025\/09\/FOTO_1a_CONVOCATORIA-e1757668227428-300x104.jpg 300w, https:\/\/interreg-sudoe.eu\/wp-content\/uploads\/2025\/09\/FOTO_1a_CONVOCATORIA-e1757668227428-1024x355.jpg 1024w, https:\/\/interreg-sudoe.eu\/wp-content\/uploads\/2025\/09\/FOTO_1a_CONVOCATORIA-e1757668227428-768x266.jpg 768w, https:\/\/interreg-sudoe.eu\/wp-content\/uploads\/2025\/09\/FOTO_1a_CONVOCATORIA-e1757668227428-1536x532.jpg 1536w\" sizes=\"(max-width: 1980px) 100vw, 1980px\" \/>\t\t\t\t\t\t\t\t\t\t\t<figcaption class=\"widget-image-caption wp-caption-text\">C\u00e9r\u00e9monie de signature des accords d\u2019octroi de l\u2019aide FEDER, Santander 16\/04\/2024<\/figcaption>\n\t\t\t\t\t\t\t\t\t\t<\/figure>\n\t\t\t\t\t\t\t\t\t<\/div>\n\t\t\t\t<\/div>\n\t\t<div class=\"elementor-element elementor-element-159077d e-flex e-con-boxed e-con e-parent\" data-id=\"159077d\" data-element_type=\"container\" data-e-type=\"container\" data-settings=\"{&quot;jet_parallax_layout_list&quot;:[]}\">\n\t\t\t\t\t<div class=\"e-con-inner\">\n\t\t\t\t<div class=\"elementor-element elementor-element-50e8a06 elementor-widget elementor-widget-heading\" data-id=\"50e8a06\" data-element_type=\"widget\" data-e-type=\"widget\" data-widget_type=\"heading.default\">\n\t\t\t\t\t<h2 class=\"elementor-heading-title elementor-size-default\">Premier appel \u00e0 projets \u2013 r\u00e9sultats<\/h2>\t\t\t\t<\/div>\n\t\t<div class=\"elementor-element elementor-element-c29efa9 e-grid e-con-full e-con e-child\" data-id=\"c29efa9\" data-element_type=\"container\" data-e-type=\"container\" data-settings=\"{&quot;jet_parallax_layout_list&quot;:[]}\">\n\t\t\t\t<div class=\"elementor-element elementor-element-2e84e0e elementor-widget elementor-widget-text-editor\" data-id=\"2e84e0e\" data-element_type=\"widget\" data-e-type=\"widget\" data-widget_type=\"text-editor.default\">\n\t\t\t\t\t\t\t\t\t<p>Le texte officiel du premier appel \u00e0 projets a \u00e9t\u00e9 diffus\u00e9 le\u00a0<strong>25 janvier 2023<\/strong>\u00a0et les promoteurs de projets ont pu d\u00e9poser leur candidature du\u00a0<strong>1<sup>er<\/sup> au 31 mars 2023.<\/strong><\/p><p><strong>\u00a0<\/strong>Ce premier appel \u00e0 projets disposait d\u2019une enveloppe FEDER de\u00a0<strong>48,1 millions d\u2019euros.<\/strong><\/p><p>Il \u00e9tait ouvert aux objectifs sp\u00e9cifiques des\u00a0<a href=\"https:\/\/interreg-sudoe.eu\/fr\/acerca-de-interreg-sudoe\/quels-sont-les-themes-de-cooperation\/\"><strong>priorit\u00e9s 1, 2 et 3<\/strong><\/a><strong> (sauf l\u2019OS 4.1).<\/strong><\/p><p>Un total de\u00a0<strong>144 candidatures<\/strong>\u00a0a \u00e9t\u00e9 re\u00e7u au terme de la premi\u00e8re phase.<\/p><p style=\"text-align: left;\">Le comit\u00e9 de suivi r\u00e9uni \u00e0 Bragan\u00e7a (Portugal) le 6 juillet 2023 a autoris\u00e9\u00a0<strong>71 projets<\/strong>\u00a0\u00e0 passer \u00e0 la seconde phase.<\/p>\t\t\t\t\t\t\t\t<\/div>\n\t\t\t\t<div class=\"elementor-element elementor-element-5051a10 elementor-widget elementor-widget-html\" data-id=\"5051a10\" data-element_type=\"widget\" data-e-type=\"widget\" data-widget_type=\"html.default\">\n\t\t\t\t\t<iframe width=\"560\" height=\"315\" src=\"https:\/\/www.youtube.com\/embed\/p1dr-4Ipcnw?si=KfFhtb-v9l7jqOru\" title=\"YouTube video player\" frameborder=\"0\" allow=\"accelerometer; autoplay; clipboard-write; encrypted-media; gyroscope; picture-in-picture; web-share\" referrerpolicy=\"strict-origin-when-cross-origin\" allowfullscreen><\/iframe>\t\t\t\t<\/div>\n\t\t\t\t<\/div>\n\t\t\t\t<div class=\"elementor-element elementor-element-f054ec7 elementor-widget elementor-widget-text-editor\" data-id=\"f054ec7\" data-element_type=\"widget\" data-e-type=\"widget\" data-widget_type=\"text-editor.default\">\n\t\t\t\t\t\t\t\t\t<p>La <strong>seconde phase<\/strong> s\u2019est d\u00e9roul\u00e9e du 17 juillet au 11 octobre 2023.\u00a0<strong>69 projets <\/strong>ont finalis\u00e9 leur candidature.<\/p><p>Le comit\u00e9 de suivi du 5 d\u00e9cembre 2023 a retenu\u00a0<strong>34 projets<\/strong>\u00a0qui ont finalement \u00e9t\u00e9 programm\u00e9s apr\u00e8s la consolidation administrative de leur dossier de candidature.<\/p><p>Ces 34 projets ont d\u00e9marr\u00e9 leurs activit\u00e9s le 1<sup>er<\/sup> janvier 2024 et se d\u00e9rouleront jusqu\u2019au 31 d\u00e9cembre 2026 maximum.<\/p><p>Pour d\u00e9couvrir les projets financ\u00e9s, consultez <a href=\"https:\/\/interreg-sudoe.eu\/fr\/liste-des-projets-27\/\">leurs sites internet d\u00e9di\u00e9s<\/a>.<\/p>\t\t\t\t\t\t\t\t<\/div>\n\t\t\t\t<div class=\"elementor-element elementor-element-9111ba5 elementor-widget elementor-widget-heading\" data-id=\"9111ba5\" data-element_type=\"widget\" data-e-type=\"widget\" data-widget_type=\"heading.default\">\n\t\t\t\t\t<h2 class=\"elementor-heading-title elementor-size-default\">Documents et ressources du premier appel \u00e0 projets<\/h2>\t\t\t\t<\/div>\n\t\t<div class=\"elementor-element elementor-element-0fbda51 e-grid e-con-full e-con e-child\" data-id=\"0fbda51\" data-element_type=\"container\" data-e-type=\"container\" data-settings=\"{&quot;jet_parallax_layout_list&quot;:[]}\">\n\t\t\t\t<div class=\"elementor-element elementor-element-bbb27a9 elementor-widget elementor-widget-jet-button\" data-id=\"bbb27a9\" data-element_type=\"widget\" data-e-type=\"widget\" data-widget_type=\"jet-button.default\">\n\t\t\t\t<div class=\"elementor-widget-container\">\n\t\t\t\t\t<div class=\"elementor-jet-button jet-elements\"><div class=\"jet-button__container\">\n\t<a class=\"jet-button__instance jet-button__instance--icon-left hover-effect-0\" href=\"https:\/\/interreg-sudoe.eu\/wp-content\/uploads\/2024\/10\/Texte_officiel_premier_appel_a_projets_FR_17_07_2023.pdf\" target=\"_blank\">\n\t\t<div class=\"jet-button__plane jet-button__plane-normal\"><\/div>\n\t\t<div class=\"jet-button__plane jet-button__plane-hover\"><\/div>\n\t\t<div class=\"jet-button__state jet-button__state-normal\">\n\t\t\t<span class=\"jet-button__label\">Texte officiel de l\u2019appel \u00e0 projets (1\u00e8re et 2\u00e8me phases)<\/span>\t\t<\/div>\n\t\t<div class=\"jet-button__state jet-button__state-hover\">\n\t\t\t<span class=\"jet-button__label\">Texte officiel de l\u2019appel \u00e0 projets (1\u00e8re et 2\u00e8me phases)<\/span>\t\t<\/div>\n\t<\/a>\n<\/div>\n<\/div>\t\t\t\t<\/div>\n\t\t\t\t<\/div>\n\t\t\t\t<div class=\"elementor-element elementor-element-d7594f6 elementor-widget elementor-widget-jet-button\" data-id=\"d7594f6\" data-element_type=\"widget\" data-e-type=\"widget\" data-widget_type=\"jet-button.default\">\n\t\t\t\t<div class=\"elementor-widget-container\">\n\t\t\t\t\t<div class=\"elementor-jet-button jet-elements\"><div class=\"jet-button__container\">\n\t<a class=\"jet-button__instance jet-button__instance--icon-left hover-effect-0\" href=\"https:\/\/www.youtube.com\/playlist?list=PLnADQV9aO-NM909nyEdflRInHjVxLg3Rb\" target=\"_blank\">\n\t\t<div class=\"jet-button__plane jet-button__plane-normal\"><\/div>\n\t\t<div class=\"jet-button__plane jet-button__plane-hover\"><\/div>\n\t\t<div class=\"jet-button__state jet-button__state-normal\">\n\t\t\t<span class=\"jet-button__label\">S\u00e9minaire de lancement<\/span>\t\t<\/div>\n\t\t<div class=\"jet-button__state jet-button__state-hover\">\n\t\t\t<span class=\"jet-button__label\">S\u00e9minaire de lancement<\/span>\t\t<\/div>\n\t<\/a>\n<\/div>\n<\/div>\t\t\t\t<\/div>\n\t\t\t\t<\/div>\n\t\t\t\t<div class=\"elementor-element elementor-element-b9f9989 elementor-widget elementor-widget-jet-button\" data-id=\"b9f9989\" data-element_type=\"widget\" data-e-type=\"widget\" data-widget_type=\"jet-button.default\">\n\t\t\t\t<div class=\"elementor-widget-container\">\n\t\t\t\t\t<div class=\"elementor-jet-button jet-elements\"><div class=\"jet-button__container\">\n\t<a class=\"jet-button__instance jet-button__instance--icon-left hover-effect-0\" href=\"https:\/\/interreg-sudoe.eu\/wp-content\/uploads\/2024\/03\/clasificacion_proyectos_1aC_1aF_17072023.pdf\" target=\"_blank\">\n\t\t<div class=\"jet-button__plane jet-button__plane-normal\"><\/div>\n\t\t<div class=\"jet-button__plane jet-button__plane-hover\"><\/div>\n\t\t<div class=\"jet-button__state jet-button__state-normal\">\n\t\t\t<span class=\"jet-button__label\">Classification des projets de la 1\u00e8re phase<\/span>\t\t<\/div>\n\t\t<div class=\"jet-button__state jet-button__state-hover\">\n\t\t\t<span class=\"jet-button__label\">Classification des projets de la 1\u00e8re phase<\/span>\t\t<\/div>\n\t<\/a>\n<\/div>\n<\/div>\t\t\t\t<\/div>\n\t\t\t\t<\/div>\n\t\t\t\t<div class=\"elementor-element elementor-element-8ca4a69 elementor-widget elementor-widget-jet-button\" data-id=\"8ca4a69\" data-element_type=\"widget\" data-e-type=\"widget\" data-widget_type=\"jet-button.default\">\n\t\t\t\t<div class=\"elementor-widget-container\">\n\t\t\t\t\t<div class=\"elementor-jet-button jet-elements\"><div class=\"jet-button__container\">\n\t<a class=\"jet-button__instance jet-button__instance--icon-left hover-effect-0\" href=\"https:\/\/interreg-sudoe.eu\/wp-content\/uploads\/2024\/03\/Ranking_web-_21022024.pdf\" target=\"_blank\">\n\t\t<div class=\"jet-button__plane jet-button__plane-normal\"><\/div>\n\t\t<div class=\"jet-button__plane jet-button__plane-hover\"><\/div>\n\t\t<div class=\"jet-button__state jet-button__state-normal\">\n\t\t\t<span class=\"jet-button__label\">Classification des projets de la 2\u00e8me phase<\/span>\t\t<\/div>\n\t\t<div class=\"jet-button__state jet-button__state-hover\">\n\t\t\t<span class=\"jet-button__label\">Classification des projets de la 2\u00e8me phase<\/span>\t\t<\/div>\n\t<\/a>\n<\/div>\n<\/div>\t\t\t\t<\/div>\n\t\t\t\t<\/div>\n\t\t\t\t<\/div>\n\t\t\t\t\t<\/div>\n\t\t\t\t<\/div>\n\t\t\t\t<\/div>\n\t\t","protected":false},"excerpt":{"rendered":"<p>C\u00e9r\u00e9monie de signature des accords d\u2019octroi de l\u2019aide FEDER, Santander 16\/04\/2024 Premier appel \u00e0 projets \u2013 r\u00e9sultats Le texte officiel du premier appel \u00e0 projets a \u00e9t\u00e9 diffus\u00e9 le\u00a025 janvier 2023\u00a0et les promoteurs de projets ont pu d\u00e9poser leur candidature du\u00a01er au 31 mars 2023. \u00a0Ce premier appel \u00e0 projets disposait d\u2019une enveloppe FEDER de\u00a048,1 [&hellip;]<\/p>\n","protected":false},"author":1,"featured_media":0,"parent":0,"menu_order":0,"comment_status":"closed","ping_status":"closed","template":"","meta":{"_acf_changed":false,"content-type":"","_monsterinsights_skip_tracking":false,"_monsterinsights_sitenote_active":false,"_monsterinsights_sitenote_note":"","_monsterinsights_sitenote_category":0,"footnotes":""},"class_list":["post-18615","page","type-page","status-publish","hentry"],"acf":[],"yoast_head":"<!-- This site is optimized with the Yoast SEO plugin v27.2 - https:\/\/yoast.com\/product\/yoast-seo-wordpress\/ -->\n<title>R\u00e9sultats 1er appel - Interreg Sudoe<\/title>\n<meta name=\"robots\" content=\"index, follow, max-snippet:-1, max-image-preview:large, max-video-preview:-1\" \/>\n<link rel=\"canonical\" href=\"https:\/\/interreg-sudoe.eu\/fr\/convocatorias-cerradas\/\" \/>\n<meta property=\"og:locale\" content=\"fr_FR\" \/>\n<meta property=\"og:type\" content=\"article\" \/>\n<meta property=\"og:title\" content=\"R\u00e9sultats 1er appel - Interreg Sudoe\" \/>\n<meta property=\"og:description\" content=\"C\u00e9r\u00e9monie de signature des accords d\u2019octroi de l\u2019aide FEDER, Santander 16\/04\/2024 Premier appel \u00e0 projets \u2013 r\u00e9sultats Le texte officiel du premier appel \u00e0 projets a \u00e9t\u00e9 diffus\u00e9 le\u00a025 janvier 2023\u00a0et les promoteurs de projets ont pu d\u00e9poser leur candidature du\u00a01er au 31 mars 2023. \u00a0Ce premier appel \u00e0 projets disposait d\u2019une enveloppe FEDER de\u00a048,1 [&hellip;]\" \/>\n<meta property=\"og:url\" content=\"https:\/\/interreg-sudoe.eu\/fr\/convocatorias-cerradas\/\" \/>\n<meta property=\"og:site_name\" content=\"Interreg Sudoe\" \/>\n<meta property=\"article:publisher\" content=\"https:\/\/www.facebook.com\/interregsudoe\" \/>\n<meta property=\"article:modified_time\" content=\"2025-10-01T08:21:43+00:00\" \/>\n<meta property=\"og:image\" content=\"https:\/\/interreg-sudoe.eu\/wp-content\/uploads\/2025\/09\/FOTO_1a_CONVOCATORIA-e1757668227428.jpg\" \/>\n\t<meta property=\"og:image:width\" content=\"1980\" \/>\n\t<meta property=\"og:image:height\" content=\"686\" \/>\n\t<meta property=\"og:image:type\" content=\"image\/jpeg\" \/>\n<meta name=\"twitter:card\" content=\"summary_large_image\" \/>\n<meta name=\"twitter:site\" content=\"@Sudoe5\" \/>\n<meta name=\"twitter:label1\" content=\"Dur\u00e9e de lecture estim\u00e9e\" \/>\n\t<meta name=\"twitter:data1\" content=\"1 minute\" \/>\n<script type=\"application\/ld+json\" class=\"yoast-schema-graph\">{\"@context\":\"https:\/\/schema.org\",\"@graph\":[{\"@type\":\"WebPage\",\"@id\":\"https:\/\/interreg-sudoe.eu\/fr\/convocatorias-cerradas\/\",\"url\":\"https:\/\/interreg-sudoe.eu\/fr\/convocatorias-cerradas\/\",\"name\":\"R\u00e9sultats 1er appel - Interreg Sudoe\",\"isPartOf\":{\"@id\":\"https:\/\/interreg-sudoe.eu\/fr\/#website\"},\"primaryImageOfPage\":{\"@id\":\"https:\/\/interreg-sudoe.eu\/fr\/convocatorias-cerradas\/#primaryimage\"},\"image\":{\"@id\":\"https:\/\/interreg-sudoe.eu\/fr\/convocatorias-cerradas\/#primaryimage\"},\"thumbnailUrl\":\"https:\/\/interreg-sudoe.eu\/wp-content\/uploads\/2025\/09\/FOTO_1a_CONVOCATORIA-e1757668227428.jpg\",\"datePublished\":\"2023-12-21T09:46:16+00:00\",\"dateModified\":\"2025-10-01T08:21:43+00:00\",\"breadcrumb\":{\"@id\":\"https:\/\/interreg-sudoe.eu\/fr\/convocatorias-cerradas\/#breadcrumb\"},\"inLanguage\":\"fr-FR\",\"potentialAction\":[{\"@type\":\"ReadAction\",\"target\":[\"https:\/\/interreg-sudoe.eu\/fr\/convocatorias-cerradas\/\"]}]},{\"@type\":\"ImageObject\",\"inLanguage\":\"fr-FR\",\"@id\":\"https:\/\/interreg-sudoe.eu\/fr\/convocatorias-cerradas\/#primaryimage\",\"url\":\"https:\/\/interreg-sudoe.eu\/wp-content\/uploads\/2025\/09\/FOTO_1a_CONVOCATORIA-e1757668227428.jpg\",\"contentUrl\":\"https:\/\/interreg-sudoe.eu\/wp-content\/uploads\/2025\/09\/FOTO_1a_CONVOCATORIA-e1757668227428.jpg\"},{\"@type\":\"BreadcrumbList\",\"@id\":\"https:\/\/interreg-sudoe.eu\/fr\/convocatorias-cerradas\/#breadcrumb\",\"itemListElement\":[{\"@type\":\"ListItem\",\"position\":1,\"name\":\"Home\",\"item\":\"https:\/\/interreg-sudoe.eu\/fr\/\"},{\"@type\":\"ListItem\",\"position\":2,\"name\":\"R\u00e9sultats 1er appel\"}]},{\"@type\":\"WebSite\",\"@id\":\"https:\/\/interreg-sudoe.eu\/fr\/#website\",\"url\":\"https:\/\/interreg-sudoe.eu\/fr\/\",\"name\":\"Interreg Sudoe\",\"description\":\"Interreg Sudoe\",\"publisher\":{\"@id\":\"https:\/\/interreg-sudoe.eu\/fr\/#organization\"},\"alternateName\":\"Interreg Sudoe\",\"potentialAction\":[{\"@type\":\"SearchAction\",\"target\":{\"@type\":\"EntryPoint\",\"urlTemplate\":\"https:\/\/interreg-sudoe.eu\/fr\/?s={search_term_string}\"},\"query-input\":{\"@type\":\"PropertyValueSpecification\",\"valueRequired\":true,\"valueName\":\"search_term_string\"}}],\"inLanguage\":\"fr-FR\"},{\"@type\":\"Organization\",\"@id\":\"https:\/\/interreg-sudoe.eu\/fr\/#organization\",\"name\":\"Interreg Sudoe\",\"alternateName\":\"Interreg Sudoe\",\"url\":\"https:\/\/interreg-sudoe.eu\/fr\/\",\"logo\":{\"@type\":\"ImageObject\",\"inLanguage\":\"fr-FR\",\"@id\":\"https:\/\/interreg-sudoe.eu\/fr\/#\/schema\/logo\/image\/\",\"url\":\"https:\/\/interreg-sudoe.eu\/wp-content\/uploads\/2024\/03\/logo-interreg.png\",\"contentUrl\":\"https:\/\/interreg-sudoe.eu\/wp-content\/uploads\/2024\/03\/logo-interreg.png\",\"width\":1200,\"height\":675,\"caption\":\"Interreg Sudoe\"},\"image\":{\"@id\":\"https:\/\/interreg-sudoe.eu\/fr\/#\/schema\/logo\/image\/\"},\"sameAs\":[\"https:\/\/www.facebook.com\/interregsudoe\",\"https:\/\/x.com\/Sudoe5\",\"https:\/\/www.youtube.com\/channel\/UCeGx2edoB32beRc9dbKA2vw\",\"https:\/\/www.linkedin.com\/company\/interreg-sudoe-programme\/\",\"https:\/\/www.flickr.com\/photos\/148704685@N06\/\"]}]}<\/script>\n<!-- \/ Yoast SEO plugin. -->","yoast_head_json":{"title":"R\u00e9sultats 1er appel - Interreg Sudoe","robots":{"index":"index","follow":"follow","max-snippet":"max-snippet:-1","max-image-preview":"max-image-preview:large","max-video-preview":"max-video-preview:-1"},"canonical":"https:\/\/interreg-sudoe.eu\/fr\/convocatorias-cerradas\/","og_locale":"fr_FR","og_type":"article","og_title":"R\u00e9sultats 1er appel - Interreg Sudoe","og_description":"C\u00e9r\u00e9monie de signature des accords d\u2019octroi de l\u2019aide FEDER, Santander 16\/04\/2024 Premier appel \u00e0 projets \u2013 r\u00e9sultats Le texte officiel du premier appel \u00e0 projets a \u00e9t\u00e9 diffus\u00e9 le\u00a025 janvier 2023\u00a0et les promoteurs de projets ont pu d\u00e9poser leur candidature du\u00a01er au 31 mars 2023. \u00a0Ce premier appel \u00e0 projets disposait d\u2019une enveloppe FEDER de\u00a048,1 [&hellip;]","og_url":"https:\/\/interreg-sudoe.eu\/fr\/convocatorias-cerradas\/","og_site_name":"Interreg Sudoe","article_publisher":"https:\/\/www.facebook.com\/interregsudoe","article_modified_time":"2025-10-01T08:21:43+00:00","og_image":[{"width":1980,"height":686,"url":"https:\/\/interreg-sudoe.eu\/wp-content\/uploads\/2025\/09\/FOTO_1a_CONVOCATORIA-e1757668227428.jpg","type":"image\/jpeg"}],"twitter_card":"summary_large_image","twitter_site":"@Sudoe5","twitter_misc":{"Dur\u00e9e de lecture estim\u00e9e":"1 minute"},"schema":{"@context":"https:\/\/schema.org","@graph":[{"@type":"WebPage","@id":"https:\/\/interreg-sudoe.eu\/fr\/convocatorias-cerradas\/","url":"https:\/\/interreg-sudoe.eu\/fr\/convocatorias-cerradas\/","name":"R\u00e9sultats 1er appel - Interreg Sudoe","isPartOf":{"@id":"https:\/\/interreg-sudoe.eu\/fr\/#website"},"primaryImageOfPage":{"@id":"https:\/\/interreg-sudoe.eu\/fr\/convocatorias-cerradas\/#primaryimage"},"image":{"@id":"https:\/\/interreg-sudoe.eu\/fr\/convocatorias-cerradas\/#primaryimage"},"thumbnailUrl":"https:\/\/interreg-sudoe.eu\/wp-content\/uploads\/2025\/09\/FOTO_1a_CONVOCATORIA-e1757668227428.jpg","datePublished":"2023-12-21T09:46:16+00:00","dateModified":"2025-10-01T08:21:43+00:00","breadcrumb":{"@id":"https:\/\/interreg-sudoe.eu\/fr\/convocatorias-cerradas\/#breadcrumb"},"inLanguage":"fr-FR","potentialAction":[{"@type":"ReadAction","target":["https:\/\/interreg-sudoe.eu\/fr\/convocatorias-cerradas\/"]}]},{"@type":"ImageObject","inLanguage":"fr-FR","@id":"https:\/\/interreg-sudoe.eu\/fr\/convocatorias-cerradas\/#primaryimage","url":"https:\/\/interreg-sudoe.eu\/wp-content\/uploads\/2025\/09\/FOTO_1a_CONVOCATORIA-e1757668227428.jpg","contentUrl":"https:\/\/interreg-sudoe.eu\/wp-content\/uploads\/2025\/09\/FOTO_1a_CONVOCATORIA-e1757668227428.jpg"},{"@type":"BreadcrumbList","@id":"https:\/\/interreg-sudoe.eu\/fr\/convocatorias-cerradas\/#breadcrumb","itemListElement":[{"@type":"ListItem","position":1,"name":"Home","item":"https:\/\/interreg-sudoe.eu\/fr\/"},{"@type":"ListItem","position":2,"name":"R\u00e9sultats 1er appel"}]},{"@type":"WebSite","@id":"https:\/\/interreg-sudoe.eu\/fr\/#website","url":"https:\/\/interreg-sudoe.eu\/fr\/","name":"Interreg Sudoe","description":"Interreg Sudoe","publisher":{"@id":"https:\/\/interreg-sudoe.eu\/fr\/#organization"},"alternateName":"Interreg Sudoe","potentialAction":[{"@type":"SearchAction","target":{"@type":"EntryPoint","urlTemplate":"https:\/\/interreg-sudoe.eu\/fr\/?s={search_term_string}"},"query-input":{"@type":"PropertyValueSpecification","valueRequired":true,"valueName":"search_term_string"}}],"inLanguage":"fr-FR"},{"@type":"Organization","@id":"https:\/\/interreg-sudoe.eu\/fr\/#organization","name":"Interreg Sudoe","alternateName":"Interreg Sudoe","url":"https:\/\/interreg-sudoe.eu\/fr\/","logo":{"@type":"ImageObject","inLanguage":"fr-FR","@id":"https:\/\/interreg-sudoe.eu\/fr\/#\/schema\/logo\/image\/","url":"https:\/\/interreg-sudoe.eu\/wp-content\/uploads\/2024\/03\/logo-interreg.png","contentUrl":"https:\/\/interreg-sudoe.eu\/wp-content\/uploads\/2024\/03\/logo-interreg.png","width":1200,"height":675,"caption":"Interreg Sudoe"},"image":{"@id":"https:\/\/interreg-sudoe.eu\/fr\/#\/schema\/logo\/image\/"},"sameAs":["https:\/\/www.facebook.com\/interregsudoe","https:\/\/x.com\/Sudoe5","https:\/\/www.youtube.com\/channel\/UCeGx2edoB32beRc9dbKA2vw","https:\/\/www.linkedin.com\/company\/interreg-sudoe-programme\/","https:\/\/www.flickr.com\/photos\/148704685@N06\/"]}]}},"_links":{"self":[{"href":"https:\/\/interreg-sudoe.eu\/fr\/wp-json\/wp\/v2\/pages\/18615","targetHints":{"allow":["GET"]}}],"collection":[{"href":"https:\/\/interreg-sudoe.eu\/fr\/wp-json\/wp\/v2\/pages"}],"about":[{"href":"https:\/\/interreg-sudoe.eu\/fr\/wp-json\/wp\/v2\/types\/page"}],"author":[{"embeddable":true,"href":"https:\/\/interreg-sudoe.eu\/fr\/wp-json\/wp\/v2\/users\/1"}],"replies":[{"embeddable":true,"href":"https:\/\/interreg-sudoe.eu\/fr\/wp-json\/wp\/v2\/comments?post=18615"}],"version-history":[{"count":4,"href":"https:\/\/interreg-sudoe.eu\/fr\/wp-json\/wp\/v2\/pages\/18615\/revisions"}],"predecessor-version":[{"id":52472,"href":"https:\/\/interreg-sudoe.eu\/fr\/wp-json\/wp\/v2\/pages\/18615\/revisions\/52472"}],"wp:attachment":[{"href":"https:\/\/interreg-sudoe.eu\/fr\/wp-json\/wp\/v2\/media?parent=18615"}],"curies":[{"name":"wp","href":"https:\/\/api.w.org\/{rel}","templated":true}]}}