{"id":20469,"date":"2024-02-05T12:00:41","date_gmt":"2024-02-05T11:00:41","guid":{"rendered":"https:\/\/interreg-sudoe.eu\/autoridad-de-auditoria-y-autoridad-de-certificacion\/"},"modified":"2024-03-21T11:38:44","modified_gmt":"2024-03-21T10:38:44","slug":"autoridad-de-auditoria-y-autoridad-de-certificacion","status":"publish","type":"page","link":"https:\/\/interreg-sudoe.eu\/fr\/autoridad-de-auditoria-y-autoridad-de-certificacion\/","title":{"rendered":"L&rsquo;autorit\u00e9 d&rsquo;audit"},"content":{"rendered":"\t\t<div data-elementor-type=\"wp-page\" data-elementor-id=\"20469\" class=\"elementor elementor-20469 elementor-13413\" data-elementor-post-type=\"page\">\n\t\t\t\t<div class=\"elementor-element elementor-element-a4fac76 e-flex e-con-boxed e-con e-parent\" data-id=\"a4fac76\" data-element_type=\"container\" data-e-type=\"container\" data-settings=\"{&quot;jet_parallax_layout_list&quot;:[]}\">\n\t\t\t\t\t<div class=\"e-con-inner\">\n\t\t\t\t<div class=\"elementor-element elementor-element-e6b50df elementor-widget elementor-widget-heading\" data-id=\"e6b50df\" data-element_type=\"widget\" data-e-type=\"widget\" data-widget_type=\"heading.default\">\n\t\t\t\t\t<h1 class=\"elementor-heading-title elementor-size-default\">L'autorit\u00e9 d'audit<\/h1>\t\t\t\t<\/div>\n\t\t\t\t\t<\/div>\n\t\t\t\t<\/div>\n\t\t<div class=\"elementor-element elementor-element-e177571 e-flex e-con-boxed e-con e-parent\" data-id=\"e177571\" data-element_type=\"container\" data-e-type=\"container\" data-settings=\"{&quot;jet_parallax_layout_list&quot;:[]}\">\n\t\t\t\t\t<div class=\"e-con-inner\">\n\t\t\t\t<div class=\"elementor-element elementor-element-1fbfa96 elementor-widget elementor-widget-text-editor\" data-id=\"1fbfa96\" data-element_type=\"widget\" data-e-type=\"widget\" data-widget_type=\"text-editor.default\">\n\t\t\t\t\t\t\t\t\t<p>Cette autorit\u00e9 est charg\u00e9e de la gestion financi\u00e8re du programme, r\u00e9alisant des audits de tous les organes participants pour v\u00e9rifier le fonctionnement efficace du syst\u00e8me de gestion et de contr\u00f4le.<\/p>\n<p>Cette fonction est assur\u00e9e par l<strong>&lsquo;Intervention G\u00e9n\u00e9rale de l&rsquo;Administration de l&rsquo;\u00c9tat<\/strong> (<a href=\"https:\/\/www.igae.pap.hacienda.gob.es\/sitios\/igae\/es-ES\/Paginas\/inicio.aspx\">IGAE<\/a>).<\/p>\n\t\t\t\t\t\t\t\t<\/div>\n\t\t\t\t\t<\/div>\n\t\t\t\t<\/div>\n\t\t\t\t<\/div>\n\t\t","protected":false},"excerpt":{"rendered":"<p>L&rsquo;autorit\u00e9 d&rsquo;audit Cette autorit\u00e9 est charg\u00e9e de la gestion financi\u00e8re du programme, r\u00e9alisant des audits de tous les organes participants pour v\u00e9rifier le fonctionnement efficace du syst\u00e8me de gestion et de contr\u00f4le. Cette fonction est assur\u00e9e par l&lsquo;Intervention G\u00e9n\u00e9rale de l&rsquo;Administration de l&rsquo;\u00c9tat (IGAE).<\/p>\n","protected":false},"author":1,"featured_media":0,"parent":0,"menu_order":0,"comment_status":"closed","ping_status":"closed","template":"","meta":{"_acf_changed":false,"content-type":"","_monsterinsights_skip_tracking":false,"_monsterinsights_sitenote_active":false,"_monsterinsights_sitenote_note":"","_monsterinsights_sitenote_category":0,"footnotes":""},"class_list":["post-20469","page","type-page","status-publish","hentry"],"acf":[],"yoast_head":"<!-- This site is optimized with the Yoast SEO plugin v27.2 - https:\/\/yoast.com\/product\/yoast-seo-wordpress\/ -->\n<title>L&#039;autorit\u00e9 d&#039;audit - Interreg Sudoe<\/title>\n<meta name=\"robots\" content=\"index, follow, max-snippet:-1, max-image-preview:large, max-video-preview:-1\" \/>\n<link rel=\"canonical\" href=\"https:\/\/interreg-sudoe.eu\/fr\/autoridad-de-auditoria-y-autoridad-de-certificacion\/\" \/>\n<meta property=\"og:locale\" content=\"fr_FR\" \/>\n<meta property=\"og:type\" content=\"article\" \/>\n<meta property=\"og:title\" content=\"L&#039;autorit\u00e9 d&#039;audit - Interreg Sudoe\" \/>\n<meta property=\"og:description\" content=\"L&rsquo;autorit\u00e9 d&rsquo;audit Cette autorit\u00e9 est charg\u00e9e de la gestion financi\u00e8re du programme, r\u00e9alisant des audits de tous les organes participants pour v\u00e9rifier le fonctionnement efficace du syst\u00e8me de gestion et de contr\u00f4le. Cette fonction est assur\u00e9e par l&lsquo;Intervention G\u00e9n\u00e9rale de l&rsquo;Administration de l&rsquo;\u00c9tat (IGAE).\" \/>\n<meta property=\"og:url\" content=\"https:\/\/interreg-sudoe.eu\/fr\/autoridad-de-auditoria-y-autoridad-de-certificacion\/\" \/>\n<meta property=\"og:site_name\" content=\"Interreg Sudoe\" \/>\n<meta property=\"article:publisher\" content=\"https:\/\/www.facebook.com\/interregsudoe\" \/>\n<meta property=\"article:modified_time\" content=\"2024-03-21T10:38:44+00:00\" \/>\n<meta property=\"og:image\" content=\"https:\/\/interreg-sudoe.eu\/wp-content\/uploads\/2024\/03\/download.png\" \/>\n\t<meta property=\"og:image:width\" content=\"344\" \/>\n\t<meta property=\"og:image:height\" content=\"147\" \/>\n\t<meta property=\"og:image:type\" content=\"image\/png\" \/>\n<meta name=\"twitter:card\" content=\"summary_large_image\" \/>\n<meta name=\"twitter:site\" content=\"@Sudoe5\" \/>\n<meta name=\"twitter:label1\" content=\"Dur\u00e9e de lecture estim\u00e9e\" \/>\n\t<meta name=\"twitter:data1\" content=\"1 minute\" \/>\n<script type=\"application\/ld+json\" class=\"yoast-schema-graph\">{\"@context\":\"https:\/\/schema.org\",\"@graph\":[{\"@type\":\"WebPage\",\"@id\":\"https:\/\/interreg-sudoe.eu\/fr\/autoridad-de-auditoria-y-autoridad-de-certificacion\/\",\"url\":\"https:\/\/interreg-sudoe.eu\/fr\/autoridad-de-auditoria-y-autoridad-de-certificacion\/\",\"name\":\"L'autorit\u00e9 d'audit - Interreg Sudoe\",\"isPartOf\":{\"@id\":\"https:\/\/interreg-sudoe.eu\/fr\/#website\"},\"datePublished\":\"2024-02-05T11:00:41+00:00\",\"dateModified\":\"2024-03-21T10:38:44+00:00\",\"breadcrumb\":{\"@id\":\"https:\/\/interreg-sudoe.eu\/fr\/autoridad-de-auditoria-y-autoridad-de-certificacion\/#breadcrumb\"},\"inLanguage\":\"fr-FR\",\"potentialAction\":[{\"@type\":\"ReadAction\",\"target\":[\"https:\/\/interreg-sudoe.eu\/fr\/autoridad-de-auditoria-y-autoridad-de-certificacion\/\"]}]},{\"@type\":\"BreadcrumbList\",\"@id\":\"https:\/\/interreg-sudoe.eu\/fr\/autoridad-de-auditoria-y-autoridad-de-certificacion\/#breadcrumb\",\"itemListElement\":[{\"@type\":\"ListItem\",\"position\":1,\"name\":\"Home\",\"item\":\"https:\/\/interreg-sudoe.eu\/fr\/\"},{\"@type\":\"ListItem\",\"position\":2,\"name\":\"L&#8217;autorit\u00e9 d&#8217;audit\"}]},{\"@type\":\"WebSite\",\"@id\":\"https:\/\/interreg-sudoe.eu\/fr\/#website\",\"url\":\"https:\/\/interreg-sudoe.eu\/fr\/\",\"name\":\"Interreg Sudoe\",\"description\":\"Interreg Sudoe\",\"publisher\":{\"@id\":\"https:\/\/interreg-sudoe.eu\/fr\/#organization\"},\"alternateName\":\"Interreg Sudoe\",\"potentialAction\":[{\"@type\":\"SearchAction\",\"target\":{\"@type\":\"EntryPoint\",\"urlTemplate\":\"https:\/\/interreg-sudoe.eu\/fr\/?s={search_term_string}\"},\"query-input\":{\"@type\":\"PropertyValueSpecification\",\"valueRequired\":true,\"valueName\":\"search_term_string\"}}],\"inLanguage\":\"fr-FR\"},{\"@type\":\"Organization\",\"@id\":\"https:\/\/interreg-sudoe.eu\/fr\/#organization\",\"name\":\"Interreg Sudoe\",\"alternateName\":\"Interreg Sudoe\",\"url\":\"https:\/\/interreg-sudoe.eu\/fr\/\",\"logo\":{\"@type\":\"ImageObject\",\"inLanguage\":\"fr-FR\",\"@id\":\"https:\/\/interreg-sudoe.eu\/fr\/#\/schema\/logo\/image\/\",\"url\":\"https:\/\/interreg-sudoe.eu\/wp-content\/uploads\/2024\/03\/logo-interreg.png\",\"contentUrl\":\"https:\/\/interreg-sudoe.eu\/wp-content\/uploads\/2024\/03\/logo-interreg.png\",\"width\":1200,\"height\":675,\"caption\":\"Interreg Sudoe\"},\"image\":{\"@id\":\"https:\/\/interreg-sudoe.eu\/fr\/#\/schema\/logo\/image\/\"},\"sameAs\":[\"https:\/\/www.facebook.com\/interregsudoe\",\"https:\/\/x.com\/Sudoe5\",\"https:\/\/www.youtube.com\/channel\/UCeGx2edoB32beRc9dbKA2vw\",\"https:\/\/www.linkedin.com\/company\/interreg-sudoe-programme\/\",\"https:\/\/www.flickr.com\/photos\/148704685@N06\/\"]}]}<\/script>\n<!-- \/ Yoast SEO plugin. -->","yoast_head_json":{"title":"L'autorit\u00e9 d'audit - Interreg Sudoe","robots":{"index":"index","follow":"follow","max-snippet":"max-snippet:-1","max-image-preview":"max-image-preview:large","max-video-preview":"max-video-preview:-1"},"canonical":"https:\/\/interreg-sudoe.eu\/fr\/autoridad-de-auditoria-y-autoridad-de-certificacion\/","og_locale":"fr_FR","og_type":"article","og_title":"L'autorit\u00e9 d'audit - Interreg Sudoe","og_description":"L&rsquo;autorit\u00e9 d&rsquo;audit Cette autorit\u00e9 est charg\u00e9e de la gestion financi\u00e8re du programme, r\u00e9alisant des audits de tous les organes participants pour v\u00e9rifier le fonctionnement efficace du syst\u00e8me de gestion et de contr\u00f4le. Cette fonction est assur\u00e9e par l&lsquo;Intervention G\u00e9n\u00e9rale de l&rsquo;Administration de l&rsquo;\u00c9tat (IGAE).","og_url":"https:\/\/interreg-sudoe.eu\/fr\/autoridad-de-auditoria-y-autoridad-de-certificacion\/","og_site_name":"Interreg Sudoe","article_publisher":"https:\/\/www.facebook.com\/interregsudoe","article_modified_time":"2024-03-21T10:38:44+00:00","og_image":[{"width":344,"height":147,"url":"https:\/\/interreg-sudoe.eu\/wp-content\/uploads\/2024\/03\/download.png","type":"image\/png"}],"twitter_card":"summary_large_image","twitter_site":"@Sudoe5","twitter_misc":{"Dur\u00e9e de lecture estim\u00e9e":"1 minute"},"schema":{"@context":"https:\/\/schema.org","@graph":[{"@type":"WebPage","@id":"https:\/\/interreg-sudoe.eu\/fr\/autoridad-de-auditoria-y-autoridad-de-certificacion\/","url":"https:\/\/interreg-sudoe.eu\/fr\/autoridad-de-auditoria-y-autoridad-de-certificacion\/","name":"L'autorit\u00e9 d'audit - Interreg Sudoe","isPartOf":{"@id":"https:\/\/interreg-sudoe.eu\/fr\/#website"},"datePublished":"2024-02-05T11:00:41+00:00","dateModified":"2024-03-21T10:38:44+00:00","breadcrumb":{"@id":"https:\/\/interreg-sudoe.eu\/fr\/autoridad-de-auditoria-y-autoridad-de-certificacion\/#breadcrumb"},"inLanguage":"fr-FR","potentialAction":[{"@type":"ReadAction","target":["https:\/\/interreg-sudoe.eu\/fr\/autoridad-de-auditoria-y-autoridad-de-certificacion\/"]}]},{"@type":"BreadcrumbList","@id":"https:\/\/interreg-sudoe.eu\/fr\/autoridad-de-auditoria-y-autoridad-de-certificacion\/#breadcrumb","itemListElement":[{"@type":"ListItem","position":1,"name":"Home","item":"https:\/\/interreg-sudoe.eu\/fr\/"},{"@type":"ListItem","position":2,"name":"L&#8217;autorit\u00e9 d&#8217;audit"}]},{"@type":"WebSite","@id":"https:\/\/interreg-sudoe.eu\/fr\/#website","url":"https:\/\/interreg-sudoe.eu\/fr\/","name":"Interreg Sudoe","description":"Interreg Sudoe","publisher":{"@id":"https:\/\/interreg-sudoe.eu\/fr\/#organization"},"alternateName":"Interreg Sudoe","potentialAction":[{"@type":"SearchAction","target":{"@type":"EntryPoint","urlTemplate":"https:\/\/interreg-sudoe.eu\/fr\/?s={search_term_string}"},"query-input":{"@type":"PropertyValueSpecification","valueRequired":true,"valueName":"search_term_string"}}],"inLanguage":"fr-FR"},{"@type":"Organization","@id":"https:\/\/interreg-sudoe.eu\/fr\/#organization","name":"Interreg Sudoe","alternateName":"Interreg Sudoe","url":"https:\/\/interreg-sudoe.eu\/fr\/","logo":{"@type":"ImageObject","inLanguage":"fr-FR","@id":"https:\/\/interreg-sudoe.eu\/fr\/#\/schema\/logo\/image\/","url":"https:\/\/interreg-sudoe.eu\/wp-content\/uploads\/2024\/03\/logo-interreg.png","contentUrl":"https:\/\/interreg-sudoe.eu\/wp-content\/uploads\/2024\/03\/logo-interreg.png","width":1200,"height":675,"caption":"Interreg Sudoe"},"image":{"@id":"https:\/\/interreg-sudoe.eu\/fr\/#\/schema\/logo\/image\/"},"sameAs":["https:\/\/www.facebook.com\/interregsudoe","https:\/\/x.com\/Sudoe5","https:\/\/www.youtube.com\/channel\/UCeGx2edoB32beRc9dbKA2vw","https:\/\/www.linkedin.com\/company\/interreg-sudoe-programme\/","https:\/\/www.flickr.com\/photos\/148704685@N06\/"]}]}},"_links":{"self":[{"href":"https:\/\/interreg-sudoe.eu\/fr\/wp-json\/wp\/v2\/pages\/20469","targetHints":{"allow":["GET"]}}],"collection":[{"href":"https:\/\/interreg-sudoe.eu\/fr\/wp-json\/wp\/v2\/pages"}],"about":[{"href":"https:\/\/interreg-sudoe.eu\/fr\/wp-json\/wp\/v2\/types\/page"}],"author":[{"embeddable":true,"href":"https:\/\/interreg-sudoe.eu\/fr\/wp-json\/wp\/v2\/users\/1"}],"replies":[{"embeddable":true,"href":"https:\/\/interreg-sudoe.eu\/fr\/wp-json\/wp\/v2\/comments?post=20469"}],"version-history":[{"count":0,"href":"https:\/\/interreg-sudoe.eu\/fr\/wp-json\/wp\/v2\/pages\/20469\/revisions"}],"wp:attachment":[{"href":"https:\/\/interreg-sudoe.eu\/fr\/wp-json\/wp\/v2\/media?parent=20469"}],"curies":[{"name":"wp","href":"https:\/\/api.w.org\/{rel}","templated":true}]}}