{"id":20524,"date":"2023-12-20T12:48:08","date_gmt":"2023-12-20T11:48:08","guid":{"rendered":"https:\/\/interreg-sudoe.eu\/acerca-de-interreg-sudoe\/cual-es-el-territorio-elegible\/"},"modified":"2024-03-21T10:34:01","modified_gmt":"2024-03-21T09:34:01","slug":"cual-es-el-territorio-elegible","status":"publish","type":"page","link":"https:\/\/interreg-sudoe.eu\/fr\/acerca-de-interreg-sudoe\/cual-es-el-territorio-elegible\/","title":{"rendered":"Quelle est l\u2019aire g\u00e9ographique du Sudoe?"},"content":{"rendered":"\t\t<div data-elementor-type=\"wp-page\" data-elementor-id=\"20524\" class=\"elementor elementor-20524 elementor-7415\" data-elementor-post-type=\"page\">\n\t\t\t\t<div class=\"elementor-element elementor-element-4275a0f e-flex e-con-boxed e-con e-parent\" data-id=\"4275a0f\" data-element_type=\"container\" data-e-type=\"container\" data-settings=\"{&quot;jet_parallax_layout_list&quot;:[]}\">\n\t\t\t\t\t<div class=\"e-con-inner\">\n\t\t<div class=\"elementor-element elementor-element-395a2fd e-con-full e-flex e-con e-child\" data-id=\"395a2fd\" data-element_type=\"container\" data-e-type=\"container\" data-settings=\"{&quot;jet_parallax_layout_list&quot;:[]}\">\n\t\t\t\t<div class=\"elementor-element elementor-element-f004551 elementor-widget elementor-widget-heading\" data-id=\"f004551\" data-element_type=\"widget\" data-e-type=\"widget\" data-widget_type=\"heading.default\">\n\t\t\t\t\t<h2 class=\"elementor-heading-title elementor-size-default\">Territoire \u00e9legible<\/h2>\t\t\t\t<\/div>\n\t\t\t\t<\/div>\n\t\t\t\t\t<\/div>\n\t\t\t\t<\/div>\n\t\t<div class=\"elementor-element elementor-element-92c029b e-flex e-con-boxed e-con e-parent\" data-id=\"92c029b\" data-element_type=\"container\" data-e-type=\"container\" data-settings=\"{&quot;jet_parallax_layout_list&quot;:[]}\">\n\t\t\t\t\t<div class=\"e-con-inner\">\n\t\t<div class=\"elementor-element elementor-element-0aa0617 e-con-full e-flex e-con e-child\" data-id=\"0aa0617\" data-element_type=\"container\" data-e-type=\"container\" data-settings=\"{&quot;jet_parallax_layout_list&quot;:[]}\">\n\t\t\t\t<div class=\"elementor-element elementor-element-67ba399 elementor-widget elementor-widget-heading\" data-id=\"67ba399\" data-element_type=\"widget\" data-e-type=\"widget\" data-widget_type=\"heading.default\">\n\t\t\t\t\t<h2 class=\"elementor-heading-title elementor-size-default\">Quelle est l\u2019aire g\u00e9ographique du Sudoe?<\/h2>\t\t\t\t<\/div>\n\t\t\t\t<div class=\"elementor-element elementor-element-f7ceed1 elementor-widget elementor-widget-text-editor\" data-id=\"f7ceed1\" data-element_type=\"widget\" data-e-type=\"widget\" data-widget_type=\"text-editor.default\">\n\t\t\t\t\t\t\t\t\t<p>L\u2019aire g\u00e9ographique du Sudoe comprend 26 r\u00e9gions et villes autonomes (NUTS II) provenant de 4 Etats : 3 Etats membres de l\u2019Union europ\u00e9enne et 1 pays tiers.<\/p>\n<p>Cet espace g\u00e9ographique repr\u00e9sente pr\u00e8s de 18,3 % du territoire de l\u2019UE et plus de 68,2 millions de personnes peuvent b\u00e9n\u00e9ficier de nos fonds.<\/p>\n\t\t\t\t\t\t\t\t<\/div>\n\t\t\t\t<\/div>\n\t\t<div class=\"elementor-element elementor-element-2063d23 e-con-full e-flex e-con e-child\" data-id=\"2063d23\" data-element_type=\"container\" data-e-type=\"container\" data-settings=\"{&quot;jet_parallax_layout_list&quot;:[]}\">\n\t\t\t\t<div class=\"elementor-element elementor-element-7656c31 elementor-invisible elementor-widget elementor-widget-image\" data-id=\"7656c31\" data-element_type=\"widget\" data-e-type=\"widget\" data-settings=\"{&quot;_animation&quot;:&quot;fadeInRight&quot;}\" data-widget_type=\"image.default\">\n\t\t\t\t\t\t\t\t\t\t\t\t\t\t\t\t<a href=\"https:\/\/interreg-sudoe.eu\/wp-content\/uploads\/2023\/12\/mapa_territorios_elegibles_recortada.png\" data-elementor-open-lightbox=\"yes\" data-elementor-lightbox-title=\"mapa_territorios_elegibles_recortada\" data-e-action-hash=\"#elementor-action%3Aaction%3Dlightbox%26settings%3DeyJpZCI6NzQ2NCwidXJsIjoiaHR0cHM6XC9cL2ludGVycmVnLXN1ZG9lLmV1XC93cC1jb250ZW50XC91cGxvYWRzXC8yMDIzXC8xMlwvbWFwYV90ZXJyaXRvcmlvc19lbGVnaWJsZXNfcmVjb3J0YWRhLnBuZyJ9\">\n\t\t\t\t\t\t\t<img fetchpriority=\"high\" decoding=\"async\" width=\"295\" height=\"300\" src=\"https:\/\/interreg-sudoe.eu\/wp-content\/uploads\/2023\/12\/mapa_territorios_elegibles_recortada-295x300.png\" class=\"attachment-medium size-medium wp-image-7464\" alt=\"\" srcset=\"https:\/\/interreg-sudoe.eu\/wp-content\/uploads\/2023\/12\/mapa_territorios_elegibles_recortada-295x300.png 295w, https:\/\/interreg-sudoe.eu\/wp-content\/uploads\/2023\/12\/mapa_territorios_elegibles_recortada-1006x1024.png 1006w, https:\/\/interreg-sudoe.eu\/wp-content\/uploads\/2023\/12\/mapa_territorios_elegibles_recortada-768x782.png 768w, https:\/\/interreg-sudoe.eu\/wp-content\/uploads\/2023\/12\/mapa_territorios_elegibles_recortada.png 1252w\" sizes=\"(max-width: 295px) 100vw, 295px\" \/>\t\t\t\t\t\t\t\t<\/a>\n\t\t\t\t\t\t\t\t\t\t\t\t\t\t\t<\/div>\n\t\t\t\t<div class=\"elementor-element elementor-element-9a8a7f2 elementor-widget elementor-widget-jet-button\" data-id=\"9a8a7f2\" data-element_type=\"widget\" data-e-type=\"widget\" data-widget_type=\"jet-button.default\">\n\t\t\t\t<div class=\"elementor-widget-container\">\n\t\t\t\t\t<div class=\"elementor-jet-button jet-elements\"><div class=\"jet-button__container\">\n\t<a class=\"jet-button__instance jet-button__instance--icon-right hover-effect-0\" href=\"\/wp-content\/uploads\/2023\/12\/mapa_territorios_elegibles_recortada-768x782.png\">\n\t\t<div class=\"jet-button__plane jet-button__plane-normal\"><\/div>\n\t\t<div class=\"jet-button__plane jet-button__plane-hover\"><\/div>\n\t\t<div class=\"jet-button__state jet-button__state-normal\">\n\t\t\t<span class=\"jet-button__icon jet-elements-icon\"><svg aria-hidden=\"true\" class=\"e-font-icon-svg e-fas-map\" viewBox=\"0 0 576 512\" xmlns=\"http:\/\/www.w3.org\/2000\/svg\"><path d=\"M0 117.66v346.32c0 11.32 11.43 19.06 21.94 14.86L160 416V32L20.12 87.95A32.006 32.006 0 0 0 0 117.66zM192 416l192 64V96L192 32v384zM554.06 33.16L416 96v384l139.88-55.95A31.996 31.996 0 0 0 576 394.34V48.02c0-11.32-11.43-19.06-21.94-14.86z\"><\/path><\/svg><\/span><span class=\"jet-button__label\">Voir<\/span>\t\t<\/div>\n\t\t<div class=\"jet-button__state jet-button__state-hover\">\n\t\t\t<span class=\"jet-button__icon jet-elements-icon\"><svg aria-hidden=\"true\" class=\"e-font-icon-svg e-fas-map\" viewBox=\"0 0 576 512\" xmlns=\"http:\/\/www.w3.org\/2000\/svg\"><path d=\"M0 117.66v346.32c0 11.32 11.43 19.06 21.94 14.86L160 416V32L20.12 87.95A32.006 32.006 0 0 0 0 117.66zM192 416l192 64V96L192 32v384zM554.06 33.16L416 96v384l139.88-55.95A31.996 31.996 0 0 0 576 394.34V48.02c0-11.32-11.43-19.06-21.94-14.86z\"><\/path><\/svg><\/span><span class=\"jet-button__label\">Voir<\/span>\t\t<\/div>\n\t<\/a>\n<\/div>\n<\/div>\t\t\t\t<\/div>\n\t\t\t\t<\/div>\n\t\t\t\t<\/div>\n\t\t\t\t\t<\/div>\n\t\t\t\t<\/div>\n\t\t<div class=\"elementor-element elementor-element-15b266f e-flex e-con-boxed e-con e-parent\" data-id=\"15b266f\" data-element_type=\"container\" data-e-type=\"container\" data-settings=\"{&quot;jet_parallax_layout_list&quot;:[]}\">\n\t\t\t\t\t<div class=\"e-con-inner\">\n\t\t<div class=\"elementor-element elementor-element-a27c7f4 e-con-full e-flex e-con e-child\" data-id=\"a27c7f4\" data-element_type=\"container\" data-e-type=\"container\" data-settings=\"{&quot;jet_parallax_layout_list&quot;:[]}\">\n\t\t\t\t<div class=\"elementor-element elementor-element-7312519 elementor-widget elementor-widget-image\" data-id=\"7312519\" data-element_type=\"widget\" data-e-type=\"widget\" data-widget_type=\"image.default\">\n\t\t\t\t\t\t\t\t\t\t\t\t\t\t\t<img decoding=\"async\" width=\"50\" height=\"50\" src=\"https:\/\/interreg-sudoe.eu\/wp-content\/uploads\/2024\/01\/Iespana.png\" class=\"attachment-large size-large wp-image-12708\" alt=\"\" srcset=\"https:\/\/interreg-sudoe.eu\/wp-content\/uploads\/2024\/01\/Iespana.png 50w, https:\/\/interreg-sudoe.eu\/wp-content\/uploads\/2024\/01\/elementor\/thumbs\/Iespana-qj48xzf4yb0p94141ut0ma9o3q6kcrqq7wztmmbmi4.png 30w, https:\/\/interreg-sudoe.eu\/wp-content\/uploads\/2024\/01\/elementor\/thumbs\/Iespana.png 80w\" sizes=\"(max-width: 50px) 100vw, 50px\" \/>\t\t\t\t\t\t\t\t\t\t\t\t\t\t\t<\/div>\n\t\t\t\t<div class=\"elementor-element elementor-element-56344dd elementor-widget elementor-widget-heading\" data-id=\"56344dd\" data-element_type=\"widget\" data-e-type=\"widget\" data-widget_type=\"heading.default\">\n\t\t\t\t\t<h2 class=\"elementor-heading-title elementor-size-default\">Espagne<\/h2>\t\t\t\t<\/div>\n\t\t\t\t<div class=\"elementor-element elementor-element-b8a2c8f elementor-widget elementor-widget-text-editor\" data-id=\"b8a2c8f\" data-element_type=\"widget\" data-e-type=\"widget\" data-widget_type=\"text-editor.default\">\n\t\t\t\t\t\t\t\t\t<p><span style=\"font-weight: 400;\">Galicia, Principado de Asturias, Cantabria, Pa\u00eds Vasco, Comunidad Foral de Navarra, Arag\u00f3n, Catalu\u00f1a, Castilla y Le\u00f3n, La Rioja, Comunidad de Madrid, Extremadura, Castilla-La Mancha, Comunidad Valenciana, Regi\u00f3n de Murcia, Andaluc\u00eda, Islas Baleares, Ciudad aut\u00f3noma de Ceuta y Ciudad aut\u00f3noma de Melilla. <\/span><\/p>\n\t\t\t\t\t\t\t\t<\/div>\n\t\t\t\t<\/div>\n\t\t<div class=\"elementor-element elementor-element-032ed46 e-con-full e-flex e-con e-child\" data-id=\"032ed46\" data-element_type=\"container\" data-e-type=\"container\" data-settings=\"{&quot;jet_parallax_layout_list&quot;:[]}\">\n\t\t\t\t<div class=\"elementor-element elementor-element-a2404a2 elementor-widget elementor-widget-image\" data-id=\"a2404a2\" data-element_type=\"widget\" data-e-type=\"widget\" data-widget_type=\"image.default\">\n\t\t\t\t\t\t\t\t\t\t\t\t\t\t\t<img decoding=\"async\" src=\"https:\/\/interreg-sudoe.eu\/wp-content\/uploads\/elementor\/thumbs\/francia-qqk422t763tn2bvkj1h1hvnjmqjfg84vplyjaejqes.png\" title=\"francia\" alt=\"francia\" loading=\"lazy\" \/>\t\t\t\t\t\t\t\t\t\t\t\t\t\t\t<\/div>\n\t\t\t\t<div class=\"elementor-element elementor-element-855ec44 elementor-widget elementor-widget-heading\" data-id=\"855ec44\" data-element_type=\"widget\" data-e-type=\"widget\" data-widget_type=\"heading.default\">\n\t\t\t\t\t<h2 class=\"elementor-heading-title elementor-size-default\">France<\/h2>\t\t\t\t<\/div>\n\t\t\t\t<div class=\"elementor-element elementor-element-d049bbe elementor-widget elementor-widget-text-editor\" data-id=\"d049bbe\" data-element_type=\"widget\" data-e-type=\"widget\" data-widget_type=\"text-editor.default\">\n\t\t\t\t\t\t\t\t\t<p><span style=\"font-weight: 400;\">Nouvelle-Aquitaine, Occitanie y Auvergne.<\/span><\/p>\n\t\t\t\t\t\t\t\t<\/div>\n\t\t\t\t<\/div>\n\t\t\t\t\t<\/div>\n\t\t\t\t<\/div>\n\t\t<div class=\"elementor-element elementor-element-2bf34a0 e-flex e-con-boxed e-con e-parent\" data-id=\"2bf34a0\" data-element_type=\"container\" data-e-type=\"container\" data-settings=\"{&quot;jet_parallax_layout_list&quot;:[]}\">\n\t\t\t\t\t<div class=\"e-con-inner\">\n\t\t<div class=\"elementor-element elementor-element-ae7d994 e-con-full e-flex e-con e-child\" data-id=\"ae7d994\" data-element_type=\"container\" data-e-type=\"container\" data-settings=\"{&quot;jet_parallax_layout_list&quot;:[]}\">\n\t\t\t\t<div class=\"elementor-element elementor-element-2d05247 elementor-widget elementor-widget-image\" data-id=\"2d05247\" data-element_type=\"widget\" data-e-type=\"widget\" data-widget_type=\"image.default\">\n\t\t\t\t\t\t\t\t\t\t\t\t\t\t\t<img decoding=\"async\" src=\"https:\/\/interreg-sudoe.eu\/wp-content\/uploads\/elementor\/thumbs\/portugal-qqk427ie4a02odoqrli6ccgulnw9ipnje97yoscrjo.png\" title=\"portugal\" alt=\"portugal\" loading=\"lazy\" \/>\t\t\t\t\t\t\t\t\t\t\t\t\t\t\t<\/div>\n\t\t\t\t<div class=\"elementor-element elementor-element-ac82265 elementor-widget elementor-widget-heading\" data-id=\"ac82265\" data-element_type=\"widget\" data-e-type=\"widget\" data-widget_type=\"heading.default\">\n\t\t\t\t\t<h2 class=\"elementor-heading-title elementor-size-default\">Portugal<\/h2>\t\t\t\t<\/div>\n\t\t\t\t<div class=\"elementor-element elementor-element-598205b elementor-widget elementor-widget-text-editor\" data-id=\"598205b\" data-element_type=\"widget\" data-e-type=\"widget\" data-widget_type=\"text-editor.default\">\n\t\t\t\t\t\t\t\t\t<p><span style=\"font-weight: 400;\">Norte, Centro, Lisboa, Alentejo y Algarve.<\/span><\/p>\n\t\t\t\t\t\t\t\t<\/div>\n\t\t\t\t<\/div>\n\t\t<div class=\"elementor-element elementor-element-f4b1da0 e-con-full e-flex e-con e-child\" data-id=\"f4b1da0\" data-element_type=\"container\" data-e-type=\"container\" data-settings=\"{&quot;jet_parallax_layout_list&quot;:[]}\">\n\t\t\t\t<div class=\"elementor-element elementor-element-719f33b elementor-widget elementor-widget-image\" data-id=\"719f33b\" data-element_type=\"widget\" data-e-type=\"widget\" data-widget_type=\"image.default\">\n\t\t\t\t\t\t\t\t\t\t\t\t\t\t\t<img decoding=\"async\" src=\"https:\/\/interreg-sudoe.eu\/wp-content\/uploads\/elementor\/thumbs\/andorra-qqk41zzollps3hznzi95sed5ukxbt4top802uknwxg.png\" title=\"andorra\" alt=\"andorra\" loading=\"lazy\" \/>\t\t\t\t\t\t\t\t\t\t\t\t\t\t\t<\/div>\n\t\t\t\t<div class=\"elementor-element elementor-element-ed3ff8d elementor-widget elementor-widget-heading\" data-id=\"ed3ff8d\" data-element_type=\"widget\" data-e-type=\"widget\" data-widget_type=\"heading.default\">\n\t\t\t\t\t<h2 class=\"elementor-heading-title elementor-size-default\">Principaut\u00e9 d'Andorre.<\/h2>\t\t\t\t<\/div>\n\t\t\t\t<div class=\"elementor-element elementor-element-79b513c elementor-widget elementor-widget-text-editor\" data-id=\"79b513c\" data-element_type=\"widget\" data-e-type=\"widget\" data-widget_type=\"text-editor.default\">\n\t\t\t\t\t\t\t\t\t<p>En tant que pays tiers.<\/p>\n\t\t\t\t\t\t\t\t<\/div>\n\t\t\t\t<\/div>\n\t\t\t\t\t<\/div>\n\t\t\t\t<\/div>\n\t\t\t\t<\/div>\n\t\t","protected":false},"excerpt":{"rendered":"<p>Territoire \u00e9legible Quelle est l\u2019aire g\u00e9ographique du Sudoe? L\u2019aire g\u00e9ographique du Sudoe comprend 26 r\u00e9gions et villes autonomes (NUTS II) provenant de 4 Etats : 3 Etats membres de l\u2019Union europ\u00e9enne et 1 pays tiers. Cet espace g\u00e9ographique repr\u00e9sente pr\u00e8s de 18,3 % du territoire de l\u2019UE et plus de 68,2 millions de personnes peuvent [&hellip;]<\/p>\n","protected":false},"author":1,"featured_media":0,"parent":18561,"menu_order":0,"comment_status":"closed","ping_status":"closed","template":"elementor_header_footer","meta":{"_acf_changed":false,"content-type":"","_monsterinsights_skip_tracking":false,"_monsterinsights_sitenote_active":false,"_monsterinsights_sitenote_note":"","_monsterinsights_sitenote_category":0,"footnotes":""},"class_list":["post-20524","page","type-page","status-publish","hentry"],"acf":[],"yoast_head":"<!-- This site is optimized with the Yoast SEO plugin v27.2 - https:\/\/yoast.com\/product\/yoast-seo-wordpress\/ -->\n<title>Quelle est l\u2019aire g\u00e9ographique du Sudoe? - Interreg Sudoe<\/title>\n<meta name=\"robots\" content=\"index, follow, max-snippet:-1, max-image-preview:large, max-video-preview:-1\" \/>\n<link rel=\"canonical\" href=\"https:\/\/interreg-sudoe.eu\/fr\/acerca-de-interreg-sudoe\/cual-es-el-territorio-elegible\/\" \/>\n<meta property=\"og:locale\" content=\"fr_FR\" \/>\n<meta property=\"og:type\" content=\"article\" \/>\n<meta property=\"og:title\" content=\"Quelle est l\u2019aire g\u00e9ographique du Sudoe? - Interreg Sudoe\" \/>\n<meta property=\"og:description\" content=\"Territoire \u00e9legible Quelle est l\u2019aire g\u00e9ographique du Sudoe? L\u2019aire g\u00e9ographique du Sudoe comprend 26 r\u00e9gions et villes autonomes (NUTS II) provenant de 4 Etats : 3 Etats membres de l\u2019Union europ\u00e9enne et 1 pays tiers. Cet espace g\u00e9ographique repr\u00e9sente pr\u00e8s de 18,3 % du territoire de l\u2019UE et plus de 68,2 millions de personnes peuvent [&hellip;]\" \/>\n<meta property=\"og:url\" content=\"https:\/\/interreg-sudoe.eu\/fr\/acerca-de-interreg-sudoe\/cual-es-el-territorio-elegible\/\" \/>\n<meta property=\"og:site_name\" content=\"Interreg Sudoe\" \/>\n<meta property=\"article:publisher\" content=\"https:\/\/www.facebook.com\/interregsudoe\" \/>\n<meta property=\"article:modified_time\" content=\"2024-03-21T09:34:01+00:00\" \/>\n<meta property=\"og:image\" content=\"https:\/\/interreg-sudoe.eu\/wp-content\/uploads\/2023\/12\/mapa_territorios_elegibles_recortada-295x300.png\" \/>\n<meta name=\"twitter:card\" content=\"summary_large_image\" \/>\n<meta name=\"twitter:site\" content=\"@Sudoe5\" \/>\n<meta name=\"twitter:label1\" content=\"Dur\u00e9e de lecture estim\u00e9e\" \/>\n\t<meta name=\"twitter:data1\" content=\"2 minutes\" \/>\n<script type=\"application\/ld+json\" class=\"yoast-schema-graph\">{\"@context\":\"https:\/\/schema.org\",\"@graph\":[{\"@type\":\"WebPage\",\"@id\":\"https:\/\/interreg-sudoe.eu\/fr\/acerca-de-interreg-sudoe\/cual-es-el-territorio-elegible\/\",\"url\":\"https:\/\/interreg-sudoe.eu\/fr\/acerca-de-interreg-sudoe\/cual-es-el-territorio-elegible\/\",\"name\":\"Quelle est l\u2019aire g\u00e9ographique du Sudoe? - Interreg Sudoe\",\"isPartOf\":{\"@id\":\"https:\/\/interreg-sudoe.eu\/fr\/#website\"},\"primaryImageOfPage\":{\"@id\":\"https:\/\/interreg-sudoe.eu\/fr\/acerca-de-interreg-sudoe\/cual-es-el-territorio-elegible\/#primaryimage\"},\"image\":{\"@id\":\"https:\/\/interreg-sudoe.eu\/fr\/acerca-de-interreg-sudoe\/cual-es-el-territorio-elegible\/#primaryimage\"},\"thumbnailUrl\":\"https:\/\/interreg-sudoe.eu\/wp-content\/uploads\/2023\/12\/mapa_territorios_elegibles_recortada-295x300.png\",\"datePublished\":\"2023-12-20T11:48:08+00:00\",\"dateModified\":\"2024-03-21T09:34:01+00:00\",\"breadcrumb\":{\"@id\":\"https:\/\/interreg-sudoe.eu\/fr\/acerca-de-interreg-sudoe\/cual-es-el-territorio-elegible\/#breadcrumb\"},\"inLanguage\":\"fr-FR\",\"potentialAction\":[{\"@type\":\"ReadAction\",\"target\":[\"https:\/\/interreg-sudoe.eu\/fr\/acerca-de-interreg-sudoe\/cual-es-el-territorio-elegible\/\"]}]},{\"@type\":\"ImageObject\",\"inLanguage\":\"fr-FR\",\"@id\":\"https:\/\/interreg-sudoe.eu\/fr\/acerca-de-interreg-sudoe\/cual-es-el-territorio-elegible\/#primaryimage\",\"url\":\"https:\/\/interreg-sudoe.eu\/wp-content\/uploads\/2023\/12\/mapa_territorios_elegibles_recortada-295x300.png\",\"contentUrl\":\"https:\/\/interreg-sudoe.eu\/wp-content\/uploads\/2023\/12\/mapa_territorios_elegibles_recortada-295x300.png\"},{\"@type\":\"BreadcrumbList\",\"@id\":\"https:\/\/interreg-sudoe.eu\/fr\/acerca-de-interreg-sudoe\/cual-es-el-territorio-elegible\/#breadcrumb\",\"itemListElement\":[{\"@type\":\"ListItem\",\"position\":1,\"name\":\"Home\",\"item\":\"https:\/\/interreg-sudoe.eu\/fr\/\"},{\"@type\":\"ListItem\",\"position\":2,\"name\":\"Qu&#8217;est-ce qu&#8217;Interreg ?\",\"item\":\"https:\/\/interreg-sudoe.eu\/fr\/acerca-de-interreg-sudoe\/\"},{\"@type\":\"ListItem\",\"position\":3,\"name\":\"Quelle est l\u2019aire g\u00e9ographique du Sudoe?\"}]},{\"@type\":\"WebSite\",\"@id\":\"https:\/\/interreg-sudoe.eu\/fr\/#website\",\"url\":\"https:\/\/interreg-sudoe.eu\/fr\/\",\"name\":\"Interreg Sudoe\",\"description\":\"Interreg Sudoe\",\"publisher\":{\"@id\":\"https:\/\/interreg-sudoe.eu\/fr\/#organization\"},\"alternateName\":\"Interreg Sudoe\",\"potentialAction\":[{\"@type\":\"SearchAction\",\"target\":{\"@type\":\"EntryPoint\",\"urlTemplate\":\"https:\/\/interreg-sudoe.eu\/fr\/?s={search_term_string}\"},\"query-input\":{\"@type\":\"PropertyValueSpecification\",\"valueRequired\":true,\"valueName\":\"search_term_string\"}}],\"inLanguage\":\"fr-FR\"},{\"@type\":\"Organization\",\"@id\":\"https:\/\/interreg-sudoe.eu\/fr\/#organization\",\"name\":\"Interreg Sudoe\",\"alternateName\":\"Interreg Sudoe\",\"url\":\"https:\/\/interreg-sudoe.eu\/fr\/\",\"logo\":{\"@type\":\"ImageObject\",\"inLanguage\":\"fr-FR\",\"@id\":\"https:\/\/interreg-sudoe.eu\/fr\/#\/schema\/logo\/image\/\",\"url\":\"https:\/\/interreg-sudoe.eu\/wp-content\/uploads\/2024\/03\/logo-interreg.png\",\"contentUrl\":\"https:\/\/interreg-sudoe.eu\/wp-content\/uploads\/2024\/03\/logo-interreg.png\",\"width\":1200,\"height\":675,\"caption\":\"Interreg Sudoe\"},\"image\":{\"@id\":\"https:\/\/interreg-sudoe.eu\/fr\/#\/schema\/logo\/image\/\"},\"sameAs\":[\"https:\/\/www.facebook.com\/interregsudoe\",\"https:\/\/x.com\/Sudoe5\",\"https:\/\/www.youtube.com\/channel\/UCeGx2edoB32beRc9dbKA2vw\",\"https:\/\/www.linkedin.com\/company\/interreg-sudoe-programme\/\",\"https:\/\/www.flickr.com\/photos\/148704685@N06\/\"]}]}<\/script>\n<!-- \/ Yoast SEO plugin. -->","yoast_head_json":{"title":"Quelle est l\u2019aire g\u00e9ographique du Sudoe? - Interreg Sudoe","robots":{"index":"index","follow":"follow","max-snippet":"max-snippet:-1","max-image-preview":"max-image-preview:large","max-video-preview":"max-video-preview:-1"},"canonical":"https:\/\/interreg-sudoe.eu\/fr\/acerca-de-interreg-sudoe\/cual-es-el-territorio-elegible\/","og_locale":"fr_FR","og_type":"article","og_title":"Quelle est l\u2019aire g\u00e9ographique du Sudoe? - Interreg Sudoe","og_description":"Territoire \u00e9legible Quelle est l\u2019aire g\u00e9ographique du Sudoe? L\u2019aire g\u00e9ographique du Sudoe comprend 26 r\u00e9gions et villes autonomes (NUTS II) provenant de 4 Etats : 3 Etats membres de l\u2019Union europ\u00e9enne et 1 pays tiers. Cet espace g\u00e9ographique repr\u00e9sente pr\u00e8s de 18,3 % du territoire de l\u2019UE et plus de 68,2 millions de personnes peuvent [&hellip;]","og_url":"https:\/\/interreg-sudoe.eu\/fr\/acerca-de-interreg-sudoe\/cual-es-el-territorio-elegible\/","og_site_name":"Interreg Sudoe","article_publisher":"https:\/\/www.facebook.com\/interregsudoe","article_modified_time":"2024-03-21T09:34:01+00:00","og_image":[{"url":"https:\/\/interreg-sudoe.eu\/wp-content\/uploads\/2023\/12\/mapa_territorios_elegibles_recortada-295x300.png","type":"","width":"","height":""}],"twitter_card":"summary_large_image","twitter_site":"@Sudoe5","twitter_misc":{"Dur\u00e9e de lecture estim\u00e9e":"2 minutes"},"schema":{"@context":"https:\/\/schema.org","@graph":[{"@type":"WebPage","@id":"https:\/\/interreg-sudoe.eu\/fr\/acerca-de-interreg-sudoe\/cual-es-el-territorio-elegible\/","url":"https:\/\/interreg-sudoe.eu\/fr\/acerca-de-interreg-sudoe\/cual-es-el-territorio-elegible\/","name":"Quelle est l\u2019aire g\u00e9ographique du Sudoe? - Interreg Sudoe","isPartOf":{"@id":"https:\/\/interreg-sudoe.eu\/fr\/#website"},"primaryImageOfPage":{"@id":"https:\/\/interreg-sudoe.eu\/fr\/acerca-de-interreg-sudoe\/cual-es-el-territorio-elegible\/#primaryimage"},"image":{"@id":"https:\/\/interreg-sudoe.eu\/fr\/acerca-de-interreg-sudoe\/cual-es-el-territorio-elegible\/#primaryimage"},"thumbnailUrl":"https:\/\/interreg-sudoe.eu\/wp-content\/uploads\/2023\/12\/mapa_territorios_elegibles_recortada-295x300.png","datePublished":"2023-12-20T11:48:08+00:00","dateModified":"2024-03-21T09:34:01+00:00","breadcrumb":{"@id":"https:\/\/interreg-sudoe.eu\/fr\/acerca-de-interreg-sudoe\/cual-es-el-territorio-elegible\/#breadcrumb"},"inLanguage":"fr-FR","potentialAction":[{"@type":"ReadAction","target":["https:\/\/interreg-sudoe.eu\/fr\/acerca-de-interreg-sudoe\/cual-es-el-territorio-elegible\/"]}]},{"@type":"ImageObject","inLanguage":"fr-FR","@id":"https:\/\/interreg-sudoe.eu\/fr\/acerca-de-interreg-sudoe\/cual-es-el-territorio-elegible\/#primaryimage","url":"https:\/\/interreg-sudoe.eu\/wp-content\/uploads\/2023\/12\/mapa_territorios_elegibles_recortada-295x300.png","contentUrl":"https:\/\/interreg-sudoe.eu\/wp-content\/uploads\/2023\/12\/mapa_territorios_elegibles_recortada-295x300.png"},{"@type":"BreadcrumbList","@id":"https:\/\/interreg-sudoe.eu\/fr\/acerca-de-interreg-sudoe\/cual-es-el-territorio-elegible\/#breadcrumb","itemListElement":[{"@type":"ListItem","position":1,"name":"Home","item":"https:\/\/interreg-sudoe.eu\/fr\/"},{"@type":"ListItem","position":2,"name":"Qu&#8217;est-ce qu&#8217;Interreg ?","item":"https:\/\/interreg-sudoe.eu\/fr\/acerca-de-interreg-sudoe\/"},{"@type":"ListItem","position":3,"name":"Quelle est l\u2019aire g\u00e9ographique du Sudoe?"}]},{"@type":"WebSite","@id":"https:\/\/interreg-sudoe.eu\/fr\/#website","url":"https:\/\/interreg-sudoe.eu\/fr\/","name":"Interreg Sudoe","description":"Interreg Sudoe","publisher":{"@id":"https:\/\/interreg-sudoe.eu\/fr\/#organization"},"alternateName":"Interreg Sudoe","potentialAction":[{"@type":"SearchAction","target":{"@type":"EntryPoint","urlTemplate":"https:\/\/interreg-sudoe.eu\/fr\/?s={search_term_string}"},"query-input":{"@type":"PropertyValueSpecification","valueRequired":true,"valueName":"search_term_string"}}],"inLanguage":"fr-FR"},{"@type":"Organization","@id":"https:\/\/interreg-sudoe.eu\/fr\/#organization","name":"Interreg Sudoe","alternateName":"Interreg Sudoe","url":"https:\/\/interreg-sudoe.eu\/fr\/","logo":{"@type":"ImageObject","inLanguage":"fr-FR","@id":"https:\/\/interreg-sudoe.eu\/fr\/#\/schema\/logo\/image\/","url":"https:\/\/interreg-sudoe.eu\/wp-content\/uploads\/2024\/03\/logo-interreg.png","contentUrl":"https:\/\/interreg-sudoe.eu\/wp-content\/uploads\/2024\/03\/logo-interreg.png","width":1200,"height":675,"caption":"Interreg Sudoe"},"image":{"@id":"https:\/\/interreg-sudoe.eu\/fr\/#\/schema\/logo\/image\/"},"sameAs":["https:\/\/www.facebook.com\/interregsudoe","https:\/\/x.com\/Sudoe5","https:\/\/www.youtube.com\/channel\/UCeGx2edoB32beRc9dbKA2vw","https:\/\/www.linkedin.com\/company\/interreg-sudoe-programme\/","https:\/\/www.flickr.com\/photos\/148704685@N06\/"]}]}},"_links":{"self":[{"href":"https:\/\/interreg-sudoe.eu\/fr\/wp-json\/wp\/v2\/pages\/20524","targetHints":{"allow":["GET"]}}],"collection":[{"href":"https:\/\/interreg-sudoe.eu\/fr\/wp-json\/wp\/v2\/pages"}],"about":[{"href":"https:\/\/interreg-sudoe.eu\/fr\/wp-json\/wp\/v2\/types\/page"}],"author":[{"embeddable":true,"href":"https:\/\/interreg-sudoe.eu\/fr\/wp-json\/wp\/v2\/users\/1"}],"replies":[{"embeddable":true,"href":"https:\/\/interreg-sudoe.eu\/fr\/wp-json\/wp\/v2\/comments?post=20524"}],"version-history":[{"count":0,"href":"https:\/\/interreg-sudoe.eu\/fr\/wp-json\/wp\/v2\/pages\/20524\/revisions"}],"up":[{"embeddable":true,"href":"https:\/\/interreg-sudoe.eu\/fr\/wp-json\/wp\/v2\/pages\/18561"}],"wp:attachment":[{"href":"https:\/\/interreg-sudoe.eu\/fr\/wp-json\/wp\/v2\/media?parent=20524"}],"curies":[{"name":"wp","href":"https:\/\/api.w.org\/{rel}","templated":true}]}}