{"id":23445,"date":"2024-02-26T13:00:58","date_gmt":"2024-02-26T12:00:58","guid":{"rendered":"https:\/\/interreg-sudoe.eu\/acerca-de-interreg-sudoe\/quels-sont-les-themes-de-cooperation\/prioridad-2\/"},"modified":"2024-03-27T16:06:29","modified_gmt":"2024-03-27T15:06:29","slug":"prioridad-2","status":"publish","type":"page","link":"https:\/\/interreg-sudoe.eu\/fr\/acerca-de-interreg-sudoe\/quels-sont-les-themes-de-cooperation\/prioridad-2\/","title":{"rendered":"Priorit\u00e9 2"},"content":{"rendered":"\t\t<div data-elementor-type=\"wp-page\" data-elementor-id=\"23445\" class=\"elementor elementor-23445 elementor-17810\" data-elementor-post-type=\"page\">\n\t\t\t\t<div class=\"elementor-element elementor-element-12e502e e-flex e-con-boxed e-con e-parent\" data-id=\"12e502e\" data-element_type=\"container\" data-e-type=\"container\" data-settings=\"{&quot;jet_parallax_layout_list&quot;:[]}\">\n\t\t\t\t\t<div class=\"e-con-inner\">\n\t\t<div class=\"elementor-element elementor-element-3c04ffd e-con-full e-flex e-con e-child\" data-id=\"3c04ffd\" data-element_type=\"container\" data-e-type=\"container\" data-settings=\"{&quot;jet_parallax_layout_list&quot;:[]}\">\n\t\t\t\t<div class=\"elementor-element elementor-element-402c60d elementor-widget elementor-widget-heading\" data-id=\"402c60d\" data-element_type=\"widget\" data-e-type=\"widget\" data-widget_type=\"heading.default\">\n\t\t\t\t\t<h1 class=\"elementor-heading-title elementor-size-default\">Priorit\u00e9 2 - Promouvoir la coh\u00e9sion sociale et l\u2019\u00e9quilibre territorial et d\u00e9mographique du SUDOE \u00e0 travers l\u2019innovation et la transformation des secteurs productifs<\/h1>\t\t\t\t<\/div>\n\t\t\t\t<\/div>\n\t\t<div class=\"elementor-element elementor-element-a8dd49a e-con-full e-flex e-con e-child\" data-id=\"a8dd49a\" data-element_type=\"container\" data-e-type=\"container\" data-settings=\"{&quot;jet_parallax_layout_list&quot;:[]}\">\n\t\t\t\t<div class=\"elementor-element elementor-element-25929f9 elementor-widget elementor-widget-image\" data-id=\"25929f9\" data-element_type=\"widget\" data-e-type=\"widget\" data-widget_type=\"image.default\">\n\t\t\t\t\t\t\t\t\t\t\t\t\t\t\t<img decoding=\"async\" width=\"150\" height=\"150\" src=\"https:\/\/interreg-sudoe.eu\/wp-content\/uploads\/2024\/02\/InterregSudoe_Icons-02-150x150.png\" class=\"attachment-thumbnail size-thumbnail wp-image-18064\" alt=\"\" srcset=\"https:\/\/interreg-sudoe.eu\/wp-content\/uploads\/2024\/02\/InterregSudoe_Icons-02-150x150.png 150w, https:\/\/interreg-sudoe.eu\/wp-content\/uploads\/2024\/02\/InterregSudoe_Icons-02-300x300.png 300w, https:\/\/interreg-sudoe.eu\/wp-content\/uploads\/2024\/02\/InterregSudoe_Icons-02-1024x1024.png 1024w, https:\/\/interreg-sudoe.eu\/wp-content\/uploads\/2024\/02\/InterregSudoe_Icons-02-768x768.png 768w, https:\/\/interreg-sudoe.eu\/wp-content\/uploads\/2024\/02\/InterregSudoe_Icons-02-1536x1536.png 1536w, https:\/\/interreg-sudoe.eu\/wp-content\/uploads\/2024\/02\/InterregSudoe_Icons-02-2048x2048.png 2048w\" sizes=\"(max-width: 150px) 100vw, 150px\" \/>\t\t\t\t\t\t\t\t\t\t\t\t\t\t\t<\/div>\n\t\t\t\t<\/div>\n\t\t\t\t\t<\/div>\n\t\t\t\t<\/div>\n\t\t<div class=\"elementor-element elementor-element-a343901 e-flex e-con-boxed e-con e-parent\" data-id=\"a343901\" data-element_type=\"container\" data-e-type=\"container\" data-settings=\"{&quot;jet_parallax_layout_list&quot;:[]}\">\n\t\t\t\t\t<div class=\"e-con-inner\">\n\t\t\t\t<div class=\"elementor-element elementor-element-ef55ae2 elementor-widget elementor-widget-n-accordion\" data-id=\"ef55ae2\" data-element_type=\"widget\" data-e-type=\"widget\" data-settings=\"{&quot;default_state&quot;:&quot;all_collapsed&quot;,&quot;max_items_expended&quot;:&quot;one&quot;,&quot;n_accordion_animation_duration&quot;:{&quot;unit&quot;:&quot;ms&quot;,&quot;size&quot;:400,&quot;sizes&quot;:[]}}\" data-widget_type=\"nested-accordion.default\">\n\t\t\t\t\t\t\t<div class=\"e-n-accordion\" aria-label=\"Accordion. Open links with Enter or Space, close with Escape, and navigate with Arrow Keys\">\n\t\t\t\t\t\t<details id=\"e-n-accordion-item-2500\" class=\"e-n-accordion-item\" >\n\t\t\t\t<summary class=\"e-n-accordion-item-title\" data-accordion-index=\"1\" tabindex=\"0\" aria-expanded=\"false\" aria-controls=\"e-n-accordion-item-2500\" >\n\t\t\t\t\t<span class='e-n-accordion-item-title-header'><div class=\"e-n-accordion-item-title-text\"> Objectif sp\u00e9cifique RSO.1.1. D\u00e9velopper et am\u00e9liorer les capacit\u00e9s de recherche et d'innovation et assimiler les technologies avanc\u00e9es. <\/div><\/span>\n\t\t\t\t\t\t\t<span class='e-n-accordion-item-title-icon'>\n\t\t\t<span class='e-opened' ><svg aria-hidden=\"true\" class=\"e-font-icon-svg e-fas-minus\" viewBox=\"0 0 448 512\" xmlns=\"http:\/\/www.w3.org\/2000\/svg\"><path d=\"M416 208H32c-17.67 0-32 14.33-32 32v32c0 17.67 14.33 32 32 32h384c17.67 0 32-14.33 32-32v-32c0-17.67-14.33-32-32-32z\"><\/path><\/svg><\/span>\n\t\t\t<span class='e-closed'><svg aria-hidden=\"true\" class=\"e-font-icon-svg e-fas-plus\" viewBox=\"0 0 448 512\" xmlns=\"http:\/\/www.w3.org\/2000\/svg\"><path d=\"M416 208H272V64c0-17.67-14.33-32-32-32h-32c-17.67 0-32 14.33-32 32v144H32c-17.67 0-32 14.33-32 32v32c0 17.67 14.33 32 32 32h144v144c0 17.67 14.33 32 32 32h32c17.67 0 32-14.33 32-32V304h144c17.67 0 32-14.33 32-32v-32c0-17.67-14.33-32-32-32z\"><\/path><\/svg><\/span>\n\t\t<\/span>\n\n\t\t\t\t\t\t<\/summary>\n\t\t\t\t<div role=\"region\" aria-labelledby=\"e-n-accordion-item-2500\" class=\"elementor-element elementor-element-02d4a76 e-con-full e-flex e-con e-child\" data-id=\"02d4a76\" data-element_type=\"container\" data-e-type=\"container\" data-settings=\"{&quot;jet_parallax_layout_list&quot;:[]}\">\n\t\t\t\t<div class=\"elementor-element elementor-element-973d5af elementor-widget elementor-widget-text-editor\" data-id=\"973d5af\" data-element_type=\"widget\" data-e-type=\"widget\" data-widget_type=\"text-editor.default\">\n\t\t\t\t\t\t\t\t\t<p style=\"text-align: justify;\"><span style=\"color: #33cccc;\"><strong>Objectif sp\u00e9cifique RSO.1.1. D\u00e9velopper et am\u00e9liorer les capacit\u00e9s de recherche et d&rsquo;innovation et assimiler les technologies avanc\u00e9es.<\/strong><\/span><span style=\"color: #33cccc;\"><strong> <\/strong><\/span><\/p>\n\t\t\t\t\t\t\t\t<\/div>\n\t\t\t\t<div class=\"elementor-element elementor-element-b64fe47 elementor-align-center elementor-widget elementor-widget-button\" data-id=\"b64fe47\" data-element_type=\"widget\" data-e-type=\"widget\" data-widget_type=\"button.default\">\n\t\t\t\t\t\t\t\t\t\t<a class=\"elementor-button elementor-button-link elementor-size-sm\" href=\"\/wp-content\/uploads\/2024\/03\/P2_OS11_FR.pdf\">\n\t\t\t\t\t\t<span class=\"elementor-button-content-wrapper\">\n\t\t\t\t\t\t\t\t\t<span class=\"elementor-button-text\">Pour en savoir plus :<\/span>\n\t\t\t\t\t<\/span>\n\t\t\t\t\t<\/a>\n\t\t\t\t\t\t\t\t<\/div>\n\t\t\t\t<\/div>\n\t\t\t\t\t<\/details>\n\t\t\t\t\t\t<details id=\"e-n-accordion-item-2501\" class=\"e-n-accordion-item\" >\n\t\t\t\t<summary class=\"e-n-accordion-item-title\" data-accordion-index=\"2\" tabindex=\"-1\" aria-expanded=\"false\" aria-controls=\"e-n-accordion-item-2501\" >\n\t\t\t\t\t<span class='e-n-accordion-item-title-header'><div class=\"e-n-accordion-item-title-text\"> Objectif sp\u00e9cifique RSO.1.4. D\u00e9velopper des capacit\u00e9s pour la sp\u00e9cialisation intelligente, la transition industrielle et l'entrepreneuriat. <\/div><\/span>\n\t\t\t\t\t\t\t<span class='e-n-accordion-item-title-icon'>\n\t\t\t<span class='e-opened' ><svg aria-hidden=\"true\" class=\"e-font-icon-svg e-fas-minus\" viewBox=\"0 0 448 512\" xmlns=\"http:\/\/www.w3.org\/2000\/svg\"><path d=\"M416 208H32c-17.67 0-32 14.33-32 32v32c0 17.67 14.33 32 32 32h384c17.67 0 32-14.33 32-32v-32c0-17.67-14.33-32-32-32z\"><\/path><\/svg><\/span>\n\t\t\t<span class='e-closed'><svg aria-hidden=\"true\" class=\"e-font-icon-svg e-fas-plus\" viewBox=\"0 0 448 512\" xmlns=\"http:\/\/www.w3.org\/2000\/svg\"><path d=\"M416 208H272V64c0-17.67-14.33-32-32-32h-32c-17.67 0-32 14.33-32 32v144H32c-17.67 0-32 14.33-32 32v32c0 17.67 14.33 32 32 32h144v144c0 17.67 14.33 32 32 32h32c17.67 0 32-14.33 32-32V304h144c17.67 0 32-14.33 32-32v-32c0-17.67-14.33-32-32-32z\"><\/path><\/svg><\/span>\n\t\t<\/span>\n\n\t\t\t\t\t\t<\/summary>\n\t\t\t\t<div role=\"region\" aria-labelledby=\"e-n-accordion-item-2501\" class=\"elementor-element elementor-element-d3d2c68 e-con-full e-flex e-con e-child\" data-id=\"d3d2c68\" data-element_type=\"container\" data-e-type=\"container\" data-settings=\"{&quot;jet_parallax_layout_list&quot;:[]}\">\n\t\t\t\t<div class=\"elementor-element elementor-element-2ae27cd elementor-widget elementor-widget-text-editor\" data-id=\"2ae27cd\" data-element_type=\"widget\" data-e-type=\"widget\" data-widget_type=\"text-editor.default\">\n\t\t\t\t\t\t\t\t\t<p style=\"text-align: justify;\"><span style=\"color: #33cccc;\"><strong>Objectif sp\u00e9cifique RSO.1.4. D\u00e9velopper des capacit\u00e9s pour la sp\u00e9cialisation intelligente, la transition industrielle et l&rsquo;entrepreneuriat.<\/strong><\/span><\/p>\n<p style=\"text-align: justify;\">\n\t\t\t\t\t\t\t\t<\/div>\n\t\t\t\t<div class=\"elementor-element elementor-element-ef72404 elementor-align-center elementor-widget elementor-widget-button\" data-id=\"ef72404\" data-element_type=\"widget\" data-e-type=\"widget\" data-widget_type=\"button.default\">\n\t\t\t\t\t\t\t\t\t\t<a class=\"elementor-button elementor-button-link elementor-size-sm\" href=\"https:\/\/interreg-sudoe.eu\/wp-content\/uploads\/2024\/03\/P2_OS14_FR-1.pdf\" target=\"_blank\">\n\t\t\t\t\t\t<span class=\"elementor-button-content-wrapper\">\n\t\t\t\t\t\t\t\t\t<span class=\"elementor-button-text\">Pour en savoir plus :<\/span>\n\t\t\t\t\t<\/span>\n\t\t\t\t\t<\/a>\n\t\t\t\t\t\t\t\t<\/div>\n\t\t\t\t<\/div>\n\t\t\t\t\t<\/details>\n\t\t\t\t\t<\/div>\n\t\t\t\t\t\t<\/div>\n\t\t\t\t\t<\/div>\n\t\t\t\t<\/div>\n\t\t\t\t<\/div>\n\t\t","protected":false},"excerpt":{"rendered":"<p>Priorit\u00e9 2 &#8211; Promouvoir la coh\u00e9sion sociale et l\u2019\u00e9quilibre territorial et d\u00e9mographique du SUDOE \u00e0 travers l\u2019innovation et la transformation des secteurs productifs Objectif sp\u00e9cifique RSO.1.1. D\u00e9velopper et am\u00e9liorer les capacit\u00e9s de recherche et d&rsquo;innovation et assimiler les technologies avanc\u00e9es. Objectif sp\u00e9cifique RSO.1.1. D\u00e9velopper et am\u00e9liorer les capacit\u00e9s de recherche et d&#8217;innovation et assimiler les [&hellip;]<\/p>\n","protected":false},"author":1,"featured_media":0,"parent":19499,"menu_order":0,"comment_status":"closed","ping_status":"closed","template":"elementor_header_footer","meta":{"_acf_changed":false,"content-type":"","_monsterinsights_skip_tracking":false,"_monsterinsights_sitenote_active":false,"_monsterinsights_sitenote_note":"","_monsterinsights_sitenote_category":0,"footnotes":""},"class_list":["post-23445","page","type-page","status-publish","hentry"],"acf":[],"yoast_head":"<!-- This site is optimized with the Yoast SEO plugin v27.2 - https:\/\/yoast.com\/product\/yoast-seo-wordpress\/ -->\n<title>Priorit\u00e9 2 - Interreg Sudoe<\/title>\n<meta name=\"robots\" content=\"index, follow, max-snippet:-1, max-image-preview:large, max-video-preview:-1\" \/>\n<link rel=\"canonical\" href=\"https:\/\/interreg-sudoe.eu\/fr\/acerca-de-interreg-sudoe\/quels-sont-les-themes-de-cooperation\/prioridad-2\/\" \/>\n<meta property=\"og:locale\" content=\"fr_FR\" \/>\n<meta property=\"og:type\" content=\"article\" \/>\n<meta property=\"og:title\" content=\"Priorit\u00e9 2 - Interreg Sudoe\" \/>\n<meta property=\"og:description\" content=\"Priorit\u00e9 2 &#8211; Promouvoir la coh\u00e9sion sociale et l\u2019\u00e9quilibre territorial et d\u00e9mographique du SUDOE \u00e0 travers l\u2019innovation et la transformation des secteurs productifs Objectif sp\u00e9cifique RSO.1.1. D\u00e9velopper et am\u00e9liorer les capacit\u00e9s de recherche et d&rsquo;innovation et assimiler les technologies avanc\u00e9es. Objectif sp\u00e9cifique RSO.1.1. D\u00e9velopper et am\u00e9liorer les capacit\u00e9s de recherche et d&#8217;innovation et assimiler les [&hellip;]\" \/>\n<meta property=\"og:url\" content=\"https:\/\/interreg-sudoe.eu\/fr\/acerca-de-interreg-sudoe\/quels-sont-les-themes-de-cooperation\/prioridad-2\/\" \/>\n<meta property=\"og:site_name\" content=\"Interreg Sudoe\" \/>\n<meta property=\"article:publisher\" content=\"https:\/\/www.facebook.com\/interregsudoe\" \/>\n<meta property=\"article:modified_time\" content=\"2024-03-27T15:06:29+00:00\" \/>\n<meta property=\"og:image\" content=\"https:\/\/interreg-sudoe.eu\/wp-content\/uploads\/2024\/02\/InterregSudoe_Icons-02-150x150.png\" \/>\n<meta name=\"twitter:card\" content=\"summary_large_image\" \/>\n<meta name=\"twitter:site\" content=\"@Sudoe5\" \/>\n<meta name=\"twitter:label1\" content=\"Dur\u00e9e de lecture estim\u00e9e\" \/>\n\t<meta name=\"twitter:data1\" content=\"1 minute\" \/>\n<script type=\"application\/ld+json\" class=\"yoast-schema-graph\">{\"@context\":\"https:\/\/schema.org\",\"@graph\":[{\"@type\":\"WebPage\",\"@id\":\"https:\/\/interreg-sudoe.eu\/fr\/acerca-de-interreg-sudoe\/quels-sont-les-themes-de-cooperation\/prioridad-2\/\",\"url\":\"https:\/\/interreg-sudoe.eu\/fr\/acerca-de-interreg-sudoe\/quels-sont-les-themes-de-cooperation\/prioridad-2\/\",\"name\":\"Priorit\u00e9 2 - Interreg Sudoe\",\"isPartOf\":{\"@id\":\"https:\/\/interreg-sudoe.eu\/fr\/#website\"},\"primaryImageOfPage\":{\"@id\":\"https:\/\/interreg-sudoe.eu\/fr\/acerca-de-interreg-sudoe\/quels-sont-les-themes-de-cooperation\/prioridad-2\/#primaryimage\"},\"image\":{\"@id\":\"https:\/\/interreg-sudoe.eu\/fr\/acerca-de-interreg-sudoe\/quels-sont-les-themes-de-cooperation\/prioridad-2\/#primaryimage\"},\"thumbnailUrl\":\"https:\/\/interreg-sudoe.eu\/wp-content\/uploads\/2024\/02\/InterregSudoe_Icons-02-150x150.png\",\"datePublished\":\"2024-02-26T12:00:58+00:00\",\"dateModified\":\"2024-03-27T15:06:29+00:00\",\"breadcrumb\":{\"@id\":\"https:\/\/interreg-sudoe.eu\/fr\/acerca-de-interreg-sudoe\/quels-sont-les-themes-de-cooperation\/prioridad-2\/#breadcrumb\"},\"inLanguage\":\"fr-FR\",\"potentialAction\":[{\"@type\":\"ReadAction\",\"target\":[\"https:\/\/interreg-sudoe.eu\/fr\/acerca-de-interreg-sudoe\/quels-sont-les-themes-de-cooperation\/prioridad-2\/\"]}]},{\"@type\":\"ImageObject\",\"inLanguage\":\"fr-FR\",\"@id\":\"https:\/\/interreg-sudoe.eu\/fr\/acerca-de-interreg-sudoe\/quels-sont-les-themes-de-cooperation\/prioridad-2\/#primaryimage\",\"url\":\"https:\/\/interreg-sudoe.eu\/wp-content\/uploads\/2024\/02\/InterregSudoe_Icons-02-150x150.png\",\"contentUrl\":\"https:\/\/interreg-sudoe.eu\/wp-content\/uploads\/2024\/02\/InterregSudoe_Icons-02-150x150.png\"},{\"@type\":\"BreadcrumbList\",\"@id\":\"https:\/\/interreg-sudoe.eu\/fr\/acerca-de-interreg-sudoe\/quels-sont-les-themes-de-cooperation\/prioridad-2\/#breadcrumb\",\"itemListElement\":[{\"@type\":\"ListItem\",\"position\":1,\"name\":\"Home\",\"item\":\"https:\/\/interreg-sudoe.eu\/fr\/\"},{\"@type\":\"ListItem\",\"position\":2,\"name\":\"Qu&#8217;est-ce qu&#8217;Interreg ?\",\"item\":\"https:\/\/interreg-sudoe.eu\/fr\/acerca-de-interreg-sudoe\/\"},{\"@type\":\"ListItem\",\"position\":3,\"name\":\"Quels sont les th\u00e8mes de coop\u00e9ration ?\",\"item\":\"https:\/\/interreg-sudoe.eu\/fr\/acerca-de-interreg-sudoe\/cuales-son-las-tematicas-de-cooperacion\/\"},{\"@type\":\"ListItem\",\"position\":4,\"name\":\"Priorit\u00e9 2\"}]},{\"@type\":\"WebSite\",\"@id\":\"https:\/\/interreg-sudoe.eu\/fr\/#website\",\"url\":\"https:\/\/interreg-sudoe.eu\/fr\/\",\"name\":\"Interreg Sudoe\",\"description\":\"Interreg Sudoe\",\"publisher\":{\"@id\":\"https:\/\/interreg-sudoe.eu\/fr\/#organization\"},\"alternateName\":\"Interreg Sudoe\",\"potentialAction\":[{\"@type\":\"SearchAction\",\"target\":{\"@type\":\"EntryPoint\",\"urlTemplate\":\"https:\/\/interreg-sudoe.eu\/fr\/?s={search_term_string}\"},\"query-input\":{\"@type\":\"PropertyValueSpecification\",\"valueRequired\":true,\"valueName\":\"search_term_string\"}}],\"inLanguage\":\"fr-FR\"},{\"@type\":\"Organization\",\"@id\":\"https:\/\/interreg-sudoe.eu\/fr\/#organization\",\"name\":\"Interreg Sudoe\",\"alternateName\":\"Interreg Sudoe\",\"url\":\"https:\/\/interreg-sudoe.eu\/fr\/\",\"logo\":{\"@type\":\"ImageObject\",\"inLanguage\":\"fr-FR\",\"@id\":\"https:\/\/interreg-sudoe.eu\/fr\/#\/schema\/logo\/image\/\",\"url\":\"https:\/\/interreg-sudoe.eu\/wp-content\/uploads\/2024\/03\/logo-interreg.png\",\"contentUrl\":\"https:\/\/interreg-sudoe.eu\/wp-content\/uploads\/2024\/03\/logo-interreg.png\",\"width\":1200,\"height\":675,\"caption\":\"Interreg Sudoe\"},\"image\":{\"@id\":\"https:\/\/interreg-sudoe.eu\/fr\/#\/schema\/logo\/image\/\"},\"sameAs\":[\"https:\/\/www.facebook.com\/interregsudoe\",\"https:\/\/x.com\/Sudoe5\",\"https:\/\/www.youtube.com\/channel\/UCeGx2edoB32beRc9dbKA2vw\",\"https:\/\/www.linkedin.com\/company\/interreg-sudoe-programme\/\",\"https:\/\/www.flickr.com\/photos\/148704685@N06\/\"]}]}<\/script>\n<!-- \/ Yoast SEO plugin. -->","yoast_head_json":{"title":"Priorit\u00e9 2 - Interreg Sudoe","robots":{"index":"index","follow":"follow","max-snippet":"max-snippet:-1","max-image-preview":"max-image-preview:large","max-video-preview":"max-video-preview:-1"},"canonical":"https:\/\/interreg-sudoe.eu\/fr\/acerca-de-interreg-sudoe\/quels-sont-les-themes-de-cooperation\/prioridad-2\/","og_locale":"fr_FR","og_type":"article","og_title":"Priorit\u00e9 2 - Interreg Sudoe","og_description":"Priorit\u00e9 2 &#8211; Promouvoir la coh\u00e9sion sociale et l\u2019\u00e9quilibre territorial et d\u00e9mographique du SUDOE \u00e0 travers l\u2019innovation et la transformation des secteurs productifs Objectif sp\u00e9cifique RSO.1.1. D\u00e9velopper et am\u00e9liorer les capacit\u00e9s de recherche et d&rsquo;innovation et assimiler les technologies avanc\u00e9es. Objectif sp\u00e9cifique RSO.1.1. D\u00e9velopper et am\u00e9liorer les capacit\u00e9s de recherche et d&#8217;innovation et assimiler les [&hellip;]","og_url":"https:\/\/interreg-sudoe.eu\/fr\/acerca-de-interreg-sudoe\/quels-sont-les-themes-de-cooperation\/prioridad-2\/","og_site_name":"Interreg Sudoe","article_publisher":"https:\/\/www.facebook.com\/interregsudoe","article_modified_time":"2024-03-27T15:06:29+00:00","og_image":[{"url":"https:\/\/interreg-sudoe.eu\/wp-content\/uploads\/2024\/02\/InterregSudoe_Icons-02-150x150.png","type":"","width":"","height":""}],"twitter_card":"summary_large_image","twitter_site":"@Sudoe5","twitter_misc":{"Dur\u00e9e de lecture estim\u00e9e":"1 minute"},"schema":{"@context":"https:\/\/schema.org","@graph":[{"@type":"WebPage","@id":"https:\/\/interreg-sudoe.eu\/fr\/acerca-de-interreg-sudoe\/quels-sont-les-themes-de-cooperation\/prioridad-2\/","url":"https:\/\/interreg-sudoe.eu\/fr\/acerca-de-interreg-sudoe\/quels-sont-les-themes-de-cooperation\/prioridad-2\/","name":"Priorit\u00e9 2 - Interreg Sudoe","isPartOf":{"@id":"https:\/\/interreg-sudoe.eu\/fr\/#website"},"primaryImageOfPage":{"@id":"https:\/\/interreg-sudoe.eu\/fr\/acerca-de-interreg-sudoe\/quels-sont-les-themes-de-cooperation\/prioridad-2\/#primaryimage"},"image":{"@id":"https:\/\/interreg-sudoe.eu\/fr\/acerca-de-interreg-sudoe\/quels-sont-les-themes-de-cooperation\/prioridad-2\/#primaryimage"},"thumbnailUrl":"https:\/\/interreg-sudoe.eu\/wp-content\/uploads\/2024\/02\/InterregSudoe_Icons-02-150x150.png","datePublished":"2024-02-26T12:00:58+00:00","dateModified":"2024-03-27T15:06:29+00:00","breadcrumb":{"@id":"https:\/\/interreg-sudoe.eu\/fr\/acerca-de-interreg-sudoe\/quels-sont-les-themes-de-cooperation\/prioridad-2\/#breadcrumb"},"inLanguage":"fr-FR","potentialAction":[{"@type":"ReadAction","target":["https:\/\/interreg-sudoe.eu\/fr\/acerca-de-interreg-sudoe\/quels-sont-les-themes-de-cooperation\/prioridad-2\/"]}]},{"@type":"ImageObject","inLanguage":"fr-FR","@id":"https:\/\/interreg-sudoe.eu\/fr\/acerca-de-interreg-sudoe\/quels-sont-les-themes-de-cooperation\/prioridad-2\/#primaryimage","url":"https:\/\/interreg-sudoe.eu\/wp-content\/uploads\/2024\/02\/InterregSudoe_Icons-02-150x150.png","contentUrl":"https:\/\/interreg-sudoe.eu\/wp-content\/uploads\/2024\/02\/InterregSudoe_Icons-02-150x150.png"},{"@type":"BreadcrumbList","@id":"https:\/\/interreg-sudoe.eu\/fr\/acerca-de-interreg-sudoe\/quels-sont-les-themes-de-cooperation\/prioridad-2\/#breadcrumb","itemListElement":[{"@type":"ListItem","position":1,"name":"Home","item":"https:\/\/interreg-sudoe.eu\/fr\/"},{"@type":"ListItem","position":2,"name":"Qu&#8217;est-ce qu&#8217;Interreg ?","item":"https:\/\/interreg-sudoe.eu\/fr\/acerca-de-interreg-sudoe\/"},{"@type":"ListItem","position":3,"name":"Quels sont les th\u00e8mes de coop\u00e9ration ?","item":"https:\/\/interreg-sudoe.eu\/fr\/acerca-de-interreg-sudoe\/cuales-son-las-tematicas-de-cooperacion\/"},{"@type":"ListItem","position":4,"name":"Priorit\u00e9 2"}]},{"@type":"WebSite","@id":"https:\/\/interreg-sudoe.eu\/fr\/#website","url":"https:\/\/interreg-sudoe.eu\/fr\/","name":"Interreg Sudoe","description":"Interreg Sudoe","publisher":{"@id":"https:\/\/interreg-sudoe.eu\/fr\/#organization"},"alternateName":"Interreg Sudoe","potentialAction":[{"@type":"SearchAction","target":{"@type":"EntryPoint","urlTemplate":"https:\/\/interreg-sudoe.eu\/fr\/?s={search_term_string}"},"query-input":{"@type":"PropertyValueSpecification","valueRequired":true,"valueName":"search_term_string"}}],"inLanguage":"fr-FR"},{"@type":"Organization","@id":"https:\/\/interreg-sudoe.eu\/fr\/#organization","name":"Interreg Sudoe","alternateName":"Interreg Sudoe","url":"https:\/\/interreg-sudoe.eu\/fr\/","logo":{"@type":"ImageObject","inLanguage":"fr-FR","@id":"https:\/\/interreg-sudoe.eu\/fr\/#\/schema\/logo\/image\/","url":"https:\/\/interreg-sudoe.eu\/wp-content\/uploads\/2024\/03\/logo-interreg.png","contentUrl":"https:\/\/interreg-sudoe.eu\/wp-content\/uploads\/2024\/03\/logo-interreg.png","width":1200,"height":675,"caption":"Interreg Sudoe"},"image":{"@id":"https:\/\/interreg-sudoe.eu\/fr\/#\/schema\/logo\/image\/"},"sameAs":["https:\/\/www.facebook.com\/interregsudoe","https:\/\/x.com\/Sudoe5","https:\/\/www.youtube.com\/channel\/UCeGx2edoB32beRc9dbKA2vw","https:\/\/www.linkedin.com\/company\/interreg-sudoe-programme\/","https:\/\/www.flickr.com\/photos\/148704685@N06\/"]}]}},"_links":{"self":[{"href":"https:\/\/interreg-sudoe.eu\/fr\/wp-json\/wp\/v2\/pages\/23445","targetHints":{"allow":["GET"]}}],"collection":[{"href":"https:\/\/interreg-sudoe.eu\/fr\/wp-json\/wp\/v2\/pages"}],"about":[{"href":"https:\/\/interreg-sudoe.eu\/fr\/wp-json\/wp\/v2\/types\/page"}],"author":[{"embeddable":true,"href":"https:\/\/interreg-sudoe.eu\/fr\/wp-json\/wp\/v2\/users\/1"}],"replies":[{"embeddable":true,"href":"https:\/\/interreg-sudoe.eu\/fr\/wp-json\/wp\/v2\/comments?post=23445"}],"version-history":[{"count":0,"href":"https:\/\/interreg-sudoe.eu\/fr\/wp-json\/wp\/v2\/pages\/23445\/revisions"}],"up":[{"embeddable":true,"href":"https:\/\/interreg-sudoe.eu\/fr\/wp-json\/wp\/v2\/pages\/19499"}],"wp:attachment":[{"href":"https:\/\/interreg-sudoe.eu\/fr\/wp-json\/wp\/v2\/media?parent=23445"}],"curies":[{"name":"wp","href":"https:\/\/api.w.org\/{rel}","templated":true}]}}