{"id":23454,"date":"2024-02-26T13:06:37","date_gmt":"2024-02-26T12:06:37","guid":{"rendered":"https:\/\/interreg-sudoe.eu\/acerca-de-interreg-sudoe\/quels-sont-les-themes-de-cooperation\/prioridad-3\/"},"modified":"2024-03-27T10:09:19","modified_gmt":"2024-03-27T09:09:19","slug":"prioridad-3","status":"publish","type":"page","link":"https:\/\/interreg-sudoe.eu\/fr\/acerca-de-interreg-sudoe\/quels-sont-les-themes-de-cooperation\/prioridad-3\/","title":{"rendered":"Priorit\u00e9 3"},"content":{"rendered":"\t\t<div data-elementor-type=\"wp-page\" data-elementor-id=\"23454\" class=\"elementor elementor-23454 elementor-17838\" data-elementor-post-type=\"page\">\n\t\t\t\t<div class=\"elementor-element elementor-element-ae590a1 e-flex e-con-boxed e-con e-parent\" data-id=\"ae590a1\" data-element_type=\"container\" data-e-type=\"container\" data-settings=\"{&quot;jet_parallax_layout_list&quot;:[]}\">\n\t\t\t\t\t<div class=\"e-con-inner\">\n\t\t<div class=\"elementor-element elementor-element-cd4caac e-con-full e-flex e-con e-child\" data-id=\"cd4caac\" data-element_type=\"container\" data-e-type=\"container\" data-settings=\"{&quot;jet_parallax_layout_list&quot;:[]}\">\n\t\t\t\t<div class=\"elementor-element elementor-element-1c733cf elementor-widget elementor-widget-heading\" data-id=\"1c733cf\" data-element_type=\"widget\" data-e-type=\"widget\" data-widget_type=\"heading.default\">\n\t\t\t\t\t<h1 class=\"elementor-heading-title elementor-size-default\">Priorit\u00e9 3 - Promouvoir la coh\u00e9sion sociale et l\u2019\u00e9quilibre territorial et d\u00e9mographique du SUDOE \u00e0 travers l'innovation sociale, la valorisation du patrimoine et les services<\/h1>\t\t\t\t<\/div>\n\t\t\t\t<\/div>\n\t\t<div class=\"elementor-element elementor-element-b3d5f8c e-con-full e-flex e-con e-child\" data-id=\"b3d5f8c\" data-element_type=\"container\" data-e-type=\"container\" data-settings=\"{&quot;jet_parallax_layout_list&quot;:[]}\">\n\t\t\t\t<div class=\"elementor-element elementor-element-ac81360 elementor-widget elementor-widget-image\" data-id=\"ac81360\" data-element_type=\"widget\" data-e-type=\"widget\" data-widget_type=\"image.default\">\n\t\t\t\t\t\t\t\t\t\t\t\t\t\t\t<img decoding=\"async\" width=\"150\" height=\"150\" src=\"https:\/\/interreg-sudoe.eu\/wp-content\/uploads\/2024\/02\/InterregSudoe_Icons-03-150x150.png\" class=\"attachment-thumbnail size-thumbnail wp-image-18065\" alt=\"\" srcset=\"https:\/\/interreg-sudoe.eu\/wp-content\/uploads\/2024\/02\/InterregSudoe_Icons-03-150x150.png 150w, https:\/\/interreg-sudoe.eu\/wp-content\/uploads\/2024\/02\/InterregSudoe_Icons-03-300x300.png 300w, https:\/\/interreg-sudoe.eu\/wp-content\/uploads\/2024\/02\/InterregSudoe_Icons-03-1024x1024.png 1024w, https:\/\/interreg-sudoe.eu\/wp-content\/uploads\/2024\/02\/InterregSudoe_Icons-03-768x768.png 768w, https:\/\/interreg-sudoe.eu\/wp-content\/uploads\/2024\/02\/InterregSudoe_Icons-03-1536x1536.png 1536w, https:\/\/interreg-sudoe.eu\/wp-content\/uploads\/2024\/02\/InterregSudoe_Icons-03-2048x2048.png 2048w\" sizes=\"(max-width: 150px) 100vw, 150px\" \/>\t\t\t\t\t\t\t\t\t\t\t\t\t\t\t<\/div>\n\t\t\t\t<\/div>\n\t\t\t\t\t<\/div>\n\t\t\t\t<\/div>\n\t\t<div class=\"elementor-element elementor-element-e48b6c9 e-flex e-con-boxed e-con e-parent\" data-id=\"e48b6c9\" data-element_type=\"container\" data-e-type=\"container\" data-settings=\"{&quot;jet_parallax_layout_list&quot;:[]}\">\n\t\t\t\t\t<div class=\"e-con-inner\">\n\t\t\t\t<div class=\"elementor-element elementor-element-c74341c elementor-widget elementor-widget-n-accordion\" data-id=\"c74341c\" data-element_type=\"widget\" data-e-type=\"widget\" data-settings=\"{&quot;default_state&quot;:&quot;all_collapsed&quot;,&quot;max_items_expended&quot;:&quot;one&quot;,&quot;n_accordion_animation_duration&quot;:{&quot;unit&quot;:&quot;ms&quot;,&quot;size&quot;:400,&quot;sizes&quot;:[]}}\" data-widget_type=\"nested-accordion.default\">\n\t\t\t\t\t\t\t<div class=\"e-n-accordion\" aria-label=\"Accordion. Open links with Enter or Space, close with Escape, and navigate with Arrow Keys\">\n\t\t\t\t\t\t<details id=\"e-n-accordion-item-2080\" class=\"e-n-accordion-item\" >\n\t\t\t\t<summary class=\"e-n-accordion-item-title\" data-accordion-index=\"1\" tabindex=\"0\" aria-expanded=\"false\" aria-controls=\"e-n-accordion-item-2080\" >\n\t\t\t\t\t<span class='e-n-accordion-item-title-header'><div class=\"e-n-accordion-item-title-text\"> Objectif sp\u00e9cifique RSO4.1. Am\u00e9liorer l'efficacit\u00e9 et le caract\u00e8re inclusif des march\u00e9s du travail, ainsi que l'acc\u00e8s \u00e0 un emploi de qualit\u00e9 gr\u00e2ce au d\u00e9veloppement des infrastructures sociales et \u00e0 la promotion de l'\u00e9conomie sociale. <\/div><\/span>\n\t\t\t\t\t\t\t<span class='e-n-accordion-item-title-icon'>\n\t\t\t<span class='e-opened' ><svg aria-hidden=\"true\" class=\"e-font-icon-svg e-fas-minus\" viewBox=\"0 0 448 512\" xmlns=\"http:\/\/www.w3.org\/2000\/svg\"><path d=\"M416 208H32c-17.67 0-32 14.33-32 32v32c0 17.67 14.33 32 32 32h384c17.67 0 32-14.33 32-32v-32c0-17.67-14.33-32-32-32z\"><\/path><\/svg><\/span>\n\t\t\t<span class='e-closed'><svg aria-hidden=\"true\" class=\"e-font-icon-svg e-fas-plus\" viewBox=\"0 0 448 512\" xmlns=\"http:\/\/www.w3.org\/2000\/svg\"><path d=\"M416 208H272V64c0-17.67-14.33-32-32-32h-32c-17.67 0-32 14.33-32 32v144H32c-17.67 0-32 14.33-32 32v32c0 17.67 14.33 32 32 32h144v144c0 17.67 14.33 32 32 32h32c17.67 0 32-14.33 32-32V304h144c17.67 0 32-14.33 32-32v-32c0-17.67-14.33-32-32-32z\"><\/path><\/svg><\/span>\n\t\t<\/span>\n\n\t\t\t\t\t\t<\/summary>\n\t\t\t\t<div role=\"region\" aria-labelledby=\"e-n-accordion-item-2080\" class=\"elementor-element elementor-element-7bbf3af e-con-full e-flex e-con e-child\" data-id=\"7bbf3af\" data-element_type=\"container\" data-e-type=\"container\" data-settings=\"{&quot;jet_parallax_layout_list&quot;:[]}\">\n\t\t\t\t<div class=\"elementor-element elementor-element-ac32522 elementor-widget elementor-widget-text-editor\" data-id=\"ac32522\" data-element_type=\"widget\" data-e-type=\"widget\" data-widget_type=\"text-editor.default\">\n\t\t\t\t\t\t\t\t\t<p style=\"text-align: justify;\"><span style=\"color: #ff0000;\"><strong>Objectif sp\u00e9cifique RSO4.1. Am\u00e9liorer l&rsquo;efficacit\u00e9 et le caract\u00e8re inclusif des march\u00e9s du travail, ainsi que l&rsquo;acc\u00e8s \u00e0 un emploi de qualit\u00e9 gr\u00e2ce au d\u00e9veloppement des infrastructures sociales et \u00e0 la promotion de l&rsquo;\u00e9conomie sociale.<\/strong><\/span><strong style=\"color: #ff0000; font-size: 16px; font-family: var( --e-global-typography-text-font-family ), Vollkorn;\"> <\/strong><\/p>\n\t\t\t\t\t\t\t\t<\/div>\n\t\t\t\t<div class=\"elementor-element elementor-element-0321c0b elementor-align-center elementor-widget elementor-widget-button\" data-id=\"0321c0b\" data-element_type=\"widget\" data-e-type=\"widget\" data-widget_type=\"button.default\">\n\t\t\t\t\t\t\t\t\t\t<a class=\"elementor-button elementor-button-link elementor-size-sm\" href=\"\/wp-content\/uploads\/2024\/03\/P3_OS41_FR.pdf\">\n\t\t\t\t\t\t<span class=\"elementor-button-content-wrapper\">\n\t\t\t\t\t\t\t\t\t<span class=\"elementor-button-text\">Pour en savoir plus :<\/span>\n\t\t\t\t\t<\/span>\n\t\t\t\t\t<\/a>\n\t\t\t\t\t\t\t\t<\/div>\n\t\t\t\t<\/div>\n\t\t\t\t\t<\/details>\n\t\t\t\t\t\t<details id=\"e-n-accordion-item-2081\" class=\"e-n-accordion-item\" >\n\t\t\t\t<summary class=\"e-n-accordion-item-title\" data-accordion-index=\"2\" tabindex=\"-1\" aria-expanded=\"false\" aria-controls=\"e-n-accordion-item-2081\" >\n\t\t\t\t\t<span class='e-n-accordion-item-title-header'><div class=\"e-n-accordion-item-title-text\"> Objectif sp\u00e9cifique RSO4.5 Veiller \u00e0 l'\u00e9galit\u00e9 d'acc\u00e8s aux soins de sant\u00e9 et renforcer la r\u00e9silience des syst\u00e8mes de sant\u00e9, en particulier les soins de sant\u00e9 primaires, tout en favorisant la transition des soins institutionnels aux soins dans les contextes familiaux et locaux. <\/div><\/span>\n\t\t\t\t\t\t\t<span class='e-n-accordion-item-title-icon'>\n\t\t\t<span class='e-opened' ><svg aria-hidden=\"true\" class=\"e-font-icon-svg e-fas-minus\" viewBox=\"0 0 448 512\" xmlns=\"http:\/\/www.w3.org\/2000\/svg\"><path d=\"M416 208H32c-17.67 0-32 14.33-32 32v32c0 17.67 14.33 32 32 32h384c17.67 0 32-14.33 32-32v-32c0-17.67-14.33-32-32-32z\"><\/path><\/svg><\/span>\n\t\t\t<span class='e-closed'><svg aria-hidden=\"true\" class=\"e-font-icon-svg e-fas-plus\" viewBox=\"0 0 448 512\" xmlns=\"http:\/\/www.w3.org\/2000\/svg\"><path d=\"M416 208H272V64c0-17.67-14.33-32-32-32h-32c-17.67 0-32 14.33-32 32v144H32c-17.67 0-32 14.33-32 32v32c0 17.67 14.33 32 32 32h144v144c0 17.67 14.33 32 32 32h32c17.67 0 32-14.33 32-32V304h144c17.67 0 32-14.33 32-32v-32c0-17.67-14.33-32-32-32z\"><\/path><\/svg><\/span>\n\t\t<\/span>\n\n\t\t\t\t\t\t<\/summary>\n\t\t\t\t<div role=\"region\" aria-labelledby=\"e-n-accordion-item-2081\" class=\"elementor-element elementor-element-5a1b631 e-con-full e-flex e-con e-child\" data-id=\"5a1b631\" data-element_type=\"container\" data-e-type=\"container\" data-settings=\"{&quot;jet_parallax_layout_list&quot;:[]}\">\n\t\t\t\t<div class=\"elementor-element elementor-element-63e27f2 elementor-widget elementor-widget-text-editor\" data-id=\"63e27f2\" data-element_type=\"widget\" data-e-type=\"widget\" data-widget_type=\"text-editor.default\">\n\t\t\t\t\t\t\t\t\t<p style=\"text-align: justify;\"><span style=\"color: #ff0000;\"><strong>Objectif sp\u00e9cifique RSO4.5 Veiller \u00e0 l&rsquo;\u00e9galit\u00e9 d&rsquo;acc\u00e8s aux soins de sant\u00e9 et renforcer la r\u00e9silience des syst\u00e8mes de sant\u00e9, en particulier les soins de sant\u00e9 primaires, tout en favorisant la transition des soins institutionnels aux soins dans les contextes familiaux et locaux.<\/strong><\/span><\/p>\n\t\t\t\t\t\t\t\t<\/div>\n\t\t\t\t<div class=\"elementor-element elementor-element-e81b42d elementor-align-center elementor-widget elementor-widget-button\" data-id=\"e81b42d\" data-element_type=\"widget\" data-e-type=\"widget\" data-widget_type=\"button.default\">\n\t\t\t\t\t\t\t\t\t\t<a class=\"elementor-button elementor-button-link elementor-size-sm\" href=\"\/wp-content\/uploads\/2024\/03\/P3_OS45_FR.pdf\">\n\t\t\t\t\t\t<span class=\"elementor-button-content-wrapper\">\n\t\t\t\t\t\t\t\t\t<span class=\"elementor-button-text\">Pour en savoir plus :<\/span>\n\t\t\t\t\t<\/span>\n\t\t\t\t\t<\/a>\n\t\t\t\t\t\t\t\t<\/div>\n\t\t\t\t<\/div>\n\t\t\t\t\t<\/details>\n\t\t\t\t\t\t<details id=\"e-n-accordion-item-2082\" class=\"e-n-accordion-item\" >\n\t\t\t\t<summary class=\"e-n-accordion-item-title\" data-accordion-index=\"3\" tabindex=\"-1\" aria-expanded=\"false\" aria-controls=\"e-n-accordion-item-2082\" >\n\t\t\t\t\t<span class='e-n-accordion-item-title-header'><div class=\"e-n-accordion-item-title-text\"> Objectif sp\u00e9cifique RSO4.6 Renforcer le r\u00f4le de la culture et du tourisme durable dans le d\u00e9veloppement \u00e9conomique, l'inclusion sociale et l'innovation. <\/div><\/span>\n\t\t\t\t\t\t\t<span class='e-n-accordion-item-title-icon'>\n\t\t\t<span class='e-opened' ><svg aria-hidden=\"true\" class=\"e-font-icon-svg e-fas-minus\" viewBox=\"0 0 448 512\" xmlns=\"http:\/\/www.w3.org\/2000\/svg\"><path d=\"M416 208H32c-17.67 0-32 14.33-32 32v32c0 17.67 14.33 32 32 32h384c17.67 0 32-14.33 32-32v-32c0-17.67-14.33-32-32-32z\"><\/path><\/svg><\/span>\n\t\t\t<span class='e-closed'><svg aria-hidden=\"true\" class=\"e-font-icon-svg e-fas-plus\" viewBox=\"0 0 448 512\" xmlns=\"http:\/\/www.w3.org\/2000\/svg\"><path d=\"M416 208H272V64c0-17.67-14.33-32-32-32h-32c-17.67 0-32 14.33-32 32v144H32c-17.67 0-32 14.33-32 32v32c0 17.67 14.33 32 32 32h144v144c0 17.67 14.33 32 32 32h32c17.67 0 32-14.33 32-32V304h144c17.67 0 32-14.33 32-32v-32c0-17.67-14.33-32-32-32z\"><\/path><\/svg><\/span>\n\t\t<\/span>\n\n\t\t\t\t\t\t<\/summary>\n\t\t\t\t<div role=\"region\" aria-labelledby=\"e-n-accordion-item-2082\" class=\"elementor-element elementor-element-a521af3 e-con-full e-flex e-con e-child\" data-id=\"a521af3\" data-element_type=\"container\" data-e-type=\"container\" data-settings=\"{&quot;jet_parallax_layout_list&quot;:[]}\">\n\t\t\t\t<div class=\"elementor-element elementor-element-b1e6cae elementor-widget elementor-widget-text-editor\" data-id=\"b1e6cae\" data-element_type=\"widget\" data-e-type=\"widget\" data-widget_type=\"text-editor.default\">\n\t\t\t\t\t\t\t\t\t<p style=\"text-align: justify;\"><span style=\"color: #ff0000;\"><strong>Objectif sp\u00e9cifique RSO4.6 Renforcer le r\u00f4le de la culture et du tourisme durable dans le d\u00e9veloppement \u00e9conomique, l&rsquo;inclusion sociale et l&rsquo;innovation.<\/strong><\/span><\/p>\n<p style=\"text-align: justify;\">\n\t\t\t\t\t\t\t\t<\/div>\n\t\t\t\t<div class=\"elementor-element elementor-element-ba61fc4 elementor-align-center elementor-widget elementor-widget-button\" data-id=\"ba61fc4\" data-element_type=\"widget\" data-e-type=\"widget\" data-widget_type=\"button.default\">\n\t\t\t\t\t\t\t\t\t\t<a class=\"elementor-button elementor-button-link elementor-size-sm\" href=\"\/wp-content\/uploads\/2024\/03\/P3_OS46_FR.pdf\">\n\t\t\t\t\t\t<span class=\"elementor-button-content-wrapper\">\n\t\t\t\t\t\t\t\t\t<span class=\"elementor-button-text\">Pour en savoir plus :<\/span>\n\t\t\t\t\t<\/span>\n\t\t\t\t\t<\/a>\n\t\t\t\t\t\t\t\t<\/div>\n\t\t\t\t<\/div>\n\t\t\t\t\t<\/details>\n\t\t\t\t\t<\/div>\n\t\t\t\t\t\t<\/div>\n\t\t\t\t\t<\/div>\n\t\t\t\t<\/div>\n\t\t\t\t<\/div>\n\t\t","protected":false},"excerpt":{"rendered":"<p>Priorit\u00e9 3 &#8211; Promouvoir la coh\u00e9sion sociale et l\u2019\u00e9quilibre territorial et d\u00e9mographique du SUDOE \u00e0 travers l&rsquo;innovation sociale, la valorisation du patrimoine et les services Objectif sp\u00e9cifique RSO4.1. Am\u00e9liorer l&rsquo;efficacit\u00e9 et le caract\u00e8re inclusif des march\u00e9s du travail, ainsi que l&rsquo;acc\u00e8s \u00e0 un emploi de qualit\u00e9 gr\u00e2ce au d\u00e9veloppement des infrastructures sociales et \u00e0 la [&hellip;]<\/p>\n","protected":false},"author":1,"featured_media":0,"parent":19499,"menu_order":0,"comment_status":"closed","ping_status":"closed","template":"elementor_header_footer","meta":{"_acf_changed":false,"content-type":"","_monsterinsights_skip_tracking":false,"_monsterinsights_sitenote_active":false,"_monsterinsights_sitenote_note":"","_monsterinsights_sitenote_category":0,"footnotes":""},"class_list":["post-23454","page","type-page","status-publish","hentry"],"acf":[],"yoast_head":"<!-- This site is optimized with the Yoast SEO plugin v27.2 - https:\/\/yoast.com\/product\/yoast-seo-wordpress\/ -->\n<title>Priorit\u00e9 3 - Interreg Sudoe<\/title>\n<meta name=\"robots\" content=\"index, follow, max-snippet:-1, max-image-preview:large, max-video-preview:-1\" \/>\n<link rel=\"canonical\" href=\"https:\/\/interreg-sudoe.eu\/fr\/acerca-de-interreg-sudoe\/quels-sont-les-themes-de-cooperation\/prioridad-3\/\" \/>\n<meta property=\"og:locale\" content=\"fr_FR\" \/>\n<meta property=\"og:type\" content=\"article\" \/>\n<meta property=\"og:title\" content=\"Priorit\u00e9 3 - Interreg Sudoe\" \/>\n<meta property=\"og:description\" content=\"Priorit\u00e9 3 &#8211; Promouvoir la coh\u00e9sion sociale et l\u2019\u00e9quilibre territorial et d\u00e9mographique du SUDOE \u00e0 travers l&rsquo;innovation sociale, la valorisation du patrimoine et les services Objectif sp\u00e9cifique RSO4.1. Am\u00e9liorer l&rsquo;efficacit\u00e9 et le caract\u00e8re inclusif des march\u00e9s du travail, ainsi que l&rsquo;acc\u00e8s \u00e0 un emploi de qualit\u00e9 gr\u00e2ce au d\u00e9veloppement des infrastructures sociales et \u00e0 la [&hellip;]\" \/>\n<meta property=\"og:url\" content=\"https:\/\/interreg-sudoe.eu\/fr\/acerca-de-interreg-sudoe\/quels-sont-les-themes-de-cooperation\/prioridad-3\/\" \/>\n<meta property=\"og:site_name\" content=\"Interreg Sudoe\" \/>\n<meta property=\"article:publisher\" content=\"https:\/\/www.facebook.com\/interregsudoe\" \/>\n<meta property=\"article:modified_time\" content=\"2024-03-27T09:09:19+00:00\" \/>\n<meta property=\"og:image\" content=\"https:\/\/interreg-sudoe.eu\/wp-content\/uploads\/2024\/02\/InterregSudoe_Icons-03-150x150.png\" \/>\n<meta name=\"twitter:card\" content=\"summary_large_image\" \/>\n<meta name=\"twitter:site\" content=\"@Sudoe5\" \/>\n<meta name=\"twitter:label1\" content=\"Dur\u00e9e de lecture estim\u00e9e\" \/>\n\t<meta name=\"twitter:data1\" content=\"2 minutes\" \/>\n<script type=\"application\/ld+json\" class=\"yoast-schema-graph\">{\"@context\":\"https:\/\/schema.org\",\"@graph\":[{\"@type\":\"WebPage\",\"@id\":\"https:\/\/interreg-sudoe.eu\/fr\/acerca-de-interreg-sudoe\/quels-sont-les-themes-de-cooperation\/prioridad-3\/\",\"url\":\"https:\/\/interreg-sudoe.eu\/fr\/acerca-de-interreg-sudoe\/quels-sont-les-themes-de-cooperation\/prioridad-3\/\",\"name\":\"Priorit\u00e9 3 - Interreg Sudoe\",\"isPartOf\":{\"@id\":\"https:\/\/interreg-sudoe.eu\/fr\/#website\"},\"primaryImageOfPage\":{\"@id\":\"https:\/\/interreg-sudoe.eu\/fr\/acerca-de-interreg-sudoe\/quels-sont-les-themes-de-cooperation\/prioridad-3\/#primaryimage\"},\"image\":{\"@id\":\"https:\/\/interreg-sudoe.eu\/fr\/acerca-de-interreg-sudoe\/quels-sont-les-themes-de-cooperation\/prioridad-3\/#primaryimage\"},\"thumbnailUrl\":\"https:\/\/interreg-sudoe.eu\/wp-content\/uploads\/2024\/02\/InterregSudoe_Icons-03-150x150.png\",\"datePublished\":\"2024-02-26T12:06:37+00:00\",\"dateModified\":\"2024-03-27T09:09:19+00:00\",\"breadcrumb\":{\"@id\":\"https:\/\/interreg-sudoe.eu\/fr\/acerca-de-interreg-sudoe\/quels-sont-les-themes-de-cooperation\/prioridad-3\/#breadcrumb\"},\"inLanguage\":\"fr-FR\",\"potentialAction\":[{\"@type\":\"ReadAction\",\"target\":[\"https:\/\/interreg-sudoe.eu\/fr\/acerca-de-interreg-sudoe\/quels-sont-les-themes-de-cooperation\/prioridad-3\/\"]}]},{\"@type\":\"ImageObject\",\"inLanguage\":\"fr-FR\",\"@id\":\"https:\/\/interreg-sudoe.eu\/fr\/acerca-de-interreg-sudoe\/quels-sont-les-themes-de-cooperation\/prioridad-3\/#primaryimage\",\"url\":\"https:\/\/interreg-sudoe.eu\/wp-content\/uploads\/2024\/02\/InterregSudoe_Icons-03-150x150.png\",\"contentUrl\":\"https:\/\/interreg-sudoe.eu\/wp-content\/uploads\/2024\/02\/InterregSudoe_Icons-03-150x150.png\"},{\"@type\":\"BreadcrumbList\",\"@id\":\"https:\/\/interreg-sudoe.eu\/fr\/acerca-de-interreg-sudoe\/quels-sont-les-themes-de-cooperation\/prioridad-3\/#breadcrumb\",\"itemListElement\":[{\"@type\":\"ListItem\",\"position\":1,\"name\":\"Home\",\"item\":\"https:\/\/interreg-sudoe.eu\/fr\/\"},{\"@type\":\"ListItem\",\"position\":2,\"name\":\"Qu&#8217;est-ce qu&#8217;Interreg ?\",\"item\":\"https:\/\/interreg-sudoe.eu\/fr\/acerca-de-interreg-sudoe\/\"},{\"@type\":\"ListItem\",\"position\":3,\"name\":\"Quels sont les th\u00e8mes de coop\u00e9ration ?\",\"item\":\"https:\/\/interreg-sudoe.eu\/fr\/acerca-de-interreg-sudoe\/cuales-son-las-tematicas-de-cooperacion\/\"},{\"@type\":\"ListItem\",\"position\":4,\"name\":\"Priorit\u00e9 3\"}]},{\"@type\":\"WebSite\",\"@id\":\"https:\/\/interreg-sudoe.eu\/fr\/#website\",\"url\":\"https:\/\/interreg-sudoe.eu\/fr\/\",\"name\":\"Interreg Sudoe\",\"description\":\"Interreg Sudoe\",\"publisher\":{\"@id\":\"https:\/\/interreg-sudoe.eu\/fr\/#organization\"},\"alternateName\":\"Interreg Sudoe\",\"potentialAction\":[{\"@type\":\"SearchAction\",\"target\":{\"@type\":\"EntryPoint\",\"urlTemplate\":\"https:\/\/interreg-sudoe.eu\/fr\/?s={search_term_string}\"},\"query-input\":{\"@type\":\"PropertyValueSpecification\",\"valueRequired\":true,\"valueName\":\"search_term_string\"}}],\"inLanguage\":\"fr-FR\"},{\"@type\":\"Organization\",\"@id\":\"https:\/\/interreg-sudoe.eu\/fr\/#organization\",\"name\":\"Interreg Sudoe\",\"alternateName\":\"Interreg Sudoe\",\"url\":\"https:\/\/interreg-sudoe.eu\/fr\/\",\"logo\":{\"@type\":\"ImageObject\",\"inLanguage\":\"fr-FR\",\"@id\":\"https:\/\/interreg-sudoe.eu\/fr\/#\/schema\/logo\/image\/\",\"url\":\"https:\/\/interreg-sudoe.eu\/wp-content\/uploads\/2024\/03\/logo-interreg.png\",\"contentUrl\":\"https:\/\/interreg-sudoe.eu\/wp-content\/uploads\/2024\/03\/logo-interreg.png\",\"width\":1200,\"height\":675,\"caption\":\"Interreg Sudoe\"},\"image\":{\"@id\":\"https:\/\/interreg-sudoe.eu\/fr\/#\/schema\/logo\/image\/\"},\"sameAs\":[\"https:\/\/www.facebook.com\/interregsudoe\",\"https:\/\/x.com\/Sudoe5\",\"https:\/\/www.youtube.com\/channel\/UCeGx2edoB32beRc9dbKA2vw\",\"https:\/\/www.linkedin.com\/company\/interreg-sudoe-programme\/\",\"https:\/\/www.flickr.com\/photos\/148704685@N06\/\"]}]}<\/script>\n<!-- \/ Yoast SEO plugin. -->","yoast_head_json":{"title":"Priorit\u00e9 3 - Interreg Sudoe","robots":{"index":"index","follow":"follow","max-snippet":"max-snippet:-1","max-image-preview":"max-image-preview:large","max-video-preview":"max-video-preview:-1"},"canonical":"https:\/\/interreg-sudoe.eu\/fr\/acerca-de-interreg-sudoe\/quels-sont-les-themes-de-cooperation\/prioridad-3\/","og_locale":"fr_FR","og_type":"article","og_title":"Priorit\u00e9 3 - Interreg Sudoe","og_description":"Priorit\u00e9 3 &#8211; Promouvoir la coh\u00e9sion sociale et l\u2019\u00e9quilibre territorial et d\u00e9mographique du SUDOE \u00e0 travers l&rsquo;innovation sociale, la valorisation du patrimoine et les services Objectif sp\u00e9cifique RSO4.1. Am\u00e9liorer l&rsquo;efficacit\u00e9 et le caract\u00e8re inclusif des march\u00e9s du travail, ainsi que l&rsquo;acc\u00e8s \u00e0 un emploi de qualit\u00e9 gr\u00e2ce au d\u00e9veloppement des infrastructures sociales et \u00e0 la [&hellip;]","og_url":"https:\/\/interreg-sudoe.eu\/fr\/acerca-de-interreg-sudoe\/quels-sont-les-themes-de-cooperation\/prioridad-3\/","og_site_name":"Interreg Sudoe","article_publisher":"https:\/\/www.facebook.com\/interregsudoe","article_modified_time":"2024-03-27T09:09:19+00:00","og_image":[{"url":"https:\/\/interreg-sudoe.eu\/wp-content\/uploads\/2024\/02\/InterregSudoe_Icons-03-150x150.png","type":"","width":"","height":""}],"twitter_card":"summary_large_image","twitter_site":"@Sudoe5","twitter_misc":{"Dur\u00e9e de lecture estim\u00e9e":"2 minutes"},"schema":{"@context":"https:\/\/schema.org","@graph":[{"@type":"WebPage","@id":"https:\/\/interreg-sudoe.eu\/fr\/acerca-de-interreg-sudoe\/quels-sont-les-themes-de-cooperation\/prioridad-3\/","url":"https:\/\/interreg-sudoe.eu\/fr\/acerca-de-interreg-sudoe\/quels-sont-les-themes-de-cooperation\/prioridad-3\/","name":"Priorit\u00e9 3 - Interreg Sudoe","isPartOf":{"@id":"https:\/\/interreg-sudoe.eu\/fr\/#website"},"primaryImageOfPage":{"@id":"https:\/\/interreg-sudoe.eu\/fr\/acerca-de-interreg-sudoe\/quels-sont-les-themes-de-cooperation\/prioridad-3\/#primaryimage"},"image":{"@id":"https:\/\/interreg-sudoe.eu\/fr\/acerca-de-interreg-sudoe\/quels-sont-les-themes-de-cooperation\/prioridad-3\/#primaryimage"},"thumbnailUrl":"https:\/\/interreg-sudoe.eu\/wp-content\/uploads\/2024\/02\/InterregSudoe_Icons-03-150x150.png","datePublished":"2024-02-26T12:06:37+00:00","dateModified":"2024-03-27T09:09:19+00:00","breadcrumb":{"@id":"https:\/\/interreg-sudoe.eu\/fr\/acerca-de-interreg-sudoe\/quels-sont-les-themes-de-cooperation\/prioridad-3\/#breadcrumb"},"inLanguage":"fr-FR","potentialAction":[{"@type":"ReadAction","target":["https:\/\/interreg-sudoe.eu\/fr\/acerca-de-interreg-sudoe\/quels-sont-les-themes-de-cooperation\/prioridad-3\/"]}]},{"@type":"ImageObject","inLanguage":"fr-FR","@id":"https:\/\/interreg-sudoe.eu\/fr\/acerca-de-interreg-sudoe\/quels-sont-les-themes-de-cooperation\/prioridad-3\/#primaryimage","url":"https:\/\/interreg-sudoe.eu\/wp-content\/uploads\/2024\/02\/InterregSudoe_Icons-03-150x150.png","contentUrl":"https:\/\/interreg-sudoe.eu\/wp-content\/uploads\/2024\/02\/InterregSudoe_Icons-03-150x150.png"},{"@type":"BreadcrumbList","@id":"https:\/\/interreg-sudoe.eu\/fr\/acerca-de-interreg-sudoe\/quels-sont-les-themes-de-cooperation\/prioridad-3\/#breadcrumb","itemListElement":[{"@type":"ListItem","position":1,"name":"Home","item":"https:\/\/interreg-sudoe.eu\/fr\/"},{"@type":"ListItem","position":2,"name":"Qu&#8217;est-ce qu&#8217;Interreg ?","item":"https:\/\/interreg-sudoe.eu\/fr\/acerca-de-interreg-sudoe\/"},{"@type":"ListItem","position":3,"name":"Quels sont les th\u00e8mes de coop\u00e9ration ?","item":"https:\/\/interreg-sudoe.eu\/fr\/acerca-de-interreg-sudoe\/cuales-son-las-tematicas-de-cooperacion\/"},{"@type":"ListItem","position":4,"name":"Priorit\u00e9 3"}]},{"@type":"WebSite","@id":"https:\/\/interreg-sudoe.eu\/fr\/#website","url":"https:\/\/interreg-sudoe.eu\/fr\/","name":"Interreg Sudoe","description":"Interreg Sudoe","publisher":{"@id":"https:\/\/interreg-sudoe.eu\/fr\/#organization"},"alternateName":"Interreg Sudoe","potentialAction":[{"@type":"SearchAction","target":{"@type":"EntryPoint","urlTemplate":"https:\/\/interreg-sudoe.eu\/fr\/?s={search_term_string}"},"query-input":{"@type":"PropertyValueSpecification","valueRequired":true,"valueName":"search_term_string"}}],"inLanguage":"fr-FR"},{"@type":"Organization","@id":"https:\/\/interreg-sudoe.eu\/fr\/#organization","name":"Interreg Sudoe","alternateName":"Interreg Sudoe","url":"https:\/\/interreg-sudoe.eu\/fr\/","logo":{"@type":"ImageObject","inLanguage":"fr-FR","@id":"https:\/\/interreg-sudoe.eu\/fr\/#\/schema\/logo\/image\/","url":"https:\/\/interreg-sudoe.eu\/wp-content\/uploads\/2024\/03\/logo-interreg.png","contentUrl":"https:\/\/interreg-sudoe.eu\/wp-content\/uploads\/2024\/03\/logo-interreg.png","width":1200,"height":675,"caption":"Interreg Sudoe"},"image":{"@id":"https:\/\/interreg-sudoe.eu\/fr\/#\/schema\/logo\/image\/"},"sameAs":["https:\/\/www.facebook.com\/interregsudoe","https:\/\/x.com\/Sudoe5","https:\/\/www.youtube.com\/channel\/UCeGx2edoB32beRc9dbKA2vw","https:\/\/www.linkedin.com\/company\/interreg-sudoe-programme\/","https:\/\/www.flickr.com\/photos\/148704685@N06\/"]}]}},"_links":{"self":[{"href":"https:\/\/interreg-sudoe.eu\/fr\/wp-json\/wp\/v2\/pages\/23454","targetHints":{"allow":["GET"]}}],"collection":[{"href":"https:\/\/interreg-sudoe.eu\/fr\/wp-json\/wp\/v2\/pages"}],"about":[{"href":"https:\/\/interreg-sudoe.eu\/fr\/wp-json\/wp\/v2\/types\/page"}],"author":[{"embeddable":true,"href":"https:\/\/interreg-sudoe.eu\/fr\/wp-json\/wp\/v2\/users\/1"}],"replies":[{"embeddable":true,"href":"https:\/\/interreg-sudoe.eu\/fr\/wp-json\/wp\/v2\/comments?post=23454"}],"version-history":[{"count":0,"href":"https:\/\/interreg-sudoe.eu\/fr\/wp-json\/wp\/v2\/pages\/23454\/revisions"}],"up":[{"embeddable":true,"href":"https:\/\/interreg-sudoe.eu\/fr\/wp-json\/wp\/v2\/pages\/19499"}],"wp:attachment":[{"href":"https:\/\/interreg-sudoe.eu\/fr\/wp-json\/wp\/v2\/media?parent=23454"}],"curies":[{"name":"wp","href":"https:\/\/api.w.org\/{rel}","templated":true}]}}