{"id":62548,"date":"2026-03-17T10:55:21","date_gmt":"2026-03-17T09:55:21","guid":{"rendered":"https:\/\/interreg-sudoe.eu\/?page_id=62548"},"modified":"2026-03-17T12:35:53","modified_gmt":"2026-03-17T11:35:53","slug":"declaration-daccessibilite","status":"publish","type":"page","link":"https:\/\/interreg-sudoe.eu\/fr\/declaration-daccessibilite\/","title":{"rendered":"D\u00e9claration d&rsquo;accessibilit\u00e9"},"content":{"rendered":"\t\t<div data-elementor-type=\"wp-page\" data-elementor-id=\"62548\" class=\"elementor elementor-62548 elementor-62518\" data-elementor-post-type=\"page\">\n\t\t\t\t<div class=\"elementor-element elementor-element-0d5bb8b e-con-full e-flex e-con e-parent\" data-id=\"0d5bb8b\" data-element_type=\"container\" data-e-type=\"container\" data-settings=\"{&quot;jet_parallax_layout_list&quot;:[]}\">\n\t\t\t\t<div class=\"elementor-element elementor-element-71d5a11 elementor-widget elementor-widget-text-editor\" data-id=\"71d5a11\" data-element_type=\"widget\" data-e-type=\"widget\" data-widget_type=\"text-editor.default\">\n\t\t\t\t\t\t\t\t\t<p>La <b>Coop\u00e9ration Territoriale Europ\u00e9enne<\/b>, connue sous le nom d&rsquo;<b>Interreg<\/b>, s&rsquo;est engag\u00e9e \u00e0 rendre ses sites web accessibles conform\u00e9ment au <a title=\"D\u00e9cret Royal 1112\/2018, du 7 septembre, relatif \u00e0 l'accessibilit\u00e9 des sites web et des applications pour dispositifs mobiles du secteur public (Abre en nueva ventana)\" href=\"https:\/\/www.boe.es\/diario_boe\/txt.php?id=BOE-A-2018-12699\" target=\"_blank\" rel=\"noopener\">D\u00e9cret Royal 1112\/2018, du 7 septembre, relatif \u00e0 l&rsquo;accessibilit\u00e9 des sites web et des applications pour dispositifs mobiles du secteur public.<\/a>.<\/p><p>La pr\u00e9sente d\u00e9claration d&rsquo;accessibilit\u00e9 s&rsquo;applique au site web <strong>interreg-sudoe.eu<\/strong>.<\/p><h3 data-fontsize=\"40\" data-lineheight=\"60px\">\u00c9tat de conformit\u00e9<\/h3><p>Ce site web est <strong>partiellement conforme<\/strong> au RD 1112\/2018 en raison du manque de conformit\u00e9 des aspects indiqu\u00e9s ci-dessous.<\/p><h3 data-fontsize=\"40\" data-lineheight=\"60px\">Contenu non accessible<\/h3><p>Le contenu ci-dessous n&rsquo;est pas accessible pour les raisons suivantes:<\/p><ol><li><strong>Non-conformit\u00e9 avec le RD 1112\/2018<\/strong><br \/><ul><li>Des erreurs d&rsquo;\u00e9dition ponctuelles pourraient exister sur certaines pages web.<\/li><li>Pr\u00e9sence de liens dont le texte est vide ou trop long et, par cons\u00e9quent, peu significatif.<\/li><\/ul><\/li><li><strong>Charge disproportionn\u00e9e<\/strong><br \/><ul><li>Ne s&rsquo;applique pas.<\/li><\/ul><\/li><li><strong>Contenu n&rsquo;entrant pas dans le champ d&rsquo;application de la l\u00e9gislation<\/strong><br \/><ul><li>Il pourrait exister des fichiers bureautiques en PDF ou d&rsquo;autres formats publi\u00e9s avant l&rsquo;entr\u00e9e en vigueur de la directive europ\u00e9enne qui ne respectent pas l&rsquo;int\u00e9gralit\u00e9 des exigences d&rsquo;accessibilit\u00e9 (bien que des efforts aient \u00e9t\u00e9 faits pour la majorit\u00e9 d&rsquo;entre eux).<\/li><\/ul><\/li><\/ol><h3 data-fontsize=\"40\" data-lineheight=\"60px\">Pr\u00e9paration de la pr\u00e9sente d\u00e9claration d&rsquo;accessibilit\u00e9<\/h3><p>Cette d\u00e9claration a \u00e9t\u00e9 pr\u00e9par\u00e9e au moment de la publication de ce site web. La m\u00e9thode utilis\u00e9e a \u00e9t\u00e9 une <strong>auto-\u00e9valuation<\/strong> r\u00e9alis\u00e9e par l&rsquo;organisme lui-m\u00eame.<\/p><p><strong>Derni\u00e8re r\u00e9vision de la d\u00e9claration<\/strong>: 20 janvier 2026.<\/p><h3 data-fontsize=\"40\" data-lineheight=\"60px\">Observations et coordonn\u00e9es<\/h3><p>Vous pouvez effectuer des communications sur les exigences d&rsquo;accessibilit\u00e9 (article 10.2 du RD 1112\/2018) pour, par exemple:<\/p><ul><li>Signaler tout <strong>manquement<\/strong> potentiel de la part de ce site web.<\/li><li>Transmettre d&rsquo;autres <strong>difficult\u00e9s d&rsquo;acc\u00e8s<\/strong> au contenu.<\/li><li>Formuler toute autre <strong>consultation ou suggestion d&rsquo;am\u00e9lioration<\/strong> relative \u00e0 l&rsquo;accessibilit\u00e9 du site.<\/li><\/ul><p>Via l&rsquo;adresse e-mail <a href=\"mailto:scsudoe@interreg-sudoe.eu\" target=\"_blank\" rel=\"noopener\">scsudoe@interreg-sudoe.eu<\/a> ou en appelant le +34 942 23 83 62.<\/p><p>Vous pouvez pr\u00e9senter:<\/p><ul><li>Une <strong>R\u00e9clamation<\/strong> relative au respect des exigences du RD 1112\/2018.<\/li><li>Une <strong>Demande d&rsquo;information accessible<\/strong> concernant :<br \/><ul><li>Les contenus <strong>exclus<\/strong> du champ d&rsquo;application du RD 1112\/2018.<\/li><li>Les contenus <strong>exempt\u00e9s<\/strong> pour cause de <strong>charge disproportionn\u00e9e<\/strong>.<\/li><\/ul><\/li><\/ul><p>Dans la demande d&rsquo;information accessible, les faits, raisons et la requ\u00eate doivent \u00eatre pr\u00e9cis\u00e9s clairement afin de d\u00e9montrer qu&rsquo;il s&rsquo;agit d&rsquo;une demande raisonnable et l\u00e9gitime.<\/p><h3 data-fontsize=\"40\" data-lineheight=\"60px\">Proc\u00e9dure de recours<\/h3><p>Si, apr\u00e8s une demande d&rsquo;information accessible ou une r\u00e9clamation, celle-ci a \u00e9t\u00e9 rejet\u00e9e, ou si vous n&rsquo;\u00eates pas d&rsquo;accord avec la d\u00e9cision adopt\u00e9e, l&rsquo;int\u00e9ress\u00e9 peut entamer une <strong>proc\u00e9dure de r\u00e9clamation<\/strong>. Cette proc\u00e9dure peut \u00e9galement \u00eatre lanc\u00e9e si un d\u00e9lai de vingt jours ouvrables s&rsquo;est \u00e9coul\u00e9 sans r\u00e9ponse.<\/p><p>La r\u00e9clamation peut \u00eatre pr\u00e9sent\u00e9e via l&rsquo;adresse <a href=\"mailto:scsudoe@interreg-sudoe.eu\">scsudoe@interreg-sudoe.eu.<\/a><\/p><h3 data-fontsize=\"40\" data-lineheight=\"60px\">Conseils de navigation<\/h3><p>Le menu de navigation principal a \u00e9t\u00e9 optimis\u00e9 pour la navigation au clavier selon le mod\u00e8le de conception <strong>WAI-ARIA Best Practices<\/strong>. Les utilisateurs peuvent acc\u00e9der au menu via la touche <strong>Tabulation<\/strong> et se d\u00e9placer avec les <strong>fl\u00e8ches directionnelles<\/strong>.<\/p><p>De plus, les polices utilisent des dimensions relatives, ce qui permet de modifier la taille depuis le navigateur:<\/p><ul><li>Sur Linux et Windows:<ul><li class=\"first-child\">Zoom avant: appuyez sur CTRL \u00ab+\u00bb<\/li><li>Zoom arri\u00e8re: appuyez sur CTRL \u00ab-\u00bb<\/li><li class=\"last-child\">R\u00e9tablir ou Taille originale: appuyez sur CTRL \u00ab0\u00bb (sauf sur Internet Explorer)<\/li><\/ul><\/li><li>Sur Mac:<ul><li class=\"first-child\">Zoom avant : appuyez sur COMMANDE \u00ab+\u00bb<\/li><li>Zoom arri\u00e8re : appuyez sur COMMANDE \u00ab-\u00bb<\/li><li class=\"last-child\">R\u00e9tablir ou Taille originale : appuyez sur COMMANDE \u00ab0\u00bb<\/li><\/ul><\/li><\/ul><p>Pour modifier la taille du texte, utilisez les commandes de votre navigateur:<\/p><ul><li class=\"first-child\">Internet Explorer: Dans la barre de menus, s\u00e9lectionnez Affichage &gt; Zoom &gt; Zoom avant ou Zoom arri\u00e8re, ou choisissez un pourcentage.<\/li><li>Firefox: Dans la barre de menus, s\u00e9lectionnez Affichage &gt; Zoom &gt; Zoom texte seulement, puis choisissez Agrandir ou R\u00e9duire dans le m\u00eame menu. Cela ne modifie que la taille du texte, tandis que les autres \u00e9l\u00e9ments de la page restent inchang\u00e9s. Si vous souhaitez modifier tous les \u00e9l\u00e9ments de la page, d\u00e9cochez Zoom texte seulement et s\u00e9lectionnez Affichage &gt; Agrandir ou R\u00e9duire. S\u00e9lectionnez R\u00e9initialiser pour revenir \u00e0 la taille originale.<\/li><li>Safari: Dans la barre de menus, s\u00e9lectionnez Pr\u00e9sentation &gt; Zoom sur le texte seulement, puis s\u00e9lectionnez Zoom avant ou Zoom arri\u00e8re. Cela ne modifie que la taille du texte. Pour modifier tous les \u00e9l\u00e9ments de la page, d\u00e9cochez Zoom sur le texte seulement et s\u00e9lectionnez Pr\u00e9sentation &gt; Zoom avant ou Zoom arri\u00e8re. S\u00e9lectionnez Taille r\u00e9elle pour revenir \u00e0 la vue originale.<\/li><li class=\"last-child\">Google Chrome: Dans la barre de menus, s\u00e9lectionnez Affichage &gt; Zoom avant ou Zoom arri\u00e8re. S\u00e9lectionnez Taille r\u00e9elle pour revenir \u00e0 la taille originale.<\/li><\/ul><h3 data-fontsize=\"40\" data-lineheight=\"60px\">Contenu optionnel<\/h3><p>Ce site applique les exigences de la norme <strong>UNE-EN 301549:2022<\/strong>. Interreg applique un processus d&rsquo;am\u00e9lioration continue et r\u00e9alise p\u00e9riodiquement des \u00e9valuations compl\u00e8tes de l&rsquo;accessibilit\u00e9.<\/p>\t\t\t\t\t\t\t\t<\/div>\n\t\t\t\t<\/div>\n\t\t\t\t<\/div>\n\t\t","protected":false},"excerpt":{"rendered":"<p>La Coop\u00e9ration Territoriale Europ\u00e9enne, connue sous le nom d&rsquo;Interreg, s&rsquo;est engag\u00e9e \u00e0 rendre ses sites web accessibles conform\u00e9ment au D\u00e9cret Royal 1112\/2018, du 7 septembre, relatif \u00e0 l&rsquo;accessibilit\u00e9 des sites web et des applications pour dispositifs mobiles du secteur public.. La pr\u00e9sente d\u00e9claration d&rsquo;accessibilit\u00e9 s&rsquo;applique au site web interreg-sudoe.eu. \u00c9tat de conformit\u00e9 Ce site web [&hellip;]<\/p>\n","protected":false},"author":1,"featured_media":0,"parent":0,"menu_order":0,"comment_status":"closed","ping_status":"closed","template":"","meta":{"_acf_changed":false,"content-type":"","_monsterinsights_skip_tracking":false,"_monsterinsights_sitenote_active":false,"_monsterinsights_sitenote_note":"","_monsterinsights_sitenote_category":0,"footnotes":""},"class_list":["post-62548","page","type-page","status-publish","hentry"],"acf":[],"yoast_head":"<!-- This site is optimized with the Yoast SEO plugin v27.2 - https:\/\/yoast.com\/product\/yoast-seo-wordpress\/ -->\n<title>D\u00e9claration d&#039;accessibilit\u00e9 - Interreg Sudoe<\/title>\n<meta name=\"robots\" content=\"index, follow, max-snippet:-1, max-image-preview:large, max-video-preview:-1\" \/>\n<link rel=\"canonical\" href=\"https:\/\/interreg-sudoe.eu\/fr\/declaration-daccessibilite\/\" \/>\n<meta property=\"og:locale\" content=\"fr_FR\" \/>\n<meta property=\"og:type\" content=\"article\" \/>\n<meta property=\"og:title\" content=\"D\u00e9claration d&#039;accessibilit\u00e9 - Interreg Sudoe\" \/>\n<meta property=\"og:description\" content=\"La Coop\u00e9ration Territoriale Europ\u00e9enne, connue sous le nom d&rsquo;Interreg, s&rsquo;est engag\u00e9e \u00e0 rendre ses sites web accessibles conform\u00e9ment au D\u00e9cret Royal 1112\/2018, du 7 septembre, relatif \u00e0 l&rsquo;accessibilit\u00e9 des sites web et des applications pour dispositifs mobiles du secteur public.. La pr\u00e9sente d\u00e9claration d&rsquo;accessibilit\u00e9 s&rsquo;applique au site web interreg-sudoe.eu. \u00c9tat de conformit\u00e9 Ce site web [&hellip;]\" \/>\n<meta property=\"og:url\" content=\"https:\/\/interreg-sudoe.eu\/fr\/declaration-daccessibilite\/\" \/>\n<meta property=\"og:site_name\" content=\"Interreg Sudoe\" \/>\n<meta property=\"article:publisher\" content=\"https:\/\/www.facebook.com\/interregsudoe\" \/>\n<meta property=\"article:modified_time\" content=\"2026-03-17T11:35:53+00:00\" \/>\n<meta property=\"og:image\" content=\"https:\/\/interreg-sudoe.eu\/wp-content\/uploads\/2024\/03\/download.png\" \/>\n\t<meta property=\"og:image:width\" content=\"344\" \/>\n\t<meta property=\"og:image:height\" content=\"147\" \/>\n\t<meta property=\"og:image:type\" content=\"image\/png\" \/>\n<meta name=\"twitter:card\" content=\"summary_large_image\" \/>\n<meta name=\"twitter:site\" content=\"@Sudoe5\" \/>\n<meta name=\"twitter:label1\" content=\"Dur\u00e9e de lecture estim\u00e9e\" \/>\n\t<meta name=\"twitter:data1\" content=\"4 minutes\" \/>\n<script type=\"application\/ld+json\" class=\"yoast-schema-graph\">{\"@context\":\"https:\/\/schema.org\",\"@graph\":[{\"@type\":\"WebPage\",\"@id\":\"https:\/\/interreg-sudoe.eu\/fr\/declaration-daccessibilite\/\",\"url\":\"https:\/\/interreg-sudoe.eu\/fr\/declaration-daccessibilite\/\",\"name\":\"D\u00e9claration d'accessibilit\u00e9 - Interreg Sudoe\",\"isPartOf\":{\"@id\":\"https:\/\/interreg-sudoe.eu\/fr\/#website\"},\"datePublished\":\"2026-03-17T09:55:21+00:00\",\"dateModified\":\"2026-03-17T11:35:53+00:00\",\"breadcrumb\":{\"@id\":\"https:\/\/interreg-sudoe.eu\/fr\/declaration-daccessibilite\/#breadcrumb\"},\"inLanguage\":\"fr-FR\",\"potentialAction\":[{\"@type\":\"ReadAction\",\"target\":[\"https:\/\/interreg-sudoe.eu\/fr\/declaration-daccessibilite\/\"]}]},{\"@type\":\"BreadcrumbList\",\"@id\":\"https:\/\/interreg-sudoe.eu\/fr\/declaration-daccessibilite\/#breadcrumb\",\"itemListElement\":[{\"@type\":\"ListItem\",\"position\":1,\"name\":\"Home\",\"item\":\"https:\/\/interreg-sudoe.eu\/fr\/\"},{\"@type\":\"ListItem\",\"position\":2,\"name\":\"D\u00e9claration d&#8217;accessibilit\u00e9\"}]},{\"@type\":\"WebSite\",\"@id\":\"https:\/\/interreg-sudoe.eu\/fr\/#website\",\"url\":\"https:\/\/interreg-sudoe.eu\/fr\/\",\"name\":\"Interreg Sudoe\",\"description\":\"Interreg Sudoe\",\"publisher\":{\"@id\":\"https:\/\/interreg-sudoe.eu\/fr\/#organization\"},\"alternateName\":\"Interreg Sudoe\",\"potentialAction\":[{\"@type\":\"SearchAction\",\"target\":{\"@type\":\"EntryPoint\",\"urlTemplate\":\"https:\/\/interreg-sudoe.eu\/fr\/?s={search_term_string}\"},\"query-input\":{\"@type\":\"PropertyValueSpecification\",\"valueRequired\":true,\"valueName\":\"search_term_string\"}}],\"inLanguage\":\"fr-FR\"},{\"@type\":\"Organization\",\"@id\":\"https:\/\/interreg-sudoe.eu\/fr\/#organization\",\"name\":\"Interreg Sudoe\",\"alternateName\":\"Interreg Sudoe\",\"url\":\"https:\/\/interreg-sudoe.eu\/fr\/\",\"logo\":{\"@type\":\"ImageObject\",\"inLanguage\":\"fr-FR\",\"@id\":\"https:\/\/interreg-sudoe.eu\/fr\/#\/schema\/logo\/image\/\",\"url\":\"https:\/\/interreg-sudoe.eu\/wp-content\/uploads\/2024\/03\/logo-interreg.png\",\"contentUrl\":\"https:\/\/interreg-sudoe.eu\/wp-content\/uploads\/2024\/03\/logo-interreg.png\",\"width\":1200,\"height\":675,\"caption\":\"Interreg Sudoe\"},\"image\":{\"@id\":\"https:\/\/interreg-sudoe.eu\/fr\/#\/schema\/logo\/image\/\"},\"sameAs\":[\"https:\/\/www.facebook.com\/interregsudoe\",\"https:\/\/x.com\/Sudoe5\",\"https:\/\/www.youtube.com\/channel\/UCeGx2edoB32beRc9dbKA2vw\",\"https:\/\/www.linkedin.com\/company\/interreg-sudoe-programme\/\",\"https:\/\/www.flickr.com\/photos\/148704685@N06\/\"]}]}<\/script>\n<!-- \/ Yoast SEO plugin. -->","yoast_head_json":{"title":"D\u00e9claration d'accessibilit\u00e9 - Interreg Sudoe","robots":{"index":"index","follow":"follow","max-snippet":"max-snippet:-1","max-image-preview":"max-image-preview:large","max-video-preview":"max-video-preview:-1"},"canonical":"https:\/\/interreg-sudoe.eu\/fr\/declaration-daccessibilite\/","og_locale":"fr_FR","og_type":"article","og_title":"D\u00e9claration d'accessibilit\u00e9 - Interreg Sudoe","og_description":"La Coop\u00e9ration Territoriale Europ\u00e9enne, connue sous le nom d&rsquo;Interreg, s&rsquo;est engag\u00e9e \u00e0 rendre ses sites web accessibles conform\u00e9ment au D\u00e9cret Royal 1112\/2018, du 7 septembre, relatif \u00e0 l&rsquo;accessibilit\u00e9 des sites web et des applications pour dispositifs mobiles du secteur public.. La pr\u00e9sente d\u00e9claration d&rsquo;accessibilit\u00e9 s&rsquo;applique au site web interreg-sudoe.eu. \u00c9tat de conformit\u00e9 Ce site web [&hellip;]","og_url":"https:\/\/interreg-sudoe.eu\/fr\/declaration-daccessibilite\/","og_site_name":"Interreg Sudoe","article_publisher":"https:\/\/www.facebook.com\/interregsudoe","article_modified_time":"2026-03-17T11:35:53+00:00","og_image":[{"width":344,"height":147,"url":"https:\/\/interreg-sudoe.eu\/wp-content\/uploads\/2024\/03\/download.png","type":"image\/png"}],"twitter_card":"summary_large_image","twitter_site":"@Sudoe5","twitter_misc":{"Dur\u00e9e de lecture estim\u00e9e":"4 minutes"},"schema":{"@context":"https:\/\/schema.org","@graph":[{"@type":"WebPage","@id":"https:\/\/interreg-sudoe.eu\/fr\/declaration-daccessibilite\/","url":"https:\/\/interreg-sudoe.eu\/fr\/declaration-daccessibilite\/","name":"D\u00e9claration d'accessibilit\u00e9 - Interreg Sudoe","isPartOf":{"@id":"https:\/\/interreg-sudoe.eu\/fr\/#website"},"datePublished":"2026-03-17T09:55:21+00:00","dateModified":"2026-03-17T11:35:53+00:00","breadcrumb":{"@id":"https:\/\/interreg-sudoe.eu\/fr\/declaration-daccessibilite\/#breadcrumb"},"inLanguage":"fr-FR","potentialAction":[{"@type":"ReadAction","target":["https:\/\/interreg-sudoe.eu\/fr\/declaration-daccessibilite\/"]}]},{"@type":"BreadcrumbList","@id":"https:\/\/interreg-sudoe.eu\/fr\/declaration-daccessibilite\/#breadcrumb","itemListElement":[{"@type":"ListItem","position":1,"name":"Home","item":"https:\/\/interreg-sudoe.eu\/fr\/"},{"@type":"ListItem","position":2,"name":"D\u00e9claration d&#8217;accessibilit\u00e9"}]},{"@type":"WebSite","@id":"https:\/\/interreg-sudoe.eu\/fr\/#website","url":"https:\/\/interreg-sudoe.eu\/fr\/","name":"Interreg Sudoe","description":"Interreg Sudoe","publisher":{"@id":"https:\/\/interreg-sudoe.eu\/fr\/#organization"},"alternateName":"Interreg Sudoe","potentialAction":[{"@type":"SearchAction","target":{"@type":"EntryPoint","urlTemplate":"https:\/\/interreg-sudoe.eu\/fr\/?s={search_term_string}"},"query-input":{"@type":"PropertyValueSpecification","valueRequired":true,"valueName":"search_term_string"}}],"inLanguage":"fr-FR"},{"@type":"Organization","@id":"https:\/\/interreg-sudoe.eu\/fr\/#organization","name":"Interreg Sudoe","alternateName":"Interreg Sudoe","url":"https:\/\/interreg-sudoe.eu\/fr\/","logo":{"@type":"ImageObject","inLanguage":"fr-FR","@id":"https:\/\/interreg-sudoe.eu\/fr\/#\/schema\/logo\/image\/","url":"https:\/\/interreg-sudoe.eu\/wp-content\/uploads\/2024\/03\/logo-interreg.png","contentUrl":"https:\/\/interreg-sudoe.eu\/wp-content\/uploads\/2024\/03\/logo-interreg.png","width":1200,"height":675,"caption":"Interreg Sudoe"},"image":{"@id":"https:\/\/interreg-sudoe.eu\/fr\/#\/schema\/logo\/image\/"},"sameAs":["https:\/\/www.facebook.com\/interregsudoe","https:\/\/x.com\/Sudoe5","https:\/\/www.youtube.com\/channel\/UCeGx2edoB32beRc9dbKA2vw","https:\/\/www.linkedin.com\/company\/interreg-sudoe-programme\/","https:\/\/www.flickr.com\/photos\/148704685@N06\/"]}]}},"_links":{"self":[{"href":"https:\/\/interreg-sudoe.eu\/fr\/wp-json\/wp\/v2\/pages\/62548","targetHints":{"allow":["GET"]}}],"collection":[{"href":"https:\/\/interreg-sudoe.eu\/fr\/wp-json\/wp\/v2\/pages"}],"about":[{"href":"https:\/\/interreg-sudoe.eu\/fr\/wp-json\/wp\/v2\/types\/page"}],"author":[{"embeddable":true,"href":"https:\/\/interreg-sudoe.eu\/fr\/wp-json\/wp\/v2\/users\/1"}],"replies":[{"embeddable":true,"href":"https:\/\/interreg-sudoe.eu\/fr\/wp-json\/wp\/v2\/comments?post=62548"}],"version-history":[{"count":3,"href":"https:\/\/interreg-sudoe.eu\/fr\/wp-json\/wp\/v2\/pages\/62548\/revisions"}],"predecessor-version":[{"id":62554,"href":"https:\/\/interreg-sudoe.eu\/fr\/wp-json\/wp\/v2\/pages\/62548\/revisions\/62554"}],"wp:attachment":[{"href":"https:\/\/interreg-sudoe.eu\/fr\/wp-json\/wp\/v2\/media?parent=62548"}],"curies":[{"name":"wp","href":"https:\/\/api.w.org\/{rel}","templated":true}]}}