{"id":18468,"date":"2023-12-20T13:14:24","date_gmt":"2023-12-20T12:14:24","guid":{"rendered":"https:\/\/interreg-sudoe.eu\/acerca-de-interreg-sudoe\/quien-es-quien-en-el-programa\/"},"modified":"2024-04-02T10:50:52","modified_gmt":"2024-04-02T08:50:52","slug":"quien-es-quien-en-el-programa","status":"publish","type":"page","link":"https:\/\/interreg-sudoe.eu\/pt-pt\/acerca-de-interreg-sudoe\/quien-es-quien-en-el-programa\/","title":{"rendered":"Quem \u00e9 quem no programa?"},"content":{"rendered":"\t\t<div data-elementor-type=\"wp-page\" data-elementor-id=\"18468\" class=\"elementor elementor-18468 elementor-7433\" data-elementor-post-type=\"page\">\n\t\t\t\t<div class=\"elementor-element elementor-element-b306655 e-flex e-con-boxed e-con e-parent\" data-id=\"b306655\" data-element_type=\"container\" data-e-type=\"container\" data-settings=\"{&quot;jet_parallax_layout_list&quot;:[]}\">\n\t\t\t\t\t<div class=\"e-con-inner\">\n\t\t<div class=\"elementor-element elementor-element-e5f6932 e-con-full e-flex e-con e-child\" data-id=\"e5f6932\" data-element_type=\"container\" data-e-type=\"container\" data-settings=\"{&quot;jet_parallax_layout_list&quot;:[]}\">\n\t\t\t\t<div class=\"elementor-element elementor-element-4c7e583 elementor-widget elementor-widget-heading\" data-id=\"4c7e583\" data-element_type=\"widget\" data-e-type=\"widget\" data-widget_type=\"heading.default\">\n\t\t\t\t\t<h2 class=\"elementor-heading-title elementor-size-default\">\n\nQuais s\u00e3o as Autoridades do Programa?<\/h2>\t\t\t\t<\/div>\n\t\t\t\t<\/div>\n\t\t\t\t\t<\/div>\n\t\t\t\t<\/div>\n\t\t<div class=\"elementor-element elementor-element-6a139a9 e-flex e-con-boxed e-con e-parent\" data-id=\"6a139a9\" data-element_type=\"container\" data-e-type=\"container\" data-settings=\"{&quot;jet_parallax_layout_list&quot;:[]}\">\n\t\t\t\t\t<div class=\"e-con-inner\">\n\t\t<div class=\"elementor-element elementor-element-47ccdd8 e-con-full e-flex e-con e-child\" data-id=\"47ccdd8\" data-element_type=\"container\" data-e-type=\"container\" data-settings=\"{&quot;jet_parallax_layout_list&quot;:[]}\">\n\t\t\t\t<div class=\"elementor-element elementor-element-e232500 elementor-widget elementor-widget-text-editor\" data-id=\"e232500\" data-element_type=\"widget\" data-e-type=\"widget\" data-widget_type=\"text-editor.default\">\n\t\t\t\t\t\t\t\t\t<p>O programa Interreg Sudoe \u00e9 gerido por uma s\u00e9rie de autoridades cujos pap\u00e9is e fun\u00e7\u00f5es s\u00e3o definidos pelos regulamentos.<\/p>\n\t\t\t\t\t\t\t\t<\/div>\n\t\t\t\t<\/div>\n\t\t\t\t\t<\/div>\n\t\t\t\t<\/div>\n\t\t<div class=\"elementor-element elementor-element-8bf26b4 e-flex e-con-boxed e-con e-parent\" data-id=\"8bf26b4\" data-element_type=\"container\" data-e-type=\"container\" data-settings=\"{&quot;background_background&quot;:&quot;classic&quot;,&quot;shape_divider_bottom&quot;:&quot;tilt&quot;,&quot;jet_parallax_layout_list&quot;:[]}\">\n\t\t\t\t\t<div class=\"e-con-inner\">\n\t\t\t\t<div class=\"elementor-shape elementor-shape-bottom\" aria-hidden=\"true\" data-negative=\"false\">\n\t\t\t<svg xmlns=\"http:\/\/www.w3.org\/2000\/svg\" viewBox=\"0 0 1000 100\" preserveAspectRatio=\"none\">\n\t<path class=\"elementor-shape-fill\" d=\"M0,6V0h1000v100L0,6z\"\/>\n<\/svg>\t\t<\/div>\n\t\t\t\t<div class=\"elementor-element elementor-element-1b06b7b elementor-widget elementor-widget-heading\" data-id=\"1b06b7b\" data-element_type=\"widget\" data-e-type=\"widget\" data-widget_type=\"heading.default\">\n\t\t\t\t\t<h2 class=\"elementor-heading-title elementor-size-default\">Convidamos voc\u00ea a conhecer quem \u00e9 quem no Sudoe!<\/h2>\t\t\t\t<\/div>\n\t\t\t\t\t<\/div>\n\t\t\t\t<\/div>\n\t\t<div class=\"elementor-element elementor-element-7d008db e-flex e-con-boxed e-con e-parent\" data-id=\"7d008db\" data-element_type=\"container\" data-e-type=\"container\" data-settings=\"{&quot;jet_parallax_layout_list&quot;:[],&quot;background_background&quot;:&quot;classic&quot;}\">\n\t\t\t\t\t<div class=\"e-con-inner\">\n\t\t\t\t<div class=\"elementor-element elementor-element-db27dad elementor-widget elementor-widget-heading\" data-id=\"db27dad\" data-element_type=\"widget\" data-e-type=\"widget\" data-widget_type=\"heading.default\">\n\t\t\t\t\t<h2 class=\"elementor-heading-title elementor-size-default\">O comit\u00e9 de acompanhamento<\/h2>\t\t\t\t<\/div>\n\t\t\t\t<div class=\"elementor-element elementor-element-c4fcc4b elementor-widget elementor-widget-text-editor\" data-id=\"c4fcc4b\" data-element_type=\"widget\" data-e-type=\"widget\" data-widget_type=\"text-editor.default\">\n\t\t\t\t\t\t\t\t\t<p>\u00c9 composto por representantes dos 4 Estados-Membros. Dirige o Programa, verifica a sua correta execu\u00e7\u00e3o e aprova os projetos a financiar.<\/p>\n<p style=\"text-align: justify;\">Consulte o seu regulamento interno, a lista dos seus membros e os resumos das suas decis\u00f5es.<\/p>\n\t\t\t\t\t\t\t\t<\/div>\n\t\t\t\t<div class=\"elementor-element elementor-element-1f34f91 elementor-widget elementor-widget-heading\" data-id=\"1f34f91\" data-element_type=\"widget\" data-e-type=\"widget\" data-widget_type=\"heading.default\">\n\t\t\t\t\t<h2 class=\"elementor-heading-title elementor-size-default\">Autoridade de Gest\u00e3o<\/h2>\t\t\t\t<\/div>\n\t\t\t\t<div class=\"elementor-element elementor-element-4e01d85 elementor-widget elementor-widget-text-editor\" data-id=\"4e01d85\" data-element_type=\"widget\" data-e-type=\"widget\" data-widget_type=\"text-editor.default\">\n\t\t\t\t\t\t\t\t\t<p style=\"text-align: justify;\"><span style=\"font-family: 'Open Sans', sans-serif; font-size: 11pt; color: var( --e-global-color-text ); font-weight: var( --e-global-typography-text-font-weight ); text-align: var(--text-align);\">A Autoridade de Gest\u00e3o \u00e9 respons\u00e1vel pela execu\u00e7\u00e3o e gest\u00e3o do Programa. A Consejer\u00eda de Econom\u00eda, Hacienda y Fondos Europeos del Gobierno de Cantabria (Espanha) \u00e9 a Autoridade de Gest\u00e3o do Programa Sudoe.<\/span><\/p>\n\t\t\t\t\t\t\t\t<\/div>\n\t\t\t\t\t<\/div>\n\t\t\t\t<\/div>\n\t\t<div class=\"elementor-element elementor-element-d757142 e-flex e-con-boxed e-con e-parent\" data-id=\"d757142\" data-element_type=\"container\" data-e-type=\"container\" data-settings=\"{&quot;jet_parallax_layout_list&quot;:[]}\">\n\t\t\t\t\t<div class=\"e-con-inner\">\n\t\t\t\t<div class=\"elementor-element elementor-element-191ddc5 elementor-widget elementor-widget-heading\" data-id=\"191ddc5\" data-element_type=\"widget\" data-e-type=\"widget\" data-widget_type=\"heading.default\">\n\t\t\t\t\t<h2 class=\"elementor-heading-title elementor-size-default\">O Secretariado Conjunto<\/h2>\t\t\t\t<\/div>\n\t\t\t\t<div class=\"elementor-element elementor-element-047da02 elementor-widget elementor-widget-text-editor\" data-id=\"047da02\" data-element_type=\"widget\" data-e-type=\"widget\" data-widget_type=\"text-editor.default\">\n\t\t\t\t\t\t\t\t\t<p>O Secretariado Conjunto assiste a Autoridade de Gest\u00e3o e o Comit\u00e9 de Acompanhamento na execu\u00e7\u00e3o do programa e dos projetos. \u00c9 o balc\u00e3o \u00fanico do Programa para todas as partes interessadas. Tem sede em Santander (Espanha).<\/p>\n\t\t\t\t\t\t\t\t<\/div>\n\t\t\t\t<div class=\"elementor-element elementor-element-da5bfac elementor-widget elementor-widget-heading\" data-id=\"da5bfac\" data-element_type=\"widget\" data-e-type=\"widget\" data-widget_type=\"heading.default\">\n\t\t\t\t\t<h2 class=\"elementor-heading-title elementor-size-default\">Autoridades nacionais<\/h2>\t\t\t\t<\/div>\n\t\t\t\t<div class=\"elementor-element elementor-element-4bcec67 elementor-widget elementor-widget-text-editor\" data-id=\"4bcec67\" data-element_type=\"widget\" data-e-type=\"widget\" data-widget_type=\"text-editor.default\">\n\t\t\t\t\t\t\t\t\t<p>S\u00e3o o ponto de refer\u00eancia para potenciais benefici\u00e1rios e benefici\u00e1rios a n\u00edvel nacional em cada Estado-Membro. Participam na divulga\u00e7\u00e3o do Programa e dos resultados dos projetos a n\u00edvel nacional, bem como no apoio aos benefici\u00e1rios durante a execu\u00e7\u00e3o administrativa e financeira dos projetos. Visite as <a href=\"https:\/\/interreg-sudoe.eu\/pt-pt\/las-autoridades-nacionales-del-sudoe\/\">p\u00e1ginas de cada Autoridade Nacional<\/a> para aceder aos seus dados de contacto e ficar a saber mais sobre as suas atividades.<\/p>\n\t\t\t\t\t\t\t\t<\/div>\n\t\t\t\t<div class=\"elementor-element elementor-element-a521989 elementor-widget elementor-widget-heading\" data-id=\"a521989\" data-element_type=\"widget\" data-e-type=\"widget\" data-widget_type=\"heading.default\">\n\t\t\t\t\t<h2 class=\"elementor-heading-title elementor-size-default\">A autoridade de auditoria<\/h2>\t\t\t\t<\/div>\n\t\t\t\t<div class=\"elementor-element elementor-element-960b698 elementor-widget elementor-widget-text-editor\" data-id=\"960b698\" data-element_type=\"widget\" data-e-type=\"widget\" data-widget_type=\"text-editor.default\">\n\t\t\t\t\t\t\t\t\t<p>Independentemente de outras autoridades do programa, realiza auditorias ao sistema de Gest\u00e3o e Controlo do programa, bem como auditorias de projetos.<\/p>\n<p>Proporciona \u00e0 Comiss\u00e3o Europeia uma garantia independente sobre o funcionamento eficaz do programa.<\/p><p><span style=\"font-size: 16px; color: var( --e-global-color-text ); font-family: var( --e-global-typography-text-font-family ), Vollkorn; font-weight: var( --e-global-typography-text-font-weight ); text-align: var(--text-align);\">A Interven\u00e7\u00e3o Geral da Administra\u00e7\u00e3o do Estado espanhol (IGAE), sediada em Madrid, \u00e9 a autoridade de auditoria do programa Sudoe. Para desempenhar suas fun\u00e7\u00f5es, recorre a um grupo de auditores independentes composto por um representante de cada estado membro.&nbsp;<\/span><\/p>\t\t\t\t\t\t\t\t<\/div>\n\t\t\t\t<div class=\"elementor-element elementor-element-b6db6a4 elementor-widget elementor-widget-heading\" data-id=\"b6db6a4\" data-element_type=\"widget\" data-e-type=\"widget\" data-widget_type=\"heading.default\">\n\t\t\t\t\t<h2 class=\"elementor-heading-title elementor-size-default\">Autoridade contabil\u00edstica<\/h2>\t\t\t\t<\/div>\n\t\t\t\t<div class=\"elementor-element elementor-element-ccd37e8 elementor-widget elementor-widget-text-editor\" data-id=\"ccd37e8\" data-element_type=\"widget\" data-e-type=\"widget\" data-widget_type=\"text-editor.default\">\n\t\t\t\t\t\t\t\t\t<p>Certifica as declara\u00e7\u00f5es de despesas e apresenta pedidos de pagamento \u00e0 Comiss\u00e3o Europeia. Recebe os pagamentos do FEDER da Comiss\u00e3o e garante o reembolso aos parceiros dos projetos. Tamb\u00e9m \u00e9 respons\u00e1vel pela elabora\u00e7\u00e3o das contas anuais. A Subdire\u00e7\u00e3o-Geral de Certifica\u00e7\u00e3o e Pagamentos da Dire\u00e7\u00e3o-Geral de Fundos Europeus do Minist\u00e9rio das Finan\u00e7as \u00e9 a Autoridade Contabil\u00edstica do programa.<\/p>\n\t\t\t\t\t\t\t\t<\/div>\n\t\t\t\t\t<\/div>\n\t\t\t\t<\/div>\n\t\t<div class=\"elementor-element elementor-element-7b3df90 e-flex e-con-boxed e-con e-parent\" data-id=\"7b3df90\" data-element_type=\"container\" data-e-type=\"container\" data-settings=\"{&quot;jet_parallax_layout_list&quot;:[]}\">\n\t\t\t\t\t<div class=\"e-con-inner\">\n\t\t\t\t\t<\/div>\n\t\t\t\t<\/div>\n\t\t<div class=\"elementor-element elementor-element-0b20d53 e-flex e-con-boxed e-con e-parent\" data-id=\"0b20d53\" data-element_type=\"container\" data-e-type=\"container\" data-settings=\"{&quot;jet_parallax_layout_list&quot;:[]}\">\n\t\t\t\t\t<div class=\"e-con-inner\">\n\t\t\t\t\t<\/div>\n\t\t\t\t<\/div>\n\t\t<div class=\"elementor-element elementor-element-f45f558 e-flex e-con-boxed e-con e-parent\" data-id=\"f45f558\" data-element_type=\"container\" data-e-type=\"container\" data-settings=\"{&quot;jet_parallax_layout_list&quot;:[]}\">\n\t\t\t\t\t<div class=\"e-con-inner\">\n\t\t\t\t\t<\/div>\n\t\t\t\t<\/div>\n\t\t<div class=\"elementor-element elementor-element-e747370 e-flex e-con-boxed e-con e-parent\" data-id=\"e747370\" data-element_type=\"container\" data-e-type=\"container\" data-settings=\"{&quot;jet_parallax_layout_list&quot;:[]}\">\n\t\t\t\t\t<div class=\"e-con-inner\">\n\t\t\t\t\t<\/div>\n\t\t\t\t<\/div>\n\t\t<div class=\"elementor-element elementor-element-0e376ef e-flex e-con-boxed e-con e-parent\" data-id=\"0e376ef\" data-element_type=\"container\" data-e-type=\"container\" data-settings=\"{&quot;jet_parallax_layout_list&quot;:[]}\">\n\t\t\t\t\t<div class=\"e-con-inner\">\n\t\t\t\t\t<\/div>\n\t\t\t\t<\/div>\n\t\t<div class=\"elementor-element elementor-element-1f6f687 e-flex e-con-boxed e-con e-parent\" data-id=\"1f6f687\" data-element_type=\"container\" data-e-type=\"container\" data-settings=\"{&quot;jet_parallax_layout_list&quot;:[]}\">\n\t\t\t\t\t<div class=\"e-con-inner\">\n\t\t\t\t\t<\/div>\n\t\t\t\t<\/div>\n\t\t<div class=\"elementor-element elementor-element-62c17cd e-flex e-con-boxed elementor-invisible e-con e-parent\" data-id=\"62c17cd\" data-element_type=\"container\" data-e-type=\"container\" data-settings=\"{&quot;animation&quot;:&quot;fadeInUp&quot;,&quot;jet_parallax_layout_list&quot;:[]}\">\n\t\t\t\t\t<div class=\"e-con-inner\">\n\t\t\t\t<div class=\"elementor-element elementor-element-6614766 elementor-widget elementor-widget-html\" data-id=\"6614766\" data-element_type=\"widget\" data-e-type=\"widget\" data-widget_type=\"html.default\">\n\t\t\t\t\t<script charset=\"utf-8\" type=\"text\/javascript\" src=\"\/\/js.hsforms.net\/forms\/embed\/v2.js\"><\/script><script>hbspt.forms.create({\n    region: \"na1\",\n    portalId: \"4251448\",\n    formId: \"00b7f44b-755c-4e07-b1e6-73fd8bd38235\"\n  });\n<\/script>\t\t\t\t<\/div>\n\t\t\t\t\t<\/div>\n\t\t\t\t<\/div>\n\t\t<div class=\"elementor-element elementor-element-395b11a e-flex e-con-boxed e-con e-parent\" data-id=\"395b11a\" data-element_type=\"container\" data-e-type=\"container\" data-settings=\"{&quot;jet_parallax_layout_list&quot;:[]}\">\n\t\t\t\t\t<div class=\"e-con-inner\">\n\t\t\t\t\t<\/div>\n\t\t\t\t<\/div>\n\t\t\t\t<\/div>\n\t\t","protected":false},"excerpt":{"rendered":"<p>Quais s\u00e3o as Autoridades do Programa? O programa Interreg Sudoe \u00e9 gerido por uma s\u00e9rie de autoridades cujos pap\u00e9is e fun\u00e7\u00f5es s\u00e3o definidos pelos regulamentos. Convidamos voc\u00ea a conhecer quem \u00e9 quem no Sudoe! O comit\u00e9 de acompanhamento \u00c9 composto por representantes dos 4 Estados-Membros. Dirige o Programa, verifica a sua correta execu\u00e7\u00e3o e aprova [&hellip;]<\/p>\n","protected":false},"author":1,"featured_media":0,"parent":18562,"menu_order":0,"comment_status":"closed","ping_status":"closed","template":"elementor_header_footer","meta":{"_acf_changed":false,"content-type":"","_monsterinsights_skip_tracking":false,"_monsterinsights_sitenote_active":false,"_monsterinsights_sitenote_note":"","_monsterinsights_sitenote_category":0,"footnotes":""},"class_list":["post-18468","page","type-page","status-publish","hentry"],"acf":[],"yoast_head":"<!-- This site is optimized with the Yoast SEO plugin v27.2 - https:\/\/yoast.com\/product\/yoast-seo-wordpress\/ -->\n<title>Quem \u00e9 quem no programa? - Interreg Sudoe<\/title>\n<meta name=\"robots\" content=\"index, follow, max-snippet:-1, max-image-preview:large, max-video-preview:-1\" \/>\n<link rel=\"canonical\" href=\"https:\/\/interreg-sudoe.eu\/pt-pt\/acerca-de-interreg-sudoe\/quien-es-quien-en-el-programa\/\" \/>\n<meta property=\"og:locale\" content=\"pt_PT\" \/>\n<meta property=\"og:type\" content=\"article\" \/>\n<meta property=\"og:title\" content=\"Quem \u00e9 quem no programa? - Interreg Sudoe\" \/>\n<meta property=\"og:description\" content=\"Quais s\u00e3o as Autoridades do Programa? O programa Interreg Sudoe \u00e9 gerido por uma s\u00e9rie de autoridades cujos pap\u00e9is e fun\u00e7\u00f5es s\u00e3o definidos pelos regulamentos. Convidamos voc\u00ea a conhecer quem \u00e9 quem no Sudoe! O comit\u00e9 de acompanhamento \u00c9 composto por representantes dos 4 Estados-Membros. Dirige o Programa, verifica a sua correta execu\u00e7\u00e3o e aprova [&hellip;]\" \/>\n<meta property=\"og:url\" content=\"https:\/\/interreg-sudoe.eu\/pt-pt\/acerca-de-interreg-sudoe\/quien-es-quien-en-el-programa\/\" \/>\n<meta property=\"og:site_name\" content=\"Interreg Sudoe\" \/>\n<meta property=\"article:publisher\" content=\"https:\/\/www.facebook.com\/interregsudoe\" \/>\n<meta property=\"article:modified_time\" content=\"2024-04-02T08:50:52+00:00\" \/>\n<meta property=\"og:image\" content=\"https:\/\/interreg-sudoe.eu\/wp-content\/uploads\/2024\/03\/download.png\" \/>\n\t<meta property=\"og:image:width\" content=\"344\" \/>\n\t<meta property=\"og:image:height\" content=\"147\" \/>\n\t<meta property=\"og:image:type\" content=\"image\/png\" \/>\n<meta name=\"twitter:card\" content=\"summary_large_image\" \/>\n<meta name=\"twitter:site\" content=\"@Sudoe5\" \/>\n<meta name=\"twitter:label1\" content=\"Tempo estimado de leitura\" \/>\n\t<meta name=\"twitter:data1\" content=\"2 minutos\" \/>\n<script type=\"application\/ld+json\" class=\"yoast-schema-graph\">{\"@context\":\"https:\/\/schema.org\",\"@graph\":[{\"@type\":\"WebPage\",\"@id\":\"https:\/\/interreg-sudoe.eu\/pt-pt\/acerca-de-interreg-sudoe\/quien-es-quien-en-el-programa\/\",\"url\":\"https:\/\/interreg-sudoe.eu\/pt-pt\/acerca-de-interreg-sudoe\/quien-es-quien-en-el-programa\/\",\"name\":\"Quem \u00e9 quem no programa? - Interreg Sudoe\",\"isPartOf\":{\"@id\":\"https:\/\/interreg-sudoe.eu\/pt-pt\/#website\"},\"datePublished\":\"2023-12-20T12:14:24+00:00\",\"dateModified\":\"2024-04-02T08:50:52+00:00\",\"breadcrumb\":{\"@id\":\"https:\/\/interreg-sudoe.eu\/pt-pt\/acerca-de-interreg-sudoe\/quien-es-quien-en-el-programa\/#breadcrumb\"},\"inLanguage\":\"pt-PT\",\"potentialAction\":[{\"@type\":\"ReadAction\",\"target\":[\"https:\/\/interreg-sudoe.eu\/pt-pt\/acerca-de-interreg-sudoe\/quien-es-quien-en-el-programa\/\"]}]},{\"@type\":\"BreadcrumbList\",\"@id\":\"https:\/\/interreg-sudoe.eu\/pt-pt\/acerca-de-interreg-sudoe\/quien-es-quien-en-el-programa\/#breadcrumb\",\"itemListElement\":[{\"@type\":\"ListItem\",\"position\":1,\"name\":\"Home\",\"item\":\"https:\/\/interreg-sudoe.eu\/pt-pt\/\"},{\"@type\":\"ListItem\",\"position\":2,\"name\":\"O que \u00e9 o Interreg?\",\"item\":\"https:\/\/interreg-sudoe.eu\/pt-pt\/acerca-de-interreg-sudoe\/\"},{\"@type\":\"ListItem\",\"position\":3,\"name\":\"Quem \u00e9 quem no programa?\"}]},{\"@type\":\"WebSite\",\"@id\":\"https:\/\/interreg-sudoe.eu\/pt-pt\/#website\",\"url\":\"https:\/\/interreg-sudoe.eu\/pt-pt\/\",\"name\":\"Interreg Sudoe\",\"description\":\"Interreg Sudoe\",\"publisher\":{\"@id\":\"https:\/\/interreg-sudoe.eu\/pt-pt\/#organization\"},\"alternateName\":\"Interreg Sudoe\",\"potentialAction\":[{\"@type\":\"SearchAction\",\"target\":{\"@type\":\"EntryPoint\",\"urlTemplate\":\"https:\/\/interreg-sudoe.eu\/pt-pt\/?s={search_term_string}\"},\"query-input\":{\"@type\":\"PropertyValueSpecification\",\"valueRequired\":true,\"valueName\":\"search_term_string\"}}],\"inLanguage\":\"pt-PT\"},{\"@type\":\"Organization\",\"@id\":\"https:\/\/interreg-sudoe.eu\/pt-pt\/#organization\",\"name\":\"Interreg Sudoe\",\"alternateName\":\"Interreg Sudoe\",\"url\":\"https:\/\/interreg-sudoe.eu\/pt-pt\/\",\"logo\":{\"@type\":\"ImageObject\",\"inLanguage\":\"pt-PT\",\"@id\":\"https:\/\/interreg-sudoe.eu\/pt-pt\/#\/schema\/logo\/image\/\",\"url\":\"https:\/\/interreg-sudoe.eu\/wp-content\/uploads\/2024\/03\/logo-interreg.png\",\"contentUrl\":\"https:\/\/interreg-sudoe.eu\/wp-content\/uploads\/2024\/03\/logo-interreg.png\",\"width\":1200,\"height\":675,\"caption\":\"Interreg Sudoe\"},\"image\":{\"@id\":\"https:\/\/interreg-sudoe.eu\/pt-pt\/#\/schema\/logo\/image\/\"},\"sameAs\":[\"https:\/\/www.facebook.com\/interregsudoe\",\"https:\/\/x.com\/Sudoe5\",\"https:\/\/www.youtube.com\/channel\/UCeGx2edoB32beRc9dbKA2vw\",\"https:\/\/www.linkedin.com\/company\/interreg-sudoe-programme\/\",\"https:\/\/www.flickr.com\/photos\/148704685@N06\/\"]}]}<\/script>\n<!-- \/ Yoast SEO plugin. -->","yoast_head_json":{"title":"Quem \u00e9 quem no programa? - Interreg Sudoe","robots":{"index":"index","follow":"follow","max-snippet":"max-snippet:-1","max-image-preview":"max-image-preview:large","max-video-preview":"max-video-preview:-1"},"canonical":"https:\/\/interreg-sudoe.eu\/pt-pt\/acerca-de-interreg-sudoe\/quien-es-quien-en-el-programa\/","og_locale":"pt_PT","og_type":"article","og_title":"Quem \u00e9 quem no programa? - Interreg Sudoe","og_description":"Quais s\u00e3o as Autoridades do Programa? O programa Interreg Sudoe \u00e9 gerido por uma s\u00e9rie de autoridades cujos pap\u00e9is e fun\u00e7\u00f5es s\u00e3o definidos pelos regulamentos. Convidamos voc\u00ea a conhecer quem \u00e9 quem no Sudoe! O comit\u00e9 de acompanhamento \u00c9 composto por representantes dos 4 Estados-Membros. Dirige o Programa, verifica a sua correta execu\u00e7\u00e3o e aprova [&hellip;]","og_url":"https:\/\/interreg-sudoe.eu\/pt-pt\/acerca-de-interreg-sudoe\/quien-es-quien-en-el-programa\/","og_site_name":"Interreg Sudoe","article_publisher":"https:\/\/www.facebook.com\/interregsudoe","article_modified_time":"2024-04-02T08:50:52+00:00","og_image":[{"width":344,"height":147,"url":"https:\/\/interreg-sudoe.eu\/wp-content\/uploads\/2024\/03\/download.png","type":"image\/png"}],"twitter_card":"summary_large_image","twitter_site":"@Sudoe5","twitter_misc":{"Tempo estimado de leitura":"2 minutos"},"schema":{"@context":"https:\/\/schema.org","@graph":[{"@type":"WebPage","@id":"https:\/\/interreg-sudoe.eu\/pt-pt\/acerca-de-interreg-sudoe\/quien-es-quien-en-el-programa\/","url":"https:\/\/interreg-sudoe.eu\/pt-pt\/acerca-de-interreg-sudoe\/quien-es-quien-en-el-programa\/","name":"Quem \u00e9 quem no programa? - Interreg Sudoe","isPartOf":{"@id":"https:\/\/interreg-sudoe.eu\/pt-pt\/#website"},"datePublished":"2023-12-20T12:14:24+00:00","dateModified":"2024-04-02T08:50:52+00:00","breadcrumb":{"@id":"https:\/\/interreg-sudoe.eu\/pt-pt\/acerca-de-interreg-sudoe\/quien-es-quien-en-el-programa\/#breadcrumb"},"inLanguage":"pt-PT","potentialAction":[{"@type":"ReadAction","target":["https:\/\/interreg-sudoe.eu\/pt-pt\/acerca-de-interreg-sudoe\/quien-es-quien-en-el-programa\/"]}]},{"@type":"BreadcrumbList","@id":"https:\/\/interreg-sudoe.eu\/pt-pt\/acerca-de-interreg-sudoe\/quien-es-quien-en-el-programa\/#breadcrumb","itemListElement":[{"@type":"ListItem","position":1,"name":"Home","item":"https:\/\/interreg-sudoe.eu\/pt-pt\/"},{"@type":"ListItem","position":2,"name":"O que \u00e9 o Interreg?","item":"https:\/\/interreg-sudoe.eu\/pt-pt\/acerca-de-interreg-sudoe\/"},{"@type":"ListItem","position":3,"name":"Quem \u00e9 quem no programa?"}]},{"@type":"WebSite","@id":"https:\/\/interreg-sudoe.eu\/pt-pt\/#website","url":"https:\/\/interreg-sudoe.eu\/pt-pt\/","name":"Interreg Sudoe","description":"Interreg Sudoe","publisher":{"@id":"https:\/\/interreg-sudoe.eu\/pt-pt\/#organization"},"alternateName":"Interreg Sudoe","potentialAction":[{"@type":"SearchAction","target":{"@type":"EntryPoint","urlTemplate":"https:\/\/interreg-sudoe.eu\/pt-pt\/?s={search_term_string}"},"query-input":{"@type":"PropertyValueSpecification","valueRequired":true,"valueName":"search_term_string"}}],"inLanguage":"pt-PT"},{"@type":"Organization","@id":"https:\/\/interreg-sudoe.eu\/pt-pt\/#organization","name":"Interreg Sudoe","alternateName":"Interreg Sudoe","url":"https:\/\/interreg-sudoe.eu\/pt-pt\/","logo":{"@type":"ImageObject","inLanguage":"pt-PT","@id":"https:\/\/interreg-sudoe.eu\/pt-pt\/#\/schema\/logo\/image\/","url":"https:\/\/interreg-sudoe.eu\/wp-content\/uploads\/2024\/03\/logo-interreg.png","contentUrl":"https:\/\/interreg-sudoe.eu\/wp-content\/uploads\/2024\/03\/logo-interreg.png","width":1200,"height":675,"caption":"Interreg Sudoe"},"image":{"@id":"https:\/\/interreg-sudoe.eu\/pt-pt\/#\/schema\/logo\/image\/"},"sameAs":["https:\/\/www.facebook.com\/interregsudoe","https:\/\/x.com\/Sudoe5","https:\/\/www.youtube.com\/channel\/UCeGx2edoB32beRc9dbKA2vw","https:\/\/www.linkedin.com\/company\/interreg-sudoe-programme\/","https:\/\/www.flickr.com\/photos\/148704685@N06\/"]}]}},"_links":{"self":[{"href":"https:\/\/interreg-sudoe.eu\/pt-pt\/wp-json\/wp\/v2\/pages\/18468","targetHints":{"allow":["GET"]}}],"collection":[{"href":"https:\/\/interreg-sudoe.eu\/pt-pt\/wp-json\/wp\/v2\/pages"}],"about":[{"href":"https:\/\/interreg-sudoe.eu\/pt-pt\/wp-json\/wp\/v2\/types\/page"}],"author":[{"embeddable":true,"href":"https:\/\/interreg-sudoe.eu\/pt-pt\/wp-json\/wp\/v2\/users\/1"}],"replies":[{"embeddable":true,"href":"https:\/\/interreg-sudoe.eu\/pt-pt\/wp-json\/wp\/v2\/comments?post=18468"}],"version-history":[{"count":0,"href":"https:\/\/interreg-sudoe.eu\/pt-pt\/wp-json\/wp\/v2\/pages\/18468\/revisions"}],"up":[{"embeddable":true,"href":"https:\/\/interreg-sudoe.eu\/pt-pt\/wp-json\/wp\/v2\/pages\/18562"}],"wp:attachment":[{"href":"https:\/\/interreg-sudoe.eu\/pt-pt\/wp-json\/wp\/v2\/media?parent=18468"}],"curies":[{"name":"wp","href":"https:\/\/api.w.org\/{rel}","templated":true}]}}