{"id":18616,"date":"2023-12-21T10:46:16","date_gmt":"2023-12-21T09:46:16","guid":{"rendered":"https:\/\/interreg-sudoe.eu\/convocatorias-cerradas\/"},"modified":"2025-09-12T13:30:48","modified_gmt":"2025-09-12T11:30:48","slug":"convocatorias-cerradas","status":"publish","type":"page","link":"https:\/\/interreg-sudoe.eu\/pt-pt\/convocatorias-cerradas\/","title":{"rendered":"Resultados 1\u00aa convocat\u00f3ria"},"content":{"rendered":"\t\t<div data-elementor-type=\"wp-page\" data-elementor-id=\"18616\" class=\"elementor elementor-18616 elementor-7561\" data-elementor-post-type=\"page\">\n\t\t\t\t<div class=\"elementor-element elementor-element-5e69b8d e-con-full e-flex e-con e-parent\" data-id=\"5e69b8d\" data-element_type=\"container\" data-e-type=\"container\" data-settings=\"{&quot;jet_parallax_layout_list&quot;:[]}\">\n\t\t\t\t<div class=\"elementor-element elementor-element-9052de6 elementor-widget elementor-widget-image\" data-id=\"9052de6\" data-element_type=\"widget\" data-e-type=\"widget\" data-widget_type=\"image.default\">\n\t\t\t\t\t\t\t\t\t\t\t\t<figure class=\"wp-caption\">\n\t\t\t\t\t\t\t\t\t\t<img fetchpriority=\"high\" decoding=\"async\" width=\"1980\" height=\"686\" src=\"https:\/\/interreg-sudoe.eu\/wp-content\/uploads\/2025\/09\/FOTO_1a_CONVOCATORIA-e1757668227428.jpg\" class=\"attachment-full size-full wp-image-51637\" alt=\"\" srcset=\"https:\/\/interreg-sudoe.eu\/wp-content\/uploads\/2025\/09\/FOTO_1a_CONVOCATORIA-e1757668227428.jpg 1980w, https:\/\/interreg-sudoe.eu\/wp-content\/uploads\/2025\/09\/FOTO_1a_CONVOCATORIA-e1757668227428-300x104.jpg 300w, https:\/\/interreg-sudoe.eu\/wp-content\/uploads\/2025\/09\/FOTO_1a_CONVOCATORIA-e1757668227428-1024x355.jpg 1024w, https:\/\/interreg-sudoe.eu\/wp-content\/uploads\/2025\/09\/FOTO_1a_CONVOCATORIA-e1757668227428-768x266.jpg 768w, https:\/\/interreg-sudoe.eu\/wp-content\/uploads\/2025\/09\/FOTO_1a_CONVOCATORIA-e1757668227428-1536x532.jpg 1536w\" sizes=\"(max-width: 1980px) 100vw, 1980px\" \/>\t\t\t\t\t\t\t\t\t\t\t<figcaption class=\"widget-image-caption wp-caption-text\">Cerim\u00f3nia de assinatura dos acordos de concess\u00e3o da ajuda FEDER, Santander, 16\/04\/2024<\/figcaption>\n\t\t\t\t\t\t\t\t\t\t<\/figure>\n\t\t\t\t\t\t\t\t\t<\/div>\n\t\t\t\t<\/div>\n\t\t<div class=\"elementor-element elementor-element-86ff1ed e-flex e-con-boxed e-con e-parent\" data-id=\"86ff1ed\" data-element_type=\"container\" data-e-type=\"container\" data-settings=\"{&quot;jet_parallax_layout_list&quot;:[]}\">\n\t\t\t\t\t<div class=\"e-con-inner\">\n\t\t\t\t<div class=\"elementor-element elementor-element-a46b275 elementor-widget elementor-widget-heading\" data-id=\"a46b275\" data-element_type=\"widget\" data-e-type=\"widget\" data-widget_type=\"heading.default\">\n\t\t\t\t\t<h2 class=\"elementor-heading-title elementor-size-default\">Primeira convocat\u00f3ria - resultados<\/h2>\t\t\t\t<\/div>\n\t\t\t\t\t<\/div>\n\t\t\t\t<\/div>\n\t\t<div class=\"elementor-element elementor-element-159077d e-flex e-con-boxed e-con e-parent\" data-id=\"159077d\" data-element_type=\"container\" data-e-type=\"container\" data-settings=\"{&quot;jet_parallax_layout_list&quot;:[]}\">\n\t\t\t\t\t<div class=\"e-con-inner\">\n\t\t<div class=\"elementor-element elementor-element-3115145 e-grid e-con-boxed e-con e-child\" data-id=\"3115145\" data-element_type=\"container\" data-e-type=\"container\" data-settings=\"{&quot;jet_parallax_layout_list&quot;:[]}\">\n\t\t\t\t\t<div class=\"e-con-inner\">\n\t\t\t\t<div class=\"elementor-element elementor-element-2e84e0e elementor-widget elementor-widget-text-editor\" data-id=\"2e84e0e\" data-element_type=\"widget\" data-e-type=\"widget\" data-widget_type=\"text-editor.default\">\n\t\t\t\t\t\t\t\t\t<p>O texto oficial da primeira convocat\u00f3ria foi divulgado no dia <strong>25 de janeiro de 2023<\/strong> e os promotores de projetos puderam apresentar as suas candidaturas desde o dia <strong>1 at\u00e9 31 de mar\u00e7o de 2023.<\/strong><\/p><p>Esta primeira convocat\u00f3ria contou com um or\u00e7amento FEDER de <strong>48,1 milh\u00f5es de euros<\/strong>.<\/p><p>Estava aberta aos objetivos espec\u00edficos das <a href=\"https:\/\/interreg-sudoe.eu\/pt-pt\/acerca-de-interreg-sudoe\/quais-sao-os-dominios-de-cooperacao\/\"><strong>prioridades 1, 2 e 3<\/strong><\/a><strong> (exceto o OE 4.1)<\/strong>.<\/p><p>Na primeira fase, foram recebidas <strong>144 candidaturas<\/strong>.<\/p><p>O Comit\u00e9 de Acompanhamento, reunido em Bragan\u00e7a (Portugal) dia 6 de julho de 2023, autorizou <strong>71 projetos<\/strong> a passar \u00e0 segunda fase.<\/p>\t\t\t\t\t\t\t\t<\/div>\n\t\t\t\t<div class=\"elementor-element elementor-element-5051a10 elementor-widget elementor-widget-html\" data-id=\"5051a10\" data-element_type=\"widget\" data-e-type=\"widget\" data-widget_type=\"html.default\">\n\t\t\t\t\t<iframe width=\"560\" height=\"315\" src=\"https:\/\/www.youtube.com\/embed\/p1dr-4Ipcnw?si=gvR5WCoZdvKtm-MH\" title=\"YouTube video player\" frameborder=\"0\" allow=\"accelerometer; autoplay; clipboard-write; encrypted-media; gyroscope; picture-in-picture; web-share\" referrerpolicy=\"strict-origin-when-cross-origin\" allowfullscreen><\/iframe>\t\t\t\t<\/div>\n\t\t\t\t\t<\/div>\n\t\t\t\t<\/div>\n\t\t\t\t<div class=\"elementor-element elementor-element-f054ec7 elementor-widget elementor-widget-text-editor\" data-id=\"f054ec7\" data-element_type=\"widget\" data-e-type=\"widget\" data-widget_type=\"text-editor.default\">\n\t\t\t\t\t\t\t\t\t<p>A <strong>segunda fase<\/strong> decorreu do dia 17 de julho a 11 de outubro de 2023. <strong>69 projetos <\/strong>conclu\u00edram a sua candidatura.<\/p><p>O Comit\u00e9 de Acompanhamento realizado dia 5 de dezembro de 2023 selecionou <strong>34 projetos<\/strong> que foram finalmente programados ap\u00f3s a consolida\u00e7\u00e3o administrativa dos respetivos dossiers de candidatura.<\/p><p>Esses 34 projetos tiveram in\u00edcio em 1 de janeiro de 2024 e decorrer\u00e3o at\u00e9 31 de dezembro de 2026, no m\u00e1ximo.<\/p><p>Para conhecer os projetos financiados, consulte <a href=\"https:\/\/interreg-sudoe.eu\/pt-pt\/lista-de-projectos-27\/\">os seus sites dedicados.<\/a><\/p>\t\t\t\t\t\t\t\t<\/div>\n\t\t\t\t<div class=\"elementor-element elementor-element-9111ba5 elementor-widget elementor-widget-heading\" data-id=\"9111ba5\" data-element_type=\"widget\" data-e-type=\"widget\" data-widget_type=\"heading.default\">\n\t\t\t\t\t<h2 class=\"elementor-heading-title elementor-size-default\">Documentos e recursos da primeira convocat\u00f3ria <\/h2>\t\t\t\t<\/div>\n\t\t<div class=\"elementor-element elementor-element-650fd69 e-grid e-con-full e-con e-child\" data-id=\"650fd69\" data-element_type=\"container\" data-e-type=\"container\" data-settings=\"{&quot;jet_parallax_layout_list&quot;:[]}\">\n\t\t\t\t<div class=\"elementor-element elementor-element-bbb27a9 elementor-widget elementor-widget-jet-button\" data-id=\"bbb27a9\" data-element_type=\"widget\" data-e-type=\"widget\" data-widget_type=\"jet-button.default\">\n\t\t\t\t<div class=\"elementor-widget-container\">\n\t\t\t\t\t<div class=\"elementor-jet-button jet-elements\"><div class=\"jet-button__container\">\n\t<a class=\"jet-button__instance jet-button__instance--icon-left hover-effect-0\" href=\"https:\/\/interreg-sudoe.eu\/wp-content\/uploads\/2024\/10\/Texto_oficial_primeira_convocatoria_PT_17_07_2023-1.pdf\" target=\"_blank\">\n\t\t<div class=\"jet-button__plane jet-button__plane-normal\"><\/div>\n\t\t<div class=\"jet-button__plane jet-button__plane-hover\"><\/div>\n\t\t<div class=\"jet-button__state jet-button__state-normal\">\n\t\t\t<span class=\"jet-button__label\">Texto oficial da convocat\u00f3ria (1.\u00aa e 2.\u00aa fases)<\/span>\t\t<\/div>\n\t\t<div class=\"jet-button__state jet-button__state-hover\">\n\t\t\t<span class=\"jet-button__label\">Texto oficial da convocat\u00f3ria (1.\u00aa e 2.\u00aa fases)<\/span>\t\t<\/div>\n\t<\/a>\n<\/div>\n<\/div>\t\t\t\t<\/div>\n\t\t\t\t<\/div>\n\t\t\t\t<div class=\"elementor-element elementor-element-95e54c4 elementor-widget elementor-widget-jet-button\" data-id=\"95e54c4\" data-element_type=\"widget\" data-e-type=\"widget\" data-widget_type=\"jet-button.default\">\n\t\t\t\t<div class=\"elementor-widget-container\">\n\t\t\t\t\t<div class=\"elementor-jet-button jet-elements\"><div class=\"jet-button__container\">\n\t<a class=\"jet-button__instance jet-button__instance--icon-left hover-effect-0\" href=\"https:\/\/www.youtube.com\/playlist?list=PLnADQV9aO-NM909nyEdflRInHjVxLg3Rb\" target=\"_blank\">\n\t\t<div class=\"jet-button__plane jet-button__plane-normal\"><\/div>\n\t\t<div class=\"jet-button__plane jet-button__plane-hover\"><\/div>\n\t\t<div class=\"jet-button__state jet-button__state-normal\">\n\t\t\t<span class=\"jet-button__label\">Semin\u00e1rio de lan\u00e7amento<\/span>\t\t<\/div>\n\t\t<div class=\"jet-button__state jet-button__state-hover\">\n\t\t\t<span class=\"jet-button__label\">Semin\u00e1rio de lan\u00e7amento<\/span>\t\t<\/div>\n\t<\/a>\n<\/div>\n<\/div>\t\t\t\t<\/div>\n\t\t\t\t<\/div>\n\t\t\t\t<div class=\"elementor-element elementor-element-b9f9989 elementor-widget elementor-widget-jet-button\" data-id=\"b9f9989\" data-element_type=\"widget\" data-e-type=\"widget\" data-widget_type=\"jet-button.default\">\n\t\t\t\t<div class=\"elementor-widget-container\">\n\t\t\t\t\t<div class=\"elementor-jet-button jet-elements\"><div class=\"jet-button__container\">\n\t<a class=\"jet-button__instance jet-button__instance--icon-left hover-effect-0\" href=\"https:\/\/interreg-sudoe.eu\/wp-content\/uploads\/2024\/03\/clasificacion_proyectos_1aC_1aF_17072023.pdf\" target=\"_blank\">\n\t\t<div class=\"jet-button__plane jet-button__plane-normal\"><\/div>\n\t\t<div class=\"jet-button__plane jet-button__plane-hover\"><\/div>\n\t\t<div class=\"jet-button__state jet-button__state-normal\">\n\t\t\t<span class=\"jet-button__label\">Classifica\u00e7\u00e3o dos projetos da 1.\u00aa fase<\/span>\t\t<\/div>\n\t\t<div class=\"jet-button__state jet-button__state-hover\">\n\t\t\t<span class=\"jet-button__label\">Classifica\u00e7\u00e3o dos projetos da 1.\u00aa fase<\/span>\t\t<\/div>\n\t<\/a>\n<\/div>\n<\/div>\t\t\t\t<\/div>\n\t\t\t\t<\/div>\n\t\t\t\t<div class=\"elementor-element elementor-element-8bced07 elementor-widget elementor-widget-jet-button\" data-id=\"8bced07\" data-element_type=\"widget\" data-e-type=\"widget\" data-widget_type=\"jet-button.default\">\n\t\t\t\t<div class=\"elementor-widget-container\">\n\t\t\t\t\t<div class=\"elementor-jet-button jet-elements\"><div class=\"jet-button__container\">\n\t<a class=\"jet-button__instance jet-button__instance--icon-left hover-effect-0\" href=\"https:\/\/interreg-sudoe.eu\/wp-content\/uploads\/2024\/03\/Ranking_web-_21022024.pdf\" target=\"_blank\">\n\t\t<div class=\"jet-button__plane jet-button__plane-normal\"><\/div>\n\t\t<div class=\"jet-button__plane jet-button__plane-hover\"><\/div>\n\t\t<div class=\"jet-button__state jet-button__state-normal\">\n\t\t\t<span class=\"jet-button__label\">Classifica\u00e7\u00e3o dos projetos da 2.\u00aa fase<\/span>\t\t<\/div>\n\t\t<div class=\"jet-button__state jet-button__state-hover\">\n\t\t\t<span class=\"jet-button__label\">Classifica\u00e7\u00e3o dos projetos da 2.\u00aa fase<\/span>\t\t<\/div>\n\t<\/a>\n<\/div>\n<\/div>\t\t\t\t<\/div>\n\t\t\t\t<\/div>\n\t\t\t\t<\/div>\n\t\t\t\t\t<\/div>\n\t\t\t\t<\/div>\n\t\t\t\t<\/div>\n\t\t","protected":false},"excerpt":{"rendered":"<p>Cerim\u00f3nia de assinatura dos acordos de concess\u00e3o da ajuda FEDER, Santander, 16\/04\/2024 Primeira convocat\u00f3ria &#8211; resultados O texto oficial da primeira convocat\u00f3ria foi divulgado no dia 25 de janeiro de 2023 e os promotores de projetos puderam apresentar as suas candidaturas desde o dia 1 at\u00e9 31 de mar\u00e7o de 2023. Esta primeira convocat\u00f3ria contou [&hellip;]<\/p>\n","protected":false},"author":1,"featured_media":0,"parent":0,"menu_order":0,"comment_status":"closed","ping_status":"closed","template":"","meta":{"_acf_changed":false,"content-type":"","_monsterinsights_skip_tracking":false,"_monsterinsights_sitenote_active":false,"_monsterinsights_sitenote_note":"","_monsterinsights_sitenote_category":0,"footnotes":""},"class_list":["post-18616","page","type-page","status-publish","hentry"],"acf":[],"yoast_head":"<!-- This site is optimized with the Yoast SEO plugin v27.2 - https:\/\/yoast.com\/product\/yoast-seo-wordpress\/ -->\n<title>Resultados 1\u00aa convocat\u00f3ria - Interreg Sudoe<\/title>\n<meta name=\"robots\" content=\"index, follow, max-snippet:-1, max-image-preview:large, max-video-preview:-1\" \/>\n<link rel=\"canonical\" href=\"https:\/\/interreg-sudoe.eu\/pt-pt\/convocatorias-cerradas\/\" \/>\n<meta property=\"og:locale\" content=\"pt_PT\" \/>\n<meta property=\"og:type\" content=\"article\" \/>\n<meta property=\"og:title\" content=\"Resultados 1\u00aa convocat\u00f3ria - Interreg Sudoe\" \/>\n<meta property=\"og:description\" content=\"Cerim\u00f3nia de assinatura dos acordos de concess\u00e3o da ajuda FEDER, Santander, 16\/04\/2024 Primeira convocat\u00f3ria &#8211; resultados O texto oficial da primeira convocat\u00f3ria foi divulgado no dia 25 de janeiro de 2023 e os promotores de projetos puderam apresentar as suas candidaturas desde o dia 1 at\u00e9 31 de mar\u00e7o de 2023. Esta primeira convocat\u00f3ria contou [&hellip;]\" \/>\n<meta property=\"og:url\" content=\"https:\/\/interreg-sudoe.eu\/pt-pt\/convocatorias-cerradas\/\" \/>\n<meta property=\"og:site_name\" content=\"Interreg Sudoe\" \/>\n<meta property=\"article:publisher\" content=\"https:\/\/www.facebook.com\/interregsudoe\" \/>\n<meta property=\"article:modified_time\" content=\"2025-09-12T11:30:48+00:00\" \/>\n<meta property=\"og:image\" content=\"https:\/\/interreg-sudoe.eu\/wp-content\/uploads\/2025\/09\/FOTO_1a_CONVOCATORIA-e1757668227428.jpg\" \/>\n\t<meta property=\"og:image:width\" content=\"1980\" \/>\n\t<meta property=\"og:image:height\" content=\"686\" \/>\n\t<meta property=\"og:image:type\" content=\"image\/jpeg\" \/>\n<meta name=\"twitter:card\" content=\"summary_large_image\" \/>\n<meta name=\"twitter:site\" content=\"@Sudoe5\" \/>\n<meta name=\"twitter:label1\" content=\"Tempo estimado de leitura\" \/>\n\t<meta name=\"twitter:data1\" content=\"1 minuto\" \/>\n<script type=\"application\/ld+json\" class=\"yoast-schema-graph\">{\"@context\":\"https:\/\/schema.org\",\"@graph\":[{\"@type\":\"WebPage\",\"@id\":\"https:\/\/interreg-sudoe.eu\/pt-pt\/convocatorias-cerradas\/\",\"url\":\"https:\/\/interreg-sudoe.eu\/pt-pt\/convocatorias-cerradas\/\",\"name\":\"Resultados 1\u00aa convocat\u00f3ria - Interreg Sudoe\",\"isPartOf\":{\"@id\":\"https:\/\/interreg-sudoe.eu\/pt-pt\/#website\"},\"primaryImageOfPage\":{\"@id\":\"https:\/\/interreg-sudoe.eu\/pt-pt\/convocatorias-cerradas\/#primaryimage\"},\"image\":{\"@id\":\"https:\/\/interreg-sudoe.eu\/pt-pt\/convocatorias-cerradas\/#primaryimage\"},\"thumbnailUrl\":\"https:\/\/interreg-sudoe.eu\/wp-content\/uploads\/2025\/09\/FOTO_1a_CONVOCATORIA-e1757668227428.jpg\",\"datePublished\":\"2023-12-21T09:46:16+00:00\",\"dateModified\":\"2025-09-12T11:30:48+00:00\",\"breadcrumb\":{\"@id\":\"https:\/\/interreg-sudoe.eu\/pt-pt\/convocatorias-cerradas\/#breadcrumb\"},\"inLanguage\":\"pt-PT\",\"potentialAction\":[{\"@type\":\"ReadAction\",\"target\":[\"https:\/\/interreg-sudoe.eu\/pt-pt\/convocatorias-cerradas\/\"]}]},{\"@type\":\"ImageObject\",\"inLanguage\":\"pt-PT\",\"@id\":\"https:\/\/interreg-sudoe.eu\/pt-pt\/convocatorias-cerradas\/#primaryimage\",\"url\":\"https:\/\/interreg-sudoe.eu\/wp-content\/uploads\/2025\/09\/FOTO_1a_CONVOCATORIA-e1757668227428.jpg\",\"contentUrl\":\"https:\/\/interreg-sudoe.eu\/wp-content\/uploads\/2025\/09\/FOTO_1a_CONVOCATORIA-e1757668227428.jpg\"},{\"@type\":\"BreadcrumbList\",\"@id\":\"https:\/\/interreg-sudoe.eu\/pt-pt\/convocatorias-cerradas\/#breadcrumb\",\"itemListElement\":[{\"@type\":\"ListItem\",\"position\":1,\"name\":\"Home\",\"item\":\"https:\/\/interreg-sudoe.eu\/pt-pt\/\"},{\"@type\":\"ListItem\",\"position\":2,\"name\":\"Resultados 1\u00aa convocat\u00f3ria\"}]},{\"@type\":\"WebSite\",\"@id\":\"https:\/\/interreg-sudoe.eu\/pt-pt\/#website\",\"url\":\"https:\/\/interreg-sudoe.eu\/pt-pt\/\",\"name\":\"Interreg Sudoe\",\"description\":\"Interreg Sudoe\",\"publisher\":{\"@id\":\"https:\/\/interreg-sudoe.eu\/pt-pt\/#organization\"},\"alternateName\":\"Interreg Sudoe\",\"potentialAction\":[{\"@type\":\"SearchAction\",\"target\":{\"@type\":\"EntryPoint\",\"urlTemplate\":\"https:\/\/interreg-sudoe.eu\/pt-pt\/?s={search_term_string}\"},\"query-input\":{\"@type\":\"PropertyValueSpecification\",\"valueRequired\":true,\"valueName\":\"search_term_string\"}}],\"inLanguage\":\"pt-PT\"},{\"@type\":\"Organization\",\"@id\":\"https:\/\/interreg-sudoe.eu\/pt-pt\/#organization\",\"name\":\"Interreg Sudoe\",\"alternateName\":\"Interreg Sudoe\",\"url\":\"https:\/\/interreg-sudoe.eu\/pt-pt\/\",\"logo\":{\"@type\":\"ImageObject\",\"inLanguage\":\"pt-PT\",\"@id\":\"https:\/\/interreg-sudoe.eu\/pt-pt\/#\/schema\/logo\/image\/\",\"url\":\"https:\/\/interreg-sudoe.eu\/wp-content\/uploads\/2024\/03\/logo-interreg.png\",\"contentUrl\":\"https:\/\/interreg-sudoe.eu\/wp-content\/uploads\/2024\/03\/logo-interreg.png\",\"width\":1200,\"height\":675,\"caption\":\"Interreg Sudoe\"},\"image\":{\"@id\":\"https:\/\/interreg-sudoe.eu\/pt-pt\/#\/schema\/logo\/image\/\"},\"sameAs\":[\"https:\/\/www.facebook.com\/interregsudoe\",\"https:\/\/x.com\/Sudoe5\",\"https:\/\/www.youtube.com\/channel\/UCeGx2edoB32beRc9dbKA2vw\",\"https:\/\/www.linkedin.com\/company\/interreg-sudoe-programme\/\",\"https:\/\/www.flickr.com\/photos\/148704685@N06\/\"]}]}<\/script>\n<!-- \/ Yoast SEO plugin. -->","yoast_head_json":{"title":"Resultados 1\u00aa convocat\u00f3ria - Interreg Sudoe","robots":{"index":"index","follow":"follow","max-snippet":"max-snippet:-1","max-image-preview":"max-image-preview:large","max-video-preview":"max-video-preview:-1"},"canonical":"https:\/\/interreg-sudoe.eu\/pt-pt\/convocatorias-cerradas\/","og_locale":"pt_PT","og_type":"article","og_title":"Resultados 1\u00aa convocat\u00f3ria - Interreg Sudoe","og_description":"Cerim\u00f3nia de assinatura dos acordos de concess\u00e3o da ajuda FEDER, Santander, 16\/04\/2024 Primeira convocat\u00f3ria &#8211; resultados O texto oficial da primeira convocat\u00f3ria foi divulgado no dia 25 de janeiro de 2023 e os promotores de projetos puderam apresentar as suas candidaturas desde o dia 1 at\u00e9 31 de mar\u00e7o de 2023. Esta primeira convocat\u00f3ria contou [&hellip;]","og_url":"https:\/\/interreg-sudoe.eu\/pt-pt\/convocatorias-cerradas\/","og_site_name":"Interreg Sudoe","article_publisher":"https:\/\/www.facebook.com\/interregsudoe","article_modified_time":"2025-09-12T11:30:48+00:00","og_image":[{"width":1980,"height":686,"url":"https:\/\/interreg-sudoe.eu\/wp-content\/uploads\/2025\/09\/FOTO_1a_CONVOCATORIA-e1757668227428.jpg","type":"image\/jpeg"}],"twitter_card":"summary_large_image","twitter_site":"@Sudoe5","twitter_misc":{"Tempo estimado de leitura":"1 minuto"},"schema":{"@context":"https:\/\/schema.org","@graph":[{"@type":"WebPage","@id":"https:\/\/interreg-sudoe.eu\/pt-pt\/convocatorias-cerradas\/","url":"https:\/\/interreg-sudoe.eu\/pt-pt\/convocatorias-cerradas\/","name":"Resultados 1\u00aa convocat\u00f3ria - Interreg Sudoe","isPartOf":{"@id":"https:\/\/interreg-sudoe.eu\/pt-pt\/#website"},"primaryImageOfPage":{"@id":"https:\/\/interreg-sudoe.eu\/pt-pt\/convocatorias-cerradas\/#primaryimage"},"image":{"@id":"https:\/\/interreg-sudoe.eu\/pt-pt\/convocatorias-cerradas\/#primaryimage"},"thumbnailUrl":"https:\/\/interreg-sudoe.eu\/wp-content\/uploads\/2025\/09\/FOTO_1a_CONVOCATORIA-e1757668227428.jpg","datePublished":"2023-12-21T09:46:16+00:00","dateModified":"2025-09-12T11:30:48+00:00","breadcrumb":{"@id":"https:\/\/interreg-sudoe.eu\/pt-pt\/convocatorias-cerradas\/#breadcrumb"},"inLanguage":"pt-PT","potentialAction":[{"@type":"ReadAction","target":["https:\/\/interreg-sudoe.eu\/pt-pt\/convocatorias-cerradas\/"]}]},{"@type":"ImageObject","inLanguage":"pt-PT","@id":"https:\/\/interreg-sudoe.eu\/pt-pt\/convocatorias-cerradas\/#primaryimage","url":"https:\/\/interreg-sudoe.eu\/wp-content\/uploads\/2025\/09\/FOTO_1a_CONVOCATORIA-e1757668227428.jpg","contentUrl":"https:\/\/interreg-sudoe.eu\/wp-content\/uploads\/2025\/09\/FOTO_1a_CONVOCATORIA-e1757668227428.jpg"},{"@type":"BreadcrumbList","@id":"https:\/\/interreg-sudoe.eu\/pt-pt\/convocatorias-cerradas\/#breadcrumb","itemListElement":[{"@type":"ListItem","position":1,"name":"Home","item":"https:\/\/interreg-sudoe.eu\/pt-pt\/"},{"@type":"ListItem","position":2,"name":"Resultados 1\u00aa convocat\u00f3ria"}]},{"@type":"WebSite","@id":"https:\/\/interreg-sudoe.eu\/pt-pt\/#website","url":"https:\/\/interreg-sudoe.eu\/pt-pt\/","name":"Interreg Sudoe","description":"Interreg Sudoe","publisher":{"@id":"https:\/\/interreg-sudoe.eu\/pt-pt\/#organization"},"alternateName":"Interreg Sudoe","potentialAction":[{"@type":"SearchAction","target":{"@type":"EntryPoint","urlTemplate":"https:\/\/interreg-sudoe.eu\/pt-pt\/?s={search_term_string}"},"query-input":{"@type":"PropertyValueSpecification","valueRequired":true,"valueName":"search_term_string"}}],"inLanguage":"pt-PT"},{"@type":"Organization","@id":"https:\/\/interreg-sudoe.eu\/pt-pt\/#organization","name":"Interreg Sudoe","alternateName":"Interreg Sudoe","url":"https:\/\/interreg-sudoe.eu\/pt-pt\/","logo":{"@type":"ImageObject","inLanguage":"pt-PT","@id":"https:\/\/interreg-sudoe.eu\/pt-pt\/#\/schema\/logo\/image\/","url":"https:\/\/interreg-sudoe.eu\/wp-content\/uploads\/2024\/03\/logo-interreg.png","contentUrl":"https:\/\/interreg-sudoe.eu\/wp-content\/uploads\/2024\/03\/logo-interreg.png","width":1200,"height":675,"caption":"Interreg Sudoe"},"image":{"@id":"https:\/\/interreg-sudoe.eu\/pt-pt\/#\/schema\/logo\/image\/"},"sameAs":["https:\/\/www.facebook.com\/interregsudoe","https:\/\/x.com\/Sudoe5","https:\/\/www.youtube.com\/channel\/UCeGx2edoB32beRc9dbKA2vw","https:\/\/www.linkedin.com\/company\/interreg-sudoe-programme\/","https:\/\/www.flickr.com\/photos\/148704685@N06\/"]}]}},"_links":{"self":[{"href":"https:\/\/interreg-sudoe.eu\/pt-pt\/wp-json\/wp\/v2\/pages\/18616","targetHints":{"allow":["GET"]}}],"collection":[{"href":"https:\/\/interreg-sudoe.eu\/pt-pt\/wp-json\/wp\/v2\/pages"}],"about":[{"href":"https:\/\/interreg-sudoe.eu\/pt-pt\/wp-json\/wp\/v2\/types\/page"}],"author":[{"embeddable":true,"href":"https:\/\/interreg-sudoe.eu\/pt-pt\/wp-json\/wp\/v2\/users\/1"}],"replies":[{"embeddable":true,"href":"https:\/\/interreg-sudoe.eu\/pt-pt\/wp-json\/wp\/v2\/comments?post=18616"}],"version-history":[{"count":3,"href":"https:\/\/interreg-sudoe.eu\/pt-pt\/wp-json\/wp\/v2\/pages\/18616\/revisions"}],"predecessor-version":[{"id":51717,"href":"https:\/\/interreg-sudoe.eu\/pt-pt\/wp-json\/wp\/v2\/pages\/18616\/revisions\/51717"}],"wp:attachment":[{"href":"https:\/\/interreg-sudoe.eu\/pt-pt\/wp-json\/wp\/v2\/media?parent=18616"}],"curies":[{"name":"wp","href":"https:\/\/api.w.org\/{rel}","templated":true}]}}