{"id":20290,"date":"2024-03-01T11:52:29","date_gmt":"2024-03-01T10:52:29","guid":{"rendered":"https:\/\/interreg-sudoe.eu\/acerca-de-interreg-sudoe\/quais-sao-os-dominios-de-cooperacao\/prioridad-4\/"},"modified":"2024-03-27T10:14:15","modified_gmt":"2024-03-27T09:14:15","slug":"prioridad-4","status":"publish","type":"page","link":"https:\/\/interreg-sudoe.eu\/pt-pt\/acerca-de-interreg-sudoe\/quais-sao-os-dominios-de-cooperacao\/prioridad-4\/","title":{"rendered":"Prioridade 4"},"content":{"rendered":"\t\t<div data-elementor-type=\"wp-page\" data-elementor-id=\"20290\" class=\"elementor elementor-20290 elementor-19421\" data-elementor-post-type=\"page\">\n\t\t\t\t<div class=\"elementor-element elementor-element-2bb2fc44 e-flex e-con-boxed e-con e-parent\" data-id=\"2bb2fc44\" data-element_type=\"container\" data-e-type=\"container\" data-settings=\"{&quot;jet_parallax_layout_list&quot;:[]}\">\n\t\t\t\t\t<div class=\"e-con-inner\">\n\t\t\t\t<div class=\"elementor-element elementor-element-94a5cf8 elementor-widget elementor-widget-heading\" data-id=\"94a5cf8\" data-element_type=\"widget\" data-e-type=\"widget\" data-widget_type=\"heading.default\">\n\t\t\t\t\t<h1 class=\"elementor-heading-title elementor-size-default\">Prioridade 4: Refor\u00e7ar o impacto do SUDOE nos territ\u00f3rios.<h4 style=\"margin-bottom: var(--PADD--MD);font-size: 17.6px;line-height: var(--GC-LINE-HEIGHT)\"><strong style=\"font-size: 17.6px\"><\/strong><\/h4><\/h1>\t\t\t\t<\/div>\n\t\t\t\t<div class=\"elementor-element elementor-element-772f5bd elementor-widget elementor-widget-n-accordion\" data-id=\"772f5bd\" data-element_type=\"widget\" data-e-type=\"widget\" data-settings=\"{&quot;default_state&quot;:&quot;all_collapsed&quot;,&quot;max_items_expended&quot;:&quot;one&quot;,&quot;n_accordion_animation_duration&quot;:{&quot;unit&quot;:&quot;ms&quot;,&quot;size&quot;:400,&quot;sizes&quot;:[]}}\" data-widget_type=\"nested-accordion.default\">\n\t\t\t\t\t\t\t<div class=\"e-n-accordion\" aria-label=\"Accordion. Open links with Enter or Space, close with Escape, and navigate with Arrow Keys\">\n\t\t\t\t\t\t<details id=\"e-n-accordion-item-1240\" class=\"e-n-accordion-item\" >\n\t\t\t\t<summary class=\"e-n-accordion-item-title\" data-accordion-index=\"1\" tabindex=\"0\" aria-expanded=\"false\" aria-controls=\"e-n-accordion-item-1240\" >\n\t\t\t\t\t<span class='e-n-accordion-item-title-header'><div class=\"e-n-accordion-item-title-text\"> Objetivo Espec\u00edfico ISO6.6: Outras a\u00e7\u00f5es que apoiam uma melhor governan\u00e7a da coopera\u00e7\u00e3o (todos os cap\u00edtulos). <\/div><\/span>\n\t\t\t\t\t\t\t<span class='e-n-accordion-item-title-icon'>\n\t\t\t<span class='e-opened' ><svg aria-hidden=\"true\" class=\"e-font-icon-svg e-fas-minus\" viewBox=\"0 0 448 512\" xmlns=\"http:\/\/www.w3.org\/2000\/svg\"><path d=\"M416 208H32c-17.67 0-32 14.33-32 32v32c0 17.67 14.33 32 32 32h384c17.67 0 32-14.33 32-32v-32c0-17.67-14.33-32-32-32z\"><\/path><\/svg><\/span>\n\t\t\t<span class='e-closed'><svg aria-hidden=\"true\" class=\"e-font-icon-svg e-fas-plus\" viewBox=\"0 0 448 512\" xmlns=\"http:\/\/www.w3.org\/2000\/svg\"><path d=\"M416 208H272V64c0-17.67-14.33-32-32-32h-32c-17.67 0-32 14.33-32 32v144H32c-17.67 0-32 14.33-32 32v32c0 17.67 14.33 32 32 32h144v144c0 17.67 14.33 32 32 32h32c17.67 0 32-14.33 32-32V304h144c17.67 0 32-14.33 32-32v-32c0-17.67-14.33-32-32-32z\"><\/path><\/svg><\/span>\n\t\t<\/span>\n\n\t\t\t\t\t\t<\/summary>\n\t\t\t\t<div role=\"region\" aria-labelledby=\"e-n-accordion-item-1240\" class=\"elementor-element elementor-element-2b860c4 e-con-full e-flex e-con e-child\" data-id=\"2b860c4\" data-element_type=\"container\" data-e-type=\"container\" data-settings=\"{&quot;jet_parallax_layout_list&quot;:[]}\">\n\t\t\t\t<div class=\"elementor-element elementor-element-a6c2a5f elementor-widget elementor-widget-text-editor\" data-id=\"a6c2a5f\" data-element_type=\"widget\" data-e-type=\"widget\" data-widget_type=\"text-editor.default\">\n\t\t\t\t\t\t\t\t\t<p style=\"text-align: justify;\"><span style=\"color: #333399;\"><b>Objetivo Espec\u00edfico ISO6.6: Outras a\u00e7\u00f5es que apoiem uma melhor governan\u00e7a da coopera\u00e7\u00e3o (todos os cap\u00edtulos). <\/b><\/span><\/p>\n\t\t\t\t\t\t\t\t<\/div>\n\t\t\t\t<div class=\"elementor-element elementor-element-0d4d5b0 elementor-align-center elementor-widget elementor-widget-button\" data-id=\"0d4d5b0\" data-element_type=\"widget\" data-e-type=\"widget\" data-widget_type=\"button.default\">\n\t\t\t\t\t\t\t\t\t\t<a class=\"elementor-button elementor-button-link elementor-size-sm\" href=\"\/wp-content\/uploads\/2024\/03\/P4_ISO66_PT.pdf\">\n\t\t\t\t\t\t<span class=\"elementor-button-content-wrapper\">\n\t\t\t\t\t\t\t\t\t<span class=\"elementor-button-text\">Para saber mais:<\/span>\n\t\t\t\t\t<\/span>\n\t\t\t\t\t<\/a>\n\t\t\t\t\t\t\t\t<\/div>\n\t\t\t\t<\/div>\n\t\t\t\t\t<\/details>\n\t\t\t\t\t<\/div>\n\t\t\t\t\t\t<\/div>\n\t\t\t\t\t<\/div>\n\t\t\t\t<\/div>\n\t\t\t\t<\/div>\n\t\t","protected":false},"excerpt":{"rendered":"<p>Prioridade 4: Refor\u00e7ar o impacto do SUDOE nos territ\u00f3rios. Objetivo Espec\u00edfico ISO6.6: Outras a\u00e7\u00f5es que apoiam uma melhor governan\u00e7a da coopera\u00e7\u00e3o (todos os cap\u00edtulos). Objetivo Espec\u00edfico ISO6.6: Outras a\u00e7\u00f5es que apoiem uma melhor governan\u00e7a da coopera\u00e7\u00e3o (todos os cap\u00edtulos). Para saber mais: Objetivo Espec\u00edfico ISO6.6: Outras a\u00e7\u00f5es que apoiem uma melhor governan\u00e7a da coopera\u00e7\u00e3o (todos [&hellip;]<\/p>\n","protected":false},"author":4333,"featured_media":0,"parent":19509,"menu_order":0,"comment_status":"closed","ping_status":"closed","template":"","meta":{"_acf_changed":false,"content-type":"","_monsterinsights_skip_tracking":false,"_monsterinsights_sitenote_active":false,"_monsterinsights_sitenote_note":"","_monsterinsights_sitenote_category":0,"footnotes":""},"class_list":["post-20290","page","type-page","status-publish","hentry"],"acf":[],"yoast_head":"<!-- This site is optimized with the Yoast SEO plugin v27.2 - https:\/\/yoast.com\/product\/yoast-seo-wordpress\/ -->\n<title>Prioridade 4 - Interreg Sudoe<\/title>\n<meta name=\"robots\" content=\"index, follow, max-snippet:-1, max-image-preview:large, max-video-preview:-1\" \/>\n<link rel=\"canonical\" href=\"https:\/\/interreg-sudoe.eu\/pt-pt\/acerca-de-interreg-sudoe\/quais-sao-os-dominios-de-cooperacao\/prioridad-4\/\" \/>\n<meta property=\"og:locale\" content=\"pt_PT\" \/>\n<meta property=\"og:type\" content=\"article\" \/>\n<meta property=\"og:title\" content=\"Prioridade 4 - Interreg Sudoe\" \/>\n<meta property=\"og:description\" content=\"Prioridade 4: Refor\u00e7ar o impacto do SUDOE nos territ\u00f3rios. Objetivo Espec\u00edfico ISO6.6: Outras a\u00e7\u00f5es que apoiam uma melhor governan\u00e7a da coopera\u00e7\u00e3o (todos os cap\u00edtulos). Objetivo Espec\u00edfico ISO6.6: Outras a\u00e7\u00f5es que apoiem uma melhor governan\u00e7a da coopera\u00e7\u00e3o (todos os cap\u00edtulos). Para saber mais: Objetivo Espec\u00edfico ISO6.6: Outras a\u00e7\u00f5es que apoiem uma melhor governan\u00e7a da coopera\u00e7\u00e3o (todos [&hellip;]\" \/>\n<meta property=\"og:url\" content=\"https:\/\/interreg-sudoe.eu\/pt-pt\/acerca-de-interreg-sudoe\/quais-sao-os-dominios-de-cooperacao\/prioridad-4\/\" \/>\n<meta property=\"og:site_name\" content=\"Interreg Sudoe\" \/>\n<meta property=\"article:publisher\" content=\"https:\/\/www.facebook.com\/interregsudoe\" \/>\n<meta property=\"article:modified_time\" content=\"2024-03-27T09:14:15+00:00\" \/>\n<meta property=\"og:image\" content=\"https:\/\/interreg-sudoe.eu\/wp-content\/uploads\/2024\/03\/download.png\" \/>\n\t<meta property=\"og:image:width\" content=\"344\" \/>\n\t<meta property=\"og:image:height\" content=\"147\" \/>\n\t<meta property=\"og:image:type\" content=\"image\/png\" \/>\n<meta name=\"twitter:card\" content=\"summary_large_image\" \/>\n<meta name=\"twitter:site\" content=\"@Sudoe5\" \/>\n<meta name=\"twitter:label1\" content=\"Tempo estimado de leitura\" \/>\n\t<meta name=\"twitter:data1\" content=\"1 minuto\" \/>\n<script type=\"application\/ld+json\" class=\"yoast-schema-graph\">{\"@context\":\"https:\/\/schema.org\",\"@graph\":[{\"@type\":\"WebPage\",\"@id\":\"https:\/\/interreg-sudoe.eu\/pt-pt\/acerca-de-interreg-sudoe\/quais-sao-os-dominios-de-cooperacao\/prioridad-4\/\",\"url\":\"https:\/\/interreg-sudoe.eu\/pt-pt\/acerca-de-interreg-sudoe\/quais-sao-os-dominios-de-cooperacao\/prioridad-4\/\",\"name\":\"Prioridade 4 - Interreg Sudoe\",\"isPartOf\":{\"@id\":\"https:\/\/interreg-sudoe.eu\/pt-pt\/#website\"},\"datePublished\":\"2024-03-01T10:52:29+00:00\",\"dateModified\":\"2024-03-27T09:14:15+00:00\",\"breadcrumb\":{\"@id\":\"https:\/\/interreg-sudoe.eu\/pt-pt\/acerca-de-interreg-sudoe\/quais-sao-os-dominios-de-cooperacao\/prioridad-4\/#breadcrumb\"},\"inLanguage\":\"pt-PT\",\"potentialAction\":[{\"@type\":\"ReadAction\",\"target\":[\"https:\/\/interreg-sudoe.eu\/pt-pt\/acerca-de-interreg-sudoe\/quais-sao-os-dominios-de-cooperacao\/prioridad-4\/\"]}]},{\"@type\":\"BreadcrumbList\",\"@id\":\"https:\/\/interreg-sudoe.eu\/pt-pt\/acerca-de-interreg-sudoe\/quais-sao-os-dominios-de-cooperacao\/prioridad-4\/#breadcrumb\",\"itemListElement\":[{\"@type\":\"ListItem\",\"position\":1,\"name\":\"Home\",\"item\":\"https:\/\/interreg-sudoe.eu\/pt-pt\/\"},{\"@type\":\"ListItem\",\"position\":2,\"name\":\"O que \u00e9 o Interreg?\",\"item\":\"https:\/\/interreg-sudoe.eu\/pt-pt\/acerca-de-interreg-sudoe\/\"},{\"@type\":\"ListItem\",\"position\":3,\"name\":\"Quais s\u00e3o os temas de coopera\u00e7\u00e3o?\",\"item\":\"https:\/\/interreg-sudoe.eu\/pt-pt\/acerca-de-interreg-sudoe\/cuales-son-las-tematicas-de-cooperacion\/\"},{\"@type\":\"ListItem\",\"position\":4,\"name\":\"Prioridade 4\"}]},{\"@type\":\"WebSite\",\"@id\":\"https:\/\/interreg-sudoe.eu\/pt-pt\/#website\",\"url\":\"https:\/\/interreg-sudoe.eu\/pt-pt\/\",\"name\":\"Interreg Sudoe\",\"description\":\"Interreg Sudoe\",\"publisher\":{\"@id\":\"https:\/\/interreg-sudoe.eu\/pt-pt\/#organization\"},\"alternateName\":\"Interreg Sudoe\",\"potentialAction\":[{\"@type\":\"SearchAction\",\"target\":{\"@type\":\"EntryPoint\",\"urlTemplate\":\"https:\/\/interreg-sudoe.eu\/pt-pt\/?s={search_term_string}\"},\"query-input\":{\"@type\":\"PropertyValueSpecification\",\"valueRequired\":true,\"valueName\":\"search_term_string\"}}],\"inLanguage\":\"pt-PT\"},{\"@type\":\"Organization\",\"@id\":\"https:\/\/interreg-sudoe.eu\/pt-pt\/#organization\",\"name\":\"Interreg Sudoe\",\"alternateName\":\"Interreg Sudoe\",\"url\":\"https:\/\/interreg-sudoe.eu\/pt-pt\/\",\"logo\":{\"@type\":\"ImageObject\",\"inLanguage\":\"pt-PT\",\"@id\":\"https:\/\/interreg-sudoe.eu\/pt-pt\/#\/schema\/logo\/image\/\",\"url\":\"https:\/\/interreg-sudoe.eu\/wp-content\/uploads\/2024\/03\/logo-interreg.png\",\"contentUrl\":\"https:\/\/interreg-sudoe.eu\/wp-content\/uploads\/2024\/03\/logo-interreg.png\",\"width\":1200,\"height\":675,\"caption\":\"Interreg Sudoe\"},\"image\":{\"@id\":\"https:\/\/interreg-sudoe.eu\/pt-pt\/#\/schema\/logo\/image\/\"},\"sameAs\":[\"https:\/\/www.facebook.com\/interregsudoe\",\"https:\/\/x.com\/Sudoe5\",\"https:\/\/www.youtube.com\/channel\/UCeGx2edoB32beRc9dbKA2vw\",\"https:\/\/www.linkedin.com\/company\/interreg-sudoe-programme\/\",\"https:\/\/www.flickr.com\/photos\/148704685@N06\/\"]}]}<\/script>\n<!-- \/ Yoast SEO plugin. -->","yoast_head_json":{"title":"Prioridade 4 - Interreg Sudoe","robots":{"index":"index","follow":"follow","max-snippet":"max-snippet:-1","max-image-preview":"max-image-preview:large","max-video-preview":"max-video-preview:-1"},"canonical":"https:\/\/interreg-sudoe.eu\/pt-pt\/acerca-de-interreg-sudoe\/quais-sao-os-dominios-de-cooperacao\/prioridad-4\/","og_locale":"pt_PT","og_type":"article","og_title":"Prioridade 4 - Interreg Sudoe","og_description":"Prioridade 4: Refor\u00e7ar o impacto do SUDOE nos territ\u00f3rios. Objetivo Espec\u00edfico ISO6.6: Outras a\u00e7\u00f5es que apoiam uma melhor governan\u00e7a da coopera\u00e7\u00e3o (todos os cap\u00edtulos). Objetivo Espec\u00edfico ISO6.6: Outras a\u00e7\u00f5es que apoiem uma melhor governan\u00e7a da coopera\u00e7\u00e3o (todos os cap\u00edtulos). Para saber mais: Objetivo Espec\u00edfico ISO6.6: Outras a\u00e7\u00f5es que apoiem uma melhor governan\u00e7a da coopera\u00e7\u00e3o (todos [&hellip;]","og_url":"https:\/\/interreg-sudoe.eu\/pt-pt\/acerca-de-interreg-sudoe\/quais-sao-os-dominios-de-cooperacao\/prioridad-4\/","og_site_name":"Interreg Sudoe","article_publisher":"https:\/\/www.facebook.com\/interregsudoe","article_modified_time":"2024-03-27T09:14:15+00:00","og_image":[{"width":344,"height":147,"url":"https:\/\/interreg-sudoe.eu\/wp-content\/uploads\/2024\/03\/download.png","type":"image\/png"}],"twitter_card":"summary_large_image","twitter_site":"@Sudoe5","twitter_misc":{"Tempo estimado de leitura":"1 minuto"},"schema":{"@context":"https:\/\/schema.org","@graph":[{"@type":"WebPage","@id":"https:\/\/interreg-sudoe.eu\/pt-pt\/acerca-de-interreg-sudoe\/quais-sao-os-dominios-de-cooperacao\/prioridad-4\/","url":"https:\/\/interreg-sudoe.eu\/pt-pt\/acerca-de-interreg-sudoe\/quais-sao-os-dominios-de-cooperacao\/prioridad-4\/","name":"Prioridade 4 - Interreg Sudoe","isPartOf":{"@id":"https:\/\/interreg-sudoe.eu\/pt-pt\/#website"},"datePublished":"2024-03-01T10:52:29+00:00","dateModified":"2024-03-27T09:14:15+00:00","breadcrumb":{"@id":"https:\/\/interreg-sudoe.eu\/pt-pt\/acerca-de-interreg-sudoe\/quais-sao-os-dominios-de-cooperacao\/prioridad-4\/#breadcrumb"},"inLanguage":"pt-PT","potentialAction":[{"@type":"ReadAction","target":["https:\/\/interreg-sudoe.eu\/pt-pt\/acerca-de-interreg-sudoe\/quais-sao-os-dominios-de-cooperacao\/prioridad-4\/"]}]},{"@type":"BreadcrumbList","@id":"https:\/\/interreg-sudoe.eu\/pt-pt\/acerca-de-interreg-sudoe\/quais-sao-os-dominios-de-cooperacao\/prioridad-4\/#breadcrumb","itemListElement":[{"@type":"ListItem","position":1,"name":"Home","item":"https:\/\/interreg-sudoe.eu\/pt-pt\/"},{"@type":"ListItem","position":2,"name":"O que \u00e9 o Interreg?","item":"https:\/\/interreg-sudoe.eu\/pt-pt\/acerca-de-interreg-sudoe\/"},{"@type":"ListItem","position":3,"name":"Quais s\u00e3o os temas de coopera\u00e7\u00e3o?","item":"https:\/\/interreg-sudoe.eu\/pt-pt\/acerca-de-interreg-sudoe\/cuales-son-las-tematicas-de-cooperacion\/"},{"@type":"ListItem","position":4,"name":"Prioridade 4"}]},{"@type":"WebSite","@id":"https:\/\/interreg-sudoe.eu\/pt-pt\/#website","url":"https:\/\/interreg-sudoe.eu\/pt-pt\/","name":"Interreg Sudoe","description":"Interreg Sudoe","publisher":{"@id":"https:\/\/interreg-sudoe.eu\/pt-pt\/#organization"},"alternateName":"Interreg Sudoe","potentialAction":[{"@type":"SearchAction","target":{"@type":"EntryPoint","urlTemplate":"https:\/\/interreg-sudoe.eu\/pt-pt\/?s={search_term_string}"},"query-input":{"@type":"PropertyValueSpecification","valueRequired":true,"valueName":"search_term_string"}}],"inLanguage":"pt-PT"},{"@type":"Organization","@id":"https:\/\/interreg-sudoe.eu\/pt-pt\/#organization","name":"Interreg Sudoe","alternateName":"Interreg Sudoe","url":"https:\/\/interreg-sudoe.eu\/pt-pt\/","logo":{"@type":"ImageObject","inLanguage":"pt-PT","@id":"https:\/\/interreg-sudoe.eu\/pt-pt\/#\/schema\/logo\/image\/","url":"https:\/\/interreg-sudoe.eu\/wp-content\/uploads\/2024\/03\/logo-interreg.png","contentUrl":"https:\/\/interreg-sudoe.eu\/wp-content\/uploads\/2024\/03\/logo-interreg.png","width":1200,"height":675,"caption":"Interreg Sudoe"},"image":{"@id":"https:\/\/interreg-sudoe.eu\/pt-pt\/#\/schema\/logo\/image\/"},"sameAs":["https:\/\/www.facebook.com\/interregsudoe","https:\/\/x.com\/Sudoe5","https:\/\/www.youtube.com\/channel\/UCeGx2edoB32beRc9dbKA2vw","https:\/\/www.linkedin.com\/company\/interreg-sudoe-programme\/","https:\/\/www.flickr.com\/photos\/148704685@N06\/"]}]}},"_links":{"self":[{"href":"https:\/\/interreg-sudoe.eu\/pt-pt\/wp-json\/wp\/v2\/pages\/20290","targetHints":{"allow":["GET"]}}],"collection":[{"href":"https:\/\/interreg-sudoe.eu\/pt-pt\/wp-json\/wp\/v2\/pages"}],"about":[{"href":"https:\/\/interreg-sudoe.eu\/pt-pt\/wp-json\/wp\/v2\/types\/page"}],"author":[{"embeddable":true,"href":"https:\/\/interreg-sudoe.eu\/pt-pt\/wp-json\/wp\/v2\/users\/4333"}],"replies":[{"embeddable":true,"href":"https:\/\/interreg-sudoe.eu\/pt-pt\/wp-json\/wp\/v2\/comments?post=20290"}],"version-history":[{"count":0,"href":"https:\/\/interreg-sudoe.eu\/pt-pt\/wp-json\/wp\/v2\/pages\/20290\/revisions"}],"up":[{"embeddable":true,"href":"https:\/\/interreg-sudoe.eu\/pt-pt\/wp-json\/wp\/v2\/pages\/19509"}],"wp:attachment":[{"href":"https:\/\/interreg-sudoe.eu\/pt-pt\/wp-json\/wp\/v2\/media?parent=20290"}],"curies":[{"name":"wp","href":"https:\/\/api.w.org\/{rel}","templated":true}]}}