{"id":20723,"date":"2024-01-30T10:41:14","date_gmt":"2024-01-30T09:41:14","guid":{"rendered":"https:\/\/interreg-sudoe.eu\/lo-que-financiamos\/"},"modified":"2024-03-21T13:07:24","modified_gmt":"2024-03-21T12:07:24","slug":"lo-que-financiamos","status":"publish","type":"page","link":"https:\/\/interreg-sudoe.eu\/pt-pt\/lo-que-financiamos\/","title":{"rendered":"Lo que financiamos"},"content":{"rendered":"\t\t<div data-elementor-type=\"wp-page\" data-elementor-id=\"20723\" class=\"elementor elementor-20723 elementor-8024\" data-elementor-post-type=\"page\">\n\t\t\t\t<div class=\"elementor-element elementor-element-ed79413 e-con-full e-flex e-con e-parent\" data-id=\"ed79413\" data-element_type=\"container\" data-e-type=\"container\" data-settings=\"{&quot;jet_parallax_layout_list&quot;:[]}\">\n\t\t\t\t<div class=\"elementor-element elementor-element-097b34e elementor-widget elementor-widget-jet-slider\" data-id=\"097b34e\" data-element_type=\"widget\" data-e-type=\"widget\" data-settings=\"{&quot;slider_height&quot;:{&quot;unit&quot;:&quot;px&quot;,&quot;size&quot;:600,&quot;sizes&quot;:[]},&quot;slider_height_tablet&quot;:{&quot;unit&quot;:&quot;px&quot;,&quot;size&quot;:&quot;&quot;,&quot;sizes&quot;:[]},&quot;slider_height_mobile&quot;:{&quot;unit&quot;:&quot;px&quot;,&quot;size&quot;:&quot;&quot;,&quot;sizes&quot;:[]}}\" data-widget_type=\"jet-slider.default\">\n\t\t\t\t<div class=\"elementor-widget-container\">\n\t\t\t\t\t<div class=\"elementor-jet-slider jet-elements\">\n<div class=\"jet-slider jet-slider__image-exact\" data-settings='{&quot;sliderWidth&quot;:1,&quot;sliderHeight&quot;:1,&quot;sliderNavigation&quot;:false,&quot;sliderNavigationIcon&quot;:&quot;jet-slider__arrow-icon-097b34e&quot;,&quot;sliderNaviOnHover&quot;:false,&quot;sliderPagination&quot;:false,&quot;sliderAutoplay&quot;:false,&quot;sliderAutoplayDelay&quot;:5000,&quot;sliderAutoplayOnHover&quot;:&quot;pause&quot;,&quot;sliderFullScreen&quot;:false,&quot;sliderFullscreenIcon&quot;:&quot;jet-slider__fullscreen-icon-097b34e&quot;,&quot;sliderShuffle&quot;:false,&quot;sliderLoop&quot;:false,&quot;sliderFadeMode&quot;:false,&quot;slideDistance&quot;:1,&quot;slideDuration&quot;:500,&quot;imageScaleMode&quot;:&quot;exact&quot;,&quot;thumbnails&quot;:false,&quot;thumbnailWidth&quot;:120,&quot;thumbnailHeight&quot;:80,&quot;rightToLeft&quot;:false,&quot;touchswipe&quot;:false,&quot;fractionPag&quot;:false,&quot;fractionPrefix&quot;:&quot;&quot;,&quot;fractionSeparator&quot;:&quot;\\\/&quot;,&quot;fractionSuffix&quot;:&quot;&quot;,&quot;autoSliderHeight&quot;:false}'>\n\t\n<div  class=\"slider-pro\">\n\t<div class=\"jet-slider__arrow-icon-097b34e hidden-html\"><\/div><div class=\"jet-slider__fullscreen-icon-097b34e hidden-html\"><\/div>\t<div class=\"jet-slider__items sp-slides\">\n\n\n<div  class=\"jet-slider__item sp-slide elementor-repeater-item-9952f00\"><img decoding=\"async\" class=\"sp-image\" src=\"https:\/\/interreg-sudoe.eu\/wp-content\/uploads\/2024\/03\/sudoe_dia1-250-of-250-1-1024x683.jpg\" alt=\"sudoe_dia1 (250 of 250) (1)\" loading=\"lazy\"><div class=\"jet-slider__content sp-layer \" data-position=\"centerCenter\" data-width=\"100%\" data-height=\"100%\" data-horizontal=\"0%\" data-show-transition=\"up\" data-show-duration=\"400\" data-show-delay=\"400\" >\n\t\t<div class=\"jet-slider__content-item\">\n\t\t\t<div class=\"jet-slider__content-inner\"><h3 class=\"jet-slider__title\">\u00bfEst\u00e1 planteando presentar una idea al Sudoe?<\/h3><div class=\"jet-slider__desc\">Puede consultar las siguientes secciones<\/div> \n\n\t\t\t\t\t\t<div class=\"jet-slider__button-wrapper\"><a class=\"elementor-button elementor-size-md jet-slider__button jet-slider__button--primary\" href=\"\/calendario-de-convocatorias\/\">Calendario de convocatorias <\/a><a class=\"elementor-button elementor-size-md jet-slider__button jet-slider__button--secondary\" href=\"\/eres-elegible\/\" target=\"_blank\">\u00bfEs usted elegible? <\/a>\t\t\t\t\t\t<\/div><\/div>\n\t\t<\/div>\n\t\t\t<\/div>\n<\/div>\n\n<\/div>\n<\/div>\n<\/div>\n<\/div>\t\t\t\t<\/div>\n\t\t\t\t<\/div>\n\t\t\t\t<\/div>\n\t\t<div class=\"elementor-element elementor-element-d470f62 e-con-full e-flex e-con e-parent\" data-id=\"d470f62\" data-element_type=\"container\" data-e-type=\"container\" data-settings=\"{&quot;jet_parallax_layout_list&quot;:[]}\">\n\t\t\t\t<div class=\"elementor-element elementor-element-f15a980 elementor-widget elementor-widget-heading\" data-id=\"f15a980\" data-element_type=\"widget\" data-e-type=\"widget\" data-widget_type=\"heading.default\">\n\t\t\t\t\t<h1 class=\"elementor-heading-title elementor-size-default\">Lo que financiamos<\/h1>\t\t\t\t<\/div>\n\t\t\t\t<\/div>\n\t\t<div class=\"elementor-element elementor-element-7256cab e-con-full e-flex e-con e-parent\" data-id=\"7256cab\" data-element_type=\"container\" data-e-type=\"container\" data-settings=\"{&quot;jet_parallax_layout_list&quot;:[]}\">\n\t\t\t\t<div class=\"elementor-element elementor-element-fc29ae9 elementor-widget elementor-widget-text-editor\" data-id=\"fc29ae9\" data-element_type=\"widget\" data-e-type=\"widget\" data-widget_type=\"text-editor.default\">\n\t\t\t\t\t\t\t\t\t<p>El Sudoe financia proyectos de cooperaci\u00f3n transnacional, es decir, apoya iniciativas que buscan soluciones comunes m\u00e1s all\u00e1 de las fronteras y que giran en torno a distintas prioridades tem\u00e1ticas.<\/p>\t\t\t\t\t\t\t\t<\/div>\n\t\t\t\t<\/div>\n\t\t<div class=\"elementor-element elementor-element-0e34522 e-flex e-con-boxed e-con e-parent\" data-id=\"0e34522\" data-element_type=\"container\" data-e-type=\"container\" data-settings=\"{&quot;background_background&quot;:&quot;classic&quot;,&quot;jet_parallax_layout_list&quot;:[]}\">\n\t\t\t\t\t<div class=\"e-con-inner\">\n\t\t<div class=\"elementor-element elementor-element-05a6e5e e-con-full e-flex e-con e-child\" data-id=\"05a6e5e\" data-element_type=\"container\" data-e-type=\"container\" data-settings=\"{&quot;background_background&quot;:&quot;classic&quot;,&quot;jet_parallax_layout_list&quot;:[]}\">\n\t\t\t\t<div class=\"elementor-element elementor-element-921945c elementor-widget elementor-widget-text-editor\" data-id=\"921945c\" data-element_type=\"widget\" data-e-type=\"widget\" data-widget_type=\"text-editor.default\">\n\t\t\t\t\t\t\t\t\t<p>Ayudamos a poner en marcha proyectos que har\u00e1n de este rinc\u00f3n de un Europa un territorio m\u00e1s preparado a las adversidades del cambio clim\u00e1tico, m\u00e1s conectado y cohesionado a nivel territorial y social y que oferte una mayor calidad de vida para todos sus habitantes.<\/p>\t\t\t\t\t\t\t\t<\/div>\n\t\t\t\t<\/div>\n\t\t<div class=\"elementor-element elementor-element-7bd27ce e-con-full e-flex e-con e-child\" data-id=\"7bd27ce\" data-element_type=\"container\" data-e-type=\"container\" data-settings=\"{&quot;jet_parallax_layout_list&quot;:[]}\">\n\t\t\t\t<\/div>\n\t\t\t\t\t<\/div>\n\t\t\t\t<\/div>\n\t\t<div class=\"elementor-element elementor-element-302f89c e-flex e-con-boxed e-con e-parent\" data-id=\"302f89c\" data-element_type=\"container\" data-e-type=\"container\" data-settings=\"{&quot;background_background&quot;:&quot;classic&quot;,&quot;jet_parallax_layout_list&quot;:[]}\">\n\t\t\t\t\t<div class=\"e-con-inner\">\n\t\t\t\t<div class=\"elementor-element elementor-element-961ef94 elementor-widget elementor-widget-heading\" data-id=\"961ef94\" data-element_type=\"widget\" data-e-type=\"widget\" data-widget_type=\"heading.default\">\n\t\t\t\t\t<h2 class=\"elementor-heading-title elementor-size-default\">Prioridad 1: Preservar el capital natural y reforzar la adaptaci\u00f3n al cambio clim\u00e1tico en el SUDOE<\/h2>\t\t\t\t<\/div>\n\t\t\t\t\t<\/div>\n\t\t\t\t<\/div>\n\t\t<div class=\"elementor-element elementor-element-a1893b7 e-con-full e-flex e-con e-parent\" data-id=\"a1893b7\" data-element_type=\"container\" data-e-type=\"container\" data-settings=\"{&quot;jet_parallax_layout_list&quot;:[]}\">\n\t\t\t\t<div class=\"elementor-element elementor-element-a9864f3 elementor-widget elementor-widget-text-editor\" data-id=\"a9864f3\" data-element_type=\"widget\" data-e-type=\"widget\" data-widget_type=\"text-editor.default\">\n\t\t\t\t\t\t\t\t\t<p>\u00bfPor qu\u00e9 existe financiaci\u00f3n en este apartado?<\/p>\t\t\t\t\t\t\t\t<\/div>\n\t\t\t\t<\/div>\n\t\t<div class=\"elementor-element elementor-element-c352fa6 e-flex e-con-boxed e-con e-parent\" data-id=\"c352fa6\" data-element_type=\"container\" data-e-type=\"container\" data-settings=\"{&quot;jet_parallax_layout_list&quot;:[]}\">\n\t\t\t\t\t<div class=\"e-con-inner\">\n\t\t<div class=\"elementor-element elementor-element-496c038 e-con-full e-flex e-con e-child\" data-id=\"496c038\" data-element_type=\"container\" data-e-type=\"container\" data-settings=\"{&quot;jet_parallax_layout_list&quot;:[]}\">\n\t\t\t\t<div class=\"elementor-element elementor-element-e566e35 elementor-widget elementor-widget-text-editor\" data-id=\"e566e35\" data-element_type=\"widget\" data-e-type=\"widget\" data-widget_type=\"text-editor.default\">\n\t\t\t\t\t\t\t\t\t<p>Una de las principales fortalezas del Sudoe es su rica biodiversidad, actualmente amenazada por los <strong>efectos del cambio clim\u00e1tico<\/strong>. En este sentido, los desaf\u00edos actuales traspasan el \u00e1mbito de lo local o regional, por lo que se hace necesario trabajar en encontrar <strong>soluciones comunes y de car\u00e1cter transnacional.<\/strong><\/p><p>El Sudoe dispone de una amplia superficie protegida incluida en la Red Natura 2000.<\/p><p>La prevenci\u00f3n de cat\u00e1strofes toma especial importancia en este \u00e1mbito, en l\u00ednea con el <strong>Pacto Verde Europeo<\/strong> o el <strong>Pacto Europeo por el Clima<\/strong>, donde se pone de relieve la eficiencia en el uso de recursos o la reducci\u00f3n de contaminaci\u00f3n incluyendo los gases de efecto invernadero.\u00a0<\/p><p>El Sudoe no solamente es un espacio que se enfrenta a los desaf\u00edos de adaptaci\u00f3n y <strong>resiliencia al cambio clim\u00e1tico<\/strong> y las <strong>cat\u00e1strofes<\/strong>, sino que es un espacio de prueba para <strong>soluciones innovadoras <\/strong>y<strong> basadas en sus propios recursos<\/strong>.<\/p><p>Problem\u00e1ticas como <strong>la irregularidad en las precipitaciones, sequ\u00edas, fuertes lluvias o la desertificaci\u00f3n<\/strong> afectan directamente a la gesti\u00f3n de recursos h\u00eddricos, as\u00ed como a la disponibilidad y calidad del agua. Un aspecto que se ve todav\u00eda m\u00e1s afectado debido al alto grado de ruralidad de los territorios y la dispersi\u00f3n urbano-rural, que hacen que la tem\u00e1tica de gesti\u00f3n h\u00eddrica tome especial importancia<\/p>\t\t\t\t\t\t\t\t<\/div>\n\t\t\t\t<\/div>\n\t\t<div class=\"elementor-element elementor-element-fd728ae e-con-full e-flex e-con e-child\" data-id=\"fd728ae\" data-element_type=\"container\" data-e-type=\"container\" data-settings=\"{&quot;jet_parallax_layout_list&quot;:[]}\">\n\t\t\t\t<div class=\"elementor-element elementor-element-9dd18e3 elementor-widget elementor-widget-image\" data-id=\"9dd18e3\" data-element_type=\"widget\" data-e-type=\"widget\" data-widget_type=\"image.default\">\n\t\t\t\t\t\t\t\t\t\t\t\t\t\t\t<img fetchpriority=\"high\" decoding=\"async\" width=\"300\" height=\"200\" src=\"https:\/\/interreg-sudoe.eu\/wp-content\/uploads\/2024\/02\/GettyImages-1340716614-300x200-1.webp\" class=\"attachment-large size-large wp-image-13692\" alt=\"\" \/>\t\t\t\t\t\t\t\t\t\t\t\t\t\t\t<\/div>\n\t\t\t\t<\/div>\n\t\t\t\t\t<\/div>\n\t\t\t\t<\/div>\n\t\t<div class=\"elementor-element elementor-element-430a2c2 e-flex e-con-boxed e-con e-parent\" data-id=\"430a2c2\" data-element_type=\"container\" data-e-type=\"container\" data-settings=\"{&quot;background_background&quot;:&quot;classic&quot;,&quot;jet_parallax_layout_list&quot;:[]}\">\n\t\t\t\t\t<div class=\"e-con-inner\">\n\t\t\t\t<div class=\"elementor-element elementor-element-6f2d2bb elementor-widget elementor-widget-heading\" data-id=\"6f2d2bb\" data-element_type=\"widget\" data-e-type=\"widget\" data-widget_type=\"heading.default\">\n\t\t\t\t\t<h2 class=\"elementor-heading-title elementor-size-default\">Prioridad 2: Promover la cohesi\u00f3n social y el equilibrio territorial y demogr\u00e1fico en el Sudoe mediante la innovaci\u00f3n y la transformaci\u00f3n de los sectores productivos<\/h2>\t\t\t\t<\/div>\n\t\t\t\t\t<\/div>\n\t\t\t\t<\/div>\n\t\t<div class=\"elementor-element elementor-element-8b60733 e-flex e-con-boxed e-con e-parent\" data-id=\"8b60733\" data-element_type=\"container\" data-e-type=\"container\" data-settings=\"{&quot;jet_parallax_layout_list&quot;:[]}\">\n\t\t\t\t\t<div class=\"e-con-inner\">\n\t\t\t\t<div class=\"elementor-element elementor-element-92e61c4 elementor-widget elementor-widget-text-editor\" data-id=\"92e61c4\" data-element_type=\"widget\" data-e-type=\"widget\" data-widget_type=\"text-editor.default\">\n\t\t\t\t\t\t\t\t\t<p>\u00bfPor qu\u00e9 existe financiaci\u00f3n en este apartado?<\/p>\t\t\t\t\t\t\t\t<\/div>\n\t\t\t\t\t<\/div>\n\t\t\t\t<\/div>\n\t\t<div class=\"elementor-element elementor-element-c5cd73d e-flex e-con-boxed e-con e-parent\" data-id=\"c5cd73d\" data-element_type=\"container\" data-e-type=\"container\" data-settings=\"{&quot;jet_parallax_layout_list&quot;:[]}\">\n\t\t\t\t\t<div class=\"e-con-inner\">\n\t\t<div class=\"elementor-element elementor-element-4beaa82 e-con-full e-flex e-con e-child\" data-id=\"4beaa82\" data-element_type=\"container\" data-e-type=\"container\" data-settings=\"{&quot;jet_parallax_layout_list&quot;:[]}\">\n\t\t\t\t<div class=\"elementor-element elementor-element-a91133f elementor-widget elementor-widget-image\" data-id=\"a91133f\" data-element_type=\"widget\" data-e-type=\"widget\" data-widget_type=\"image.default\">\n\t\t\t\t\t\t\t\t\t\t\t\t\t\t\t<img decoding=\"async\" width=\"300\" height=\"200\" src=\"https:\/\/interreg-sudoe.eu\/wp-content\/uploads\/2024\/02\/GettyImages-1127809506-300x200-1.webp\" class=\"attachment-large size-large wp-image-13694\" alt=\"\" \/>\t\t\t\t\t\t\t\t\t\t\t\t\t\t\t<\/div>\n\t\t\t\t<\/div>\n\t\t<div class=\"elementor-element elementor-element-1ac0012 e-con-full e-flex e-con e-child\" data-id=\"1ac0012\" data-element_type=\"container\" data-e-type=\"container\" data-settings=\"{&quot;jet_parallax_layout_list&quot;:[]}\">\n\t\t\t\t<div class=\"elementor-element elementor-element-a586feb elementor-widget elementor-widget-text-editor\" data-id=\"a586feb\" data-element_type=\"widget\" data-e-type=\"widget\" data-widget_type=\"text-editor.default\">\n\t\t\t\t\t\t\t\t\t<p>La innovaci\u00f3n en el Sudoe es una palanca esencial de desarrollo territorial, econ\u00f3mico y humano, \u00fatil para enfrentar desaf\u00edos relacionados con las caracter\u00edsticas demogr\u00e1ficas y territoriales de esta \u00e1rea geogr\u00e1fica, como la <strong>baja densidad de poblaci\u00f3n<\/strong> en zonas de interior, la <strong>despoblaci\u00f3n progresiva<\/strong> en zonas rurales o el <strong>envejecimiento, <\/strong>aspectos que generan la necesidad de fortalecer las condiciones socioecon\u00f3micas en el Sudoe.<\/p><p>Por ello, la <strong>transformaci\u00f3n de los sectores econ\u00f3micos <\/strong>es clave para ofrecer condiciones laborales en espacios rurales, comparables a las de los espacios urbanos. El <strong>sector digital<\/strong>, la <strong>reducci\u00f3n del impacto en emisi\u00f3n de carbono<\/strong>, el <strong>aprovechamiento de recursos end\u00f3genos<\/strong> o la <strong>industria 4.0<\/strong> cobran especial importancia en este apartado.<\/p><p>La financiaci\u00f3n en este \u00e1mbito tiene, por tanto, un doble enfoque. Por un lado, el de desarrollar y transformar los sectores productivos, y por otro, la mejora en la capacidad de prestar servicios digitales a la poblaci\u00f3n, especialmente en zonas rurales y con alta dispersi\u00f3n de poblaci\u00f3n.<\/p>\t\t\t\t\t\t\t\t<\/div>\n\t\t\t\t<\/div>\n\t\t\t\t\t<\/div>\n\t\t\t\t<\/div>\n\t\t\t\t<\/div>\n\t\t","protected":false},"excerpt":{"rendered":"<p>\u00bfEst\u00e1 planteando presentar una idea al Sudoe? Puede consultar las siguientes secciones Calendario de convocatorias \u00bfEs usted elegible? Lo que financiamos El Sudoe financia proyectos de cooperaci\u00f3n transnacional, es decir, apoya iniciativas que buscan soluciones comunes m\u00e1s all\u00e1 de las fronteras y que giran en torno a distintas prioridades tem\u00e1ticas. Ayudamos a poner en marcha [&hellip;]<\/p>\n","protected":false},"author":1,"featured_media":0,"parent":0,"menu_order":0,"comment_status":"closed","ping_status":"closed","template":"","meta":{"_acf_changed":false,"content-type":"","_monsterinsights_skip_tracking":false,"_monsterinsights_sitenote_active":false,"_monsterinsights_sitenote_note":"","_monsterinsights_sitenote_category":0,"footnotes":""},"class_list":["post-20723","page","type-page","status-publish","hentry"],"acf":[],"yoast_head":"<!-- This site is optimized with the Yoast SEO plugin v27.2 - https:\/\/yoast.com\/product\/yoast-seo-wordpress\/ -->\n<title>Lo que financiamos - Interreg Sudoe<\/title>\n<meta name=\"robots\" content=\"index, follow, max-snippet:-1, max-image-preview:large, max-video-preview:-1\" \/>\n<link rel=\"canonical\" href=\"https:\/\/interreg-sudoe.eu\/pt-pt\/lo-que-financiamos\/\" \/>\n<meta property=\"og:locale\" content=\"pt_PT\" \/>\n<meta property=\"og:type\" content=\"article\" \/>\n<meta property=\"og:title\" content=\"Lo que financiamos - Interreg Sudoe\" \/>\n<meta property=\"og:description\" content=\"\u00bfEst\u00e1 planteando presentar una idea al Sudoe? Puede consultar las siguientes secciones Calendario de convocatorias \u00bfEs usted elegible? Lo que financiamos El Sudoe financia proyectos de cooperaci\u00f3n transnacional, es decir, apoya iniciativas que buscan soluciones comunes m\u00e1s all\u00e1 de las fronteras y que giran en torno a distintas prioridades tem\u00e1ticas. Ayudamos a poner en marcha [&hellip;]\" \/>\n<meta property=\"og:url\" content=\"https:\/\/interreg-sudoe.eu\/pt-pt\/lo-que-financiamos\/\" \/>\n<meta property=\"og:site_name\" content=\"Interreg Sudoe\" \/>\n<meta property=\"article:publisher\" content=\"https:\/\/www.facebook.com\/interregsudoe\" \/>\n<meta property=\"article:modified_time\" content=\"2024-03-21T12:07:24+00:00\" \/>\n<meta property=\"og:image\" content=\"https:\/\/interreg-sudoe.eu\/wp-content\/uploads\/2024\/03\/sudoe_dia1-250-of-250-1-1024x683.jpg\" \/>\n<meta name=\"twitter:card\" content=\"summary_large_image\" \/>\n<meta name=\"twitter:site\" content=\"@Sudoe5\" \/>\n<meta name=\"twitter:label1\" content=\"Tempo estimado de leitura\" \/>\n\t<meta name=\"twitter:data1\" content=\"3 minutos\" \/>\n<script type=\"application\/ld+json\" class=\"yoast-schema-graph\">{\"@context\":\"https:\/\/schema.org\",\"@graph\":[{\"@type\":\"WebPage\",\"@id\":\"https:\/\/interreg-sudoe.eu\/pt-pt\/lo-que-financiamos\/\",\"url\":\"https:\/\/interreg-sudoe.eu\/pt-pt\/lo-que-financiamos\/\",\"name\":\"Lo que financiamos - Interreg Sudoe\",\"isPartOf\":{\"@id\":\"https:\/\/interreg-sudoe.eu\/pt-pt\/#website\"},\"primaryImageOfPage\":{\"@id\":\"https:\/\/interreg-sudoe.eu\/pt-pt\/lo-que-financiamos\/#primaryimage\"},\"image\":{\"@id\":\"https:\/\/interreg-sudoe.eu\/pt-pt\/lo-que-financiamos\/#primaryimage\"},\"thumbnailUrl\":\"https:\/\/interreg-sudoe.eu\/wp-content\/uploads\/2024\/03\/sudoe_dia1-250-of-250-1-1024x683.jpg\",\"datePublished\":\"2024-01-30T09:41:14+00:00\",\"dateModified\":\"2024-03-21T12:07:24+00:00\",\"breadcrumb\":{\"@id\":\"https:\/\/interreg-sudoe.eu\/pt-pt\/lo-que-financiamos\/#breadcrumb\"},\"inLanguage\":\"pt-PT\",\"potentialAction\":[{\"@type\":\"ReadAction\",\"target\":[\"https:\/\/interreg-sudoe.eu\/pt-pt\/lo-que-financiamos\/\"]}]},{\"@type\":\"ImageObject\",\"inLanguage\":\"pt-PT\",\"@id\":\"https:\/\/interreg-sudoe.eu\/pt-pt\/lo-que-financiamos\/#primaryimage\",\"url\":\"https:\/\/interreg-sudoe.eu\/wp-content\/uploads\/2024\/03\/sudoe_dia1-250-of-250-1-1024x683.jpg\",\"contentUrl\":\"https:\/\/interreg-sudoe.eu\/wp-content\/uploads\/2024\/03\/sudoe_dia1-250-of-250-1-1024x683.jpg\"},{\"@type\":\"BreadcrumbList\",\"@id\":\"https:\/\/interreg-sudoe.eu\/pt-pt\/lo-que-financiamos\/#breadcrumb\",\"itemListElement\":[{\"@type\":\"ListItem\",\"position\":1,\"name\":\"Home\",\"item\":\"https:\/\/interreg-sudoe.eu\/pt-pt\/\"},{\"@type\":\"ListItem\",\"position\":2,\"name\":\"Lo que financiamos\"}]},{\"@type\":\"WebSite\",\"@id\":\"https:\/\/interreg-sudoe.eu\/pt-pt\/#website\",\"url\":\"https:\/\/interreg-sudoe.eu\/pt-pt\/\",\"name\":\"Interreg Sudoe\",\"description\":\"Interreg Sudoe\",\"publisher\":{\"@id\":\"https:\/\/interreg-sudoe.eu\/pt-pt\/#organization\"},\"alternateName\":\"Interreg Sudoe\",\"potentialAction\":[{\"@type\":\"SearchAction\",\"target\":{\"@type\":\"EntryPoint\",\"urlTemplate\":\"https:\/\/interreg-sudoe.eu\/pt-pt\/?s={search_term_string}\"},\"query-input\":{\"@type\":\"PropertyValueSpecification\",\"valueRequired\":true,\"valueName\":\"search_term_string\"}}],\"inLanguage\":\"pt-PT\"},{\"@type\":\"Organization\",\"@id\":\"https:\/\/interreg-sudoe.eu\/pt-pt\/#organization\",\"name\":\"Interreg Sudoe\",\"alternateName\":\"Interreg Sudoe\",\"url\":\"https:\/\/interreg-sudoe.eu\/pt-pt\/\",\"logo\":{\"@type\":\"ImageObject\",\"inLanguage\":\"pt-PT\",\"@id\":\"https:\/\/interreg-sudoe.eu\/pt-pt\/#\/schema\/logo\/image\/\",\"url\":\"https:\/\/interreg-sudoe.eu\/wp-content\/uploads\/2024\/03\/logo-interreg.png\",\"contentUrl\":\"https:\/\/interreg-sudoe.eu\/wp-content\/uploads\/2024\/03\/logo-interreg.png\",\"width\":1200,\"height\":675,\"caption\":\"Interreg Sudoe\"},\"image\":{\"@id\":\"https:\/\/interreg-sudoe.eu\/pt-pt\/#\/schema\/logo\/image\/\"},\"sameAs\":[\"https:\/\/www.facebook.com\/interregsudoe\",\"https:\/\/x.com\/Sudoe5\",\"https:\/\/www.youtube.com\/channel\/UCeGx2edoB32beRc9dbKA2vw\",\"https:\/\/www.linkedin.com\/company\/interreg-sudoe-programme\/\",\"https:\/\/www.flickr.com\/photos\/148704685@N06\/\"]}]}<\/script>\n<!-- \/ Yoast SEO plugin. -->","yoast_head_json":{"title":"Lo que financiamos - Interreg Sudoe","robots":{"index":"index","follow":"follow","max-snippet":"max-snippet:-1","max-image-preview":"max-image-preview:large","max-video-preview":"max-video-preview:-1"},"canonical":"https:\/\/interreg-sudoe.eu\/pt-pt\/lo-que-financiamos\/","og_locale":"pt_PT","og_type":"article","og_title":"Lo que financiamos - Interreg Sudoe","og_description":"\u00bfEst\u00e1 planteando presentar una idea al Sudoe? Puede consultar las siguientes secciones Calendario de convocatorias \u00bfEs usted elegible? Lo que financiamos El Sudoe financia proyectos de cooperaci\u00f3n transnacional, es decir, apoya iniciativas que buscan soluciones comunes m\u00e1s all\u00e1 de las fronteras y que giran en torno a distintas prioridades tem\u00e1ticas. Ayudamos a poner en marcha [&hellip;]","og_url":"https:\/\/interreg-sudoe.eu\/pt-pt\/lo-que-financiamos\/","og_site_name":"Interreg Sudoe","article_publisher":"https:\/\/www.facebook.com\/interregsudoe","article_modified_time":"2024-03-21T12:07:24+00:00","og_image":[{"url":"https:\/\/interreg-sudoe.eu\/wp-content\/uploads\/2024\/03\/sudoe_dia1-250-of-250-1-1024x683.jpg","type":"","width":"","height":""}],"twitter_card":"summary_large_image","twitter_site":"@Sudoe5","twitter_misc":{"Tempo estimado de leitura":"3 minutos"},"schema":{"@context":"https:\/\/schema.org","@graph":[{"@type":"WebPage","@id":"https:\/\/interreg-sudoe.eu\/pt-pt\/lo-que-financiamos\/","url":"https:\/\/interreg-sudoe.eu\/pt-pt\/lo-que-financiamos\/","name":"Lo que financiamos - Interreg Sudoe","isPartOf":{"@id":"https:\/\/interreg-sudoe.eu\/pt-pt\/#website"},"primaryImageOfPage":{"@id":"https:\/\/interreg-sudoe.eu\/pt-pt\/lo-que-financiamos\/#primaryimage"},"image":{"@id":"https:\/\/interreg-sudoe.eu\/pt-pt\/lo-que-financiamos\/#primaryimage"},"thumbnailUrl":"https:\/\/interreg-sudoe.eu\/wp-content\/uploads\/2024\/03\/sudoe_dia1-250-of-250-1-1024x683.jpg","datePublished":"2024-01-30T09:41:14+00:00","dateModified":"2024-03-21T12:07:24+00:00","breadcrumb":{"@id":"https:\/\/interreg-sudoe.eu\/pt-pt\/lo-que-financiamos\/#breadcrumb"},"inLanguage":"pt-PT","potentialAction":[{"@type":"ReadAction","target":["https:\/\/interreg-sudoe.eu\/pt-pt\/lo-que-financiamos\/"]}]},{"@type":"ImageObject","inLanguage":"pt-PT","@id":"https:\/\/interreg-sudoe.eu\/pt-pt\/lo-que-financiamos\/#primaryimage","url":"https:\/\/interreg-sudoe.eu\/wp-content\/uploads\/2024\/03\/sudoe_dia1-250-of-250-1-1024x683.jpg","contentUrl":"https:\/\/interreg-sudoe.eu\/wp-content\/uploads\/2024\/03\/sudoe_dia1-250-of-250-1-1024x683.jpg"},{"@type":"BreadcrumbList","@id":"https:\/\/interreg-sudoe.eu\/pt-pt\/lo-que-financiamos\/#breadcrumb","itemListElement":[{"@type":"ListItem","position":1,"name":"Home","item":"https:\/\/interreg-sudoe.eu\/pt-pt\/"},{"@type":"ListItem","position":2,"name":"Lo que financiamos"}]},{"@type":"WebSite","@id":"https:\/\/interreg-sudoe.eu\/pt-pt\/#website","url":"https:\/\/interreg-sudoe.eu\/pt-pt\/","name":"Interreg Sudoe","description":"Interreg Sudoe","publisher":{"@id":"https:\/\/interreg-sudoe.eu\/pt-pt\/#organization"},"alternateName":"Interreg Sudoe","potentialAction":[{"@type":"SearchAction","target":{"@type":"EntryPoint","urlTemplate":"https:\/\/interreg-sudoe.eu\/pt-pt\/?s={search_term_string}"},"query-input":{"@type":"PropertyValueSpecification","valueRequired":true,"valueName":"search_term_string"}}],"inLanguage":"pt-PT"},{"@type":"Organization","@id":"https:\/\/interreg-sudoe.eu\/pt-pt\/#organization","name":"Interreg Sudoe","alternateName":"Interreg Sudoe","url":"https:\/\/interreg-sudoe.eu\/pt-pt\/","logo":{"@type":"ImageObject","inLanguage":"pt-PT","@id":"https:\/\/interreg-sudoe.eu\/pt-pt\/#\/schema\/logo\/image\/","url":"https:\/\/interreg-sudoe.eu\/wp-content\/uploads\/2024\/03\/logo-interreg.png","contentUrl":"https:\/\/interreg-sudoe.eu\/wp-content\/uploads\/2024\/03\/logo-interreg.png","width":1200,"height":675,"caption":"Interreg Sudoe"},"image":{"@id":"https:\/\/interreg-sudoe.eu\/pt-pt\/#\/schema\/logo\/image\/"},"sameAs":["https:\/\/www.facebook.com\/interregsudoe","https:\/\/x.com\/Sudoe5","https:\/\/www.youtube.com\/channel\/UCeGx2edoB32beRc9dbKA2vw","https:\/\/www.linkedin.com\/company\/interreg-sudoe-programme\/","https:\/\/www.flickr.com\/photos\/148704685@N06\/"]}]}},"_links":{"self":[{"href":"https:\/\/interreg-sudoe.eu\/pt-pt\/wp-json\/wp\/v2\/pages\/20723","targetHints":{"allow":["GET"]}}],"collection":[{"href":"https:\/\/interreg-sudoe.eu\/pt-pt\/wp-json\/wp\/v2\/pages"}],"about":[{"href":"https:\/\/interreg-sudoe.eu\/pt-pt\/wp-json\/wp\/v2\/types\/page"}],"author":[{"embeddable":true,"href":"https:\/\/interreg-sudoe.eu\/pt-pt\/wp-json\/wp\/v2\/users\/1"}],"replies":[{"embeddable":true,"href":"https:\/\/interreg-sudoe.eu\/pt-pt\/wp-json\/wp\/v2\/comments?post=20723"}],"version-history":[{"count":0,"href":"https:\/\/interreg-sudoe.eu\/pt-pt\/wp-json\/wp\/v2\/pages\/20723\/revisions"}],"wp:attachment":[{"href":"https:\/\/interreg-sudoe.eu\/pt-pt\/wp-json\/wp\/v2\/media?parent=20723"}],"curies":[{"name":"wp","href":"https:\/\/api.w.org\/{rel}","templated":true}]}}