{"id":23438,"date":"2024-02-26T12:56:08","date_gmt":"2024-02-26T11:56:08","guid":{"rendered":"https:\/\/interreg-sudoe.eu\/acerca-de-interreg-sudoe\/quais-sao-os-dominios-de-cooperacao\/prioridad-1\/"},"modified":"2024-03-27T10:11:48","modified_gmt":"2024-03-27T09:11:48","slug":"prioridad-1","status":"publish","type":"page","link":"https:\/\/interreg-sudoe.eu\/pt-pt\/acerca-de-interreg-sudoe\/quais-sao-os-dominios-de-cooperacao\/prioridad-1\/","title":{"rendered":"Prioridade 1"},"content":{"rendered":"\t\t<div data-elementor-type=\"wp-page\" data-elementor-id=\"23438\" class=\"elementor elementor-23438 elementor-17801\" data-elementor-post-type=\"page\">\n\t\t\t\t<div class=\"elementor-element elementor-element-246ecdd e-flex e-con-boxed e-con e-parent\" data-id=\"246ecdd\" data-element_type=\"container\" data-e-type=\"container\" data-settings=\"{&quot;jet_parallax_layout_list&quot;:[]}\">\n\t\t\t\t\t<div class=\"e-con-inner\">\n\t\t<div class=\"elementor-element elementor-element-30d6069 e-con-full e-flex e-con e-child\" data-id=\"30d6069\" data-element_type=\"container\" data-e-type=\"container\" data-settings=\"{&quot;jet_parallax_layout_list&quot;:[]}\">\n\t\t\t\t<div class=\"elementor-element elementor-element-5de379b elementor-widget elementor-widget-heading\" data-id=\"5de379b\" data-element_type=\"widget\" data-e-type=\"widget\" data-widget_type=\"heading.default\">\n\t\t\t\t\t<h1 class=\"elementor-heading-title elementor-size-default\">Prioridade 1: Preservar o capital natural e refor\u00e7ar a adapta\u00e7\u00e3o \u00e0s altera\u00e7\u00f5es clim\u00e1ticas no Sudoe<\/h1>\t\t\t\t<\/div>\n\t\t\t\t<\/div>\n\t\t<div class=\"elementor-element elementor-element-5e439a4 e-con-full e-flex e-con e-child\" data-id=\"5e439a4\" data-element_type=\"container\" data-e-type=\"container\" data-settings=\"{&quot;jet_parallax_layout_list&quot;:[]}\">\n\t\t\t\t<div class=\"elementor-element elementor-element-f03c928 elementor-widget elementor-widget-image\" data-id=\"f03c928\" data-element_type=\"widget\" data-e-type=\"widget\" data-widget_type=\"image.default\">\n\t\t\t\t\t\t\t\t\t\t\t\t\t\t\t<img decoding=\"async\" width=\"150\" height=\"150\" src=\"https:\/\/interreg-sudoe.eu\/wp-content\/uploads\/2024\/02\/InterregSudoe_Icons-1-1-150x150.png\" class=\"attachment-thumbnail size-thumbnail wp-image-18063\" alt=\"\" srcset=\"https:\/\/interreg-sudoe.eu\/wp-content\/uploads\/2024\/02\/InterregSudoe_Icons-1-1-150x150.png 150w, https:\/\/interreg-sudoe.eu\/wp-content\/uploads\/2024\/02\/InterregSudoe_Icons-1-1-300x300.png 300w, https:\/\/interreg-sudoe.eu\/wp-content\/uploads\/2024\/02\/InterregSudoe_Icons-1-1-1024x1024.png 1024w, https:\/\/interreg-sudoe.eu\/wp-content\/uploads\/2024\/02\/InterregSudoe_Icons-1-1-768x768.png 768w, https:\/\/interreg-sudoe.eu\/wp-content\/uploads\/2024\/02\/InterregSudoe_Icons-1-1-1536x1536.png 1536w, https:\/\/interreg-sudoe.eu\/wp-content\/uploads\/2024\/02\/InterregSudoe_Icons-1-1.png 1667w\" sizes=\"(max-width: 150px) 100vw, 150px\" \/>\t\t\t\t\t\t\t\t\t\t\t\t\t\t\t<\/div>\n\t\t\t\t<\/div>\n\t\t\t\t\t<\/div>\n\t\t\t\t<\/div>\n\t\t<div class=\"elementor-element elementor-element-cb066e8 e-flex e-con-boxed e-con e-parent\" data-id=\"cb066e8\" data-element_type=\"container\" data-e-type=\"container\" data-settings=\"{&quot;jet_parallax_layout_list&quot;:[]}\">\n\t\t\t\t\t<div class=\"e-con-inner\">\n\t\t\t\t<div class=\"elementor-element elementor-element-5300e7e elementor-widget elementor-widget-n-accordion\" data-id=\"5300e7e\" data-element_type=\"widget\" data-e-type=\"widget\" data-settings=\"{&quot;default_state&quot;:&quot;all_collapsed&quot;,&quot;max_items_expended&quot;:&quot;one&quot;,&quot;n_accordion_animation_duration&quot;:{&quot;unit&quot;:&quot;ms&quot;,&quot;size&quot;:400,&quot;sizes&quot;:[]}}\" data-widget_type=\"nested-accordion.default\">\n\t\t\t\t\t\t\t<div class=\"e-n-accordion\" aria-label=\"Accordion. Open links with Enter or Space, close with Escape, and navigate with Arrow Keys\">\n\t\t\t\t\t\t<details id=\"e-n-accordion-item-8700\" class=\"e-n-accordion-item\" >\n\t\t\t\t<summary class=\"e-n-accordion-item-title\" data-accordion-index=\"1\" tabindex=\"0\" aria-expanded=\"false\" aria-controls=\"e-n-accordion-item-8700\" >\n\t\t\t\t\t<span class='e-n-accordion-item-title-header'><div class=\"e-n-accordion-item-title-text\"> OE 2.4: Promover a adapta\u00e7\u00e3o \u00e0s mudan\u00e7as clim\u00e1ticas e a preven\u00e7\u00e3o do risco de desastres, bem como a resili\u00eancia, levando em considera\u00e7\u00e3o abordagens baseadas em ecossistemas. <\/div><\/span>\n\t\t\t\t\t\t\t<span class='e-n-accordion-item-title-icon'>\n\t\t\t<span class='e-opened' ><svg aria-hidden=\"true\" class=\"e-font-icon-svg e-fas-minus\" viewBox=\"0 0 448 512\" xmlns=\"http:\/\/www.w3.org\/2000\/svg\"><path d=\"M416 208H32c-17.67 0-32 14.33-32 32v32c0 17.67 14.33 32 32 32h384c17.67 0 32-14.33 32-32v-32c0-17.67-14.33-32-32-32z\"><\/path><\/svg><\/span>\n\t\t\t<span class='e-closed'><svg aria-hidden=\"true\" class=\"e-font-icon-svg e-fas-plus\" viewBox=\"0 0 448 512\" xmlns=\"http:\/\/www.w3.org\/2000\/svg\"><path d=\"M416 208H272V64c0-17.67-14.33-32-32-32h-32c-17.67 0-32 14.33-32 32v144H32c-17.67 0-32 14.33-32 32v32c0 17.67 14.33 32 32 32h144v144c0 17.67 14.33 32 32 32h32c17.67 0 32-14.33 32-32V304h144c17.67 0 32-14.33 32-32v-32c0-17.67-14.33-32-32-32z\"><\/path><\/svg><\/span>\n\t\t<\/span>\n\n\t\t\t\t\t\t<\/summary>\n\t\t\t\t<div role=\"region\" aria-labelledby=\"e-n-accordion-item-8700\" class=\"elementor-element elementor-element-2d833e2 e-con-full e-flex e-con e-child\" data-id=\"2d833e2\" data-element_type=\"container\" data-e-type=\"container\" data-settings=\"{&quot;jet_parallax_layout_list&quot;:[]}\">\n\t\t\t\t<div class=\"elementor-element elementor-element-7a4e3c0 elementor-widget elementor-widget-text-editor\" data-id=\"7a4e3c0\" data-element_type=\"widget\" data-e-type=\"widget\" data-widget_type=\"text-editor.default\">\n\t\t\t\t\t\t\t\t\t<p style=\"text-align: justify;\"><span style=\"color: #99cc00;\"><strong>OE 2.4: Promover a adapta\u00e7\u00e3o \u00e0s mudan\u00e7as clim\u00e1ticas e a preven\u00e7\u00e3o do risco de desastres, bem como a resili\u00eancia, levando em considera\u00e7\u00e3o abordagens baseadas em ecossistemas.<\/strong><\/span><\/p>\n\t\t\t\t\t\t\t\t<\/div>\n\t\t\t\t<div class=\"elementor-element elementor-element-d1b950d elementor-align-center elementor-widget elementor-widget-button\" data-id=\"d1b950d\" data-element_type=\"widget\" data-e-type=\"widget\" data-widget_type=\"button.default\">\n\t\t\t\t\t\t\t\t\t\t<a class=\"elementor-button elementor-button-link elementor-size-sm\" href=\"\/wp-content\/uploads\/2024\/03\/P1_OE24_PT.pdf\">\n\t\t\t\t\t\t<span class=\"elementor-button-content-wrapper\">\n\t\t\t\t\t\t\t\t\t<span class=\"elementor-button-text\">Para saber mais:<\/span>\n\t\t\t\t\t<\/span>\n\t\t\t\t\t<\/a>\n\t\t\t\t\t\t\t\t<\/div>\n\t\t\t\t<\/div>\n\t\t\t\t\t<\/details>\n\t\t\t\t\t\t<details id=\"e-n-accordion-item-8701\" class=\"e-n-accordion-item\" >\n\t\t\t\t<summary class=\"e-n-accordion-item-title\" data-accordion-index=\"2\" tabindex=\"-1\" aria-expanded=\"false\" aria-controls=\"e-n-accordion-item-8701\" >\n\t\t\t\t\t<span class='e-n-accordion-item-title-header'><div class=\"e-n-accordion-item-title-text\"> OS 2.5: Preservar o capital natural e fortalecer a adapta\u00e7\u00e3o \u00e0s mudan\u00e7as clim\u00e1ticas no Sudoe. <\/div><\/span>\n\t\t\t\t\t\t\t<span class='e-n-accordion-item-title-icon'>\n\t\t\t<span class='e-opened' ><svg aria-hidden=\"true\" class=\"e-font-icon-svg e-fas-minus\" viewBox=\"0 0 448 512\" xmlns=\"http:\/\/www.w3.org\/2000\/svg\"><path d=\"M416 208H32c-17.67 0-32 14.33-32 32v32c0 17.67 14.33 32 32 32h384c17.67 0 32-14.33 32-32v-32c0-17.67-14.33-32-32-32z\"><\/path><\/svg><\/span>\n\t\t\t<span class='e-closed'><svg aria-hidden=\"true\" class=\"e-font-icon-svg e-fas-plus\" viewBox=\"0 0 448 512\" xmlns=\"http:\/\/www.w3.org\/2000\/svg\"><path d=\"M416 208H272V64c0-17.67-14.33-32-32-32h-32c-17.67 0-32 14.33-32 32v144H32c-17.67 0-32 14.33-32 32v32c0 17.67 14.33 32 32 32h144v144c0 17.67 14.33 32 32 32h32c17.67 0 32-14.33 32-32V304h144c17.67 0 32-14.33 32-32v-32c0-17.67-14.33-32-32-32z\"><\/path><\/svg><\/span>\n\t\t<\/span>\n\n\t\t\t\t\t\t<\/summary>\n\t\t\t\t<div role=\"region\" aria-labelledby=\"e-n-accordion-item-8701\" class=\"elementor-element elementor-element-806819a e-con-full e-flex e-con e-child\" data-id=\"806819a\" data-element_type=\"container\" data-e-type=\"container\" data-settings=\"{&quot;jet_parallax_layout_list&quot;:[]}\">\n\t\t\t\t<div class=\"elementor-element elementor-element-efb8d42 elementor-widget elementor-widget-text-editor\" data-id=\"efb8d42\" data-element_type=\"widget\" data-e-type=\"widget\" data-widget_type=\"text-editor.default\">\n\t\t\t\t\t\t\t\t\t<p style=\"text-align: justify;\"><span style=\"color: #99cc00;\"><strong>OS 2.5: Preservar o capital natural e fortalecer a adapta\u00e7\u00e3o \u00e0s mudan\u00e7as clim\u00e1ticas no Sudoe.<\/strong><\/span><span style=\"color: #99cc00;\"><strong> <\/strong><\/span><\/p>\n\t\t\t\t\t\t\t\t<\/div>\n\t\t\t\t<div class=\"elementor-element elementor-element-4897791 elementor-align-center elementor-widget elementor-widget-button\" data-id=\"4897791\" data-element_type=\"widget\" data-e-type=\"widget\" data-widget_type=\"button.default\">\n\t\t\t\t\t\t\t\t\t\t<a class=\"elementor-button elementor-button-link elementor-size-sm\" href=\"\/wp-content\/uploads\/2024\/03\/P1_OE25_PT.pdf\">\n\t\t\t\t\t\t<span class=\"elementor-button-content-wrapper\">\n\t\t\t\t\t\t\t\t\t<span class=\"elementor-button-text\">Para saber mais:<\/span>\n\t\t\t\t\t<\/span>\n\t\t\t\t\t<\/a>\n\t\t\t\t\t\t\t\t<\/div>\n\t\t\t\t<\/div>\n\t\t\t\t\t<\/details>\n\t\t\t\t\t\t<details id=\"e-n-accordion-item-8702\" class=\"e-n-accordion-item\" >\n\t\t\t\t<summary class=\"e-n-accordion-item-title\" data-accordion-index=\"3\" tabindex=\"-1\" aria-expanded=\"false\" aria-controls=\"e-n-accordion-item-8702\" >\n\t\t\t\t\t<span class='e-n-accordion-item-title-header'><div class=\"e-n-accordion-item-title-text\"> OS 2.7: Aumentar a prote\u00e7\u00e3o e conserva\u00e7\u00e3o da natureza, da biodiversidade e das infraestruturas verdes, tamb\u00e9m em \u00e1reas urbanas, e reduzir todas as formas de polui\u00e7\u00e3o. <\/div><\/span>\n\t\t\t\t\t\t\t<span class='e-n-accordion-item-title-icon'>\n\t\t\t<span class='e-opened' ><svg aria-hidden=\"true\" class=\"e-font-icon-svg e-fas-minus\" viewBox=\"0 0 448 512\" xmlns=\"http:\/\/www.w3.org\/2000\/svg\"><path d=\"M416 208H32c-17.67 0-32 14.33-32 32v32c0 17.67 14.33 32 32 32h384c17.67 0 32-14.33 32-32v-32c0-17.67-14.33-32-32-32z\"><\/path><\/svg><\/span>\n\t\t\t<span class='e-closed'><svg aria-hidden=\"true\" class=\"e-font-icon-svg e-fas-plus\" viewBox=\"0 0 448 512\" xmlns=\"http:\/\/www.w3.org\/2000\/svg\"><path d=\"M416 208H272V64c0-17.67-14.33-32-32-32h-32c-17.67 0-32 14.33-32 32v144H32c-17.67 0-32 14.33-32 32v32c0 17.67 14.33 32 32 32h144v144c0 17.67 14.33 32 32 32h32c17.67 0 32-14.33 32-32V304h144c17.67 0 32-14.33 32-32v-32c0-17.67-14.33-32-32-32z\"><\/path><\/svg><\/span>\n\t\t<\/span>\n\n\t\t\t\t\t\t<\/summary>\n\t\t\t\t<div role=\"region\" aria-labelledby=\"e-n-accordion-item-8702\" class=\"elementor-element elementor-element-9b1b49e e-con-full e-flex e-con e-child\" data-id=\"9b1b49e\" data-element_type=\"container\" data-e-type=\"container\" data-settings=\"{&quot;jet_parallax_layout_list&quot;:[]}\">\n\t\t\t\t<div class=\"elementor-element elementor-element-075f5ce elementor-widget elementor-widget-text-editor\" data-id=\"075f5ce\" data-element_type=\"widget\" data-e-type=\"widget\" data-widget_type=\"text-editor.default\">\n\t\t\t\t\t\t\t\t\t<p style=\"text-align: justify;\"><span style=\"color: #99cc00;\"><strong>OS 2.7: Aumentar a prote\u00e7\u00e3o e conserva\u00e7\u00e3o da natureza, da biodiversidade e das infraestruturas verdes, tamb\u00e9m em \u00e1reas urbanas, e reduzir todas as formas de polui\u00e7\u00e3o.<\/strong><\/span><strong style=\"color: #99cc00; font-size: 16px; font-family: var( --e-global-typography-text-font-family ), Vollkorn;\"> <\/strong><\/p>\n\t\t\t\t\t\t\t\t<\/div>\n\t\t\t\t<div class=\"elementor-element elementor-element-9eca9b6 elementor-align-center elementor-widget elementor-widget-button\" data-id=\"9eca9b6\" data-element_type=\"widget\" data-e-type=\"widget\" data-widget_type=\"button.default\">\n\t\t\t\t\t\t\t\t\t\t<a class=\"elementor-button elementor-button-link elementor-size-sm\" href=\"\/wp-content\/uploads\/2024\/03\/P1_OE27_PT.pdf\">\n\t\t\t\t\t\t<span class=\"elementor-button-content-wrapper\">\n\t\t\t\t\t\t\t\t\t<span class=\"elementor-button-text\">Para saber mais:<\/span>\n\t\t\t\t\t<\/span>\n\t\t\t\t\t<\/a>\n\t\t\t\t\t\t\t\t<\/div>\n\t\t\t\t<\/div>\n\t\t\t\t\t<\/details>\n\t\t\t\t\t<\/div>\n\t\t\t\t\t\t<\/div>\n\t\t\t\t\t<\/div>\n\t\t\t\t<\/div>\n\t\t\t\t<\/div>\n\t\t","protected":false},"excerpt":{"rendered":"<p>Prioridade 1: Preservar o capital natural e refor\u00e7ar a adapta\u00e7\u00e3o \u00e0s altera\u00e7\u00f5es clim\u00e1ticas no Sudoe OE 2.4: Promover a adapta\u00e7\u00e3o \u00e0s mudan\u00e7as clim\u00e1ticas e a preven\u00e7\u00e3o do risco de desastres, bem como a resili\u00eancia, levando em considera\u00e7\u00e3o abordagens baseadas em ecossistemas. OE 2.4: Promover a adapta\u00e7\u00e3o \u00e0s mudan\u00e7as clim\u00e1ticas e a preven\u00e7\u00e3o do risco de [&hellip;]<\/p>\n","protected":false},"author":1,"featured_media":0,"parent":19509,"menu_order":0,"comment_status":"closed","ping_status":"closed","template":"elementor_header_footer","meta":{"_acf_changed":false,"content-type":"","_monsterinsights_skip_tracking":false,"_monsterinsights_sitenote_active":false,"_monsterinsights_sitenote_note":"","_monsterinsights_sitenote_category":0,"footnotes":""},"class_list":["post-23438","page","type-page","status-publish","hentry"],"acf":[],"yoast_head":"<!-- This site is optimized with the Yoast SEO plugin v27.2 - https:\/\/yoast.com\/product\/yoast-seo-wordpress\/ -->\n<title>Prioridade 1 - Interreg Sudoe<\/title>\n<meta name=\"robots\" content=\"index, follow, max-snippet:-1, max-image-preview:large, max-video-preview:-1\" \/>\n<link rel=\"canonical\" href=\"https:\/\/interreg-sudoe.eu\/pt-pt\/acerca-de-interreg-sudoe\/quais-sao-os-dominios-de-cooperacao\/prioridad-1\/\" \/>\n<meta property=\"og:locale\" content=\"pt_PT\" \/>\n<meta property=\"og:type\" content=\"article\" \/>\n<meta property=\"og:title\" content=\"Prioridade 1 - Interreg Sudoe\" \/>\n<meta property=\"og:description\" content=\"Prioridade 1: Preservar o capital natural e refor\u00e7ar a adapta\u00e7\u00e3o \u00e0s altera\u00e7\u00f5es clim\u00e1ticas no Sudoe OE 2.4: Promover a adapta\u00e7\u00e3o \u00e0s mudan\u00e7as clim\u00e1ticas e a preven\u00e7\u00e3o do risco de desastres, bem como a resili\u00eancia, levando em considera\u00e7\u00e3o abordagens baseadas em ecossistemas. OE 2.4: Promover a adapta\u00e7\u00e3o \u00e0s mudan\u00e7as clim\u00e1ticas e a preven\u00e7\u00e3o do risco de [&hellip;]\" \/>\n<meta property=\"og:url\" content=\"https:\/\/interreg-sudoe.eu\/pt-pt\/acerca-de-interreg-sudoe\/quais-sao-os-dominios-de-cooperacao\/prioridad-1\/\" \/>\n<meta property=\"og:site_name\" content=\"Interreg Sudoe\" \/>\n<meta property=\"article:publisher\" content=\"https:\/\/www.facebook.com\/interregsudoe\" \/>\n<meta property=\"article:modified_time\" content=\"2024-03-27T09:11:48+00:00\" \/>\n<meta property=\"og:image\" content=\"https:\/\/interreg-sudoe.eu\/wp-content\/uploads\/2024\/02\/InterregSudoe_Icons-1-1-150x150.png\" \/>\n<meta name=\"twitter:card\" content=\"summary_large_image\" \/>\n<meta name=\"twitter:site\" content=\"@Sudoe5\" \/>\n<meta name=\"twitter:label1\" content=\"Tempo estimado de leitura\" \/>\n\t<meta name=\"twitter:data1\" content=\"2 minutos\" \/>\n<script type=\"application\/ld+json\" class=\"yoast-schema-graph\">{\"@context\":\"https:\/\/schema.org\",\"@graph\":[{\"@type\":\"WebPage\",\"@id\":\"https:\/\/interreg-sudoe.eu\/pt-pt\/acerca-de-interreg-sudoe\/quais-sao-os-dominios-de-cooperacao\/prioridad-1\/\",\"url\":\"https:\/\/interreg-sudoe.eu\/pt-pt\/acerca-de-interreg-sudoe\/quais-sao-os-dominios-de-cooperacao\/prioridad-1\/\",\"name\":\"Prioridade 1 - Interreg Sudoe\",\"isPartOf\":{\"@id\":\"https:\/\/interreg-sudoe.eu\/pt-pt\/#website\"},\"primaryImageOfPage\":{\"@id\":\"https:\/\/interreg-sudoe.eu\/pt-pt\/acerca-de-interreg-sudoe\/quais-sao-os-dominios-de-cooperacao\/prioridad-1\/#primaryimage\"},\"image\":{\"@id\":\"https:\/\/interreg-sudoe.eu\/pt-pt\/acerca-de-interreg-sudoe\/quais-sao-os-dominios-de-cooperacao\/prioridad-1\/#primaryimage\"},\"thumbnailUrl\":\"https:\/\/interreg-sudoe.eu\/wp-content\/uploads\/2024\/02\/InterregSudoe_Icons-1-1-150x150.png\",\"datePublished\":\"2024-02-26T11:56:08+00:00\",\"dateModified\":\"2024-03-27T09:11:48+00:00\",\"breadcrumb\":{\"@id\":\"https:\/\/interreg-sudoe.eu\/pt-pt\/acerca-de-interreg-sudoe\/quais-sao-os-dominios-de-cooperacao\/prioridad-1\/#breadcrumb\"},\"inLanguage\":\"pt-PT\",\"potentialAction\":[{\"@type\":\"ReadAction\",\"target\":[\"https:\/\/interreg-sudoe.eu\/pt-pt\/acerca-de-interreg-sudoe\/quais-sao-os-dominios-de-cooperacao\/prioridad-1\/\"]}]},{\"@type\":\"ImageObject\",\"inLanguage\":\"pt-PT\",\"@id\":\"https:\/\/interreg-sudoe.eu\/pt-pt\/acerca-de-interreg-sudoe\/quais-sao-os-dominios-de-cooperacao\/prioridad-1\/#primaryimage\",\"url\":\"https:\/\/interreg-sudoe.eu\/wp-content\/uploads\/2024\/02\/InterregSudoe_Icons-1-1-150x150.png\",\"contentUrl\":\"https:\/\/interreg-sudoe.eu\/wp-content\/uploads\/2024\/02\/InterregSudoe_Icons-1-1-150x150.png\"},{\"@type\":\"BreadcrumbList\",\"@id\":\"https:\/\/interreg-sudoe.eu\/pt-pt\/acerca-de-interreg-sudoe\/quais-sao-os-dominios-de-cooperacao\/prioridad-1\/#breadcrumb\",\"itemListElement\":[{\"@type\":\"ListItem\",\"position\":1,\"name\":\"Home\",\"item\":\"https:\/\/interreg-sudoe.eu\/pt-pt\/\"},{\"@type\":\"ListItem\",\"position\":2,\"name\":\"O que \u00e9 o Interreg?\",\"item\":\"https:\/\/interreg-sudoe.eu\/pt-pt\/acerca-de-interreg-sudoe\/\"},{\"@type\":\"ListItem\",\"position\":3,\"name\":\"Quais s\u00e3o os temas de coopera\u00e7\u00e3o?\",\"item\":\"https:\/\/interreg-sudoe.eu\/pt-pt\/acerca-de-interreg-sudoe\/cuales-son-las-tematicas-de-cooperacion\/\"},{\"@type\":\"ListItem\",\"position\":4,\"name\":\"Prioridade 1\"}]},{\"@type\":\"WebSite\",\"@id\":\"https:\/\/interreg-sudoe.eu\/pt-pt\/#website\",\"url\":\"https:\/\/interreg-sudoe.eu\/pt-pt\/\",\"name\":\"Interreg Sudoe\",\"description\":\"Interreg Sudoe\",\"publisher\":{\"@id\":\"https:\/\/interreg-sudoe.eu\/pt-pt\/#organization\"},\"alternateName\":\"Interreg Sudoe\",\"potentialAction\":[{\"@type\":\"SearchAction\",\"target\":{\"@type\":\"EntryPoint\",\"urlTemplate\":\"https:\/\/interreg-sudoe.eu\/pt-pt\/?s={search_term_string}\"},\"query-input\":{\"@type\":\"PropertyValueSpecification\",\"valueRequired\":true,\"valueName\":\"search_term_string\"}}],\"inLanguage\":\"pt-PT\"},{\"@type\":\"Organization\",\"@id\":\"https:\/\/interreg-sudoe.eu\/pt-pt\/#organization\",\"name\":\"Interreg Sudoe\",\"alternateName\":\"Interreg Sudoe\",\"url\":\"https:\/\/interreg-sudoe.eu\/pt-pt\/\",\"logo\":{\"@type\":\"ImageObject\",\"inLanguage\":\"pt-PT\",\"@id\":\"https:\/\/interreg-sudoe.eu\/pt-pt\/#\/schema\/logo\/image\/\",\"url\":\"https:\/\/interreg-sudoe.eu\/wp-content\/uploads\/2024\/03\/logo-interreg.png\",\"contentUrl\":\"https:\/\/interreg-sudoe.eu\/wp-content\/uploads\/2024\/03\/logo-interreg.png\",\"width\":1200,\"height\":675,\"caption\":\"Interreg Sudoe\"},\"image\":{\"@id\":\"https:\/\/interreg-sudoe.eu\/pt-pt\/#\/schema\/logo\/image\/\"},\"sameAs\":[\"https:\/\/www.facebook.com\/interregsudoe\",\"https:\/\/x.com\/Sudoe5\",\"https:\/\/www.youtube.com\/channel\/UCeGx2edoB32beRc9dbKA2vw\",\"https:\/\/www.linkedin.com\/company\/interreg-sudoe-programme\/\",\"https:\/\/www.flickr.com\/photos\/148704685@N06\/\"]}]}<\/script>\n<!-- \/ Yoast SEO plugin. -->","yoast_head_json":{"title":"Prioridade 1 - Interreg Sudoe","robots":{"index":"index","follow":"follow","max-snippet":"max-snippet:-1","max-image-preview":"max-image-preview:large","max-video-preview":"max-video-preview:-1"},"canonical":"https:\/\/interreg-sudoe.eu\/pt-pt\/acerca-de-interreg-sudoe\/quais-sao-os-dominios-de-cooperacao\/prioridad-1\/","og_locale":"pt_PT","og_type":"article","og_title":"Prioridade 1 - Interreg Sudoe","og_description":"Prioridade 1: Preservar o capital natural e refor\u00e7ar a adapta\u00e7\u00e3o \u00e0s altera\u00e7\u00f5es clim\u00e1ticas no Sudoe OE 2.4: Promover a adapta\u00e7\u00e3o \u00e0s mudan\u00e7as clim\u00e1ticas e a preven\u00e7\u00e3o do risco de desastres, bem como a resili\u00eancia, levando em considera\u00e7\u00e3o abordagens baseadas em ecossistemas. OE 2.4: Promover a adapta\u00e7\u00e3o \u00e0s mudan\u00e7as clim\u00e1ticas e a preven\u00e7\u00e3o do risco de [&hellip;]","og_url":"https:\/\/interreg-sudoe.eu\/pt-pt\/acerca-de-interreg-sudoe\/quais-sao-os-dominios-de-cooperacao\/prioridad-1\/","og_site_name":"Interreg Sudoe","article_publisher":"https:\/\/www.facebook.com\/interregsudoe","article_modified_time":"2024-03-27T09:11:48+00:00","og_image":[{"url":"https:\/\/interreg-sudoe.eu\/wp-content\/uploads\/2024\/02\/InterregSudoe_Icons-1-1-150x150.png","type":"","width":"","height":""}],"twitter_card":"summary_large_image","twitter_site":"@Sudoe5","twitter_misc":{"Tempo estimado de leitura":"2 minutos"},"schema":{"@context":"https:\/\/schema.org","@graph":[{"@type":"WebPage","@id":"https:\/\/interreg-sudoe.eu\/pt-pt\/acerca-de-interreg-sudoe\/quais-sao-os-dominios-de-cooperacao\/prioridad-1\/","url":"https:\/\/interreg-sudoe.eu\/pt-pt\/acerca-de-interreg-sudoe\/quais-sao-os-dominios-de-cooperacao\/prioridad-1\/","name":"Prioridade 1 - Interreg Sudoe","isPartOf":{"@id":"https:\/\/interreg-sudoe.eu\/pt-pt\/#website"},"primaryImageOfPage":{"@id":"https:\/\/interreg-sudoe.eu\/pt-pt\/acerca-de-interreg-sudoe\/quais-sao-os-dominios-de-cooperacao\/prioridad-1\/#primaryimage"},"image":{"@id":"https:\/\/interreg-sudoe.eu\/pt-pt\/acerca-de-interreg-sudoe\/quais-sao-os-dominios-de-cooperacao\/prioridad-1\/#primaryimage"},"thumbnailUrl":"https:\/\/interreg-sudoe.eu\/wp-content\/uploads\/2024\/02\/InterregSudoe_Icons-1-1-150x150.png","datePublished":"2024-02-26T11:56:08+00:00","dateModified":"2024-03-27T09:11:48+00:00","breadcrumb":{"@id":"https:\/\/interreg-sudoe.eu\/pt-pt\/acerca-de-interreg-sudoe\/quais-sao-os-dominios-de-cooperacao\/prioridad-1\/#breadcrumb"},"inLanguage":"pt-PT","potentialAction":[{"@type":"ReadAction","target":["https:\/\/interreg-sudoe.eu\/pt-pt\/acerca-de-interreg-sudoe\/quais-sao-os-dominios-de-cooperacao\/prioridad-1\/"]}]},{"@type":"ImageObject","inLanguage":"pt-PT","@id":"https:\/\/interreg-sudoe.eu\/pt-pt\/acerca-de-interreg-sudoe\/quais-sao-os-dominios-de-cooperacao\/prioridad-1\/#primaryimage","url":"https:\/\/interreg-sudoe.eu\/wp-content\/uploads\/2024\/02\/InterregSudoe_Icons-1-1-150x150.png","contentUrl":"https:\/\/interreg-sudoe.eu\/wp-content\/uploads\/2024\/02\/InterregSudoe_Icons-1-1-150x150.png"},{"@type":"BreadcrumbList","@id":"https:\/\/interreg-sudoe.eu\/pt-pt\/acerca-de-interreg-sudoe\/quais-sao-os-dominios-de-cooperacao\/prioridad-1\/#breadcrumb","itemListElement":[{"@type":"ListItem","position":1,"name":"Home","item":"https:\/\/interreg-sudoe.eu\/pt-pt\/"},{"@type":"ListItem","position":2,"name":"O que \u00e9 o Interreg?","item":"https:\/\/interreg-sudoe.eu\/pt-pt\/acerca-de-interreg-sudoe\/"},{"@type":"ListItem","position":3,"name":"Quais s\u00e3o os temas de coopera\u00e7\u00e3o?","item":"https:\/\/interreg-sudoe.eu\/pt-pt\/acerca-de-interreg-sudoe\/cuales-son-las-tematicas-de-cooperacion\/"},{"@type":"ListItem","position":4,"name":"Prioridade 1"}]},{"@type":"WebSite","@id":"https:\/\/interreg-sudoe.eu\/pt-pt\/#website","url":"https:\/\/interreg-sudoe.eu\/pt-pt\/","name":"Interreg Sudoe","description":"Interreg Sudoe","publisher":{"@id":"https:\/\/interreg-sudoe.eu\/pt-pt\/#organization"},"alternateName":"Interreg Sudoe","potentialAction":[{"@type":"SearchAction","target":{"@type":"EntryPoint","urlTemplate":"https:\/\/interreg-sudoe.eu\/pt-pt\/?s={search_term_string}"},"query-input":{"@type":"PropertyValueSpecification","valueRequired":true,"valueName":"search_term_string"}}],"inLanguage":"pt-PT"},{"@type":"Organization","@id":"https:\/\/interreg-sudoe.eu\/pt-pt\/#organization","name":"Interreg Sudoe","alternateName":"Interreg Sudoe","url":"https:\/\/interreg-sudoe.eu\/pt-pt\/","logo":{"@type":"ImageObject","inLanguage":"pt-PT","@id":"https:\/\/interreg-sudoe.eu\/pt-pt\/#\/schema\/logo\/image\/","url":"https:\/\/interreg-sudoe.eu\/wp-content\/uploads\/2024\/03\/logo-interreg.png","contentUrl":"https:\/\/interreg-sudoe.eu\/wp-content\/uploads\/2024\/03\/logo-interreg.png","width":1200,"height":675,"caption":"Interreg Sudoe"},"image":{"@id":"https:\/\/interreg-sudoe.eu\/pt-pt\/#\/schema\/logo\/image\/"},"sameAs":["https:\/\/www.facebook.com\/interregsudoe","https:\/\/x.com\/Sudoe5","https:\/\/www.youtube.com\/channel\/UCeGx2edoB32beRc9dbKA2vw","https:\/\/www.linkedin.com\/company\/interreg-sudoe-programme\/","https:\/\/www.flickr.com\/photos\/148704685@N06\/"]}]}},"_links":{"self":[{"href":"https:\/\/interreg-sudoe.eu\/pt-pt\/wp-json\/wp\/v2\/pages\/23438","targetHints":{"allow":["GET"]}}],"collection":[{"href":"https:\/\/interreg-sudoe.eu\/pt-pt\/wp-json\/wp\/v2\/pages"}],"about":[{"href":"https:\/\/interreg-sudoe.eu\/pt-pt\/wp-json\/wp\/v2\/types\/page"}],"author":[{"embeddable":true,"href":"https:\/\/interreg-sudoe.eu\/pt-pt\/wp-json\/wp\/v2\/users\/1"}],"replies":[{"embeddable":true,"href":"https:\/\/interreg-sudoe.eu\/pt-pt\/wp-json\/wp\/v2\/comments?post=23438"}],"version-history":[{"count":0,"href":"https:\/\/interreg-sudoe.eu\/pt-pt\/wp-json\/wp\/v2\/pages\/23438\/revisions"}],"up":[{"embeddable":true,"href":"https:\/\/interreg-sudoe.eu\/pt-pt\/wp-json\/wp\/v2\/pages\/19509"}],"wp:attachment":[{"href":"https:\/\/interreg-sudoe.eu\/pt-pt\/wp-json\/wp\/v2\/media?parent=23438"}],"curies":[{"name":"wp","href":"https:\/\/api.w.org\/{rel}","templated":true}]}}