{"id":25073,"date":"2024-03-21T12:50:54","date_gmt":"2024-03-21T11:50:54","guid":{"rendered":"https:\/\/interreg-sudoe.eu\/politica-de-privacidad\/"},"modified":"2026-03-17T13:19:13","modified_gmt":"2026-03-17T12:19:13","slug":"politica-de-privacidade","status":"publish","type":"page","link":"https:\/\/interreg-sudoe.eu\/pt-pt\/politica-de-privacidade\/","title":{"rendered":"Pol\u00edtica de Privacidade"},"content":{"rendered":"\t\t<div data-elementor-type=\"wp-page\" data-elementor-id=\"25073\" class=\"elementor elementor-25073 elementor-23216\" data-elementor-post-type=\"page\">\n\t\t\t\t<div class=\"elementor-element elementor-element-f56bfbf e-flex e-con-boxed e-con e-parent\" data-id=\"f56bfbf\" data-element_type=\"container\" data-e-type=\"container\" data-settings=\"{&quot;jet_parallax_layout_list&quot;:[]}\">\n\t\t\t\t\t<div class=\"e-con-inner\">\n\t\t\t\t<div class=\"elementor-element elementor-element-85b9f04 elementor-widget elementor-widget-heading\" data-id=\"85b9f04\" data-element_type=\"widget\" data-e-type=\"widget\" data-widget_type=\"heading.default\">\n\t\t\t\t\t<h1 class=\"elementor-heading-title elementor-size-default\">Pol\u00edtica de privacidad<\/h1>\t\t\t\t<\/div>\n\t\t\t\t\t<\/div>\n\t\t\t\t<\/div>\n\t\t<div class=\"elementor-element elementor-element-8a5cbc1 e-flex e-con-boxed e-con e-parent\" data-id=\"8a5cbc1\" data-element_type=\"container\" data-e-type=\"container\" data-settings=\"{&quot;jet_parallax_layout_list&quot;:[]}\">\n\t\t\t\t\t<div class=\"e-con-inner\">\n\t\t\t\t<div class=\"elementor-element elementor-element-5244bc5 elementor-widget elementor-widget-text-editor\" data-id=\"5244bc5\" data-element_type=\"widget\" data-e-type=\"widget\" data-widget_type=\"text-editor.default\">\n\t\t\t\t\t\t\t\t\t<p>SOCIEDAD GESTORA INTERREG ESPACIO SUDOESTE EUROPEO SL, conforme a la legislaci\u00f3n vigente en materia de Protecci\u00f3n de Datos de Car\u00e1cter Personal, pone en conocimiento de los usuarios de la p\u00e1gina web (en adelante la P\u00e1gina) la Pol\u00edtica de Privacidad y Protecci\u00f3n de Datos que aplicar\u00e1 en el tratamiento de los datos personales que el Usuario facilite voluntariamente al acceder a su web.<\/p><p>El Usuario, al proporcionar a\u00a0SOCIEDAD GESTORA INTERREG ESPACIO SUDOESTE EUROPEO SL sus datos de car\u00e1cter personal a trav\u00e9s de los formularios electr\u00f3nicos de la Web, apartado de contactos y, en su caso, a trav\u00e9s de la marcaci\u00f3n de la correspondiente casilla de aceptaci\u00f3n, consiente expresamente que\u00a0SOCIEDAD GESTORA INTERREG ESPACIO SUDOESTE EUROPEO SL pueda tratar esos datos en los t\u00e9rminos de esta cl\u00e1usula de Pol\u00edtica de Privacidad y Protecci\u00f3n de Datos y para los fines aqu\u00ed expresados.<\/p><p>SOCIEDAD GESTORA INTERREG ESPACIO SUDOESTE EUROPEO SL\u00a0pone en conocimiento de los usuarios de la P\u00e1gina, que sus datos de car\u00e1cter personal s\u00f3lo podr\u00e1n obtenerse para su tratamiento cuando sean adecuados, pertinentes y no excesivos en relaci\u00f3n con el \u00e1mbito y las finalidades determinadas, expl\u00edcitas y leg\u00edtimas para las que se hayan obtenido. Ser\u00e1n cancelados cuando hayan dejado de ser necesarios o pertinentes para dicha finalidad, o cuando lo solicite el titular en el ejercicio de su derecho de cancelaci\u00f3n.<\/p><p>SOCIEDAD GESTORA INTERREG ESPACIO SUDOESTE EUROPEO SL\u00a0manifiesta su compromiso de cumplir con la legislaci\u00f3n vigente en cada momento en materia de protecci\u00f3n de datos.<\/p><p>Los datos personales facilitados ser\u00e1n tratados por SOCIEDAD GESTORA INTERREG ESPACIO SUDOESTE EUROPEO SL, y se utilizar\u00e1n de acuerdo a la siguiente<\/p><p>Informaci\u00f3n sobre Protecci\u00f3n de datos personales<\/p><table><tbody><tr><td colspan=\"2\"><p>INFORMACI\u00d3N SOBRE PROTECCI\u00d3N DE DATOS DE CAR\u00c1CTER PERSONAL<\/p><p>\u00a0(En cumplimiento del Reglamento UE 2016\/679 de Protecci\u00f3n de Datos)<\/p><\/td><\/tr><tr><td><p>Responsable del tratamiento<\/p><\/td><td><p>SOCIEDAD GESTORA INTERREG ESPACIO SUDOESTE EUROPEO SL<\/p><p>NIF:\u00a0B39700877<\/p><p>Direcci\u00f3n:\u00a0PL. PRINCIPE, 4 -1\u00ba. 39003, SANTANDER, CANTABRIA<\/p><p>Tel\u00e9fono:\u00a0<a href=\"tel:+34942238362\">(+34) 942 238 362<\/a><\/p><p>e-mail:\u00a0<a href=\"mailto:scsudoe@interreg-sudoe.eu\">scsudoe@interreg-sudoe.eu<\/a><\/p><\/td><\/tr><tr><td><p>Finalidades<\/p><\/td><td><p>Atender las consultas de los Usuarios que se pongan en contacto con nosotros a trav\u00e9s de los apartados de Contacto o Formularios habilitados.<\/p><p>Gestionar su solicitud de candidatura de empleo.<\/p><p>Cookies: proporcionar estad\u00edsticas asociadas al uso de la P\u00e1gina y ubicaci\u00f3n de nuestras oficinas.<\/p><\/td><\/tr><tr><td rowspan=\"2\"><p>Legitimaci\u00f3n y conservaci\u00f3n<\/p><\/td><td><p>Consulte nuestra\u00a0<a href=\"https:\/\/5.interreg-sudoe.eu\/inicio\/politica-de-privacidad\" target=\"_blank\" rel=\"noopener\">pol\u00edtica de cookies<\/a>\u00a0para obtener informaci\u00f3n sobre las cookies necesarias para el funcionamiento de la web y la vigencia de cada una de ellas.<\/p><p>La base para el tratamiento de los datos es el consentimiento otorgado por el Usuario con la marcaci\u00f3n, en su caso, de la correspondiente casilla de aceptaci\u00f3n<\/p><\/td><\/tr><tr><td><p>En caso de no facilitar los datos necesarios para estas finalidades ser\u00e1 imposible prestarle nuestros servicios. Los datos se conservar\u00e1n mientras se mantenga le relaci\u00f3n y no se solicite su supresi\u00f3n y en cualquier caso en cumplimiento de plazos legales de prescripci\u00f3n que le resulten de aplicaci\u00f3n.<\/p><\/td><\/tr><tr><td><p>Destinatarios de cesiones<\/p><\/td><td><p>No se han previsto cesiones.<\/p><\/td><\/tr><tr><td rowspan=\"3\"><p>Derechos de los interesados<\/p><\/td><td><p>Puede ejercitar sus derechos de acceso, rectificaci\u00f3n, supresi\u00f3n, portabilidad y la limitaci\u00f3n u oposici\u00f3n dirigi\u00e9ndose por escrito a SOCIEDAD GESTORA INTERREG ESPACIO SUDOESTE EUROPEO SL, en la direcci\u00f3n que figura arriba.<\/p><\/td><\/tr><tr><td><p>Los interesados tienen derecho a retirar el consentimiento prestado.<\/p><\/td><\/tr><tr><td><p>Los interesados tienen derecho a reclamar ante la Autoridad de Control (Agencia Espa\u00f1ola de Protecci\u00f3n de Datos\u00a0<a title=\"Este enlace se abrir\u00e1 en una ventana nueva: Este enlace se abrir\u00e1 en una ventana nueva\" href=\"https:\/\/www.aepd.es\/\">www.aepd.es<\/a>).<\/p><\/td><\/tr><\/tbody><\/table><p>\u00a0<\/p><p>El usuario ser\u00e1 el \u00fanico responsable de la veracidad de los datos facilitados a SOCIEDAD GESTORA INTERREG ESPACIO SUDOESTE EUROPEO SL.<\/p><p>SOCIEDAD GESTORA INTERREG ESPACIO SUDOESTE EUROPEO SL\u00a0administra su entorno de servidores de forma adecuada, teniendo una infraestructura firewall de estricto cumplimiento. Utiliza continuamente tecnolog\u00edas actuales para asegurarse de que la confidencialidad y la privacidad de la informaci\u00f3n no est\u00e1 comprometida.<\/p><p>Para ello se adoptan las medidas de \u00edndole t\u00e9cnica y organizativa necesarias para garantizar la seguridad de los datos de car\u00e1cter personal contenidos en los mismos y para evitar su alteraci\u00f3n, p\u00e9rdida, tratamiento o acceso no autorizado, habida cuenta del estado de la tecnolog\u00eda, la naturaleza de los datos y los riesgos a los que est\u00e1n expuestos.<\/p><p>Cualquier cambio realizado en la Pol\u00edtica de Privacidad y en las pr\u00e1cticas de administraci\u00f3n de la informaci\u00f3n se reflejar\u00e1 de forma oportuna, pudiendo\u00a0SOCIEDAD GESTORA INTERREG ESPACIO SUDOESTE EUROPEO SL agregar, modificar o eliminar dicha pol\u00edtica de privacidad cuando lo estime necesario.<\/p><p>De todas formas,\u00a0SOCIEDAD GESTORA INTERREG ESPACIO SUDOESTE EUROPEO SL en ning\u00fan caso modificar\u00e1 las pol\u00edticas ni pr\u00e1cticas para hacerlas menos eficaces en la protecci\u00f3n de los datos personales de nuestros clientes almacenados anteriormente, sin el consentimiento previo de los clientes afectados.<\/p><h2 id=\"politica-cookies\">Informaci\u00f3n sobre cookies<\/h2><p><strong>1. Qu\u00e9 son las cookies y por qu\u00e9 las utilizamos en esta web<\/strong><\/p><p>Una cookie es un fichero que se descarga en el dispositivo del usuario al acceder a determinadas p\u00e1ginas web para almacenar y recuperar informaci\u00f3n sobre la navegaci\u00f3n que se efect\u00faa desde dicho equipo.<\/p><p>Las cookies permiten a dicha web, entre otras cosas, almacenar y recuperar informaci\u00f3n sobre las decisiones y h\u00e1bitos del usuario. En esta web las utilizamos para personalizar la experiencia dentro de nuestras webs, identificar y recordar al usuario registrado y facilitar la navegaci\u00f3n.<\/p><p>Es importante destacar que el uso de cookies no proporciona datos personales del usuario, que de cara a esta empresa permanece an\u00f3nimo.<\/p><p>El usuario puede configurar su navegador para no aceptar el uso de cookies, en cuyo caso la personalizaci\u00f3n de la experiencia no se aplicar\u00eda aunque s\u00ed podr\u00e1 seguir accediendo a los contenidos de nuestras webs con normalidad.<\/p><p>En la p\u00e1gina de Wikipedia (<a title=\"Este enlace se abrir\u00e1 en una ventana nueva: undefined\" href=\"https:\/\/es.wikipedia.org\/wiki\/Cookie_(inform%C3%A1tica)\">https:\/\/es.wikipedia.org\/wiki\/Cookie_(inform\u00e1tica)<\/a>) es posible obtener m\u00e1s informaci\u00f3n acerca de qu\u00e9 con las cookies y c\u00f3mo funcionan<\/p><p><strong>2. \u00bfQu\u00e9 tipo de cookies utilizamos?<\/strong><\/p><p>Las Cookies, en funci\u00f3n de su permanencia, pueden dividirse en Cookies de sesi\u00f3n o permanentes. Las primeras expiran cuando el usuario cierra el navegador. Las segundas expiran en funci\u00f3n cuando se cumpla el objetivo para el que sirven (por ejemplo, para que el usuario se mantenga identificado en las webs y servicios de esta empresa) o bien cuando se borran manualmente.<\/p><p>Adicionalmente, en funci\u00f3n de su objetivo, las Cookies pueden clasificarse de la siguiente forma:<\/p><p><strong><em>\u00b7 Cookies de rendimiento:<\/em>\u00a0<\/strong>este tipo de Cookie recuerda sus preferencias para las herramientas que se encuentran en los servicios, por lo que no tiene que volver a configurar el servicio cada vez que usted visita. A modo de ejemplo, en esta tipolog\u00eda se incluyen:<\/p><ul><li>Ajustes de volumen de reproductores de v\u00eddeo o sonido.<\/li><li>Las velocidades de transmisi\u00f3n de v\u00eddeo que sean compatibles con su navegador.<\/li><\/ul><p><strong>\u00b7\u00a0<em>Cookies de geolocalizaci\u00f3n:<\/em>\u00a0<\/strong>estas Cookies son utilizadas para averiguar en qu\u00e9 pa\u00eds se encuentra cuando se solicita una web o servicio. Esta Cookie es totalmente an\u00f3nima, y s\u00f3lo se utiliza para ayudar a orientar el contenido a su ubicaci\u00f3n.<\/p><p><strong>\u00b7\u00a0<em>Cookies de registro:<\/em>\u00a0<\/strong>las Cookies de registro se generan una vez que el Usuario se ha registrado o posteriormente ha abierto su sesi\u00f3n, y se utilizan para identificarle en las web y servicios con los siguientes objetivos:<\/p><ul><li>Mantener al usuario identificado de forma que, si cierra un servicio o web, el navegador o el ordenador y en otro momento u otro d\u00eda vuelve a entrar en dicho servicio o web, seguir\u00e1 identificado, facilitando as\u00ed su navegaci\u00f3n sin tener que volver a identificarse. Esta funcionalidad se puede suprimir si el usuario pulsa la funcionalidad \u201cSalir\u201d, de forma que esta Cookie se elimina y la pr\u00f3xima vez que entre en la web el usuario tendr\u00e1 que iniciar sesi\u00f3n para estar identificado.<\/li><li>Comprobar si el usuario est\u00e1 autorizado para acceder a ciertos servicios, por ejemplo, para participar en un concurso.<\/li><li>Adicionalmente, algunos servicios pueden utilizar conectores de terceros tales como Facebook, Twitter o Google. Cuando el usuario se registra en un servicio con credenciales de una red social o sistema de identificaci\u00f3n de terceros, autoriza al mismo a guardar una cookie persistente que recuerda su identidad y le garantiza acceso a la web hasta que expira. El usuario puede borrar esta cookie y revocar el acceso a la web mediante redes sociales o sistema de identificaci\u00f3n de terceros actualizando sus preferencias en la red social que espec\u00edfica.<\/li><\/ul><p><strong>\u00b7\u00a0<em>Cookies de anal\u00edtica:<\/em>\u00a0<\/strong>Cada vez que un Usuario visita una Web o Servicio, una herramienta de un proveedor externo (Google Analytics, comScore y similares) genera una cookie anal\u00edtica en el dispositivo del usuario. Esta cookie que s\u00f3lo se genera en la visita, servir\u00e1 en pr\u00f3ximas visitas a nuestros servicios para identificar de forma an\u00f3nima al visitante. Los objetivos principales que se persiguen son:<\/p><p>\u00a0<\/p><ul><li style=\"list-style-type: none;\"><ul><li>Permitir la identificaci\u00f3n an\u00f3nima de los usuarios navegantes a trav\u00e9s de la \u201cCookie\u201d (identifica navegadores y dispositivos, no personas) y por lo tanto la contabilizaci\u00f3n aproximada del n\u00famero de visitantes y su tendencia en el tiempo.<\/li><\/ul><\/li><\/ul><p>\u00a0<\/p><ul><li style=\"list-style-type: none;\"><ul><li>Identificar de forma an\u00f3nima los contenidos m\u00e1s visitados y por lo tanto m\u00e1s atractivos para los usuarios<\/li><\/ul><\/li><\/ul><p>\u00a0<\/p><ul><li style=\"list-style-type: none;\"><ul><li>Saber si el usuario que est\u00e1 accediendo es nuevo o repite visita.<\/li><\/ul><\/li><\/ul><p>\u00a0<\/p><p>Importante: Salvo que el Usuario decida registrarse en alguna web de esta empresa, la cookie nunca ir\u00e1 asociada a ning\u00fan dato de car\u00e1cter personal que pueda identificarle. Dichas cookies s\u00f3lo ser\u00e1n utilizadas con prop\u00f3sitos estad\u00edsticos que ayuden a la optimizaci\u00f3n de la experiencia de los usuarios en el sitio.<\/p><p>M\u00e1s informaci\u00f3n sobre la pol\u00edtica de privacidad de estas herramientas de anal\u00edtica en:<br \/><a title=\"Este enlace se abrir\u00e1 en una ventana nueva: undefined\" href=\"https:\/\/www.google.es\/intl\/es\/analytics\/privacyoverview.html\">Google Analytics<\/a><\/p><p><strong>\u00b7\u00a0<em>Cookies de publicidad:<\/em>\u00a0<\/strong>este tipo de cookies permiten ampliar la informaci\u00f3n de los anuncios mostrados a cada usuario an\u00f3nimo en esta web. Entre otros, se almacena la duraci\u00f3n o frecuencia de visualizaci\u00f3n de posiciones publicitarias, la interacci\u00f3n con las mismas, o los patrones de navegaci\u00f3n y\/o comportamientos del usuario ya que ayudan a conformar un perfil de inter\u00e9s publicitario. De este modo, permiten ofrecer publicidad af\u00edn a los intereses del usuario.<\/p><p>Para la gesti\u00f3n de la publicidad se utilizan herramientas de servicio de publicidad (<a title=\"Este enlace se abrir\u00e1 en una ventana nueva: undefined\" href=\"https:\/\/es.wikipedia.org\/wiki\/Adserver\">Adservers \u2013 https:\/\/es.wikipedia.org\/wiki\/Adserver\u201d)<\/a>\u00a0de terceros. Estos terceros pueden almacenar cookies enviadas desde esta web procedentes de los navegadores de los usuarios, as\u00ed como acceder a los datos que en ellas se guardan.<br \/>Las empresas que generan estas Cookies tienen sus propias pol\u00edticas de privacidad.<\/p><p><strong>3. C\u00f3mo deshabilitar las cookies en el navegador<\/strong><\/p><p>La mayor\u00eda de navegadores actualmente permiten al usuario configurar si desean aceptar cookies y cu\u00e1les de ellas. Estos ajustes normalmente se encuentra en las \u2018opciones\u2019 o \u2018Preferencias\u2019 del men\u00fa de su navegador.<\/p><p>Estas son las instrucciones para configurar las cookies en los principales navegadores:<\/p><div><p><strong>Chrome:<\/strong>\u00a0Configuraci\u00f3n -&gt; Mostrar opciones avanzadas -&gt; Privacidad -&gt; Configuraci\u00f3n de contenido.<br \/>Para m\u00e1s informaci\u00f3n, puede consultar el soporte de Google o la Ayuda del navegador.<\/p><p><strong>Firefox:<\/strong>\u00a0Herramientas -&gt; Opciones -&gt; Privacidad -&gt; Historial -&gt; Configuraci\u00f3n Personalizada.<br \/>Para m\u00e1s informaci\u00f3n, puede consultar el soporte de Mozilla o la Ayuda del navegador.<\/p><p><strong>Internet Explorer:<\/strong>\u00a0Herramientas -&gt; Opciones de Internet -&gt; Privacidad -&gt; Configuraci\u00f3n.<br \/>Para m\u00e1s informaci\u00f3n, puede consultar el soporte de Microsoft o la Ayuda del navegador.<\/p><p><strong>Safari:<\/strong>\u00a0Preferencias -&gt; Seguridad.<br \/>Para m\u00e1s informaci\u00f3n, puede consultar el soporte de Apple o la Ayuda del navegador.<\/p><\/div>\t\t\t\t\t\t\t\t<\/div>\n\t\t\t\t\t<\/div>\n\t\t\t\t<\/div>\n\t\t\t\t<\/div>\n\t\t","protected":false},"excerpt":{"rendered":"<p>Pol\u00edtica de privacidad SOCIEDAD GESTORA INTERREG ESPACIO SUDOESTE EUROPEO SL, conforme a la legislaci\u00f3n vigente en materia de Protecci\u00f3n de Datos de Car\u00e1cter Personal, pone en conocimiento de los usuarios de la p\u00e1gina web (en adelante la P\u00e1gina) la Pol\u00edtica de Privacidad y Protecci\u00f3n de Datos que aplicar\u00e1 en el tratamiento de los datos personales [&hellip;]<\/p>\n","protected":false},"author":1,"featured_media":0,"parent":0,"menu_order":0,"comment_status":"closed","ping_status":"closed","template":"","meta":{"_acf_changed":false,"content-type":"","_monsterinsights_skip_tracking":false,"_monsterinsights_sitenote_active":false,"_monsterinsights_sitenote_note":"","_monsterinsights_sitenote_category":0,"footnotes":""},"class_list":["post-25073","page","type-page","status-publish","hentry"],"acf":[],"yoast_head":"<!-- This site is optimized with the Yoast SEO plugin v27.2 - https:\/\/yoast.com\/product\/yoast-seo-wordpress\/ -->\n<title>Pol\u00edtica de Privacidade - Interreg Sudoe<\/title>\n<meta name=\"robots\" content=\"index, follow, max-snippet:-1, max-image-preview:large, max-video-preview:-1\" \/>\n<link rel=\"canonical\" href=\"https:\/\/interreg-sudoe.eu\/pt-pt\/politica-de-privacidade\/\" \/>\n<meta property=\"og:locale\" content=\"pt_PT\" \/>\n<meta property=\"og:type\" content=\"article\" \/>\n<meta property=\"og:title\" content=\"Pol\u00edtica de Privacidade - Interreg Sudoe\" \/>\n<meta property=\"og:description\" content=\"Pol\u00edtica de privacidad SOCIEDAD GESTORA INTERREG ESPACIO SUDOESTE EUROPEO SL, conforme a la legislaci\u00f3n vigente en materia de Protecci\u00f3n de Datos de Car\u00e1cter Personal, pone en conocimiento de los usuarios de la p\u00e1gina web (en adelante la P\u00e1gina) la Pol\u00edtica de Privacidad y Protecci\u00f3n de Datos que aplicar\u00e1 en el tratamiento de los datos personales [&hellip;]\" \/>\n<meta property=\"og:url\" content=\"https:\/\/interreg-sudoe.eu\/pt-pt\/politica-de-privacidade\/\" \/>\n<meta property=\"og:site_name\" content=\"Interreg Sudoe\" \/>\n<meta property=\"article:publisher\" content=\"https:\/\/www.facebook.com\/interregsudoe\" \/>\n<meta property=\"article:modified_time\" content=\"2026-03-17T12:19:13+00:00\" \/>\n<meta property=\"og:image\" content=\"https:\/\/interreg-sudoe.eu\/wp-content\/uploads\/2024\/03\/download.png\" \/>\n\t<meta property=\"og:image:width\" content=\"344\" \/>\n\t<meta property=\"og:image:height\" content=\"147\" \/>\n\t<meta property=\"og:image:type\" content=\"image\/png\" \/>\n<meta name=\"twitter:card\" content=\"summary_large_image\" \/>\n<meta name=\"twitter:site\" content=\"@Sudoe5\" \/>\n<meta name=\"twitter:label1\" content=\"Tempo estimado de leitura\" \/>\n\t<meta name=\"twitter:data1\" content=\"9 minutos\" \/>\n<script type=\"application\/ld+json\" class=\"yoast-schema-graph\">{\"@context\":\"https:\/\/schema.org\",\"@graph\":[{\"@type\":\"WebPage\",\"@id\":\"https:\/\/interreg-sudoe.eu\/pt-pt\/politica-de-privacidade\/\",\"url\":\"https:\/\/interreg-sudoe.eu\/pt-pt\/politica-de-privacidade\/\",\"name\":\"Pol\u00edtica de Privacidade - Interreg Sudoe\",\"isPartOf\":{\"@id\":\"https:\/\/interreg-sudoe.eu\/pt-pt\/#website\"},\"datePublished\":\"2024-03-21T11:50:54+00:00\",\"dateModified\":\"2026-03-17T12:19:13+00:00\",\"breadcrumb\":{\"@id\":\"https:\/\/interreg-sudoe.eu\/pt-pt\/politica-de-privacidade\/#breadcrumb\"},\"inLanguage\":\"pt-PT\",\"potentialAction\":[{\"@type\":\"ReadAction\",\"target\":[\"https:\/\/interreg-sudoe.eu\/pt-pt\/politica-de-privacidade\/\"]}]},{\"@type\":\"BreadcrumbList\",\"@id\":\"https:\/\/interreg-sudoe.eu\/pt-pt\/politica-de-privacidade\/#breadcrumb\",\"itemListElement\":[{\"@type\":\"ListItem\",\"position\":1,\"name\":\"Home\",\"item\":\"https:\/\/interreg-sudoe.eu\/pt-pt\/\"},{\"@type\":\"ListItem\",\"position\":2,\"name\":\"Pol\u00edtica de Privacidade\"}]},{\"@type\":\"WebSite\",\"@id\":\"https:\/\/interreg-sudoe.eu\/pt-pt\/#website\",\"url\":\"https:\/\/interreg-sudoe.eu\/pt-pt\/\",\"name\":\"Interreg Sudoe\",\"description\":\"Interreg Sudoe\",\"publisher\":{\"@id\":\"https:\/\/interreg-sudoe.eu\/pt-pt\/#organization\"},\"alternateName\":\"Interreg Sudoe\",\"potentialAction\":[{\"@type\":\"SearchAction\",\"target\":{\"@type\":\"EntryPoint\",\"urlTemplate\":\"https:\/\/interreg-sudoe.eu\/pt-pt\/?s={search_term_string}\"},\"query-input\":{\"@type\":\"PropertyValueSpecification\",\"valueRequired\":true,\"valueName\":\"search_term_string\"}}],\"inLanguage\":\"pt-PT\"},{\"@type\":\"Organization\",\"@id\":\"https:\/\/interreg-sudoe.eu\/pt-pt\/#organization\",\"name\":\"Interreg Sudoe\",\"alternateName\":\"Interreg Sudoe\",\"url\":\"https:\/\/interreg-sudoe.eu\/pt-pt\/\",\"logo\":{\"@type\":\"ImageObject\",\"inLanguage\":\"pt-PT\",\"@id\":\"https:\/\/interreg-sudoe.eu\/pt-pt\/#\/schema\/logo\/image\/\",\"url\":\"https:\/\/interreg-sudoe.eu\/wp-content\/uploads\/2024\/03\/logo-interreg.png\",\"contentUrl\":\"https:\/\/interreg-sudoe.eu\/wp-content\/uploads\/2024\/03\/logo-interreg.png\",\"width\":1200,\"height\":675,\"caption\":\"Interreg Sudoe\"},\"image\":{\"@id\":\"https:\/\/interreg-sudoe.eu\/pt-pt\/#\/schema\/logo\/image\/\"},\"sameAs\":[\"https:\/\/www.facebook.com\/interregsudoe\",\"https:\/\/x.com\/Sudoe5\",\"https:\/\/www.youtube.com\/channel\/UCeGx2edoB32beRc9dbKA2vw\",\"https:\/\/www.linkedin.com\/company\/interreg-sudoe-programme\/\",\"https:\/\/www.flickr.com\/photos\/148704685@N06\/\"]}]}<\/script>\n<!-- \/ Yoast SEO plugin. -->","yoast_head_json":{"title":"Pol\u00edtica de Privacidade - Interreg Sudoe","robots":{"index":"index","follow":"follow","max-snippet":"max-snippet:-1","max-image-preview":"max-image-preview:large","max-video-preview":"max-video-preview:-1"},"canonical":"https:\/\/interreg-sudoe.eu\/pt-pt\/politica-de-privacidade\/","og_locale":"pt_PT","og_type":"article","og_title":"Pol\u00edtica de Privacidade - Interreg Sudoe","og_description":"Pol\u00edtica de privacidad SOCIEDAD GESTORA INTERREG ESPACIO SUDOESTE EUROPEO SL, conforme a la legislaci\u00f3n vigente en materia de Protecci\u00f3n de Datos de Car\u00e1cter Personal, pone en conocimiento de los usuarios de la p\u00e1gina web (en adelante la P\u00e1gina) la Pol\u00edtica de Privacidad y Protecci\u00f3n de Datos que aplicar\u00e1 en el tratamiento de los datos personales [&hellip;]","og_url":"https:\/\/interreg-sudoe.eu\/pt-pt\/politica-de-privacidade\/","og_site_name":"Interreg Sudoe","article_publisher":"https:\/\/www.facebook.com\/interregsudoe","article_modified_time":"2026-03-17T12:19:13+00:00","og_image":[{"width":344,"height":147,"url":"https:\/\/interreg-sudoe.eu\/wp-content\/uploads\/2024\/03\/download.png","type":"image\/png"}],"twitter_card":"summary_large_image","twitter_site":"@Sudoe5","twitter_misc":{"Tempo estimado de leitura":"9 minutos"},"schema":{"@context":"https:\/\/schema.org","@graph":[{"@type":"WebPage","@id":"https:\/\/interreg-sudoe.eu\/pt-pt\/politica-de-privacidade\/","url":"https:\/\/interreg-sudoe.eu\/pt-pt\/politica-de-privacidade\/","name":"Pol\u00edtica de Privacidade - Interreg Sudoe","isPartOf":{"@id":"https:\/\/interreg-sudoe.eu\/pt-pt\/#website"},"datePublished":"2024-03-21T11:50:54+00:00","dateModified":"2026-03-17T12:19:13+00:00","breadcrumb":{"@id":"https:\/\/interreg-sudoe.eu\/pt-pt\/politica-de-privacidade\/#breadcrumb"},"inLanguage":"pt-PT","potentialAction":[{"@type":"ReadAction","target":["https:\/\/interreg-sudoe.eu\/pt-pt\/politica-de-privacidade\/"]}]},{"@type":"BreadcrumbList","@id":"https:\/\/interreg-sudoe.eu\/pt-pt\/politica-de-privacidade\/#breadcrumb","itemListElement":[{"@type":"ListItem","position":1,"name":"Home","item":"https:\/\/interreg-sudoe.eu\/pt-pt\/"},{"@type":"ListItem","position":2,"name":"Pol\u00edtica de Privacidade"}]},{"@type":"WebSite","@id":"https:\/\/interreg-sudoe.eu\/pt-pt\/#website","url":"https:\/\/interreg-sudoe.eu\/pt-pt\/","name":"Interreg Sudoe","description":"Interreg Sudoe","publisher":{"@id":"https:\/\/interreg-sudoe.eu\/pt-pt\/#organization"},"alternateName":"Interreg Sudoe","potentialAction":[{"@type":"SearchAction","target":{"@type":"EntryPoint","urlTemplate":"https:\/\/interreg-sudoe.eu\/pt-pt\/?s={search_term_string}"},"query-input":{"@type":"PropertyValueSpecification","valueRequired":true,"valueName":"search_term_string"}}],"inLanguage":"pt-PT"},{"@type":"Organization","@id":"https:\/\/interreg-sudoe.eu\/pt-pt\/#organization","name":"Interreg Sudoe","alternateName":"Interreg Sudoe","url":"https:\/\/interreg-sudoe.eu\/pt-pt\/","logo":{"@type":"ImageObject","inLanguage":"pt-PT","@id":"https:\/\/interreg-sudoe.eu\/pt-pt\/#\/schema\/logo\/image\/","url":"https:\/\/interreg-sudoe.eu\/wp-content\/uploads\/2024\/03\/logo-interreg.png","contentUrl":"https:\/\/interreg-sudoe.eu\/wp-content\/uploads\/2024\/03\/logo-interreg.png","width":1200,"height":675,"caption":"Interreg Sudoe"},"image":{"@id":"https:\/\/interreg-sudoe.eu\/pt-pt\/#\/schema\/logo\/image\/"},"sameAs":["https:\/\/www.facebook.com\/interregsudoe","https:\/\/x.com\/Sudoe5","https:\/\/www.youtube.com\/channel\/UCeGx2edoB32beRc9dbKA2vw","https:\/\/www.linkedin.com\/company\/interreg-sudoe-programme\/","https:\/\/www.flickr.com\/photos\/148704685@N06\/"]}]}},"_links":{"self":[{"href":"https:\/\/interreg-sudoe.eu\/pt-pt\/wp-json\/wp\/v2\/pages\/25073","targetHints":{"allow":["GET"]}}],"collection":[{"href":"https:\/\/interreg-sudoe.eu\/pt-pt\/wp-json\/wp\/v2\/pages"}],"about":[{"href":"https:\/\/interreg-sudoe.eu\/pt-pt\/wp-json\/wp\/v2\/types\/page"}],"author":[{"embeddable":true,"href":"https:\/\/interreg-sudoe.eu\/pt-pt\/wp-json\/wp\/v2\/users\/1"}],"replies":[{"embeddable":true,"href":"https:\/\/interreg-sudoe.eu\/pt-pt\/wp-json\/wp\/v2\/comments?post=25073"}],"version-history":[{"count":2,"href":"https:\/\/interreg-sudoe.eu\/pt-pt\/wp-json\/wp\/v2\/pages\/25073\/revisions"}],"predecessor-version":[{"id":62567,"href":"https:\/\/interreg-sudoe.eu\/pt-pt\/wp-json\/wp\/v2\/pages\/25073\/revisions\/62567"}],"wp:attachment":[{"href":"https:\/\/interreg-sudoe.eu\/pt-pt\/wp-json\/wp\/v2\/media?parent=25073"}],"curies":[{"name":"wp","href":"https:\/\/api.w.org\/{rel}","templated":true}]}}