{"id":62555,"date":"2026-03-17T10:55:21","date_gmt":"2026-03-17T09:55:21","guid":{"rendered":"https:\/\/interreg-sudoe.eu\/?page_id=62555"},"modified":"2026-03-17T13:06:12","modified_gmt":"2026-03-17T12:06:12","slug":"declaracao-de-acessibilidade","status":"publish","type":"page","link":"https:\/\/interreg-sudoe.eu\/pt-pt\/declaracao-de-acessibilidade\/","title":{"rendered":"Declara\u00e7\u00e3o de Acessibilidade"},"content":{"rendered":"\t\t<div data-elementor-type=\"wp-page\" data-elementor-id=\"62555\" class=\"elementor elementor-62555 elementor-62518\" data-elementor-post-type=\"page\">\n\t\t\t\t<div class=\"elementor-element elementor-element-0d5bb8b e-con-full e-flex e-con e-parent\" data-id=\"0d5bb8b\" data-element_type=\"container\" data-e-type=\"container\" data-settings=\"{&quot;jet_parallax_layout_list&quot;:[]}\">\n\t\t\t\t<div class=\"elementor-element elementor-element-71d5a11 elementor-widget elementor-widget-text-editor\" data-id=\"71d5a11\" data-element_type=\"widget\" data-e-type=\"widget\" data-widget_type=\"text-editor.default\">\n\t\t\t\t\t\t\t\t\t<p>A Coopera\u00e7\u00e3o Territorial Europeia, conhecida como Interreg, comprometeu-se a tornar os seus s\u00edtios web acess\u00edveis em conformidade com o <a title=\"Real Decreto 1112\/2018, de 7 de setembro, sobre acessibilidade dos s\u00edtios web e aplica\u00e7\u00f5es para dispositivos m\u00f3veis do setor p\u00fablico (Abre en nueva ventana)\" href=\"https:\/\/www.boe.es\/diario_boe\/txt.php?id=BOE-A-2018-12699\" target=\"_blank\" rel=\"noopener\">Real Decreto 1112\/2018, de 7 de setembro, sobre acessibilidade dos s\u00edtios web e aplica\u00e7\u00f5es para dispositivos m\u00f3veis do setor p\u00fablico<\/a>.<\/p><p>A presente declara\u00e7\u00e3o de acessibilidade aplica-se ao s\u00edtio web <strong><a href=\"https:\/\/interreg-sudoe.eu\/\">interreg-sudoe.eu<\/a><\/strong><\/p><h3 data-fontsize=\"40\" data-lineheight=\"60px\">Situa\u00e7\u00e3o de Conformidade<\/h3><p>Este s\u00edtio web \u00e9 <strong>parcialmente conforme<\/strong> com o RD 1112\/2018 devido \u00e0 falta de conformidade dos aspetos indicados abaixo.<\/p><h3 data-fontsize=\"40\" data-lineheight=\"60px\">Conte\u00fado N\u00e3o Acess\u00edvel<\/h3><p>O conte\u00fado listado abaixo n\u00e3o \u00e9 acess\u00edvel devido ao seguinte:<\/p><ol><li><strong>Falta de conformidade com o RD 1112\/2018<\/strong><br \/><ul><li>Poder\u00e3o existir falhas pontuais de edi\u00e7\u00e3o em alguma p\u00e1gina web.<\/li><li>Exist\u00eancia de hiperliga\u00e7\u00f5es cujo texto est\u00e1 vazio ou \u00e9 demasiado longo e, portanto, pouco significativo.<\/li><\/ul><\/li><li><strong>Carga desproporcional<\/strong><br \/><ul><li>N\u00e3o se aplica.<\/li><\/ul><\/li><li><strong>Conte\u00fado fora do \u00e2mbito da legisla\u00e7\u00e3o aplic\u00e1vel<\/strong><ul><li>Poder\u00e3o existir ficheiros de escrit\u00f3rio em PDF ou outros formatos publicados antes da entrada em vigor da Diretiva da UE que n\u00e3o cumpram integralmente todos os requisitos de acessibilidade (embora se tenha procurado que a maioria os cumpra).<\/li><\/ul><\/li><\/ol><h3 data-fontsize=\"40\" data-lineheight=\"60px\">Prepara\u00e7\u00e3o desta Declara\u00e7\u00e3o de Acessibilidade<\/h3><p>A presente declara\u00e7\u00e3o foi preparada no momento da publica\u00e7\u00e3o deste s\u00edtio web. O m\u00e9todo utilizado foi uma autoavalia\u00e7\u00e3o realizada pelo pr\u00f3prio organismo.<\/p><p>\u00daltima revis\u00e3o da declara\u00e7\u00e3o: 20 de janeiro de 2026.<\/p><h3 data-fontsize=\"40\" data-lineheight=\"60px\">Observa\u00e7\u00f5es e Dados de Contacto<\/h3><p>Pode realizar <strong>comunica\u00e7\u00f5es<\/strong> sobre requisitos de acessibilidade (artigo 10.2 do RD 1112\/2018) como, por exemplo:<\/p><ul><li>Informar sobre qualquer poss\u00edvel <strong>incumprimento<\/strong> por parte deste s\u00edtio web.<\/li><li>Transmitir outras <strong>dificuldades de acesso<\/strong> ao conte\u00fado.<\/li><li>Formular qualquer outra <strong>consulta ou sugest\u00e3o de melhoria<\/strong> relativa \u00e0 acessibilidade do s\u00edtio web.<\/li><\/ul><p>Atrav\u00e9s do e-mail <a href=\"mailto:scsudoe@interreg-sudoe.eu\" target=\"_blank\" rel=\"noopener\">scsudoe@interreg-sudoe.eu<\/a> ou ligando para o telefone +34 942 23 83 62.<\/p><p>Pode apresentar:<\/p><ul><li>Uma <strong>Reclama\u00e7\u00e3o<\/strong> relativa ao cumprimento dos requisitos do RD 1112\/2018.<\/li><li>Um <strong>Pedido de Informa\u00e7\u00e3o Acess\u00edvel<\/strong> relativo a conte\u00fados exclu\u00eddos ou isentos por carga desproporcional.<\/li><\/ul><p>No Pedido de Informa\u00e7\u00e3o Acess\u00edvel, devem ser especificados claramente os factos, as raz\u00f5es e o pedido que permitam constatar que se trata de uma solicita\u00e7\u00e3o razo\u00e1vel e leg\u00edtima.<\/p><h3 data-fontsize=\"40\" data-lineheight=\"60px\">Procedimento de Aplica\u00e7\u00e3o<\/h3><p>Se, ap\u00f3s um pedido de informa\u00e7\u00e3o ou reclama\u00e7\u00e3o, este tiver sido indeferido ou n\u00e3o concordar com a decis\u00e3o, o interessado poder\u00e1 iniciar uma <strong>reclama\u00e7\u00e3o<\/strong>. O mesmo se aplica se tiver decorrido o prazo de vinte dias \u00fateis sem resposta.<\/p><p>A reclama\u00e7\u00e3o pode ser apresentada atrav\u00e9s do e-mail <a href=\"mailto:scsudoe@interreg-sudoe.eu\">scsudoe@interreg-sudoe.eu.<\/a><\/p><h3 data-fontsize=\"40\" data-lineheight=\"60px\">Conselhos de Navega\u00e7\u00e3o e Atalhos<\/h3><p>Pode utilizar as seguintes combina\u00e7\u00f5es de teclas em todos os navegadores:<\/p><ul><li>Em Linux e Windows:<ul><li class=\"first-child\">Aproximar (Zoom in): prima CTRL \u00ab+\u00bb<\/li><li>Afastar (Zoom out): prima CTRL \u00ab-\u00bb<\/li><li class=\"last-child\">Repor ou Tamanho original: prima CTRL \u00ab0\u00bb (exceto no Internet Explorer)<\/li><\/ul><\/li><li>Em Mac:<ul><li class=\"first-child\">Aproximar: prima COMMAND \u00ab+\u00bb<\/li><li>Afastar: prima COMMAND \u00ab-\u00bb<\/li><li class=\"last-child\">Repor ou Tamanho original: prima COMMAND \u00ab0\u00bb<\/li><\/ul><\/li><\/ul><p>Controlos do Navegador para o Tamanho do Texto:<\/p><ul><li class=\"first-child\">Internet Explorer: Na barra de menus, selecione Ver &gt; Zoom &gt; Aproximar ou Afastar, ou selecione uma percentagem.<\/li><li>Firefox: No menu, selecione Ver &gt; Zoom &gt; Apenas Zoom no Texto e escolha Aumentar ou Diminuir. Isto altera apenas o texto, mantendo o resto igual. Para alterar tudo, desmarque essa op\u00e7\u00e3o.<\/li><li>Safari: No menu, selecione Visualiza\u00e7\u00e3o &gt; Zoom s\u00f3 no texto. Para redimensionar tudo, desmarque essa op\u00e7\u00e3o e use aproximar\/afastar.<\/li><li class=\"last-child\">Google Chrome: No menu superior, selecione Ver &gt; Aproximar ou Afastar. Selecione Tamanho Real para voltar ao original.<\/li><\/ul><h3 data-fontsize=\"40\" data-lineheight=\"60px\">Conte\u00fado Opcional<\/h3><p>Este s\u00edtio web aplica os requisitos da <strong>Norma UNE-EN 301549:2022<\/strong>. O Interreg aplica um processo de melhoria cont\u00ednua e realiza avalia\u00e7\u00f5es peri\u00f3dicas para manter o alinhamento com os crit\u00e9rios de acessibilidade.<\/p>\t\t\t\t\t\t\t\t<\/div>\n\t\t\t\t<\/div>\n\t\t\t\t<\/div>\n\t\t","protected":false},"excerpt":{"rendered":"<p>A Coopera\u00e7\u00e3o Territorial Europeia, conhecida como Interreg, comprometeu-se a tornar os seus s\u00edtios web acess\u00edveis em conformidade com o Real Decreto 1112\/2018, de 7 de setembro, sobre acessibilidade dos s\u00edtios web e aplica\u00e7\u00f5es para dispositivos m\u00f3veis do setor p\u00fablico. A presente declara\u00e7\u00e3o de acessibilidade aplica-se ao s\u00edtio web interreg-sudoe.eu Situa\u00e7\u00e3o de Conformidade Este s\u00edtio web [&hellip;]<\/p>\n","protected":false},"author":1,"featured_media":0,"parent":0,"menu_order":0,"comment_status":"closed","ping_status":"closed","template":"","meta":{"_acf_changed":false,"content-type":"","_monsterinsights_skip_tracking":false,"_monsterinsights_sitenote_active":false,"_monsterinsights_sitenote_note":"","_monsterinsights_sitenote_category":0,"footnotes":""},"class_list":["post-62555","page","type-page","status-publish","hentry"],"acf":[],"yoast_head":"<!-- This site is optimized with the Yoast SEO plugin v27.2 - https:\/\/yoast.com\/product\/yoast-seo-wordpress\/ -->\n<title>Declara\u00e7\u00e3o de Acessibilidade - Interreg Sudoe<\/title>\n<meta name=\"robots\" content=\"index, follow, max-snippet:-1, max-image-preview:large, max-video-preview:-1\" \/>\n<link rel=\"canonical\" href=\"https:\/\/interreg-sudoe.eu\/pt-pt\/declaracao-de-acessibilidade\/\" \/>\n<meta property=\"og:locale\" content=\"pt_PT\" \/>\n<meta property=\"og:type\" content=\"article\" \/>\n<meta property=\"og:title\" content=\"Declara\u00e7\u00e3o de Acessibilidade - Interreg Sudoe\" \/>\n<meta property=\"og:description\" content=\"A Coopera\u00e7\u00e3o Territorial Europeia, conhecida como Interreg, comprometeu-se a tornar os seus s\u00edtios web acess\u00edveis em conformidade com o Real Decreto 1112\/2018, de 7 de setembro, sobre acessibilidade dos s\u00edtios web e aplica\u00e7\u00f5es para dispositivos m\u00f3veis do setor p\u00fablico. A presente declara\u00e7\u00e3o de acessibilidade aplica-se ao s\u00edtio web interreg-sudoe.eu Situa\u00e7\u00e3o de Conformidade Este s\u00edtio web [&hellip;]\" \/>\n<meta property=\"og:url\" content=\"https:\/\/interreg-sudoe.eu\/pt-pt\/declaracao-de-acessibilidade\/\" \/>\n<meta property=\"og:site_name\" content=\"Interreg Sudoe\" \/>\n<meta property=\"article:publisher\" content=\"https:\/\/www.facebook.com\/interregsudoe\" \/>\n<meta property=\"article:modified_time\" content=\"2026-03-17T12:06:12+00:00\" \/>\n<meta property=\"og:image\" content=\"https:\/\/interreg-sudoe.eu\/wp-content\/uploads\/2024\/03\/download.png\" \/>\n\t<meta property=\"og:image:width\" content=\"344\" \/>\n\t<meta property=\"og:image:height\" content=\"147\" \/>\n\t<meta property=\"og:image:type\" content=\"image\/png\" \/>\n<meta name=\"twitter:card\" content=\"summary_large_image\" \/>\n<meta name=\"twitter:site\" content=\"@Sudoe5\" \/>\n<meta name=\"twitter:label1\" content=\"Tempo estimado de leitura\" \/>\n\t<meta name=\"twitter:data1\" content=\"4 minutos\" \/>\n<script type=\"application\/ld+json\" class=\"yoast-schema-graph\">{\"@context\":\"https:\/\/schema.org\",\"@graph\":[{\"@type\":\"WebPage\",\"@id\":\"https:\/\/interreg-sudoe.eu\/pt-pt\/declaracao-de-acessibilidade\/\",\"url\":\"https:\/\/interreg-sudoe.eu\/pt-pt\/declaracao-de-acessibilidade\/\",\"name\":\"Declara\u00e7\u00e3o de Acessibilidade - Interreg Sudoe\",\"isPartOf\":{\"@id\":\"https:\/\/interreg-sudoe.eu\/pt-pt\/#website\"},\"datePublished\":\"2026-03-17T09:55:21+00:00\",\"dateModified\":\"2026-03-17T12:06:12+00:00\",\"breadcrumb\":{\"@id\":\"https:\/\/interreg-sudoe.eu\/pt-pt\/declaracao-de-acessibilidade\/#breadcrumb\"},\"inLanguage\":\"pt-PT\",\"potentialAction\":[{\"@type\":\"ReadAction\",\"target\":[\"https:\/\/interreg-sudoe.eu\/pt-pt\/declaracao-de-acessibilidade\/\"]}]},{\"@type\":\"BreadcrumbList\",\"@id\":\"https:\/\/interreg-sudoe.eu\/pt-pt\/declaracao-de-acessibilidade\/#breadcrumb\",\"itemListElement\":[{\"@type\":\"ListItem\",\"position\":1,\"name\":\"Home\",\"item\":\"https:\/\/interreg-sudoe.eu\/pt-pt\/\"},{\"@type\":\"ListItem\",\"position\":2,\"name\":\"Declara\u00e7\u00e3o de Acessibilidade\"}]},{\"@type\":\"WebSite\",\"@id\":\"https:\/\/interreg-sudoe.eu\/pt-pt\/#website\",\"url\":\"https:\/\/interreg-sudoe.eu\/pt-pt\/\",\"name\":\"Interreg Sudoe\",\"description\":\"Interreg Sudoe\",\"publisher\":{\"@id\":\"https:\/\/interreg-sudoe.eu\/pt-pt\/#organization\"},\"alternateName\":\"Interreg Sudoe\",\"potentialAction\":[{\"@type\":\"SearchAction\",\"target\":{\"@type\":\"EntryPoint\",\"urlTemplate\":\"https:\/\/interreg-sudoe.eu\/pt-pt\/?s={search_term_string}\"},\"query-input\":{\"@type\":\"PropertyValueSpecification\",\"valueRequired\":true,\"valueName\":\"search_term_string\"}}],\"inLanguage\":\"pt-PT\"},{\"@type\":\"Organization\",\"@id\":\"https:\/\/interreg-sudoe.eu\/pt-pt\/#organization\",\"name\":\"Interreg Sudoe\",\"alternateName\":\"Interreg Sudoe\",\"url\":\"https:\/\/interreg-sudoe.eu\/pt-pt\/\",\"logo\":{\"@type\":\"ImageObject\",\"inLanguage\":\"pt-PT\",\"@id\":\"https:\/\/interreg-sudoe.eu\/pt-pt\/#\/schema\/logo\/image\/\",\"url\":\"https:\/\/interreg-sudoe.eu\/wp-content\/uploads\/2024\/03\/logo-interreg.png\",\"contentUrl\":\"https:\/\/interreg-sudoe.eu\/wp-content\/uploads\/2024\/03\/logo-interreg.png\",\"width\":1200,\"height\":675,\"caption\":\"Interreg Sudoe\"},\"image\":{\"@id\":\"https:\/\/interreg-sudoe.eu\/pt-pt\/#\/schema\/logo\/image\/\"},\"sameAs\":[\"https:\/\/www.facebook.com\/interregsudoe\",\"https:\/\/x.com\/Sudoe5\",\"https:\/\/www.youtube.com\/channel\/UCeGx2edoB32beRc9dbKA2vw\",\"https:\/\/www.linkedin.com\/company\/interreg-sudoe-programme\/\",\"https:\/\/www.flickr.com\/photos\/148704685@N06\/\"]}]}<\/script>\n<!-- \/ Yoast SEO plugin. -->","yoast_head_json":{"title":"Declara\u00e7\u00e3o de Acessibilidade - Interreg Sudoe","robots":{"index":"index","follow":"follow","max-snippet":"max-snippet:-1","max-image-preview":"max-image-preview:large","max-video-preview":"max-video-preview:-1"},"canonical":"https:\/\/interreg-sudoe.eu\/pt-pt\/declaracao-de-acessibilidade\/","og_locale":"pt_PT","og_type":"article","og_title":"Declara\u00e7\u00e3o de Acessibilidade - Interreg Sudoe","og_description":"A Coopera\u00e7\u00e3o Territorial Europeia, conhecida como Interreg, comprometeu-se a tornar os seus s\u00edtios web acess\u00edveis em conformidade com o Real Decreto 1112\/2018, de 7 de setembro, sobre acessibilidade dos s\u00edtios web e aplica\u00e7\u00f5es para dispositivos m\u00f3veis do setor p\u00fablico. A presente declara\u00e7\u00e3o de acessibilidade aplica-se ao s\u00edtio web interreg-sudoe.eu Situa\u00e7\u00e3o de Conformidade Este s\u00edtio web [&hellip;]","og_url":"https:\/\/interreg-sudoe.eu\/pt-pt\/declaracao-de-acessibilidade\/","og_site_name":"Interreg Sudoe","article_publisher":"https:\/\/www.facebook.com\/interregsudoe","article_modified_time":"2026-03-17T12:06:12+00:00","og_image":[{"width":344,"height":147,"url":"https:\/\/interreg-sudoe.eu\/wp-content\/uploads\/2024\/03\/download.png","type":"image\/png"}],"twitter_card":"summary_large_image","twitter_site":"@Sudoe5","twitter_misc":{"Tempo estimado de leitura":"4 minutos"},"schema":{"@context":"https:\/\/schema.org","@graph":[{"@type":"WebPage","@id":"https:\/\/interreg-sudoe.eu\/pt-pt\/declaracao-de-acessibilidade\/","url":"https:\/\/interreg-sudoe.eu\/pt-pt\/declaracao-de-acessibilidade\/","name":"Declara\u00e7\u00e3o de Acessibilidade - Interreg Sudoe","isPartOf":{"@id":"https:\/\/interreg-sudoe.eu\/pt-pt\/#website"},"datePublished":"2026-03-17T09:55:21+00:00","dateModified":"2026-03-17T12:06:12+00:00","breadcrumb":{"@id":"https:\/\/interreg-sudoe.eu\/pt-pt\/declaracao-de-acessibilidade\/#breadcrumb"},"inLanguage":"pt-PT","potentialAction":[{"@type":"ReadAction","target":["https:\/\/interreg-sudoe.eu\/pt-pt\/declaracao-de-acessibilidade\/"]}]},{"@type":"BreadcrumbList","@id":"https:\/\/interreg-sudoe.eu\/pt-pt\/declaracao-de-acessibilidade\/#breadcrumb","itemListElement":[{"@type":"ListItem","position":1,"name":"Home","item":"https:\/\/interreg-sudoe.eu\/pt-pt\/"},{"@type":"ListItem","position":2,"name":"Declara\u00e7\u00e3o de Acessibilidade"}]},{"@type":"WebSite","@id":"https:\/\/interreg-sudoe.eu\/pt-pt\/#website","url":"https:\/\/interreg-sudoe.eu\/pt-pt\/","name":"Interreg Sudoe","description":"Interreg Sudoe","publisher":{"@id":"https:\/\/interreg-sudoe.eu\/pt-pt\/#organization"},"alternateName":"Interreg Sudoe","potentialAction":[{"@type":"SearchAction","target":{"@type":"EntryPoint","urlTemplate":"https:\/\/interreg-sudoe.eu\/pt-pt\/?s={search_term_string}"},"query-input":{"@type":"PropertyValueSpecification","valueRequired":true,"valueName":"search_term_string"}}],"inLanguage":"pt-PT"},{"@type":"Organization","@id":"https:\/\/interreg-sudoe.eu\/pt-pt\/#organization","name":"Interreg Sudoe","alternateName":"Interreg Sudoe","url":"https:\/\/interreg-sudoe.eu\/pt-pt\/","logo":{"@type":"ImageObject","inLanguage":"pt-PT","@id":"https:\/\/interreg-sudoe.eu\/pt-pt\/#\/schema\/logo\/image\/","url":"https:\/\/interreg-sudoe.eu\/wp-content\/uploads\/2024\/03\/logo-interreg.png","contentUrl":"https:\/\/interreg-sudoe.eu\/wp-content\/uploads\/2024\/03\/logo-interreg.png","width":1200,"height":675,"caption":"Interreg Sudoe"},"image":{"@id":"https:\/\/interreg-sudoe.eu\/pt-pt\/#\/schema\/logo\/image\/"},"sameAs":["https:\/\/www.facebook.com\/interregsudoe","https:\/\/x.com\/Sudoe5","https:\/\/www.youtube.com\/channel\/UCeGx2edoB32beRc9dbKA2vw","https:\/\/www.linkedin.com\/company\/interreg-sudoe-programme\/","https:\/\/www.flickr.com\/photos\/148704685@N06\/"]}]}},"_links":{"self":[{"href":"https:\/\/interreg-sudoe.eu\/pt-pt\/wp-json\/wp\/v2\/pages\/62555","targetHints":{"allow":["GET"]}}],"collection":[{"href":"https:\/\/interreg-sudoe.eu\/pt-pt\/wp-json\/wp\/v2\/pages"}],"about":[{"href":"https:\/\/interreg-sudoe.eu\/pt-pt\/wp-json\/wp\/v2\/types\/page"}],"author":[{"embeddable":true,"href":"https:\/\/interreg-sudoe.eu\/pt-pt\/wp-json\/wp\/v2\/users\/1"}],"replies":[{"embeddable":true,"href":"https:\/\/interreg-sudoe.eu\/pt-pt\/wp-json\/wp\/v2\/comments?post=62555"}],"version-history":[{"count":3,"href":"https:\/\/interreg-sudoe.eu\/pt-pt\/wp-json\/wp\/v2\/pages\/62555\/revisions"}],"predecessor-version":[{"id":62562,"href":"https:\/\/interreg-sudoe.eu\/pt-pt\/wp-json\/wp\/v2\/pages\/62555\/revisions\/62562"}],"wp:attachment":[{"href":"https:\/\/interreg-sudoe.eu\/pt-pt\/wp-json\/wp\/v2\/media?parent=62555"}],"curies":[{"name":"wp","href":"https:\/\/api.w.org\/{rel}","templated":true}]}}